{"id":975,"date":"2025-12-15T13:56:18","date_gmt":"2025-12-15T12:56:18","guid":{"rendered":"https:\/\/emmyskerzen.com\/?post_type=product&#038;p=975"},"modified":"2026-03-21T15:21:08","modified_gmt":"2026-03-21T14:21:08","slug":"apfel-dessertkerze-taeuschend-echte-deko-kerze","status":"publish","type":"product","link":"https:\/\/emmyskerzen.com\/en\/shop\/apfel-dessertkerze-taeuschend-echte-deko-kerze\/","title":{"rendered":"Apfel Dessertkerze \u2013 t\u00e4uschend echte Deko Kerze"},"content":{"rendered":"<h3>Apfeldessert &#8211; Kerze<\/h3>\n<p><span data-olk-copy-source=\"MessageBody\">\ud83c\udf4e Apfeldessert-Kerze \u201eGlazed Apple\u201c \u2013 handgemachte Duftkerze aus Sojawachs<\/span><\/p>\n<p>Ein Duft wie frisch gebackenes Apfeldessert \ud83c\udf4f\u2728<\/p>\n<p>Diese wunderbare Apfeldessert-Kerze vereint den warmen, s\u00fc\u00df-fruchtigen Duft glasierter \u00c4pfel mit feinen winterlichen Akzenten. Optisch erinnert sie an ein liebevoll angerichtetes Dessert im Glas \u2013 perfekt f\u00fcr gem\u00fctliche Herbst- und Winterabende.<\/p>\n<p>Diese handgemachte Duftkerze wird aus 100 % nat\u00fcrlichem Sojawachs gefertigt und \u00fcberzeugt durch ihre besondere Schichtoptik sowie dekorative Wachselemente. Jede Kerze ist ein Unikat und wird mit viel Liebe zum Detail gegossen.<\/p>\n<h4>\u2728 Produktdetails<\/h4>\n<ul>\n<li>Duft: Glazed Apple&amp;Oak Wood<\/li>\n<li>Wachs: 100 % nat\u00fcrliches Sojawachs<\/li>\n<li>Handgemacht: Jede Kerze ein Unikat<\/li>\n<li>Design: Dessert-Optik im Glas mit dekorativen Wachselementen<\/li>\n<li>Docht: Baumwolle<\/li>\n<li>Verwendung: Dekoration &amp; Duftkerze<\/li>\n<li>Vegan &amp; umweltfreundlich<\/li>\n<\/ul>\n<h4>\ud83c\udf81 Ideal als Geschenk<\/h4>\n<p>Ob als Herbst- oder Winterduftkerze, kleines Geschenk, Mitbringsel oder f\u00fcr dich selbst \u2013 die Apfeldessert-Kerze sorgt f\u00fcr eine warme, einladende Atmosph\u00e4re und ist ein echter Blickfang.<\/p>\n<p>Entdecke noch mehr DESSERTKERZEN: <a title=\"https:\/\/emmyskerzen.com\/produkt-kategorie\/food-drinks\/\" href=\"https:\/\/emmyskerzen.com\/en\/product-category\/food-drinks\/\" target=\"_blank\" rel=\"noopener noreferrer\" data-auth=\"NotApplicable\" data-linkindex=\"0\">https:\/\/emmyskerzen.com\/produkt-kategorie\/food-drinks\/<\/a><\/p>\n<div class=\"\">\n<h4>ACHTUNG \u2013 NICHT ZUM VERZEHR!<br \/>\nDiese Kerze sieht lecker aus \u2013 bitte von Kindern fernhalten und nicht essen!<\/h4>\n<\/div>\n<p>&nbsp;<\/p>\n<p>&nbsp;<\/p>\n<div class=\"\">\n<div id=\"x_x_tab-description\" class=\"x_x_woocommerce-Tabs-panel x_x_woocommerce-Tabs-panel--description x_x_panel x_x_entry-content x_x_wc-tab\" role=\"tabpanel\" aria-labelledby=\"tab-title-description\">\n<p data-olk-copy-source=\"MessageBody\">*Gesamtpreis, umsatzsteuerbefreit aufgrund des Kleinunternehmerstatus, zuz\u00fcglich Versandkosten.<\/p>\n<p>Angaben zur Produktsicherheit:<br \/>\nAchte darauf, die Kerzen stets unter Aufsicht abbrennen zu lassen. Halte sie fern von Zugluft, Vorh\u00e4ngen, brennbaren Materialien, Kindern und Haustieren. K\u00fcrze den Docht regelm\u00e4\u00dfig, um eine zu gro\u00dfe Flamme zu vermeiden und stelle die Kerze auf einen sicheren, feuerfesten Untergrund. Verwende die Kerze nur gem\u00e4\u00df den Anweisungen und achte darauf, dass die Flamme beim Brennen nicht zu hoch wird.<\/p>\n<\/div>\n<p><span data-olk-copy-source=\"MessageBody\">Inhaltsstoffe (Kerze):\u00a0<\/span>100 % Sojawachs, Baumwolldocht (bleifrei), Duft\u00f6l Glazed Apple &amp; Oak Wood. Enth\u00e4lt (Allergene \/ deklarationspflichtige Komponenten): 3-(4-isobutyl-2-methylphenyl)propanal, \u03b1-Cedren, Methyl 2,4-dihydroxy-3,6-dimethylbenzoat, Carvacrol, 1-(1,2,3,4,5,6,7,8-Octahydro-2,3,8,8-tetramethyl-2-naphthyl)ethan-1-on, \u03b4-Damascon, 2,4-Dimethylcyclohex-3-en-1-carbaldehyd, Linalool, Cumarin, Eugenol, Cedernholz\u00f6l-Terpene. Kann allergische Reaktionen hervorrufen. Gefahren (CLP): GEFAHR H315 Verursacht Hautreizungen. H319 Verursacht schwere Augenreizung. H317 Kann allergische Hautreaktionen verursachen. H304 Kann bei Verschlucken und Eindringen in die Atemwege t\u00f6dlich sein. H411 Giftig f\u00fcr Wasserorganismen, mit langfristiger Wirkung. Sicherheitshinweise: P280 Schutzhandschuhe \/ Schutzkleidung \/ Augenschutz \/ Gesichtsschutz tragen. P331 Kein Erbrechen herbeif\u00fchren. P301+P310 BEI VERSCHLUCKEN: Sofort GIFTINFORMATIONSZENTRUM\/Arzt anrufen. UFI: 8THT-GMS0-4U10-K67K Lieferant Duft\u00f6l: Hansawax GmbH, Richard-Dunkel-Stra\u00dfe 120, 28199 Bremen<\/p>\n<\/div>","protected":false},"excerpt":{"rendered":"<p>Duftkerze<\/p>","protected":false},"featured_media":2100,"comment_status":"open","ping_status":"closed","template":"","meta":[],"product_brand":[],"product_cat":[514,23,17],"product_tag":[82,39,42,482,200],"class_list":{"0":"post-975","1":"product","2":"type-product","3":"status-publish","4":"has-post-thumbnail","6":"product_cat-duftkerze","7":"product_cat-food-drinks","8":"product_cat-kerzen-fur-jeden-tag","9":"product_tag-dessertkerze","10":"product_tag-emmys-kerzen","11":"product_tag-handgemachte-kerze","12":"product_tag-onlineshop-oesterreich","13":"product_tag-sojawachskerze","15":"first","16":"instock","17":"shipping-taxable","18":"purchasable","19":"product-type-simple","20":"add-to-wishlist-after_add_to_cart"},"yoast_head":"<!-- This site is optimized with the Yoast SEO plugin v27.4 - https:\/\/yoast.com\/product\/yoast-seo-wordpress\/ -->\n<title>Apfel Dessertkerze \u2013 t\u00e4uschend echte Deko Kerze - Emmys Kerzen<\/title>\n<meta name=\"description\" content=\"Handgemachte Apfeldessert-Kerze aus 100 % Sojawachs. Glazed-Apple-Duft, Dessert-Optik im Glas \u2013 gem\u00fctlich &amp; dekorativ. Jetzt entdecken!\" \/>\n<meta name=\"robots\" content=\"index, follow, max-snippet:-1, max-image-preview:large, max-video-preview:-1\" \/>\n<link rel=\"canonical\" href=\"https:\/\/emmyskerzen.com\/en\/shop\/apfel-dessertkerze-taeuschend-echte-deko-kerze\/\" \/>\n<meta property=\"og:locale\" content=\"en_GB\" \/>\n<meta property=\"og:type\" content=\"article\" \/>\n<meta property=\"og:title\" content=\"Apfel Dessertkerze \u2013 t\u00e4uschend echte Deko Kerze - Emmys Kerzen\" \/>\n<meta property=\"og:description\" content=\"Handgemachte Apfeldessert-Kerze aus 100 % Sojawachs. Glazed-Apple-Duft, Dessert-Optik im Glas \u2013 gem\u00fctlich &amp; dekorativ. Jetzt entdecken!\" \/>\n<meta property=\"og:url\" content=\"https:\/\/emmyskerzen.com\/en\/shop\/apfel-dessertkerze-taeuschend-echte-deko-kerze\/\" \/>\n<meta property=\"og:site_name\" content=\"Emmys Kerzen\" \/>\n<meta property=\"article:publisher\" content=\"https:\/\/www.facebook.com\/EmmysKerzen\/\" \/>\n<meta property=\"article:modified_time\" content=\"2026-03-21T14:21:08+00:00\" \/>\n<meta property=\"og:image\" content=\"https:\/\/emmyskerzen.com\/wp-content\/uploads\/2025\/12\/98C102C6-59EC-4A9A-B4AC-8FEF3C46CDF2.png\" \/>\n\t<meta property=\"og:image:width\" content=\"1024\" \/>\n\t<meta property=\"og:image:height\" content=\"1536\" \/>\n\t<meta property=\"og:image:type\" content=\"image\/png\" \/>\n<meta name=\"twitter:card\" content=\"summary_large_image\" \/>\n<meta name=\"twitter:label1\" content=\"Estimated reading time\" \/>\n\t<meta name=\"twitter:data1\" content=\"3 minutes\" \/>\n<script type=\"application\/ld+json\" class=\"yoast-schema-graph\">{\"@context\":\"https:\\\/\\\/schema.org\",\"@graph\":[{\"@type\":\"WebPage\",\"@id\":\"https:\\\/\\\/emmyskerzen.com\\\/shop\\\/apfel-dessertkerze-taeuschend-echte-deko-kerze\\\/\",\"url\":\"https:\\\/\\\/emmyskerzen.com\\\/shop\\\/apfel-dessertkerze-taeuschend-echte-deko-kerze\\\/\",\"name\":\"Apfel Dessertkerze \u2013 t\u00e4uschend echte Deko Kerze - Emmys Kerzen\",\"isPartOf\":{\"@id\":\"https:\\\/\\\/emmyskerzen.com\\\/#website\"},\"primaryImageOfPage\":{\"@id\":\"https:\\\/\\\/emmyskerzen.com\\\/shop\\\/apfel-dessertkerze-taeuschend-echte-deko-kerze\\\/#primaryimage\"},\"image\":{\"@id\":\"https:\\\/\\\/emmyskerzen.com\\\/shop\\\/apfel-dessertkerze-taeuschend-echte-deko-kerze\\\/#primaryimage\"},\"thumbnailUrl\":\"https:\\\/\\\/emmyskerzen.com\\\/wp-content\\\/uploads\\\/2025\\\/12\\\/98C102C6-59EC-4A9A-B4AC-8FEF3C46CDF2.png\",\"datePublished\":\"2025-12-15T12:56:18+00:00\",\"dateModified\":\"2026-03-21T14:21:08+00:00\",\"description\":\"Handgemachte Apfeldessert-Kerze aus 100 % Sojawachs. Glazed-Apple-Duft, Dessert-Optik im Glas \u2013 gem\u00fctlich & dekorativ. Jetzt entdecken!\",\"breadcrumb\":{\"@id\":\"https:\\\/\\\/emmyskerzen.com\\\/shop\\\/apfel-dessertkerze-taeuschend-echte-deko-kerze\\\/#breadcrumb\"},\"inLanguage\":\"en-GB\",\"potentialAction\":[{\"@type\":\"ReadAction\",\"target\":[\"https:\\\/\\\/emmyskerzen.com\\\/shop\\\/apfel-dessertkerze-taeuschend-echte-deko-kerze\\\/\"]}]},{\"@type\":\"ImageObject\",\"inLanguage\":\"en-GB\",\"@id\":\"https:\\\/\\\/emmyskerzen.com\\\/shop\\\/apfel-dessertkerze-taeuschend-echte-deko-kerze\\\/#primaryimage\",\"url\":\"https:\\\/\\\/emmyskerzen.com\\\/wp-content\\\/uploads\\\/2025\\\/12\\\/98C102C6-59EC-4A9A-B4AC-8FEF3C46CDF2.png\",\"contentUrl\":\"https:\\\/\\\/emmyskerzen.com\\\/wp-content\\\/uploads\\\/2025\\\/12\\\/98C102C6-59EC-4A9A-B4AC-8FEF3C46CDF2.png\",\"width\":1024,\"height\":1536},{\"@type\":\"BreadcrumbList\",\"@id\":\"https:\\\/\\\/emmyskerzen.com\\\/shop\\\/apfel-dessertkerze-taeuschend-echte-deko-kerze\\\/#breadcrumb\",\"itemListElement\":[{\"@type\":\"ListItem\",\"position\":1,\"name\":\"Startseite\",\"item\":\"https:\\\/\\\/emmyskerzen.com\\\/\"},{\"@type\":\"ListItem\",\"position\":2,\"name\":\"Kerzen Shop\",\"item\":\"https:\\\/\\\/emmyskerzen.com\\\/shop\\\/\"},{\"@type\":\"ListItem\",\"position\":3,\"name\":\"Apfel Dessertkerze \u2013 t\u00e4uschend echte Deko Kerze\"}]},{\"@type\":\"WebSite\",\"@id\":\"https:\\\/\\\/emmyskerzen.com\\\/#website\",\"url\":\"https:\\\/\\\/emmyskerzen.com\\\/\",\"name\":\"Emmys Kerzen Onlineshop\",\"description\":\"personalisierte Kerzen, Dekokerzen, Duftkerzen, Geschenksets, Onlineshop\",\"publisher\":{\"@id\":\"https:\\\/\\\/emmyskerzen.com\\\/#organization\"},\"potentialAction\":[{\"@type\":\"SearchAction\",\"target\":{\"@type\":\"EntryPoint\",\"urlTemplate\":\"https:\\\/\\\/emmyskerzen.com\\\/?s={search_term_string}\"},\"query-input\":{\"@type\":\"PropertyValueSpecification\",\"valueRequired\":true,\"valueName\":\"search_term_string\"}}],\"inLanguage\":\"en-GB\"},{\"@type\":\"Organization\",\"@id\":\"https:\\\/\\\/emmyskerzen.com\\\/#organization\",\"name\":\"Emmys Kerzen Onlineshop\",\"url\":\"https:\\\/\\\/emmyskerzen.com\\\/\",\"logo\":{\"@type\":\"ImageObject\",\"inLanguage\":\"en-GB\",\"@id\":\"https:\\\/\\\/emmyskerzen.com\\\/#\\\/schema\\\/logo\\\/image\\\/\",\"url\":\"https:\\\/\\\/emmyskerzen.com\\\/wp-content\\\/uploads\\\/2026\\\/03\\\/IMG_0392.jpeg\",\"contentUrl\":\"https:\\\/\\\/emmyskerzen.com\\\/wp-content\\\/uploads\\\/2026\\\/03\\\/IMG_0392.jpeg\",\"width\":964,\"height\":975,\"caption\":\"Emmys Kerzen Onlineshop\"},\"image\":{\"@id\":\"https:\\\/\\\/emmyskerzen.com\\\/#\\\/schema\\\/logo\\\/image\\\/\"},\"sameAs\":[\"https:\\\/\\\/www.facebook.com\\\/EmmysKerzen\\\/\",\"https:\\\/\\\/www.instagram.com\\\/emmys_kerzen\\\/\",\"https:\\\/\\\/www.tiktok.com\\\/emmys.kerzen\\\/\"]}]}<\/script>\n<!-- \/ Yoast SEO plugin. -->","yoast_head_json":{"title":"Apfel Dessertkerze \u2013 t\u00e4uschend echte Deko Kerze - Emmys Kerzen","description":"Handgemachte Apfeldessert-Kerze aus 100 % Sojawachs. Glazed-Apple-Duft, Dessert-Optik im Glas \u2013 gem\u00fctlich & dekorativ. Jetzt entdecken!","robots":{"index":"index","follow":"follow","max-snippet":"max-snippet:-1","max-image-preview":"max-image-preview:large","max-video-preview":"max-video-preview:-1"},"canonical":"https:\/\/emmyskerzen.com\/en\/shop\/apfel-dessertkerze-taeuschend-echte-deko-kerze\/","og_locale":"en_GB","og_type":"article","og_title":"Apfel Dessertkerze \u2013 t\u00e4uschend echte Deko Kerze - Emmys Kerzen","og_description":"Handgemachte Apfeldessert-Kerze aus 100 % Sojawachs. Glazed-Apple-Duft, Dessert-Optik im Glas \u2013 gem\u00fctlich & dekorativ. Jetzt entdecken!","og_url":"https:\/\/emmyskerzen.com\/en\/shop\/apfel-dessertkerze-taeuschend-echte-deko-kerze\/","og_site_name":"Emmys Kerzen","article_publisher":"https:\/\/www.facebook.com\/EmmysKerzen\/","article_modified_time":"2026-03-21T14:21:08+00:00","og_image":[{"width":1024,"height":1536,"url":"https:\/\/emmyskerzen.com\/wp-content\/uploads\/2025\/12\/98C102C6-59EC-4A9A-B4AC-8FEF3C46CDF2.png","type":"image\/png"}],"twitter_card":"summary_large_image","twitter_misc":{"Estimated reading time":"3 minutes"},"schema":{"@context":"https:\/\/schema.org","@graph":[{"@type":"WebPage","@id":"https:\/\/emmyskerzen.com\/shop\/apfel-dessertkerze-taeuschend-echte-deko-kerze\/","url":"https:\/\/emmyskerzen.com\/shop\/apfel-dessertkerze-taeuschend-echte-deko-kerze\/","name":"Apfel Dessertkerze \u2013 t\u00e4uschend echte Deko Kerze - Emmys Kerzen","isPartOf":{"@id":"https:\/\/emmyskerzen.com\/#website"},"primaryImageOfPage":{"@id":"https:\/\/emmyskerzen.com\/shop\/apfel-dessertkerze-taeuschend-echte-deko-kerze\/#primaryimage"},"image":{"@id":"https:\/\/emmyskerzen.com\/shop\/apfel-dessertkerze-taeuschend-echte-deko-kerze\/#primaryimage"},"thumbnailUrl":"https:\/\/emmyskerzen.com\/wp-content\/uploads\/2025\/12\/98C102C6-59EC-4A9A-B4AC-8FEF3C46CDF2.png","datePublished":"2025-12-15T12:56:18+00:00","dateModified":"2026-03-21T14:21:08+00:00","description":"Handgemachte Apfeldessert-Kerze aus 100 % Sojawachs. Glazed-Apple-Duft, Dessert-Optik im Glas \u2013 gem\u00fctlich & dekorativ. Jetzt entdecken!","breadcrumb":{"@id":"https:\/\/emmyskerzen.com\/shop\/apfel-dessertkerze-taeuschend-echte-deko-kerze\/#breadcrumb"},"inLanguage":"en-GB","potentialAction":[{"@type":"ReadAction","target":["https:\/\/emmyskerzen.com\/shop\/apfel-dessertkerze-taeuschend-echte-deko-kerze\/"]}]},{"@type":"ImageObject","inLanguage":"en-GB","@id":"https:\/\/emmyskerzen.com\/shop\/apfel-dessertkerze-taeuschend-echte-deko-kerze\/#primaryimage","url":"https:\/\/emmyskerzen.com\/wp-content\/uploads\/2025\/12\/98C102C6-59EC-4A9A-B4AC-8FEF3C46CDF2.png","contentUrl":"https:\/\/emmyskerzen.com\/wp-content\/uploads\/2025\/12\/98C102C6-59EC-4A9A-B4AC-8FEF3C46CDF2.png","width":1024,"height":1536},{"@type":"BreadcrumbList","@id":"https:\/\/emmyskerzen.com\/shop\/apfel-dessertkerze-taeuschend-echte-deko-kerze\/#breadcrumb","itemListElement":[{"@type":"ListItem","position":1,"name":"Startseite","item":"https:\/\/emmyskerzen.com\/"},{"@type":"ListItem","position":2,"name":"Kerzen Shop","item":"https:\/\/emmyskerzen.com\/shop\/"},{"@type":"ListItem","position":3,"name":"Apfel Dessertkerze \u2013 t\u00e4uschend echte Deko Kerze"}]},{"@type":"WebSite","@id":"https:\/\/emmyskerzen.com\/#website","url":"https:\/\/emmyskerzen.com\/","name":"Emmys Kerzen Onlineshop","description":"personalisierte Kerzen, Dekokerzen, Duftkerzen, Geschenksets, Onlineshop","publisher":{"@id":"https:\/\/emmyskerzen.com\/#organization"},"potentialAction":[{"@type":"SearchAction","target":{"@type":"EntryPoint","urlTemplate":"https:\/\/emmyskerzen.com\/?s={search_term_string}"},"query-input":{"@type":"PropertyValueSpecification","valueRequired":true,"valueName":"search_term_string"}}],"inLanguage":"en-GB"},{"@type":"Organization","@id":"https:\/\/emmyskerzen.com\/#organization","name":"Emmys Kerzen Onlineshop","url":"https:\/\/emmyskerzen.com\/","logo":{"@type":"ImageObject","inLanguage":"en-GB","@id":"https:\/\/emmyskerzen.com\/#\/schema\/logo\/image\/","url":"https:\/\/emmyskerzen.com\/wp-content\/uploads\/2026\/03\/IMG_0392.jpeg","contentUrl":"https:\/\/emmyskerzen.com\/wp-content\/uploads\/2026\/03\/IMG_0392.jpeg","width":964,"height":975,"caption":"Emmys Kerzen Onlineshop"},"image":{"@id":"https:\/\/emmyskerzen.com\/#\/schema\/logo\/image\/"},"sameAs":["https:\/\/www.facebook.com\/EmmysKerzen\/","https:\/\/www.instagram.com\/emmys_kerzen\/","https:\/\/www.tiktok.com\/emmys.kerzen\/"]}]}},"_links":{"self":[{"href":"https:\/\/emmyskerzen.com\/en\/wp-json\/wp\/v2\/product\/975","targetHints":{"allow":["GET"]}}],"collection":[{"href":"https:\/\/emmyskerzen.com\/en\/wp-json\/wp\/v2\/product"}],"about":[{"href":"https:\/\/emmyskerzen.com\/en\/wp-json\/wp\/v2\/types\/product"}],"replies":[{"embeddable":true,"href":"https:\/\/emmyskerzen.com\/en\/wp-json\/wp\/v2\/comments?post=975"}],"wp:featuredmedia":[{"embeddable":true,"href":"https:\/\/emmyskerzen.com\/en\/wp-json\/wp\/v2\/media\/2100"}],"wp:attachment":[{"href":"https:\/\/emmyskerzen.com\/en\/wp-json\/wp\/v2\/media?parent=975"}],"wp:term":[{"taxonomy":"product_brand","embeddable":true,"href":"https:\/\/emmyskerzen.com\/en\/wp-json\/wp\/v2\/product_brand?post=975"},{"taxonomy":"product_cat","embeddable":true,"href":"https:\/\/emmyskerzen.com\/en\/wp-json\/wp\/v2\/product_cat?post=975"},{"taxonomy":"product_tag","embeddable":true,"href":"https:\/\/emmyskerzen.com\/en\/wp-json\/wp\/v2\/product_tag?post=975"}],"curies":[{"name":"wp","href":"https:\/\/api.w.org\/{rel}","templated":true}]}}