{"id":534,"date":"2025-10-17T08:43:42","date_gmt":"2025-10-17T06:43:42","guid":{"rendered":"https:\/\/emmyskerzen.com\/?post_type=product&#038;p=534"},"modified":"2026-03-21T15:28:29","modified_gmt":"2026-03-21T14:28:29","slug":"white-pumpkin-duftkerze-sanfter-herbstduft","status":"publish","type":"product","link":"https:\/\/emmyskerzen.com\/en\/shop\/white-pumpkin-duftkerze-sanfter-herbstduft\/","title":{"rendered":"White Pumpkin Duftkerze \u2013 sanfter Herbstduft"},"content":{"rendered":"<h4><span data-olk-copy-source=\"MessageBody\">White Pumpkin Duftkerze \u2013 herbstlicher Duftzauber im Keramik-K\u00fcrbis<\/span><\/h4>\n<p>Diese liebevoll handgegossene White Pumpkin Duftkerze im eleganten wei\u00dfen Keramik-K\u00fcrbis ist ein stilvolles Highlight f\u00fcr die Herbstzeit.<\/p>\n<p>Der warme, beruhigende Duft aus Zedernholz &amp; Vanille schafft eine gem\u00fctliche, wohltuende Atmosph\u00e4re \u2013 perfekt f\u00fcr entspannte Abende zu Hause.<\/p>\n<p>F\u00fcr alle, die nat\u00fcrliche Materialien und besondere Deko-St\u00fccke lieben.<\/p>\n<h4>\u2728 Produktdetails<\/h4>\n<p>Material: 100 % nat\u00fcrliches Sojawachs \u2013 vegan &amp; nachhaltig<br \/>\nDuft: Cedarwood Vanilla \u2013 holzig, warm, s\u00fc\u00df<br \/>\nDocht: Baumwolle f\u00fcr sauberes, gleichm\u00e4\u00dfiges Abbrennen<br \/>\nVeredelung: goldene Glitzerakzente<br \/>\nGef\u00e4\u00df: edler, wiederverwendbarer Keramik-K\u00fcrbis<br \/>\nBrenndauer: ca. 25 Stunden<br \/>\nGr\u00f6\u00dfe: 8 \u00d7 9,5 cm<br \/>\nohne Palm\u00f6l, ohne Paraffin, ohne k\u00fcnstliche Zusatzstoffe<br \/>\ntierversuchsfrei &amp; liebevoll handgefertigt<\/p>\n<h4>\ud83c\udf83 Besonders sch\u00f6n als<\/h4>\n<p>herbstliche Tisch- &amp; Wohnungsdeko<br \/>\nstimmungsvolle Beleuchtung f\u00fcr kuschelige Abend<br \/>\nkleines Geschenk f\u00fcr Freund:innen oder Kolleg:innen<br \/>\nDeko im Wohnzimmer, Schlafzimmer oder Eingangsbereich<\/p>\n<h4>\ud83d\udc9b Du willst noch mehr herbstliche Kerzen entdecken?<\/h4>\n<p>Hier findest du mehr handgemachte Kerzen: <span style=\"font-size: small;\"><a title=\"https:\/\/emmyskerzen.com\/shop\" href=\"https:\/\/emmyskerzen.com\/en\/shop\/\" target=\"_blank\" rel=\"noopener noreferrer\" data-auth=\"NotApplicable\" data-linkindex=\"0\">https:\/\/emmyskerzen.com\/shop<\/a><\/span><\/p>\n<div><\/div>\n<p>&nbsp;<\/p>\n<p>&nbsp;<\/p>\n<p>*Gesamtpreis, umsatzsteuerbefreit aufgrund des Kleinunternehmerstatus, zuz\u00fcglich Versandkosten.<\/p>\n<p>Angaben zur Produktsicherheit:<br \/>\nAchte darauf, die Kerzen stets unter Aufsicht abbrennen zu lassen. Halte sie fern von Zugluft, Vorh\u00e4ngen, brennbaren Materialien, Kindern und Haustieren. K\u00fcrze den Docht regelm\u00e4\u00dfig, um eine zu gro\u00dfe Flamme zu vermeiden und stelle die Kerze auf einen sicheren, feuerfesten Untergrund. Verwende die Kerze nur gem\u00e4\u00df den Anweisungen und achte darauf, dass die Flamme beim Brennen nicht zu hoch wird.<\/p>\n<p>&nbsp;<\/p>\n<p><span data-olk-copy-source=\"MessageBody\">Inhaltsstoffe (Kerze): <\/span>100 % Sojawachs, Baumwolldocht (bleifrei), Duft\u00f6l Cedarwood &amp; Vanilla.<br \/>\nEnth\u00e4lt (Allergene \/ deklarationspflichtige Komponenten): Aldehyd C11 undecylen, Hivertal 4\/116360, Canthoxal, Cumarin cryst, Geraniol 97 %, Hexylzimtaldehyd alpha, Citral. Kann allergische Reaktionen hervorrufen.<br \/>\nGefahren (CLP): \u00a0Achtung H315 Verursacht Hautreizungen. H317 Kann allergische Hautreaktionen verursachen. H411 Giftig f\u00fcr Wasserorganismen, mit langfristiger Wirkung. EUH208 Enth\u00e4lt aldehyd C11 undecylen, Hivertal 4\/116360, Canthoxal, Cumarin cryst, Geraniol 97 %, Hexylzimtaldehyd alpha, Citral. Kann allergische Reaktionen hervorrufen.<br \/>\nSicherheitshinweise: P261 Einatmen von Staub \/ Rauch \/ Gas \/ Nebel \/ Dampf \/ Aerosol vermeiden. P264 Nach Gebrauch H\u00e4nde gr\u00fcndlich waschen. P273 Freisetzung in die Umwelt vermeiden. P280 Schutzhandschuhe \/ Schutzkleidung \/ Augenschutz \/ Gesichtsschutz tragen. P302+P352 BEI BER\u00dcHRUNG MIT DER HAUT: Mit viel Wasser waschen. P321 Besondere Behandlung beachten.<br \/>\nLieferant Duft\u00f6l: Hansawax, Wulfhoopstra\u00dfe 60\/62, 28201 Bremen, Deutschland<\/p>","protected":false},"excerpt":{"rendered":"<p>Duftkerze: Cedarwood Vanilla<\/p>","protected":false},"featured_media":2134,"comment_status":"open","ping_status":"closed","template":"","meta":[],"product_brand":[],"product_cat":[514,22,19,17],"product_tag":[53,49,42,40,451,200],"class_list":{"0":"post-534","1":"product","2":"type-product","3":"status-publish","4":"has-post-thumbnail","6":"product_cat-duftkerze","7":"product_cat-geschenkeanlaesse","8":"product_cat-herbst-halloween","9":"product_cat-kerzen-fur-jeden-tag","10":"product_tag-duftkerze-vanille","11":"product_tag-geschenkidee-herbst","12":"product_tag-handgemachte-kerze","13":"product_tag-herbstkerze","14":"product_tag-kerzenshop","15":"product_tag-sojawachskerze","17":"first","18":"instock","19":"shipping-taxable","20":"purchasable","21":"product-type-simple","22":"add-to-wishlist-after_add_to_cart"},"yoast_head":"<!-- This site is optimized with the Yoast SEO plugin v27.4 - https:\/\/yoast.com\/product\/yoast-seo-wordpress\/ -->\n<title>White Pumpkin Duftkerze \u2013 sanfter Herbstduft - Emmys Kerzen<\/title>\n<meta name=\"description\" content=\"Handgegossene White Pumpkin Duftkerze im eleganten Keramikgef\u00e4\u00df - Warmer Duft von Cedarwood &amp; Vanilla. Perfekt f\u00fcr gem\u00fctliche Herbstabende &amp; als Geschenk.\" \/>\n<meta name=\"robots\" content=\"index, follow, max-snippet:-1, max-image-preview:large, max-video-preview:-1\" \/>\n<link rel=\"canonical\" href=\"https:\/\/emmyskerzen.com\/en\/shop\/white-pumpkin-duftkerze-sanfter-herbstduft\/\" \/>\n<meta property=\"og:locale\" content=\"en_GB\" \/>\n<meta property=\"og:type\" content=\"article\" \/>\n<meta property=\"og:title\" content=\"White Pumpkin Duftkerze \u2013 sanfter Herbstduft - Emmys Kerzen\" \/>\n<meta property=\"og:description\" content=\"Handgegossene White Pumpkin Duftkerze im eleganten Keramikgef\u00e4\u00df - Warmer Duft von Cedarwood &amp; Vanilla. Perfekt f\u00fcr gem\u00fctliche Herbstabende &amp; als Geschenk.\" \/>\n<meta property=\"og:url\" content=\"https:\/\/emmyskerzen.com\/en\/shop\/white-pumpkin-duftkerze-sanfter-herbstduft\/\" \/>\n<meta property=\"og:site_name\" content=\"Emmys Kerzen\" \/>\n<meta property=\"article:publisher\" content=\"https:\/\/www.facebook.com\/EmmysKerzen\/\" \/>\n<meta property=\"article:modified_time\" content=\"2026-03-21T14:28:29+00:00\" \/>\n<meta property=\"og:image\" content=\"https:\/\/emmyskerzen.com\/wp-content\/uploads\/2025\/10\/4D58A2B1-3C3C-4084-AF9D-7D131466A769.png\" \/>\n\t<meta property=\"og:image:width\" content=\"1024\" \/>\n\t<meta property=\"og:image:height\" content=\"1536\" \/>\n\t<meta property=\"og:image:type\" content=\"image\/png\" \/>\n<meta name=\"twitter:card\" content=\"summary_large_image\" \/>\n<meta name=\"twitter:label1\" content=\"Estimated reading time\" \/>\n\t<meta name=\"twitter:data1\" content=\"3 minutes\" \/>\n<script type=\"application\/ld+json\" class=\"yoast-schema-graph\">{\"@context\":\"https:\\\/\\\/schema.org\",\"@graph\":[{\"@type\":\"WebPage\",\"@id\":\"https:\\\/\\\/emmyskerzen.com\\\/shop\\\/white-pumpkin-duftkerze-sanfter-herbstduft\\\/\",\"url\":\"https:\\\/\\\/emmyskerzen.com\\\/shop\\\/white-pumpkin-duftkerze-sanfter-herbstduft\\\/\",\"name\":\"White Pumpkin Duftkerze \u2013 sanfter Herbstduft - Emmys Kerzen\",\"isPartOf\":{\"@id\":\"https:\\\/\\\/emmyskerzen.com\\\/#website\"},\"primaryImageOfPage\":{\"@id\":\"https:\\\/\\\/emmyskerzen.com\\\/shop\\\/white-pumpkin-duftkerze-sanfter-herbstduft\\\/#primaryimage\"},\"image\":{\"@id\":\"https:\\\/\\\/emmyskerzen.com\\\/shop\\\/white-pumpkin-duftkerze-sanfter-herbstduft\\\/#primaryimage\"},\"thumbnailUrl\":\"https:\\\/\\\/emmyskerzen.com\\\/wp-content\\\/uploads\\\/2025\\\/10\\\/4D58A2B1-3C3C-4084-AF9D-7D131466A769.png\",\"datePublished\":\"2025-10-17T06:43:42+00:00\",\"dateModified\":\"2026-03-21T14:28:29+00:00\",\"description\":\"Handgegossene White Pumpkin Duftkerze im eleganten Keramikgef\u00e4\u00df - Warmer Duft von Cedarwood & Vanilla. Perfekt f\u00fcr gem\u00fctliche Herbstabende & als Geschenk.\",\"breadcrumb\":{\"@id\":\"https:\\\/\\\/emmyskerzen.com\\\/shop\\\/white-pumpkin-duftkerze-sanfter-herbstduft\\\/#breadcrumb\"},\"inLanguage\":\"en-GB\",\"potentialAction\":[{\"@type\":\"ReadAction\",\"target\":[\"https:\\\/\\\/emmyskerzen.com\\\/shop\\\/white-pumpkin-duftkerze-sanfter-herbstduft\\\/\"]}]},{\"@type\":\"ImageObject\",\"inLanguage\":\"en-GB\",\"@id\":\"https:\\\/\\\/emmyskerzen.com\\\/shop\\\/white-pumpkin-duftkerze-sanfter-herbstduft\\\/#primaryimage\",\"url\":\"https:\\\/\\\/emmyskerzen.com\\\/wp-content\\\/uploads\\\/2025\\\/10\\\/4D58A2B1-3C3C-4084-AF9D-7D131466A769.png\",\"contentUrl\":\"https:\\\/\\\/emmyskerzen.com\\\/wp-content\\\/uploads\\\/2025\\\/10\\\/4D58A2B1-3C3C-4084-AF9D-7D131466A769.png\",\"width\":1024,\"height\":1536},{\"@type\":\"BreadcrumbList\",\"@id\":\"https:\\\/\\\/emmyskerzen.com\\\/shop\\\/white-pumpkin-duftkerze-sanfter-herbstduft\\\/#breadcrumb\",\"itemListElement\":[{\"@type\":\"ListItem\",\"position\":1,\"name\":\"Startseite\",\"item\":\"https:\\\/\\\/emmyskerzen.com\\\/\"},{\"@type\":\"ListItem\",\"position\":2,\"name\":\"Kerzen Shop\",\"item\":\"https:\\\/\\\/emmyskerzen.com\\\/shop\\\/\"},{\"@type\":\"ListItem\",\"position\":3,\"name\":\"White Pumpkin Duftkerze \u2013 sanfter Herbstduft\"}]},{\"@type\":\"WebSite\",\"@id\":\"https:\\\/\\\/emmyskerzen.com\\\/#website\",\"url\":\"https:\\\/\\\/emmyskerzen.com\\\/\",\"name\":\"Emmys Kerzen Onlineshop\",\"description\":\"personalisierte Kerzen, Dekokerzen, Duftkerzen, Geschenksets, Onlineshop\",\"publisher\":{\"@id\":\"https:\\\/\\\/emmyskerzen.com\\\/#organization\"},\"potentialAction\":[{\"@type\":\"SearchAction\",\"target\":{\"@type\":\"EntryPoint\",\"urlTemplate\":\"https:\\\/\\\/emmyskerzen.com\\\/?s={search_term_string}\"},\"query-input\":{\"@type\":\"PropertyValueSpecification\",\"valueRequired\":true,\"valueName\":\"search_term_string\"}}],\"inLanguage\":\"en-GB\"},{\"@type\":\"Organization\",\"@id\":\"https:\\\/\\\/emmyskerzen.com\\\/#organization\",\"name\":\"Emmys Kerzen Onlineshop\",\"url\":\"https:\\\/\\\/emmyskerzen.com\\\/\",\"logo\":{\"@type\":\"ImageObject\",\"inLanguage\":\"en-GB\",\"@id\":\"https:\\\/\\\/emmyskerzen.com\\\/#\\\/schema\\\/logo\\\/image\\\/\",\"url\":\"https:\\\/\\\/emmyskerzen.com\\\/wp-content\\\/uploads\\\/2026\\\/03\\\/IMG_0392.jpeg\",\"contentUrl\":\"https:\\\/\\\/emmyskerzen.com\\\/wp-content\\\/uploads\\\/2026\\\/03\\\/IMG_0392.jpeg\",\"width\":964,\"height\":975,\"caption\":\"Emmys Kerzen Onlineshop\"},\"image\":{\"@id\":\"https:\\\/\\\/emmyskerzen.com\\\/#\\\/schema\\\/logo\\\/image\\\/\"},\"sameAs\":[\"https:\\\/\\\/www.facebook.com\\\/EmmysKerzen\\\/\",\"https:\\\/\\\/www.instagram.com\\\/emmys_kerzen\\\/\",\"https:\\\/\\\/www.tiktok.com\\\/emmys.kerzen\\\/\"]}]}<\/script>\n<!-- \/ Yoast SEO plugin. -->","yoast_head_json":{"title":"White Pumpkin Duftkerze \u2013 sanfter Herbstduft - Emmys Kerzen","description":"Handgegossene White Pumpkin Duftkerze im eleganten Keramikgef\u00e4\u00df - Warmer Duft von Cedarwood & Vanilla. Perfekt f\u00fcr gem\u00fctliche Herbstabende & als Geschenk.","robots":{"index":"index","follow":"follow","max-snippet":"max-snippet:-1","max-image-preview":"max-image-preview:large","max-video-preview":"max-video-preview:-1"},"canonical":"https:\/\/emmyskerzen.com\/en\/shop\/white-pumpkin-duftkerze-sanfter-herbstduft\/","og_locale":"en_GB","og_type":"article","og_title":"White Pumpkin Duftkerze \u2013 sanfter Herbstduft - Emmys Kerzen","og_description":"Handgegossene White Pumpkin Duftkerze im eleganten Keramikgef\u00e4\u00df - Warmer Duft von Cedarwood & Vanilla. Perfekt f\u00fcr gem\u00fctliche Herbstabende & als Geschenk.","og_url":"https:\/\/emmyskerzen.com\/en\/shop\/white-pumpkin-duftkerze-sanfter-herbstduft\/","og_site_name":"Emmys Kerzen","article_publisher":"https:\/\/www.facebook.com\/EmmysKerzen\/","article_modified_time":"2026-03-21T14:28:29+00:00","og_image":[{"width":1024,"height":1536,"url":"https:\/\/emmyskerzen.com\/wp-content\/uploads\/2025\/10\/4D58A2B1-3C3C-4084-AF9D-7D131466A769.png","type":"image\/png"}],"twitter_card":"summary_large_image","twitter_misc":{"Estimated reading time":"3 minutes"},"schema":{"@context":"https:\/\/schema.org","@graph":[{"@type":"WebPage","@id":"https:\/\/emmyskerzen.com\/shop\/white-pumpkin-duftkerze-sanfter-herbstduft\/","url":"https:\/\/emmyskerzen.com\/shop\/white-pumpkin-duftkerze-sanfter-herbstduft\/","name":"White Pumpkin Duftkerze \u2013 sanfter Herbstduft - Emmys Kerzen","isPartOf":{"@id":"https:\/\/emmyskerzen.com\/#website"},"primaryImageOfPage":{"@id":"https:\/\/emmyskerzen.com\/shop\/white-pumpkin-duftkerze-sanfter-herbstduft\/#primaryimage"},"image":{"@id":"https:\/\/emmyskerzen.com\/shop\/white-pumpkin-duftkerze-sanfter-herbstduft\/#primaryimage"},"thumbnailUrl":"https:\/\/emmyskerzen.com\/wp-content\/uploads\/2025\/10\/4D58A2B1-3C3C-4084-AF9D-7D131466A769.png","datePublished":"2025-10-17T06:43:42+00:00","dateModified":"2026-03-21T14:28:29+00:00","description":"Handgegossene White Pumpkin Duftkerze im eleganten Keramikgef\u00e4\u00df - Warmer Duft von Cedarwood & Vanilla. Perfekt f\u00fcr gem\u00fctliche Herbstabende & als Geschenk.","breadcrumb":{"@id":"https:\/\/emmyskerzen.com\/shop\/white-pumpkin-duftkerze-sanfter-herbstduft\/#breadcrumb"},"inLanguage":"en-GB","potentialAction":[{"@type":"ReadAction","target":["https:\/\/emmyskerzen.com\/shop\/white-pumpkin-duftkerze-sanfter-herbstduft\/"]}]},{"@type":"ImageObject","inLanguage":"en-GB","@id":"https:\/\/emmyskerzen.com\/shop\/white-pumpkin-duftkerze-sanfter-herbstduft\/#primaryimage","url":"https:\/\/emmyskerzen.com\/wp-content\/uploads\/2025\/10\/4D58A2B1-3C3C-4084-AF9D-7D131466A769.png","contentUrl":"https:\/\/emmyskerzen.com\/wp-content\/uploads\/2025\/10\/4D58A2B1-3C3C-4084-AF9D-7D131466A769.png","width":1024,"height":1536},{"@type":"BreadcrumbList","@id":"https:\/\/emmyskerzen.com\/shop\/white-pumpkin-duftkerze-sanfter-herbstduft\/#breadcrumb","itemListElement":[{"@type":"ListItem","position":1,"name":"Startseite","item":"https:\/\/emmyskerzen.com\/"},{"@type":"ListItem","position":2,"name":"Kerzen Shop","item":"https:\/\/emmyskerzen.com\/shop\/"},{"@type":"ListItem","position":3,"name":"White Pumpkin Duftkerze \u2013 sanfter Herbstduft"}]},{"@type":"WebSite","@id":"https:\/\/emmyskerzen.com\/#website","url":"https:\/\/emmyskerzen.com\/","name":"Emmys Kerzen Onlineshop","description":"personalisierte Kerzen, Dekokerzen, Duftkerzen, Geschenksets, Onlineshop","publisher":{"@id":"https:\/\/emmyskerzen.com\/#organization"},"potentialAction":[{"@type":"SearchAction","target":{"@type":"EntryPoint","urlTemplate":"https:\/\/emmyskerzen.com\/?s={search_term_string}"},"query-input":{"@type":"PropertyValueSpecification","valueRequired":true,"valueName":"search_term_string"}}],"inLanguage":"en-GB"},{"@type":"Organization","@id":"https:\/\/emmyskerzen.com\/#organization","name":"Emmys Kerzen Onlineshop","url":"https:\/\/emmyskerzen.com\/","logo":{"@type":"ImageObject","inLanguage":"en-GB","@id":"https:\/\/emmyskerzen.com\/#\/schema\/logo\/image\/","url":"https:\/\/emmyskerzen.com\/wp-content\/uploads\/2026\/03\/IMG_0392.jpeg","contentUrl":"https:\/\/emmyskerzen.com\/wp-content\/uploads\/2026\/03\/IMG_0392.jpeg","width":964,"height":975,"caption":"Emmys Kerzen Onlineshop"},"image":{"@id":"https:\/\/emmyskerzen.com\/#\/schema\/logo\/image\/"},"sameAs":["https:\/\/www.facebook.com\/EmmysKerzen\/","https:\/\/www.instagram.com\/emmys_kerzen\/","https:\/\/www.tiktok.com\/emmys.kerzen\/"]}]}},"_links":{"self":[{"href":"https:\/\/emmyskerzen.com\/en\/wp-json\/wp\/v2\/product\/534","targetHints":{"allow":["GET"]}}],"collection":[{"href":"https:\/\/emmyskerzen.com\/en\/wp-json\/wp\/v2\/product"}],"about":[{"href":"https:\/\/emmyskerzen.com\/en\/wp-json\/wp\/v2\/types\/product"}],"replies":[{"embeddable":true,"href":"https:\/\/emmyskerzen.com\/en\/wp-json\/wp\/v2\/comments?post=534"}],"wp:featuredmedia":[{"embeddable":true,"href":"https:\/\/emmyskerzen.com\/en\/wp-json\/wp\/v2\/media\/2134"}],"wp:attachment":[{"href":"https:\/\/emmyskerzen.com\/en\/wp-json\/wp\/v2\/media?parent=534"}],"wp:term":[{"taxonomy":"product_brand","embeddable":true,"href":"https:\/\/emmyskerzen.com\/en\/wp-json\/wp\/v2\/product_brand?post=534"},{"taxonomy":"product_cat","embeddable":true,"href":"https:\/\/emmyskerzen.com\/en\/wp-json\/wp\/v2\/product_cat?post=534"},{"taxonomy":"product_tag","embeddable":true,"href":"https:\/\/emmyskerzen.com\/en\/wp-json\/wp\/v2\/product_tag?post=534"}],"curies":[{"name":"wp","href":"https:\/\/api.w.org\/{rel}","templated":true}]}}