{"id":431,"date":"2025-10-10T09:08:37","date_gmt":"2025-10-10T07:08:37","guid":{"rendered":"https:\/\/emmyskerzen.com\/?post_type=product&#038;p=431"},"modified":"2026-04-07T20:22:32","modified_gmt":"2026-04-07T18:22:32","slug":"weihnachtskerze-exklusiv-festliche-deko-kerze","status":"publish","type":"product","link":"https:\/\/emmyskerzen.com\/en\/shop\/weihnachtskerze-exklusiv-festliche-deko-kerze\/","title":{"rendered":"Weihnachtskerze \u201eexklusiv\u201c \u2013 festliche Deko Kerze"},"content":{"rendered":"<h2><span data-olk-copy-source=\"MessageBody\">\ud83c\udf84\u2728<\/span>Weihnachtskerze exklusiv<\/h2>\n<p>Diese handgegossene Weihnachtskerze exklusiv bringt festlichen Glanz in dein Zuhause!<\/p>\n<p>Mit viel Liebe zum Detail gefertigt, schm\u00fccken kleine weihnachtliche Motive und Wachsfiguren die Oberfl\u00e4che \u2013 veredelt mit feinem Gold- oder Silberglitzer f\u00fcr einen funkelnden Winter-Look.<\/p>\n<p>Jede Weihnachtskerze exklusiv ist ein echtes Einzelst\u00fcck \u2013 perfekt als festliche Tischdeko oder als besonderes Geschenk in der Adventszeit.<\/p>\n<p>&nbsp;<\/p>\n<p><em><strong>Lass dich von deinem individuellen Design \u00fcberraschen!<\/strong><\/em><\/p>\n<div>\n<h4><\/h4>\n<h4>\ud83c\udf81 Perfekt f\u00fcr:<\/h4>\n<ul>\n<li>festliche Weihnachtsdeko<\/li>\n<li>Geschenkideen f\u00fcr Familie &amp; Freunde<\/li>\n<li>Advent, Nikolaus &amp; Heiligabend<\/li>\n<\/ul>\n<h4 class=\"x_p1\"><span class=\"x_s1\">\ud83d\udd6f\ufe0fProduktdetails der Weihnachtskerze exklusiv:<br \/>\n<\/span><span class=\"x_s1\">Material: 100% Sojawachs, ohne Paraffin, ohne Palm\u00f6l, ohne k\u00fcnstliche Zusatzstoffe<br \/>\n<\/span><span class=\"x_s1\">Farben: Gr\u00fcn, Wei\u00df, weihnachtliche Farben<br \/>\n<\/span><span class=\"x_s1\">Form: weihnachtliche Motive<br \/>\n<\/span><span class=\"x_s1\">Ma\u00dfe: 13x13x8 cm<br \/>\n<\/span><span class=\"x_s1\">duftfrei<\/span><\/h4>\n<\/div>\n<p>Noch mehr Weihnachtskerzen findest du hier: <span style=\"font-size: small;\"><a title=\"https:\/\/emmyskerzen.com\/shop\" href=\"https:\/\/emmyskerzen.com\/en\/shop\/\" target=\"_blank\" rel=\"noopener noreferrer\" data-auth=\"NotApplicable\" data-linkindex=\"0\" data-olk-copy-source=\"MessageBody\">https:\/\/emmyskerzen.com\/shop<\/a><\/span><\/p>\n<p>&nbsp;<\/p>\n<p>*Gesamtpreis, umsatzsteuerbefreit aufgrund des Kleinunternehmerstatus, zuz\u00fcglich Versandkosten.<\/p>\n<p>Angaben zur Produktsicherheit:<br \/>\nAchte darauf, die Kerzen stets unter Aufsicht abbrennen zu lassen. Halte sie fern von Zugluft, Vorh\u00e4ngen, brennbaren Materialien, Kindern und Haustieren. K\u00fcrze den Docht regelm\u00e4\u00dfig, um eine zu gro\u00dfe Flamme zu vermeiden und stelle die Kerze auf einen sicheren, feuerfesten Untergrund. Verwende die Kerze nur gem\u00e4\u00df den Anweisungen und achte darauf, dass die Flamme beim Brennen nicht zu hoch wird.<\/p>","protected":false},"excerpt":{"rendered":"<p>Weihnachtskerze<\/p>","protected":false},"featured_media":2118,"comment_status":"open","ping_status":"closed","template":"","meta":[],"product_brand":[],"product_cat":[17,20],"product_tag":[39,33,42,146,200],"class_list":{"0":"post-431","1":"product","2":"type-product","3":"status-publish","4":"has-post-thumbnail","6":"product_cat-kerzen-fur-jeden-tag","7":"product_cat-winter-weihnachten","8":"product_tag-emmys-kerzen","9":"product_tag-geschenkidee-weihnachten","10":"product_tag-handgemachte-kerze","11":"product_tag-kerze-weihnachten","12":"product_tag-sojawachskerze","14":"first","15":"outofstock","16":"shipping-taxable","17":"purchasable","18":"product-type-simple","19":"add-to-wishlist-after_add_to_cart"},"yoast_head":"<!-- This site is optimized with the Yoast SEO plugin v27.4 - https:\/\/yoast.com\/product\/yoast-seo-wordpress\/ -->\n<title>Weihnachtskerze \u201eexklusiv\u201c \u2013 festliche Deko Kerze - Emmys Kerzen<\/title>\n<meta name=\"description\" content=\"Liebevoll handgemachte Weihnachtskerze exklusiv im Glas mit festlichen Motiven und Glitzer. Perfekt als Weihnachtsdeko oder Geschenk.\" \/>\n<meta name=\"robots\" content=\"index, follow, max-snippet:-1, max-image-preview:large, max-video-preview:-1\" \/>\n<link rel=\"canonical\" href=\"https:\/\/emmyskerzen.com\/en\/shop\/weihnachtskerze-exklusiv-festliche-deko-kerze\/\" \/>\n<meta property=\"og:locale\" content=\"en_GB\" \/>\n<meta property=\"og:type\" content=\"article\" \/>\n<meta property=\"og:title\" content=\"Weihnachtskerze \u201eexklusiv\u201c \u2013 festliche Deko Kerze - Emmys Kerzen\" \/>\n<meta property=\"og:description\" content=\"Liebevoll handgemachte Weihnachtskerze exklusiv im Glas mit festlichen Motiven und Glitzer. Perfekt als Weihnachtsdeko oder Geschenk.\" \/>\n<meta property=\"og:url\" content=\"https:\/\/emmyskerzen.com\/en\/shop\/weihnachtskerze-exklusiv-festliche-deko-kerze\/\" \/>\n<meta property=\"og:site_name\" content=\"Emmys Kerzen\" \/>\n<meta property=\"article:publisher\" content=\"https:\/\/www.facebook.com\/EmmysKerzen\/\" \/>\n<meta property=\"article:modified_time\" content=\"2026-04-07T18:22:32+00:00\" \/>\n<meta property=\"og:image\" content=\"https:\/\/emmyskerzen.com\/wp-content\/uploads\/2025\/10\/27C68AC9-C606-4EEA-88B8-BCCDF27111F6-683x1024.png\" \/>\n\t<meta property=\"og:image:width\" content=\"683\" \/>\n\t<meta property=\"og:image:height\" content=\"1024\" \/>\n\t<meta property=\"og:image:type\" content=\"image\/png\" \/>\n<meta name=\"twitter:card\" content=\"summary_large_image\" \/>\n<meta name=\"twitter:label1\" content=\"Estimated reading time\" \/>\n\t<meta name=\"twitter:data1\" content=\"2 minutes\" \/>\n<script type=\"application\/ld+json\" class=\"yoast-schema-graph\">{\"@context\":\"https:\\\/\\\/schema.org\",\"@graph\":[{\"@type\":\"WebPage\",\"@id\":\"https:\\\/\\\/emmyskerzen.com\\\/shop\\\/weihnachtskerze-exklusiv-festliche-deko-kerze\\\/\",\"url\":\"https:\\\/\\\/emmyskerzen.com\\\/shop\\\/weihnachtskerze-exklusiv-festliche-deko-kerze\\\/\",\"name\":\"Weihnachtskerze \u201eexklusiv\u201c \u2013 festliche Deko Kerze - Emmys Kerzen\",\"isPartOf\":{\"@id\":\"https:\\\/\\\/emmyskerzen.com\\\/#website\"},\"primaryImageOfPage\":{\"@id\":\"https:\\\/\\\/emmyskerzen.com\\\/shop\\\/weihnachtskerze-exklusiv-festliche-deko-kerze\\\/#primaryimage\"},\"image\":{\"@id\":\"https:\\\/\\\/emmyskerzen.com\\\/shop\\\/weihnachtskerze-exklusiv-festliche-deko-kerze\\\/#primaryimage\"},\"thumbnailUrl\":\"https:\\\/\\\/emmyskerzen.com\\\/wp-content\\\/uploads\\\/2025\\\/10\\\/27C68AC9-C606-4EEA-88B8-BCCDF27111F6.png\",\"datePublished\":\"2025-10-10T07:08:37+00:00\",\"dateModified\":\"2026-04-07T18:22:32+00:00\",\"description\":\"Liebevoll handgemachte Weihnachtskerze exklusiv im Glas mit festlichen Motiven und Glitzer. Perfekt als Weihnachtsdeko oder Geschenk.\",\"breadcrumb\":{\"@id\":\"https:\\\/\\\/emmyskerzen.com\\\/shop\\\/weihnachtskerze-exklusiv-festliche-deko-kerze\\\/#breadcrumb\"},\"inLanguage\":\"en-GB\",\"potentialAction\":[{\"@type\":\"ReadAction\",\"target\":[\"https:\\\/\\\/emmyskerzen.com\\\/shop\\\/weihnachtskerze-exklusiv-festliche-deko-kerze\\\/\"]}]},{\"@type\":\"ImageObject\",\"inLanguage\":\"en-GB\",\"@id\":\"https:\\\/\\\/emmyskerzen.com\\\/shop\\\/weihnachtskerze-exklusiv-festliche-deko-kerze\\\/#primaryimage\",\"url\":\"https:\\\/\\\/emmyskerzen.com\\\/wp-content\\\/uploads\\\/2025\\\/10\\\/27C68AC9-C606-4EEA-88B8-BCCDF27111F6.png\",\"contentUrl\":\"https:\\\/\\\/emmyskerzen.com\\\/wp-content\\\/uploads\\\/2025\\\/10\\\/27C68AC9-C606-4EEA-88B8-BCCDF27111F6.png\",\"width\":1024,\"height\":1536},{\"@type\":\"BreadcrumbList\",\"@id\":\"https:\\\/\\\/emmyskerzen.com\\\/shop\\\/weihnachtskerze-exklusiv-festliche-deko-kerze\\\/#breadcrumb\",\"itemListElement\":[{\"@type\":\"ListItem\",\"position\":1,\"name\":\"Startseite\",\"item\":\"https:\\\/\\\/emmyskerzen.com\\\/\"},{\"@type\":\"ListItem\",\"position\":2,\"name\":\"Kerzen Shop\",\"item\":\"https:\\\/\\\/emmyskerzen.com\\\/shop\\\/\"},{\"@type\":\"ListItem\",\"position\":3,\"name\":\"Weihnachtskerze \u201eexklusiv\u201c \u2013 festliche Deko Kerze\"}]},{\"@type\":\"WebSite\",\"@id\":\"https:\\\/\\\/emmyskerzen.com\\\/#website\",\"url\":\"https:\\\/\\\/emmyskerzen.com\\\/\",\"name\":\"Emmys Kerzen Onlineshop\",\"description\":\"personalisierte Kerzen, Dekokerzen, Duftkerzen, Geschenksets, Onlineshop\",\"publisher\":{\"@id\":\"https:\\\/\\\/emmyskerzen.com\\\/#organization\"},\"potentialAction\":[{\"@type\":\"SearchAction\",\"target\":{\"@type\":\"EntryPoint\",\"urlTemplate\":\"https:\\\/\\\/emmyskerzen.com\\\/?s={search_term_string}\"},\"query-input\":{\"@type\":\"PropertyValueSpecification\",\"valueRequired\":true,\"valueName\":\"search_term_string\"}}],\"inLanguage\":\"en-GB\"},{\"@type\":\"Organization\",\"@id\":\"https:\\\/\\\/emmyskerzen.com\\\/#organization\",\"name\":\"Emmys Kerzen Onlineshop\",\"url\":\"https:\\\/\\\/emmyskerzen.com\\\/\",\"logo\":{\"@type\":\"ImageObject\",\"inLanguage\":\"en-GB\",\"@id\":\"https:\\\/\\\/emmyskerzen.com\\\/#\\\/schema\\\/logo\\\/image\\\/\",\"url\":\"https:\\\/\\\/emmyskerzen.com\\\/wp-content\\\/uploads\\\/2026\\\/03\\\/IMG_0392.jpeg\",\"contentUrl\":\"https:\\\/\\\/emmyskerzen.com\\\/wp-content\\\/uploads\\\/2026\\\/03\\\/IMG_0392.jpeg\",\"width\":964,\"height\":975,\"caption\":\"Emmys Kerzen Onlineshop\"},\"image\":{\"@id\":\"https:\\\/\\\/emmyskerzen.com\\\/#\\\/schema\\\/logo\\\/image\\\/\"},\"sameAs\":[\"https:\\\/\\\/www.facebook.com\\\/EmmysKerzen\\\/\",\"https:\\\/\\\/www.instagram.com\\\/emmys_kerzen\\\/\",\"https:\\\/\\\/www.tiktok.com\\\/emmys.kerzen\\\/\"]}]}<\/script>\n<!-- \/ Yoast SEO plugin. -->","yoast_head_json":{"title":"Weihnachtskerze \u201eexklusiv\u201c \u2013 festliche Deko Kerze - Emmys Kerzen","description":"Liebevoll handgemachte Weihnachtskerze exklusiv im Glas mit festlichen Motiven und Glitzer. Perfekt als Weihnachtsdeko oder Geschenk.","robots":{"index":"index","follow":"follow","max-snippet":"max-snippet:-1","max-image-preview":"max-image-preview:large","max-video-preview":"max-video-preview:-1"},"canonical":"https:\/\/emmyskerzen.com\/en\/shop\/weihnachtskerze-exklusiv-festliche-deko-kerze\/","og_locale":"en_GB","og_type":"article","og_title":"Weihnachtskerze \u201eexklusiv\u201c \u2013 festliche Deko Kerze - Emmys Kerzen","og_description":"Liebevoll handgemachte Weihnachtskerze exklusiv im Glas mit festlichen Motiven und Glitzer. Perfekt als Weihnachtsdeko oder Geschenk.","og_url":"https:\/\/emmyskerzen.com\/en\/shop\/weihnachtskerze-exklusiv-festliche-deko-kerze\/","og_site_name":"Emmys Kerzen","article_publisher":"https:\/\/www.facebook.com\/EmmysKerzen\/","article_modified_time":"2026-04-07T18:22:32+00:00","og_image":[{"width":683,"height":1024,"url":"https:\/\/emmyskerzen.com\/wp-content\/uploads\/2025\/10\/27C68AC9-C606-4EEA-88B8-BCCDF27111F6-683x1024.png","type":"image\/png"}],"twitter_card":"summary_large_image","twitter_misc":{"Estimated reading time":"2 minutes"},"schema":{"@context":"https:\/\/schema.org","@graph":[{"@type":"WebPage","@id":"https:\/\/emmyskerzen.com\/shop\/weihnachtskerze-exklusiv-festliche-deko-kerze\/","url":"https:\/\/emmyskerzen.com\/shop\/weihnachtskerze-exklusiv-festliche-deko-kerze\/","name":"Weihnachtskerze \u201eexklusiv\u201c \u2013 festliche Deko Kerze - Emmys Kerzen","isPartOf":{"@id":"https:\/\/emmyskerzen.com\/#website"},"primaryImageOfPage":{"@id":"https:\/\/emmyskerzen.com\/shop\/weihnachtskerze-exklusiv-festliche-deko-kerze\/#primaryimage"},"image":{"@id":"https:\/\/emmyskerzen.com\/shop\/weihnachtskerze-exklusiv-festliche-deko-kerze\/#primaryimage"},"thumbnailUrl":"https:\/\/emmyskerzen.com\/wp-content\/uploads\/2025\/10\/27C68AC9-C606-4EEA-88B8-BCCDF27111F6.png","datePublished":"2025-10-10T07:08:37+00:00","dateModified":"2026-04-07T18:22:32+00:00","description":"Liebevoll handgemachte Weihnachtskerze exklusiv im Glas mit festlichen Motiven und Glitzer. Perfekt als Weihnachtsdeko oder Geschenk.","breadcrumb":{"@id":"https:\/\/emmyskerzen.com\/shop\/weihnachtskerze-exklusiv-festliche-deko-kerze\/#breadcrumb"},"inLanguage":"en-GB","potentialAction":[{"@type":"ReadAction","target":["https:\/\/emmyskerzen.com\/shop\/weihnachtskerze-exklusiv-festliche-deko-kerze\/"]}]},{"@type":"ImageObject","inLanguage":"en-GB","@id":"https:\/\/emmyskerzen.com\/shop\/weihnachtskerze-exklusiv-festliche-deko-kerze\/#primaryimage","url":"https:\/\/emmyskerzen.com\/wp-content\/uploads\/2025\/10\/27C68AC9-C606-4EEA-88B8-BCCDF27111F6.png","contentUrl":"https:\/\/emmyskerzen.com\/wp-content\/uploads\/2025\/10\/27C68AC9-C606-4EEA-88B8-BCCDF27111F6.png","width":1024,"height":1536},{"@type":"BreadcrumbList","@id":"https:\/\/emmyskerzen.com\/shop\/weihnachtskerze-exklusiv-festliche-deko-kerze\/#breadcrumb","itemListElement":[{"@type":"ListItem","position":1,"name":"Startseite","item":"https:\/\/emmyskerzen.com\/"},{"@type":"ListItem","position":2,"name":"Kerzen Shop","item":"https:\/\/emmyskerzen.com\/shop\/"},{"@type":"ListItem","position":3,"name":"Weihnachtskerze \u201eexklusiv\u201c \u2013 festliche Deko Kerze"}]},{"@type":"WebSite","@id":"https:\/\/emmyskerzen.com\/#website","url":"https:\/\/emmyskerzen.com\/","name":"Emmys Kerzen Onlineshop","description":"personalisierte Kerzen, Dekokerzen, Duftkerzen, Geschenksets, Onlineshop","publisher":{"@id":"https:\/\/emmyskerzen.com\/#organization"},"potentialAction":[{"@type":"SearchAction","target":{"@type":"EntryPoint","urlTemplate":"https:\/\/emmyskerzen.com\/?s={search_term_string}"},"query-input":{"@type":"PropertyValueSpecification","valueRequired":true,"valueName":"search_term_string"}}],"inLanguage":"en-GB"},{"@type":"Organization","@id":"https:\/\/emmyskerzen.com\/#organization","name":"Emmys Kerzen Onlineshop","url":"https:\/\/emmyskerzen.com\/","logo":{"@type":"ImageObject","inLanguage":"en-GB","@id":"https:\/\/emmyskerzen.com\/#\/schema\/logo\/image\/","url":"https:\/\/emmyskerzen.com\/wp-content\/uploads\/2026\/03\/IMG_0392.jpeg","contentUrl":"https:\/\/emmyskerzen.com\/wp-content\/uploads\/2026\/03\/IMG_0392.jpeg","width":964,"height":975,"caption":"Emmys Kerzen Onlineshop"},"image":{"@id":"https:\/\/emmyskerzen.com\/#\/schema\/logo\/image\/"},"sameAs":["https:\/\/www.facebook.com\/EmmysKerzen\/","https:\/\/www.instagram.com\/emmys_kerzen\/","https:\/\/www.tiktok.com\/emmys.kerzen\/"]}]}},"_links":{"self":[{"href":"https:\/\/emmyskerzen.com\/en\/wp-json\/wp\/v2\/product\/431","targetHints":{"allow":["GET"]}}],"collection":[{"href":"https:\/\/emmyskerzen.com\/en\/wp-json\/wp\/v2\/product"}],"about":[{"href":"https:\/\/emmyskerzen.com\/en\/wp-json\/wp\/v2\/types\/product"}],"replies":[{"embeddable":true,"href":"https:\/\/emmyskerzen.com\/en\/wp-json\/wp\/v2\/comments?post=431"}],"wp:featuredmedia":[{"embeddable":true,"href":"https:\/\/emmyskerzen.com\/en\/wp-json\/wp\/v2\/media\/2118"}],"wp:attachment":[{"href":"https:\/\/emmyskerzen.com\/en\/wp-json\/wp\/v2\/media?parent=431"}],"wp:term":[{"taxonomy":"product_brand","embeddable":true,"href":"https:\/\/emmyskerzen.com\/en\/wp-json\/wp\/v2\/product_brand?post=431"},{"taxonomy":"product_cat","embeddable":true,"href":"https:\/\/emmyskerzen.com\/en\/wp-json\/wp\/v2\/product_cat?post=431"},{"taxonomy":"product_tag","embeddable":true,"href":"https:\/\/emmyskerzen.com\/en\/wp-json\/wp\/v2\/product_tag?post=431"}],"curies":[{"name":"wp","href":"https:\/\/api.w.org\/{rel}","templated":true}]}}