{"id":414,"date":"2025-10-10T08:43:58","date_gmt":"2025-10-10T06:43:58","guid":{"rendered":"https:\/\/emmyskerzen.com\/?post_type=product&#038;p=414"},"modified":"2026-03-21T15:37:19","modified_gmt":"2026-03-21T14:37:19","slug":"mini-herzkerzen-suesse-tischdekoration","status":"publish","type":"product","link":"https:\/\/emmyskerzen.com\/en\/shop\/mini-herzkerzen-suesse-tischdekoration\/","title":{"rendered":"Mini Herzkerzen \u2013 s\u00fc\u00dfe Tischdekoration"},"content":{"rendered":"<h3><span data-olk-copy-source=\"MessageBody\">\u00a0Herzchen Kerze mini\u2728<\/span><\/h3>\n<p>Klein, bunt und voller Liebe \ud83d\udc95 \u2013 dieses handgegossene Herzchen Kerze mini Teelicht ist ein echtes Highlight auf jedem Tisch.<br \/>\nIn zartem Glas gegossen und mit farbenfrohen Wachs-Herzchen in Pink, Gelb und T\u00fcrkis verziert, bringt es sofort gute Laune und ein wenig Glitzer in dein Zuhause.<\/p>\n<p>Die Herzchen Kerze mini ist ideal als Tischdeko, kleine Aufmerksamkeit oder als s\u00fc\u00dfes Geschenk f\u00fcr Lieblingsmenschen. Jedes St\u00fcck ist ein handgefertigtes Unikat!<\/p>\n<div>\n<h4>\ud83c\udf81 Perfekt f\u00fcr:<br \/>\nromantische Tischdekoration<br \/>\nkleine Geschenke oder Mitbringsel<br \/>\nValentinstag, Muttertag oder einfach so \ud83d\udc95<\/h4>\n<h4 class=\"x_p2\"><span class=\"x_s1\">\ud83d\udd6f\ufe0fProduktdetails der Herzchen Kerze mini:<br \/>\n<\/span><span class=\"x_s1\">Material: 100% Sojawachs, ohne Paraffin, ohne Palm\u00f6l, ohne k\u00fcnstliche Zusatzstoffe<br \/>\n<\/span><span class=\"x_s1\">Farben: Wei\u00df, T\u00fcrkis, Gelb, Rosa<br \/>\n<\/span><span class=\"x_s1\">Form: Herzchen<br \/>\n<\/span><span class=\"x_s1\">Ma\u00dfe: 5&#215;3,8 cm<br \/>\n<\/span><span class=\"x_s1\">duftfrei<\/span><\/h4>\n<\/div>\n<p>Entdecke mehr Kerzen: <span style=\"font-size: small;\"><a title=\"https:\/\/emmyskerzen.com\/shop\" href=\"https:\/\/emmyskerzen.com\/en\/shop\/\" target=\"_blank\" rel=\"noopener noreferrer\" data-auth=\"NotApplicable\" data-linkindex=\"0\" data-olk-copy-source=\"MessageBody\">https:\/\/emmyskerzen.com\/shop<\/a><\/span><\/p>\n<p>&nbsp;<\/p>\n<p>&nbsp;<\/p>\n<p>&nbsp;<\/p>\n<p>*Gesamtpreis, umsatzsteuerbefreit aufgrund des Kleinunternehmerstatus, zuz\u00fcglich Versandkosten.<\/p>\n<p>Angaben zur Produktsicherheit:<br \/>\nAchte darauf, die Kerzen stets unter Aufsicht abbrennen zu lassen. Halte sie fern von Zugluft, Vorh\u00e4ngen, brennbaren Materialien, Kindern und Haustieren. K\u00fcrze den Docht regelm\u00e4\u00dfig, um eine zu gro\u00dfe Flamme zu vermeiden und stelle die Kerze auf einen sicheren, feuerfesten Untergrund. Verwende die Kerze nur gem\u00e4\u00df den Anweisungen und achte darauf, dass die Flamme beim Brennen nicht zu hoch wird.<\/p>","protected":false},"excerpt":{"rendered":"<p>Kerze Tischdekoration<\/p>","protected":false},"featured_media":2136,"comment_status":"open","ping_status":"closed","template":"","meta":[],"product_brand":[],"product_cat":[17,24],"product_tag":[39,42,200,356,359],"class_list":{"0":"post-414","1":"product","2":"type-product","3":"status-publish","4":"has-post-thumbnail","6":"product_cat-kerzen-fur-jeden-tag","7":"product_cat-love","8":"product_tag-emmys-kerzen","9":"product_tag-handgemachte-kerze","10":"product_tag-sojawachskerze","11":"product_tag-teelicht","12":"product_tag-tischdeko-kerze","14":"first","15":"instock","16":"shipping-taxable","17":"purchasable","18":"product-type-variable","19":"add-to-wishlist-after_add_to_cart"},"yoast_head":"<!-- This site is optimized with the Yoast SEO plugin v27.4 - https:\/\/yoast.com\/product\/yoast-seo-wordpress\/ -->\n<title>Mini Herzkerzen \u2013 s\u00fc\u00dfe Tischdekoration - Emmys Kerzen<\/title>\n<meta name=\"description\" content=\"Diese s\u00fc\u00dfe kleine Herzchen Kerze mini ist die ideale Tischdeko f\u00fcr dein besonderes Fest. Perfekt f\u00fcr Jubil\u00e4um, Hochzeit, Geburtstag oder Verlobung.\" \/>\n<meta name=\"robots\" content=\"index, follow, max-snippet:-1, max-image-preview:large, max-video-preview:-1\" \/>\n<link rel=\"canonical\" href=\"https:\/\/emmyskerzen.com\/en\/shop\/mini-herzkerzen-suesse-tischdekoration\/\" \/>\n<meta property=\"og:locale\" content=\"en_GB\" \/>\n<meta property=\"og:type\" content=\"article\" \/>\n<meta property=\"og:title\" content=\"Mini Herzkerzen \u2013 s\u00fc\u00dfe Tischdekoration - Emmys Kerzen\" \/>\n<meta property=\"og:description\" content=\"Diese s\u00fc\u00dfe kleine Herzchen Kerze mini ist die ideale Tischdeko f\u00fcr dein besonderes Fest. Perfekt f\u00fcr Jubil\u00e4um, Hochzeit, Geburtstag oder Verlobung.\" \/>\n<meta property=\"og:url\" content=\"https:\/\/emmyskerzen.com\/en\/shop\/mini-herzkerzen-suesse-tischdekoration\/\" \/>\n<meta property=\"og:site_name\" content=\"Emmys Kerzen\" \/>\n<meta property=\"article:publisher\" content=\"https:\/\/www.facebook.com\/EmmysKerzen\/\" \/>\n<meta property=\"article:modified_time\" content=\"2026-03-21T14:37:19+00:00\" \/>\n<meta property=\"og:image\" content=\"https:\/\/emmyskerzen.com\/wp-content\/uploads\/2025\/10\/59548E49-2C7B-4F86-AD39-550CECB6BF64.png\" \/>\n\t<meta property=\"og:image:width\" content=\"1024\" \/>\n\t<meta property=\"og:image:height\" content=\"1536\" \/>\n\t<meta property=\"og:image:type\" content=\"image\/png\" \/>\n<meta name=\"twitter:card\" content=\"summary_large_image\" \/>\n<meta name=\"twitter:label1\" content=\"Estimated reading time\" \/>\n\t<meta name=\"twitter:data1\" content=\"2 minutes\" \/>\n<script type=\"application\/ld+json\" class=\"yoast-schema-graph\">{\"@context\":\"https:\\\/\\\/schema.org\",\"@graph\":[{\"@type\":\"WebPage\",\"@id\":\"https:\\\/\\\/emmyskerzen.com\\\/shop\\\/mini-herzkerzen-suesse-tischdekoration\\\/\",\"url\":\"https:\\\/\\\/emmyskerzen.com\\\/shop\\\/mini-herzkerzen-suesse-tischdekoration\\\/\",\"name\":\"Mini Herzkerzen \u2013 s\u00fc\u00dfe Tischdekoration - Emmys Kerzen\",\"isPartOf\":{\"@id\":\"https:\\\/\\\/emmyskerzen.com\\\/#website\"},\"primaryImageOfPage\":{\"@id\":\"https:\\\/\\\/emmyskerzen.com\\\/shop\\\/mini-herzkerzen-suesse-tischdekoration\\\/#primaryimage\"},\"image\":{\"@id\":\"https:\\\/\\\/emmyskerzen.com\\\/shop\\\/mini-herzkerzen-suesse-tischdekoration\\\/#primaryimage\"},\"thumbnailUrl\":\"https:\\\/\\\/emmyskerzen.com\\\/wp-content\\\/uploads\\\/2025\\\/10\\\/59548E49-2C7B-4F86-AD39-550CECB6BF64.png\",\"datePublished\":\"2025-10-10T06:43:58+00:00\",\"dateModified\":\"2026-03-21T14:37:19+00:00\",\"description\":\"Diese s\u00fc\u00dfe kleine Herzchen Kerze mini ist die ideale Tischdeko f\u00fcr dein besonderes Fest. Perfekt f\u00fcr Jubil\u00e4um, Hochzeit, Geburtstag oder Verlobung.\",\"breadcrumb\":{\"@id\":\"https:\\\/\\\/emmyskerzen.com\\\/shop\\\/mini-herzkerzen-suesse-tischdekoration\\\/#breadcrumb\"},\"inLanguage\":\"en-GB\",\"potentialAction\":[{\"@type\":\"ReadAction\",\"target\":[\"https:\\\/\\\/emmyskerzen.com\\\/shop\\\/mini-herzkerzen-suesse-tischdekoration\\\/\"]}]},{\"@type\":\"ImageObject\",\"inLanguage\":\"en-GB\",\"@id\":\"https:\\\/\\\/emmyskerzen.com\\\/shop\\\/mini-herzkerzen-suesse-tischdekoration\\\/#primaryimage\",\"url\":\"https:\\\/\\\/emmyskerzen.com\\\/wp-content\\\/uploads\\\/2025\\\/10\\\/59548E49-2C7B-4F86-AD39-550CECB6BF64.png\",\"contentUrl\":\"https:\\\/\\\/emmyskerzen.com\\\/wp-content\\\/uploads\\\/2025\\\/10\\\/59548E49-2C7B-4F86-AD39-550CECB6BF64.png\",\"width\":1024,\"height\":1536},{\"@type\":\"BreadcrumbList\",\"@id\":\"https:\\\/\\\/emmyskerzen.com\\\/shop\\\/mini-herzkerzen-suesse-tischdekoration\\\/#breadcrumb\",\"itemListElement\":[{\"@type\":\"ListItem\",\"position\":1,\"name\":\"Startseite\",\"item\":\"https:\\\/\\\/emmyskerzen.com\\\/\"},{\"@type\":\"ListItem\",\"position\":2,\"name\":\"Kerzen Shop\",\"item\":\"https:\\\/\\\/emmyskerzen.com\\\/shop\\\/\"},{\"@type\":\"ListItem\",\"position\":3,\"name\":\"Mini Herzkerzen \u2013 s\u00fc\u00dfe Tischdekoration\"}]},{\"@type\":\"WebSite\",\"@id\":\"https:\\\/\\\/emmyskerzen.com\\\/#website\",\"url\":\"https:\\\/\\\/emmyskerzen.com\\\/\",\"name\":\"Emmys Kerzen Onlineshop\",\"description\":\"personalisierte Kerzen, Dekokerzen, Duftkerzen, Geschenksets, Onlineshop\",\"publisher\":{\"@id\":\"https:\\\/\\\/emmyskerzen.com\\\/#organization\"},\"potentialAction\":[{\"@type\":\"SearchAction\",\"target\":{\"@type\":\"EntryPoint\",\"urlTemplate\":\"https:\\\/\\\/emmyskerzen.com\\\/?s={search_term_string}\"},\"query-input\":{\"@type\":\"PropertyValueSpecification\",\"valueRequired\":true,\"valueName\":\"search_term_string\"}}],\"inLanguage\":\"en-GB\"},{\"@type\":\"Organization\",\"@id\":\"https:\\\/\\\/emmyskerzen.com\\\/#organization\",\"name\":\"Emmys Kerzen Onlineshop\",\"url\":\"https:\\\/\\\/emmyskerzen.com\\\/\",\"logo\":{\"@type\":\"ImageObject\",\"inLanguage\":\"en-GB\",\"@id\":\"https:\\\/\\\/emmyskerzen.com\\\/#\\\/schema\\\/logo\\\/image\\\/\",\"url\":\"https:\\\/\\\/emmyskerzen.com\\\/wp-content\\\/uploads\\\/2026\\\/03\\\/IMG_0392.jpeg\",\"contentUrl\":\"https:\\\/\\\/emmyskerzen.com\\\/wp-content\\\/uploads\\\/2026\\\/03\\\/IMG_0392.jpeg\",\"width\":964,\"height\":975,\"caption\":\"Emmys Kerzen Onlineshop\"},\"image\":{\"@id\":\"https:\\\/\\\/emmyskerzen.com\\\/#\\\/schema\\\/logo\\\/image\\\/\"},\"sameAs\":[\"https:\\\/\\\/www.facebook.com\\\/EmmysKerzen\\\/\",\"https:\\\/\\\/www.instagram.com\\\/emmys_kerzen\\\/\",\"https:\\\/\\\/www.tiktok.com\\\/emmys.kerzen\\\/\"]}]}<\/script>\n<!-- \/ Yoast SEO plugin. -->","yoast_head_json":{"title":"Mini Herzkerzen \u2013 s\u00fc\u00dfe Tischdekoration - Emmys Kerzen","description":"Diese s\u00fc\u00dfe kleine Herzchen Kerze mini ist die ideale Tischdeko f\u00fcr dein besonderes Fest. Perfekt f\u00fcr Jubil\u00e4um, Hochzeit, Geburtstag oder Verlobung.","robots":{"index":"index","follow":"follow","max-snippet":"max-snippet:-1","max-image-preview":"max-image-preview:large","max-video-preview":"max-video-preview:-1"},"canonical":"https:\/\/emmyskerzen.com\/en\/shop\/mini-herzkerzen-suesse-tischdekoration\/","og_locale":"en_GB","og_type":"article","og_title":"Mini Herzkerzen \u2013 s\u00fc\u00dfe Tischdekoration - Emmys Kerzen","og_description":"Diese s\u00fc\u00dfe kleine Herzchen Kerze mini ist die ideale Tischdeko f\u00fcr dein besonderes Fest. Perfekt f\u00fcr Jubil\u00e4um, Hochzeit, Geburtstag oder Verlobung.","og_url":"https:\/\/emmyskerzen.com\/en\/shop\/mini-herzkerzen-suesse-tischdekoration\/","og_site_name":"Emmys Kerzen","article_publisher":"https:\/\/www.facebook.com\/EmmysKerzen\/","article_modified_time":"2026-03-21T14:37:19+00:00","og_image":[{"width":1024,"height":1536,"url":"https:\/\/emmyskerzen.com\/wp-content\/uploads\/2025\/10\/59548E49-2C7B-4F86-AD39-550CECB6BF64.png","type":"image\/png"}],"twitter_card":"summary_large_image","twitter_misc":{"Estimated reading time":"2 minutes"},"schema":{"@context":"https:\/\/schema.org","@graph":[{"@type":"WebPage","@id":"https:\/\/emmyskerzen.com\/shop\/mini-herzkerzen-suesse-tischdekoration\/","url":"https:\/\/emmyskerzen.com\/shop\/mini-herzkerzen-suesse-tischdekoration\/","name":"Mini Herzkerzen \u2013 s\u00fc\u00dfe Tischdekoration - Emmys Kerzen","isPartOf":{"@id":"https:\/\/emmyskerzen.com\/#website"},"primaryImageOfPage":{"@id":"https:\/\/emmyskerzen.com\/shop\/mini-herzkerzen-suesse-tischdekoration\/#primaryimage"},"image":{"@id":"https:\/\/emmyskerzen.com\/shop\/mini-herzkerzen-suesse-tischdekoration\/#primaryimage"},"thumbnailUrl":"https:\/\/emmyskerzen.com\/wp-content\/uploads\/2025\/10\/59548E49-2C7B-4F86-AD39-550CECB6BF64.png","datePublished":"2025-10-10T06:43:58+00:00","dateModified":"2026-03-21T14:37:19+00:00","description":"Diese s\u00fc\u00dfe kleine Herzchen Kerze mini ist die ideale Tischdeko f\u00fcr dein besonderes Fest. Perfekt f\u00fcr Jubil\u00e4um, Hochzeit, Geburtstag oder Verlobung.","breadcrumb":{"@id":"https:\/\/emmyskerzen.com\/shop\/mini-herzkerzen-suesse-tischdekoration\/#breadcrumb"},"inLanguage":"en-GB","potentialAction":[{"@type":"ReadAction","target":["https:\/\/emmyskerzen.com\/shop\/mini-herzkerzen-suesse-tischdekoration\/"]}]},{"@type":"ImageObject","inLanguage":"en-GB","@id":"https:\/\/emmyskerzen.com\/shop\/mini-herzkerzen-suesse-tischdekoration\/#primaryimage","url":"https:\/\/emmyskerzen.com\/wp-content\/uploads\/2025\/10\/59548E49-2C7B-4F86-AD39-550CECB6BF64.png","contentUrl":"https:\/\/emmyskerzen.com\/wp-content\/uploads\/2025\/10\/59548E49-2C7B-4F86-AD39-550CECB6BF64.png","width":1024,"height":1536},{"@type":"BreadcrumbList","@id":"https:\/\/emmyskerzen.com\/shop\/mini-herzkerzen-suesse-tischdekoration\/#breadcrumb","itemListElement":[{"@type":"ListItem","position":1,"name":"Startseite","item":"https:\/\/emmyskerzen.com\/"},{"@type":"ListItem","position":2,"name":"Kerzen Shop","item":"https:\/\/emmyskerzen.com\/shop\/"},{"@type":"ListItem","position":3,"name":"Mini Herzkerzen \u2013 s\u00fc\u00dfe Tischdekoration"}]},{"@type":"WebSite","@id":"https:\/\/emmyskerzen.com\/#website","url":"https:\/\/emmyskerzen.com\/","name":"Emmys Kerzen Onlineshop","description":"personalisierte Kerzen, Dekokerzen, Duftkerzen, Geschenksets, Onlineshop","publisher":{"@id":"https:\/\/emmyskerzen.com\/#organization"},"potentialAction":[{"@type":"SearchAction","target":{"@type":"EntryPoint","urlTemplate":"https:\/\/emmyskerzen.com\/?s={search_term_string}"},"query-input":{"@type":"PropertyValueSpecification","valueRequired":true,"valueName":"search_term_string"}}],"inLanguage":"en-GB"},{"@type":"Organization","@id":"https:\/\/emmyskerzen.com\/#organization","name":"Emmys Kerzen Onlineshop","url":"https:\/\/emmyskerzen.com\/","logo":{"@type":"ImageObject","inLanguage":"en-GB","@id":"https:\/\/emmyskerzen.com\/#\/schema\/logo\/image\/","url":"https:\/\/emmyskerzen.com\/wp-content\/uploads\/2026\/03\/IMG_0392.jpeg","contentUrl":"https:\/\/emmyskerzen.com\/wp-content\/uploads\/2026\/03\/IMG_0392.jpeg","width":964,"height":975,"caption":"Emmys Kerzen Onlineshop"},"image":{"@id":"https:\/\/emmyskerzen.com\/#\/schema\/logo\/image\/"},"sameAs":["https:\/\/www.facebook.com\/EmmysKerzen\/","https:\/\/www.instagram.com\/emmys_kerzen\/","https:\/\/www.tiktok.com\/emmys.kerzen\/"]}]}},"_links":{"self":[{"href":"https:\/\/emmyskerzen.com\/en\/wp-json\/wp\/v2\/product\/414","targetHints":{"allow":["GET"]}}],"collection":[{"href":"https:\/\/emmyskerzen.com\/en\/wp-json\/wp\/v2\/product"}],"about":[{"href":"https:\/\/emmyskerzen.com\/en\/wp-json\/wp\/v2\/types\/product"}],"replies":[{"embeddable":true,"href":"https:\/\/emmyskerzen.com\/en\/wp-json\/wp\/v2\/comments?post=414"}],"wp:featuredmedia":[{"embeddable":true,"href":"https:\/\/emmyskerzen.com\/en\/wp-json\/wp\/v2\/media\/2136"}],"wp:attachment":[{"href":"https:\/\/emmyskerzen.com\/en\/wp-json\/wp\/v2\/media?parent=414"}],"wp:term":[{"taxonomy":"product_brand","embeddable":true,"href":"https:\/\/emmyskerzen.com\/en\/wp-json\/wp\/v2\/product_brand?post=414"},{"taxonomy":"product_cat","embeddable":true,"href":"https:\/\/emmyskerzen.com\/en\/wp-json\/wp\/v2\/product_cat?post=414"},{"taxonomy":"product_tag","embeddable":true,"href":"https:\/\/emmyskerzen.com\/en\/wp-json\/wp\/v2\/product_tag?post=414"}],"curies":[{"name":"wp","href":"https:\/\/api.w.org\/{rel}","templated":true}]}}