{"id":413,"date":"2025-10-10T08:36:52","date_gmt":"2025-10-10T06:36:52","guid":{"rendered":"https:\/\/emmyskerzen.com\/?post_type=product&#038;p=413"},"modified":"2026-03-26T14:50:27","modified_gmt":"2026-03-26T13:50:27","slug":"herzchenkerze-liebevolle-deko-geschenk","status":"publish","type":"product","link":"https:\/\/emmyskerzen.com\/en\/shop\/herzchenkerze-liebevolle-deko-geschenk\/","title":{"rendered":"Herzchenkerze \u2013 liebevolle Deko &#038; Geschenk"},"content":{"rendered":"<h3><span data-olk-copy-source=\"MessageBody\">\ud83d\udc96 Herzchenkerze \u2728<\/span><\/h3>\n<p>Ein kleines St\u00fcck Liebe im Glas \ud83d\udc95 \u2013 diese liebevoll handgegossene Herzchenkerze ist ein echtes Highlight f\u00fcr alle, die Farbe, Freude und Glitzer lieben!<br \/>\nDie Oberfl\u00e4che ist mit bunten Herzchen aus Wachs dekoriert \u2013 in Pink, Gelb und T\u00fcrkis, veredelt mit einem zarten Glitzereffekt.<\/p>\n<p>Jede Herzchenkerze wird mit viel Liebe von Hand gegossen und ist somit ein Unikat \u2013 perfekt als Geschenk, Deko oder einfach zum Selbstverw\u00f6hnen.<\/p>\n<div>\n<h4>\ud83c\udf81 Ideal f\u00fcr:<\/h4>\n<ul>\n<li>Valentinstag, Geburtstag, Freundschaftsgeschenk oder einfach \u201eDanke\u201c sagen<\/li>\n<li>fr\u00f6hliche Tischdeko oder liebevolle Aufmerksamkeit<\/li>\n<li>alle, die Glitzer und bunte Farben lieben<\/li>\n<\/ul>\n<h4 class=\"x_p1\"><span class=\"x_s1\">\ud83d\udd6f\ufe0fProduktdetails:<br \/>\n<\/span><span class=\"x_s1\">Material: 100% Sojawachs, ohne Paraffin, ohne Palm\u00f6l, ohne k\u00fcnstliche Zusatzstoffe<br \/>\n<\/span><span class=\"x_s1\">Farben: Wei\u00df, Gelb, T\u00fcrkis, Rosa<br \/>\n<\/span><span class=\"x_s1\">Form: Herzchen<br \/>\nRifflglas: 260ml<\/span><span class=\"x_s1\"><br \/>\n<\/span><span class=\"x_s1\">duftfrei<\/span><\/h4>\n<\/div>\n<p>&nbsp;<\/p>\n<p>&nbsp;<\/p>\n<p>*Gesamtpreis, umsatzsteuerbefreit aufgrund des Kleinunternehmerstatus, zuz\u00fcglich Versandkosten.<\/p>\n<p>Angaben zur Produktsicherheit:<br \/>\nAchte darauf, die Kerzen stets unter Aufsicht abbrennen zu lassen. Halte sie fern von Zugluft, Vorh\u00e4ngen, brennbaren Materialien, Kindern und Haustieren. K\u00fcrze den Docht regelm\u00e4\u00dfig, um eine zu gro\u00dfe Flamme zu vermeiden und stelle die Kerze auf einen sicheren, feuerfesten Untergrund. Verwende die Kerze nur gem\u00e4\u00df den Anweisungen und achte darauf, dass die Flamme beim Brennen nicht zu hoch wird.<\/p>","protected":false},"excerpt":{"rendered":"<p>Anlasskerze<\/p>","protected":false},"featured_media":2116,"comment_status":"open","ping_status":"closed","template":"","meta":[],"product_brand":[],"product_cat":[17,24],"product_tag":[42,364,451,200],"class_list":{"0":"post-413","1":"product","2":"type-product","3":"status-publish","4":"has-post-thumbnail","6":"product_cat-kerzen-fur-jeden-tag","7":"product_cat-love","8":"product_tag-handgemachte-kerze","9":"product_tag-kerze-herz","10":"product_tag-kerzenshop","11":"product_tag-sojawachskerze","13":"first","14":"instock","15":"shipping-taxable","16":"purchasable","17":"product-type-simple","18":"add-to-wishlist-after_add_to_cart"},"yoast_head":"<!-- This site is optimized with the Yoast SEO plugin v27.4 - https:\/\/yoast.com\/product\/yoast-seo-wordpress\/ -->\n<title>Herzchenkerze \u2013 liebevolle Deko &amp; Geschenk - Emmys Kerzen<\/title>\n<meta name=\"description\" content=\"Diese liebevoll handgegossene Herzchenkerze ist das Ideale Geschenk f\u00fcr einen besonderen Anlass. Ob Hochzeit, Jubil\u00e4um, Verlobung oder Geburtstag!\" \/>\n<meta name=\"robots\" content=\"index, follow, max-snippet:-1, max-image-preview:large, max-video-preview:-1\" \/>\n<link rel=\"canonical\" href=\"https:\/\/emmyskerzen.com\/en\/shop\/herzchenkerze-liebevolle-deko-geschenk\/\" \/>\n<meta property=\"og:locale\" content=\"en_GB\" \/>\n<meta property=\"og:type\" content=\"article\" \/>\n<meta property=\"og:title\" content=\"Herzchenkerze \u2013 liebevolle Deko &amp; Geschenk - Emmys Kerzen\" \/>\n<meta property=\"og:description\" content=\"Diese liebevoll handgegossene Herzchenkerze ist das Ideale Geschenk f\u00fcr einen besonderen Anlass. Ob Hochzeit, Jubil\u00e4um, Verlobung oder Geburtstag!\" \/>\n<meta property=\"og:url\" content=\"https:\/\/emmyskerzen.com\/en\/shop\/herzchenkerze-liebevolle-deko-geschenk\/\" \/>\n<meta property=\"og:site_name\" content=\"Emmys Kerzen\" \/>\n<meta property=\"article:publisher\" content=\"https:\/\/www.facebook.com\/EmmysKerzen\/\" \/>\n<meta property=\"article:modified_time\" content=\"2026-03-26T13:50:27+00:00\" \/>\n<meta property=\"og:image\" content=\"https:\/\/emmyskerzen.com\/wp-content\/uploads\/2025\/10\/A5ADF64A-A9B7-4281-A590-17DDC17F838B.png\" \/>\n\t<meta property=\"og:image:width\" content=\"1024\" \/>\n\t<meta property=\"og:image:height\" content=\"1536\" \/>\n\t<meta property=\"og:image:type\" content=\"image\/png\" \/>\n<meta name=\"twitter:card\" content=\"summary_large_image\" \/>\n<meta name=\"twitter:label1\" content=\"Estimated reading time\" \/>\n\t<meta name=\"twitter:data1\" content=\"2 minutes\" \/>\n<script type=\"application\/ld+json\" class=\"yoast-schema-graph\">{\"@context\":\"https:\\\/\\\/schema.org\",\"@graph\":[{\"@type\":\"WebPage\",\"@id\":\"https:\\\/\\\/emmyskerzen.com\\\/shop\\\/herzchenkerze-liebevolle-deko-geschenk\\\/\",\"url\":\"https:\\\/\\\/emmyskerzen.com\\\/shop\\\/herzchenkerze-liebevolle-deko-geschenk\\\/\",\"name\":\"Herzchenkerze \u2013 liebevolle Deko & Geschenk - Emmys Kerzen\",\"isPartOf\":{\"@id\":\"https:\\\/\\\/emmyskerzen.com\\\/#website\"},\"primaryImageOfPage\":{\"@id\":\"https:\\\/\\\/emmyskerzen.com\\\/shop\\\/herzchenkerze-liebevolle-deko-geschenk\\\/#primaryimage\"},\"image\":{\"@id\":\"https:\\\/\\\/emmyskerzen.com\\\/shop\\\/herzchenkerze-liebevolle-deko-geschenk\\\/#primaryimage\"},\"thumbnailUrl\":\"https:\\\/\\\/emmyskerzen.com\\\/wp-content\\\/uploads\\\/2025\\\/10\\\/A5ADF64A-A9B7-4281-A590-17DDC17F838B.png\",\"datePublished\":\"2025-10-10T06:36:52+00:00\",\"dateModified\":\"2026-03-26T13:50:27+00:00\",\"description\":\"Diese liebevoll handgegossene Herzchenkerze ist das Ideale Geschenk f\u00fcr einen besonderen Anlass. Ob Hochzeit, Jubil\u00e4um, Verlobung oder Geburtstag!\",\"breadcrumb\":{\"@id\":\"https:\\\/\\\/emmyskerzen.com\\\/shop\\\/herzchenkerze-liebevolle-deko-geschenk\\\/#breadcrumb\"},\"inLanguage\":\"en-GB\",\"potentialAction\":[{\"@type\":\"ReadAction\",\"target\":[\"https:\\\/\\\/emmyskerzen.com\\\/shop\\\/herzchenkerze-liebevolle-deko-geschenk\\\/\"]}]},{\"@type\":\"ImageObject\",\"inLanguage\":\"en-GB\",\"@id\":\"https:\\\/\\\/emmyskerzen.com\\\/shop\\\/herzchenkerze-liebevolle-deko-geschenk\\\/#primaryimage\",\"url\":\"https:\\\/\\\/emmyskerzen.com\\\/wp-content\\\/uploads\\\/2025\\\/10\\\/A5ADF64A-A9B7-4281-A590-17DDC17F838B.png\",\"contentUrl\":\"https:\\\/\\\/emmyskerzen.com\\\/wp-content\\\/uploads\\\/2025\\\/10\\\/A5ADF64A-A9B7-4281-A590-17DDC17F838B.png\",\"width\":1024,\"height\":1536},{\"@type\":\"BreadcrumbList\",\"@id\":\"https:\\\/\\\/emmyskerzen.com\\\/shop\\\/herzchenkerze-liebevolle-deko-geschenk\\\/#breadcrumb\",\"itemListElement\":[{\"@type\":\"ListItem\",\"position\":1,\"name\":\"Startseite\",\"item\":\"https:\\\/\\\/emmyskerzen.com\\\/\"},{\"@type\":\"ListItem\",\"position\":2,\"name\":\"Kerzen Shop\",\"item\":\"https:\\\/\\\/emmyskerzen.com\\\/shop\\\/\"},{\"@type\":\"ListItem\",\"position\":3,\"name\":\"Herzchenkerze \u2013 liebevolle Deko &#038; Geschenk\"}]},{\"@type\":\"WebSite\",\"@id\":\"https:\\\/\\\/emmyskerzen.com\\\/#website\",\"url\":\"https:\\\/\\\/emmyskerzen.com\\\/\",\"name\":\"Emmys Kerzen Onlineshop\",\"description\":\"personalisierte Kerzen, Dekokerzen, Duftkerzen, Geschenksets, Onlineshop\",\"publisher\":{\"@id\":\"https:\\\/\\\/emmyskerzen.com\\\/#organization\"},\"potentialAction\":[{\"@type\":\"SearchAction\",\"target\":{\"@type\":\"EntryPoint\",\"urlTemplate\":\"https:\\\/\\\/emmyskerzen.com\\\/?s={search_term_string}\"},\"query-input\":{\"@type\":\"PropertyValueSpecification\",\"valueRequired\":true,\"valueName\":\"search_term_string\"}}],\"inLanguage\":\"en-GB\"},{\"@type\":\"Organization\",\"@id\":\"https:\\\/\\\/emmyskerzen.com\\\/#organization\",\"name\":\"Emmys Kerzen Onlineshop\",\"url\":\"https:\\\/\\\/emmyskerzen.com\\\/\",\"logo\":{\"@type\":\"ImageObject\",\"inLanguage\":\"en-GB\",\"@id\":\"https:\\\/\\\/emmyskerzen.com\\\/#\\\/schema\\\/logo\\\/image\\\/\",\"url\":\"https:\\\/\\\/emmyskerzen.com\\\/wp-content\\\/uploads\\\/2026\\\/03\\\/IMG_0392.jpeg\",\"contentUrl\":\"https:\\\/\\\/emmyskerzen.com\\\/wp-content\\\/uploads\\\/2026\\\/03\\\/IMG_0392.jpeg\",\"width\":964,\"height\":975,\"caption\":\"Emmys Kerzen Onlineshop\"},\"image\":{\"@id\":\"https:\\\/\\\/emmyskerzen.com\\\/#\\\/schema\\\/logo\\\/image\\\/\"},\"sameAs\":[\"https:\\\/\\\/www.facebook.com\\\/EmmysKerzen\\\/\",\"https:\\\/\\\/www.instagram.com\\\/emmys_kerzen\\\/\",\"https:\\\/\\\/www.tiktok.com\\\/emmys.kerzen\\\/\"]}]}<\/script>\n<!-- \/ Yoast SEO plugin. -->","yoast_head_json":{"title":"Herzchenkerze \u2013 liebevolle Deko & Geschenk - Emmys Kerzen","description":"Diese liebevoll handgegossene Herzchenkerze ist das Ideale Geschenk f\u00fcr einen besonderen Anlass. Ob Hochzeit, Jubil\u00e4um, Verlobung oder Geburtstag!","robots":{"index":"index","follow":"follow","max-snippet":"max-snippet:-1","max-image-preview":"max-image-preview:large","max-video-preview":"max-video-preview:-1"},"canonical":"https:\/\/emmyskerzen.com\/en\/shop\/herzchenkerze-liebevolle-deko-geschenk\/","og_locale":"en_GB","og_type":"article","og_title":"Herzchenkerze \u2013 liebevolle Deko & Geschenk - Emmys Kerzen","og_description":"Diese liebevoll handgegossene Herzchenkerze ist das Ideale Geschenk f\u00fcr einen besonderen Anlass. Ob Hochzeit, Jubil\u00e4um, Verlobung oder Geburtstag!","og_url":"https:\/\/emmyskerzen.com\/en\/shop\/herzchenkerze-liebevolle-deko-geschenk\/","og_site_name":"Emmys Kerzen","article_publisher":"https:\/\/www.facebook.com\/EmmysKerzen\/","article_modified_time":"2026-03-26T13:50:27+00:00","og_image":[{"width":1024,"height":1536,"url":"https:\/\/emmyskerzen.com\/wp-content\/uploads\/2025\/10\/A5ADF64A-A9B7-4281-A590-17DDC17F838B.png","type":"image\/png"}],"twitter_card":"summary_large_image","twitter_misc":{"Estimated reading time":"2 minutes"},"schema":{"@context":"https:\/\/schema.org","@graph":[{"@type":"WebPage","@id":"https:\/\/emmyskerzen.com\/shop\/herzchenkerze-liebevolle-deko-geschenk\/","url":"https:\/\/emmyskerzen.com\/shop\/herzchenkerze-liebevolle-deko-geschenk\/","name":"Herzchenkerze \u2013 liebevolle Deko & Geschenk - Emmys Kerzen","isPartOf":{"@id":"https:\/\/emmyskerzen.com\/#website"},"primaryImageOfPage":{"@id":"https:\/\/emmyskerzen.com\/shop\/herzchenkerze-liebevolle-deko-geschenk\/#primaryimage"},"image":{"@id":"https:\/\/emmyskerzen.com\/shop\/herzchenkerze-liebevolle-deko-geschenk\/#primaryimage"},"thumbnailUrl":"https:\/\/emmyskerzen.com\/wp-content\/uploads\/2025\/10\/A5ADF64A-A9B7-4281-A590-17DDC17F838B.png","datePublished":"2025-10-10T06:36:52+00:00","dateModified":"2026-03-26T13:50:27+00:00","description":"Diese liebevoll handgegossene Herzchenkerze ist das Ideale Geschenk f\u00fcr einen besonderen Anlass. Ob Hochzeit, Jubil\u00e4um, Verlobung oder Geburtstag!","breadcrumb":{"@id":"https:\/\/emmyskerzen.com\/shop\/herzchenkerze-liebevolle-deko-geschenk\/#breadcrumb"},"inLanguage":"en-GB","potentialAction":[{"@type":"ReadAction","target":["https:\/\/emmyskerzen.com\/shop\/herzchenkerze-liebevolle-deko-geschenk\/"]}]},{"@type":"ImageObject","inLanguage":"en-GB","@id":"https:\/\/emmyskerzen.com\/shop\/herzchenkerze-liebevolle-deko-geschenk\/#primaryimage","url":"https:\/\/emmyskerzen.com\/wp-content\/uploads\/2025\/10\/A5ADF64A-A9B7-4281-A590-17DDC17F838B.png","contentUrl":"https:\/\/emmyskerzen.com\/wp-content\/uploads\/2025\/10\/A5ADF64A-A9B7-4281-A590-17DDC17F838B.png","width":1024,"height":1536},{"@type":"BreadcrumbList","@id":"https:\/\/emmyskerzen.com\/shop\/herzchenkerze-liebevolle-deko-geschenk\/#breadcrumb","itemListElement":[{"@type":"ListItem","position":1,"name":"Startseite","item":"https:\/\/emmyskerzen.com\/"},{"@type":"ListItem","position":2,"name":"Kerzen Shop","item":"https:\/\/emmyskerzen.com\/shop\/"},{"@type":"ListItem","position":3,"name":"Herzchenkerze \u2013 liebevolle Deko &#038; Geschenk"}]},{"@type":"WebSite","@id":"https:\/\/emmyskerzen.com\/#website","url":"https:\/\/emmyskerzen.com\/","name":"Emmys Kerzen Onlineshop","description":"personalisierte Kerzen, Dekokerzen, Duftkerzen, Geschenksets, Onlineshop","publisher":{"@id":"https:\/\/emmyskerzen.com\/#organization"},"potentialAction":[{"@type":"SearchAction","target":{"@type":"EntryPoint","urlTemplate":"https:\/\/emmyskerzen.com\/?s={search_term_string}"},"query-input":{"@type":"PropertyValueSpecification","valueRequired":true,"valueName":"search_term_string"}}],"inLanguage":"en-GB"},{"@type":"Organization","@id":"https:\/\/emmyskerzen.com\/#organization","name":"Emmys Kerzen Onlineshop","url":"https:\/\/emmyskerzen.com\/","logo":{"@type":"ImageObject","inLanguage":"en-GB","@id":"https:\/\/emmyskerzen.com\/#\/schema\/logo\/image\/","url":"https:\/\/emmyskerzen.com\/wp-content\/uploads\/2026\/03\/IMG_0392.jpeg","contentUrl":"https:\/\/emmyskerzen.com\/wp-content\/uploads\/2026\/03\/IMG_0392.jpeg","width":964,"height":975,"caption":"Emmys Kerzen Onlineshop"},"image":{"@id":"https:\/\/emmyskerzen.com\/#\/schema\/logo\/image\/"},"sameAs":["https:\/\/www.facebook.com\/EmmysKerzen\/","https:\/\/www.instagram.com\/emmys_kerzen\/","https:\/\/www.tiktok.com\/emmys.kerzen\/"]}]}},"_links":{"self":[{"href":"https:\/\/emmyskerzen.com\/en\/wp-json\/wp\/v2\/product\/413","targetHints":{"allow":["GET"]}}],"collection":[{"href":"https:\/\/emmyskerzen.com\/en\/wp-json\/wp\/v2\/product"}],"about":[{"href":"https:\/\/emmyskerzen.com\/en\/wp-json\/wp\/v2\/types\/product"}],"replies":[{"embeddable":true,"href":"https:\/\/emmyskerzen.com\/en\/wp-json\/wp\/v2\/comments?post=413"}],"wp:featuredmedia":[{"embeddable":true,"href":"https:\/\/emmyskerzen.com\/en\/wp-json\/wp\/v2\/media\/2116"}],"wp:attachment":[{"href":"https:\/\/emmyskerzen.com\/en\/wp-json\/wp\/v2\/media?parent=413"}],"wp:term":[{"taxonomy":"product_brand","embeddable":true,"href":"https:\/\/emmyskerzen.com\/en\/wp-json\/wp\/v2\/product_brand?post=413"},{"taxonomy":"product_cat","embeddable":true,"href":"https:\/\/emmyskerzen.com\/en\/wp-json\/wp\/v2\/product_cat?post=413"},{"taxonomy":"product_tag","embeddable":true,"href":"https:\/\/emmyskerzen.com\/en\/wp-json\/wp\/v2\/product_tag?post=413"}],"curies":[{"name":"wp","href":"https:\/\/api.w.org\/{rel}","templated":true}]}}