{"id":385,"date":"2025-10-10T08:00:02","date_gmt":"2025-10-10T06:00:02","guid":{"rendered":"https:\/\/emmyskerzen.com\/?post_type=product&#038;p=385"},"modified":"2026-03-21T15:39:43","modified_gmt":"2026-03-21T14:39:43","slug":"gluecks-kerzen-kleines-geschenk-mit-bedeutung","status":"publish","type":"product","link":"https:\/\/emmyskerzen.com\/en\/shop\/gluecks-kerzen-kleines-geschenk-mit-bedeutung\/","title":{"rendered":"Gl\u00fccks Kerzen \u2013 kleines Geschenk mit Bedeutung"},"content":{"rendered":"<h3><span data-olk-copy-source=\"MessageBody\">\ud83c\udf40Gl\u00fccks-Kerzen<\/span><\/h3>\n<p><span data-olk-copy-source=\"MessageBody\">Kleine Gl\u00fccks-Kerzen (Gl\u00fccksbringer) von Emmys Kerzen \ud83d\udc1e\u2728<br \/>\n<em><strong>Wenn du bestimmte Motive m\u00f6chtest, bitte bei der Bestellung angeben. Sonst bekommst du von mir ausgew\u00e4hlte Motive.<\/strong><\/em><\/span><\/p>\n<p>Handgegossen mit Liebe, Glitzer und einer Extra-Portion Gl\u00fcck \ud83d\udc96<\/p>\n<p>Diese zauberhaften Gl\u00fccks-Kerzen sind das perfekte kleine Geschenk f\u00fcr jeden Anlass \u2013 ob als Mitbringsel, Neujahrsgru\u00df oder einfach, um jemandem ein L\u00e4cheln zu schenken. Jede Kerze ist ein handgegossenes Unikat mit liebevollen Details wie Marienk\u00e4fern, Kleebl\u00e4ttern oder Gl\u00fccksschweinchen \ud83d\udc16 \u2013 verziert mit einem Hauch Glitzer f\u00fcr das gewisse Funkeln.<\/p>\n<h4>\ud83c\udf81 Perfekt als:<\/h4>\n<p>Gl\u00fccksbringer zu Neujahr, Pr\u00fcfungen oder neuen Lebensabschnitten<br \/>\nKleines Dankesch\u00f6n oder Gastgeschenk<br \/>\nH\u00fcbsche Deko mit Symbolkraft<\/p>\n<p>\u2728 Jede Kerze wird einzeln gegossen \u2013 leichte Farb- und Motivabweichungen machen dein St\u00fcck zu einem echten Unikat.<\/p>\n<h4 class=\"x_p3\"><span class=\"x_s2\" data-olk-copy-source=\"MessageBody\">\ud83d\udd6f\ufe0fProduktdetails:<\/span><\/h4>\n<p class=\"x_p3\"><span class=\"x_s2\">Material: 100% Sojawachs, ohne Paraffin, ohne Palm\u00f6l, ohne k\u00fcnstliche Zusatzstoffe<br \/>\n<\/span><span class=\"x_s2\">Farben: Wei\u00df, Gr\u00fcn\/Rot\/Rosa<br \/>\n<\/span><span class=\"x_s2\">Form: Schweinchen, Marienk\u00e4fer, Kleeblatt<br \/>\n<\/span><span class=\"x_s2\">Ma\u00dfe: 5&#215;3,8cm (Teelicht)<br \/>\n<\/span><span class=\"x_s2\">duftfrei<\/span><\/p>\n<p>Entdecke noch mehr niedliche Kerzen bei <span style=\"font-size: small;\"><a title=\"https:\/\/emmyskerzen.com\/shop\" href=\"https:\/\/emmyskerzen.com\/en\/shop\/\" target=\"_blank\" rel=\"noopener noreferrer\" data-auth=\"NotApplicable\" data-linkindex=\"0\" data-olk-copy-source=\"MessageBody\">https:\/\/emmyskerzen.com\/shop<\/a><\/span><\/p>\n<p>&nbsp;<\/p>\n<p>*Gesamtpreis, umsatzsteuerbefreit aufgrund des Kleinunternehmerstatus, zuz\u00fcglich Versandkosten.<\/p>\n<p>Angaben zur Produktsicherheit:<br \/>\nAchte darauf, die Kerzen stets unter Aufsicht abbrennen zu lassen. Halte sie fern von Zugluft, Vorh\u00e4ngen, brennbaren Materialien, Kindern und Haustieren. K\u00fcrze den Docht regelm\u00e4\u00dfig, um eine zu gro\u00dfe Flamme zu vermeiden und stelle die Kerze auf einen sicheren, feuerfesten Untergrund. Verwende die Kerze nur gem\u00e4\u00df den Anweisungen und achte darauf, dass die Flamme beim Brennen nicht zu hoch wird.<\/p>","protected":false},"excerpt":{"rendered":"<p>Teelichter<\/p>","protected":false},"featured_media":2115,"comment_status":"open","ping_status":"closed","template":"","meta":[],"product_brand":[],"product_cat":[22,17],"product_tag":[39,160,356,477],"class_list":{"0":"post-385","1":"product","2":"type-product","3":"status-publish","4":"has-post-thumbnail","6":"product_cat-geschenkeanlaesse","7":"product_cat-kerzen-fur-jeden-tag","8":"product_tag-emmys-kerzen","9":"product_tag-gluecksbringer","10":"product_tag-teelicht","11":"product_tag-tischdeko-silvester","13":"first","14":"instock","15":"shipping-taxable","16":"purchasable","17":"product-type-variable","18":"add-to-wishlist-after_add_to_cart"},"yoast_head":"<!-- This site is optimized with the Yoast SEO plugin v27.4 - https:\/\/yoast.com\/product\/yoast-seo-wordpress\/ -->\n<title>Gl\u00fccks Kerzen \u2013 kleines Geschenk mit Bedeutung - Emmys Kerzen<\/title>\n<meta name=\"description\" content=\"Handgemachte Gl\u00fccks - Kerzen mit liebevollen Details wie Marienk\u00e4fer, Kleeblatt, Schwein. F\u00fcr Neujahr, Silvester, Pr\u00fcfungen oder kleines Mitbringsel.\" \/>\n<meta name=\"robots\" content=\"index, follow, max-snippet:-1, max-image-preview:large, max-video-preview:-1\" \/>\n<link rel=\"canonical\" href=\"https:\/\/emmyskerzen.com\/en\/shop\/gluecks-kerzen-kleines-geschenk-mit-bedeutung\/\" \/>\n<meta property=\"og:locale\" content=\"en_GB\" \/>\n<meta property=\"og:type\" content=\"article\" \/>\n<meta property=\"og:title\" content=\"Gl\u00fccks Kerzen \u2013 kleines Geschenk mit Bedeutung - Emmys Kerzen\" \/>\n<meta property=\"og:description\" content=\"Handgemachte Gl\u00fccks - Kerzen mit liebevollen Details wie Marienk\u00e4fer, Kleeblatt, Schwein. F\u00fcr Neujahr, Silvester, Pr\u00fcfungen oder kleines Mitbringsel.\" \/>\n<meta property=\"og:url\" content=\"https:\/\/emmyskerzen.com\/en\/shop\/gluecks-kerzen-kleines-geschenk-mit-bedeutung\/\" \/>\n<meta property=\"og:site_name\" content=\"Emmys Kerzen\" \/>\n<meta property=\"article:publisher\" content=\"https:\/\/www.facebook.com\/EmmysKerzen\/\" \/>\n<meta property=\"article:modified_time\" content=\"2026-03-21T14:39:43+00:00\" \/>\n<meta property=\"og:image\" content=\"https:\/\/emmyskerzen.com\/wp-content\/uploads\/2025\/10\/1FD9E22B-34F7-495F-AF7E-2259C2485614.png\" \/>\n\t<meta property=\"og:image:width\" content=\"1024\" \/>\n\t<meta property=\"og:image:height\" content=\"1536\" \/>\n\t<meta property=\"og:image:type\" content=\"image\/png\" \/>\n<meta name=\"twitter:card\" content=\"summary_large_image\" \/>\n<meta name=\"twitter:label1\" content=\"Estimated reading time\" \/>\n\t<meta name=\"twitter:data1\" content=\"2 minutes\" \/>\n<script type=\"application\/ld+json\" class=\"yoast-schema-graph\">{\"@context\":\"https:\\\/\\\/schema.org\",\"@graph\":[{\"@type\":\"WebPage\",\"@id\":\"https:\\\/\\\/emmyskerzen.com\\\/shop\\\/gluecks-kerzen-kleines-geschenk-mit-bedeutung\\\/\",\"url\":\"https:\\\/\\\/emmyskerzen.com\\\/shop\\\/gluecks-kerzen-kleines-geschenk-mit-bedeutung\\\/\",\"name\":\"Gl\u00fccks Kerzen \u2013 kleines Geschenk mit Bedeutung - Emmys Kerzen\",\"isPartOf\":{\"@id\":\"https:\\\/\\\/emmyskerzen.com\\\/#website\"},\"primaryImageOfPage\":{\"@id\":\"https:\\\/\\\/emmyskerzen.com\\\/shop\\\/gluecks-kerzen-kleines-geschenk-mit-bedeutung\\\/#primaryimage\"},\"image\":{\"@id\":\"https:\\\/\\\/emmyskerzen.com\\\/shop\\\/gluecks-kerzen-kleines-geschenk-mit-bedeutung\\\/#primaryimage\"},\"thumbnailUrl\":\"https:\\\/\\\/emmyskerzen.com\\\/wp-content\\\/uploads\\\/2025\\\/10\\\/1FD9E22B-34F7-495F-AF7E-2259C2485614.png\",\"datePublished\":\"2025-10-10T06:00:02+00:00\",\"dateModified\":\"2026-03-21T14:39:43+00:00\",\"description\":\"Handgemachte Gl\u00fccks - Kerzen mit liebevollen Details wie Marienk\u00e4fer, Kleeblatt, Schwein. F\u00fcr Neujahr, Silvester, Pr\u00fcfungen oder kleines Mitbringsel.\",\"breadcrumb\":{\"@id\":\"https:\\\/\\\/emmyskerzen.com\\\/shop\\\/gluecks-kerzen-kleines-geschenk-mit-bedeutung\\\/#breadcrumb\"},\"inLanguage\":\"en-GB\",\"potentialAction\":[{\"@type\":\"ReadAction\",\"target\":[\"https:\\\/\\\/emmyskerzen.com\\\/shop\\\/gluecks-kerzen-kleines-geschenk-mit-bedeutung\\\/\"]}]},{\"@type\":\"ImageObject\",\"inLanguage\":\"en-GB\",\"@id\":\"https:\\\/\\\/emmyskerzen.com\\\/shop\\\/gluecks-kerzen-kleines-geschenk-mit-bedeutung\\\/#primaryimage\",\"url\":\"https:\\\/\\\/emmyskerzen.com\\\/wp-content\\\/uploads\\\/2025\\\/10\\\/1FD9E22B-34F7-495F-AF7E-2259C2485614.png\",\"contentUrl\":\"https:\\\/\\\/emmyskerzen.com\\\/wp-content\\\/uploads\\\/2025\\\/10\\\/1FD9E22B-34F7-495F-AF7E-2259C2485614.png\",\"width\":1024,\"height\":1536},{\"@type\":\"BreadcrumbList\",\"@id\":\"https:\\\/\\\/emmyskerzen.com\\\/shop\\\/gluecks-kerzen-kleines-geschenk-mit-bedeutung\\\/#breadcrumb\",\"itemListElement\":[{\"@type\":\"ListItem\",\"position\":1,\"name\":\"Startseite\",\"item\":\"https:\\\/\\\/emmyskerzen.com\\\/\"},{\"@type\":\"ListItem\",\"position\":2,\"name\":\"Kerzen Shop\",\"item\":\"https:\\\/\\\/emmyskerzen.com\\\/shop\\\/\"},{\"@type\":\"ListItem\",\"position\":3,\"name\":\"Gl\u00fccks Kerzen \u2013 kleines Geschenk mit Bedeutung\"}]},{\"@type\":\"WebSite\",\"@id\":\"https:\\\/\\\/emmyskerzen.com\\\/#website\",\"url\":\"https:\\\/\\\/emmyskerzen.com\\\/\",\"name\":\"Emmys Kerzen Onlineshop\",\"description\":\"personalisierte Kerzen, Dekokerzen, Duftkerzen, Geschenksets, Onlineshop\",\"publisher\":{\"@id\":\"https:\\\/\\\/emmyskerzen.com\\\/#organization\"},\"potentialAction\":[{\"@type\":\"SearchAction\",\"target\":{\"@type\":\"EntryPoint\",\"urlTemplate\":\"https:\\\/\\\/emmyskerzen.com\\\/?s={search_term_string}\"},\"query-input\":{\"@type\":\"PropertyValueSpecification\",\"valueRequired\":true,\"valueName\":\"search_term_string\"}}],\"inLanguage\":\"en-GB\"},{\"@type\":\"Organization\",\"@id\":\"https:\\\/\\\/emmyskerzen.com\\\/#organization\",\"name\":\"Emmys Kerzen Onlineshop\",\"url\":\"https:\\\/\\\/emmyskerzen.com\\\/\",\"logo\":{\"@type\":\"ImageObject\",\"inLanguage\":\"en-GB\",\"@id\":\"https:\\\/\\\/emmyskerzen.com\\\/#\\\/schema\\\/logo\\\/image\\\/\",\"url\":\"https:\\\/\\\/emmyskerzen.com\\\/wp-content\\\/uploads\\\/2026\\\/03\\\/IMG_0392.jpeg\",\"contentUrl\":\"https:\\\/\\\/emmyskerzen.com\\\/wp-content\\\/uploads\\\/2026\\\/03\\\/IMG_0392.jpeg\",\"width\":964,\"height\":975,\"caption\":\"Emmys Kerzen Onlineshop\"},\"image\":{\"@id\":\"https:\\\/\\\/emmyskerzen.com\\\/#\\\/schema\\\/logo\\\/image\\\/\"},\"sameAs\":[\"https:\\\/\\\/www.facebook.com\\\/EmmysKerzen\\\/\",\"https:\\\/\\\/www.instagram.com\\\/emmys_kerzen\\\/\",\"https:\\\/\\\/www.tiktok.com\\\/emmys.kerzen\\\/\"]}]}<\/script>\n<!-- \/ Yoast SEO plugin. -->","yoast_head_json":{"title":"Gl\u00fccks Kerzen \u2013 kleines Geschenk mit Bedeutung - Emmys Kerzen","description":"Handgemachte Gl\u00fccks - Kerzen mit liebevollen Details wie Marienk\u00e4fer, Kleeblatt, Schwein. F\u00fcr Neujahr, Silvester, Pr\u00fcfungen oder kleines Mitbringsel.","robots":{"index":"index","follow":"follow","max-snippet":"max-snippet:-1","max-image-preview":"max-image-preview:large","max-video-preview":"max-video-preview:-1"},"canonical":"https:\/\/emmyskerzen.com\/en\/shop\/gluecks-kerzen-kleines-geschenk-mit-bedeutung\/","og_locale":"en_GB","og_type":"article","og_title":"Gl\u00fccks Kerzen \u2013 kleines Geschenk mit Bedeutung - Emmys Kerzen","og_description":"Handgemachte Gl\u00fccks - Kerzen mit liebevollen Details wie Marienk\u00e4fer, Kleeblatt, Schwein. F\u00fcr Neujahr, Silvester, Pr\u00fcfungen oder kleines Mitbringsel.","og_url":"https:\/\/emmyskerzen.com\/en\/shop\/gluecks-kerzen-kleines-geschenk-mit-bedeutung\/","og_site_name":"Emmys Kerzen","article_publisher":"https:\/\/www.facebook.com\/EmmysKerzen\/","article_modified_time":"2026-03-21T14:39:43+00:00","og_image":[{"width":1024,"height":1536,"url":"https:\/\/emmyskerzen.com\/wp-content\/uploads\/2025\/10\/1FD9E22B-34F7-495F-AF7E-2259C2485614.png","type":"image\/png"}],"twitter_card":"summary_large_image","twitter_misc":{"Estimated reading time":"2 minutes"},"schema":{"@context":"https:\/\/schema.org","@graph":[{"@type":"WebPage","@id":"https:\/\/emmyskerzen.com\/shop\/gluecks-kerzen-kleines-geschenk-mit-bedeutung\/","url":"https:\/\/emmyskerzen.com\/shop\/gluecks-kerzen-kleines-geschenk-mit-bedeutung\/","name":"Gl\u00fccks Kerzen \u2013 kleines Geschenk mit Bedeutung - Emmys Kerzen","isPartOf":{"@id":"https:\/\/emmyskerzen.com\/#website"},"primaryImageOfPage":{"@id":"https:\/\/emmyskerzen.com\/shop\/gluecks-kerzen-kleines-geschenk-mit-bedeutung\/#primaryimage"},"image":{"@id":"https:\/\/emmyskerzen.com\/shop\/gluecks-kerzen-kleines-geschenk-mit-bedeutung\/#primaryimage"},"thumbnailUrl":"https:\/\/emmyskerzen.com\/wp-content\/uploads\/2025\/10\/1FD9E22B-34F7-495F-AF7E-2259C2485614.png","datePublished":"2025-10-10T06:00:02+00:00","dateModified":"2026-03-21T14:39:43+00:00","description":"Handgemachte Gl\u00fccks - Kerzen mit liebevollen Details wie Marienk\u00e4fer, Kleeblatt, Schwein. F\u00fcr Neujahr, Silvester, Pr\u00fcfungen oder kleines Mitbringsel.","breadcrumb":{"@id":"https:\/\/emmyskerzen.com\/shop\/gluecks-kerzen-kleines-geschenk-mit-bedeutung\/#breadcrumb"},"inLanguage":"en-GB","potentialAction":[{"@type":"ReadAction","target":["https:\/\/emmyskerzen.com\/shop\/gluecks-kerzen-kleines-geschenk-mit-bedeutung\/"]}]},{"@type":"ImageObject","inLanguage":"en-GB","@id":"https:\/\/emmyskerzen.com\/shop\/gluecks-kerzen-kleines-geschenk-mit-bedeutung\/#primaryimage","url":"https:\/\/emmyskerzen.com\/wp-content\/uploads\/2025\/10\/1FD9E22B-34F7-495F-AF7E-2259C2485614.png","contentUrl":"https:\/\/emmyskerzen.com\/wp-content\/uploads\/2025\/10\/1FD9E22B-34F7-495F-AF7E-2259C2485614.png","width":1024,"height":1536},{"@type":"BreadcrumbList","@id":"https:\/\/emmyskerzen.com\/shop\/gluecks-kerzen-kleines-geschenk-mit-bedeutung\/#breadcrumb","itemListElement":[{"@type":"ListItem","position":1,"name":"Startseite","item":"https:\/\/emmyskerzen.com\/"},{"@type":"ListItem","position":2,"name":"Kerzen Shop","item":"https:\/\/emmyskerzen.com\/shop\/"},{"@type":"ListItem","position":3,"name":"Gl\u00fccks Kerzen \u2013 kleines Geschenk mit Bedeutung"}]},{"@type":"WebSite","@id":"https:\/\/emmyskerzen.com\/#website","url":"https:\/\/emmyskerzen.com\/","name":"Emmys Kerzen Onlineshop","description":"personalisierte Kerzen, Dekokerzen, Duftkerzen, Geschenksets, Onlineshop","publisher":{"@id":"https:\/\/emmyskerzen.com\/#organization"},"potentialAction":[{"@type":"SearchAction","target":{"@type":"EntryPoint","urlTemplate":"https:\/\/emmyskerzen.com\/?s={search_term_string}"},"query-input":{"@type":"PropertyValueSpecification","valueRequired":true,"valueName":"search_term_string"}}],"inLanguage":"en-GB"},{"@type":"Organization","@id":"https:\/\/emmyskerzen.com\/#organization","name":"Emmys Kerzen Onlineshop","url":"https:\/\/emmyskerzen.com\/","logo":{"@type":"ImageObject","inLanguage":"en-GB","@id":"https:\/\/emmyskerzen.com\/#\/schema\/logo\/image\/","url":"https:\/\/emmyskerzen.com\/wp-content\/uploads\/2026\/03\/IMG_0392.jpeg","contentUrl":"https:\/\/emmyskerzen.com\/wp-content\/uploads\/2026\/03\/IMG_0392.jpeg","width":964,"height":975,"caption":"Emmys Kerzen Onlineshop"},"image":{"@id":"https:\/\/emmyskerzen.com\/#\/schema\/logo\/image\/"},"sameAs":["https:\/\/www.facebook.com\/EmmysKerzen\/","https:\/\/www.instagram.com\/emmys_kerzen\/","https:\/\/www.tiktok.com\/emmys.kerzen\/"]}]}},"_links":{"self":[{"href":"https:\/\/emmyskerzen.com\/en\/wp-json\/wp\/v2\/product\/385","targetHints":{"allow":["GET"]}}],"collection":[{"href":"https:\/\/emmyskerzen.com\/en\/wp-json\/wp\/v2\/product"}],"about":[{"href":"https:\/\/emmyskerzen.com\/en\/wp-json\/wp\/v2\/types\/product"}],"replies":[{"embeddable":true,"href":"https:\/\/emmyskerzen.com\/en\/wp-json\/wp\/v2\/comments?post=385"}],"wp:featuredmedia":[{"embeddable":true,"href":"https:\/\/emmyskerzen.com\/en\/wp-json\/wp\/v2\/media\/2115"}],"wp:attachment":[{"href":"https:\/\/emmyskerzen.com\/en\/wp-json\/wp\/v2\/media?parent=385"}],"wp:term":[{"taxonomy":"product_brand","embeddable":true,"href":"https:\/\/emmyskerzen.com\/en\/wp-json\/wp\/v2\/product_brand?post=385"},{"taxonomy":"product_cat","embeddable":true,"href":"https:\/\/emmyskerzen.com\/en\/wp-json\/wp\/v2\/product_cat?post=385"},{"taxonomy":"product_tag","embeddable":true,"href":"https:\/\/emmyskerzen.com\/en\/wp-json\/wp\/v2\/product_tag?post=385"}],"curies":[{"name":"wp","href":"https:\/\/api.w.org\/{rel}","templated":true}]}}