{"id":318,"date":"2025-10-07T21:31:18","date_gmt":"2025-10-07T19:31:18","guid":{"rendered":"https:\/\/emmyskerzen.com\/?post_type=product&#038;p=318"},"modified":"2026-03-21T15:32:21","modified_gmt":"2026-03-21T14:32:21","slug":"halloween-kerze-boo-crew-suesse-geister-deko","status":"publish","type":"product","link":"https:\/\/emmyskerzen.com\/en\/shop\/halloween-kerze-boo-crew-suesse-geister-deko\/","title":{"rendered":"Halloween Kerze \u201eBoo Crew\u201c \u2013 s\u00fc\u00dfe Geister Deko"},"content":{"rendered":"<h3><span data-olk-copy-source=\"MessageBody\">\ud83d\udc7bKerze: Boo Crew<\/span><\/h3>\n<p><span data-olk-copy-source=\"MessageBody\">Halloween-Kerze: Boo Crew \u2013 handgemacht &amp; gruselig-s\u00fc\u00df \ud83c\udf83<\/span><\/p>\n<p>Diese einzigartige Kerze: Boo Crew bringt Halloween-Stimmung pur! Zwei kleine Geister, bunte K\u00fcrbisse, Spinnen, Flederm\u00e4use und ein leuchtend gr\u00fcnes Grabstein-Detail machen sie zum perfekten Hingucker f\u00fcr die spooky Season. Der feine Glitzerschimmer verleiht der Oberfl\u00e4che einen magischen Touch \u2013 fast zu sch\u00f6n zum Anz\u00fcnden!<\/p>\n<h4>\ud83d\udd6f\ufe0f Details:<\/h4>\n<ul>\n<li>100 % nat\u00fcrliches Sojawachs<\/li>\n<li>Vegan &amp; tierversuchsfrei<\/li>\n<li>Schwarzes, wiederverwendbares Glasgef\u00e4\u00df<\/li>\n<li>Brenndauer: ca. 35\u201340 Stunden<\/li>\n<li>ohne Duft<\/li>\n<\/ul>\n<h4>\ud83c\udf83 Perfekt f\u00fcr:<\/h4>\n<ul>\n<li>Halloween-Liebhaber &amp; Deko-Fans<\/li>\n<li>Ein originelles Geschenk in der spooky Season<\/li>\n<li>Gem\u00fctliche Herbstabende mit besonderem Flair<\/li>\n<\/ul>\n<p>&nbsp;<\/p>\n<p>&nbsp;<\/p>\n<p>*Gesamtpreis, umsatzsteuerbefreit aufgrund des Kleinunternehmerstatus, zuz\u00fcglich Versandkosten.<\/p>\n<p>Angaben zur Produktsicherheit:<br \/>\nAchte darauf, die Kerzen stets unter Aufsicht abbrennen zu lassen. Halte sie fern von Zugluft, Vorh\u00e4ngen, brennbaren Materialien, Kindern und Haustieren. K\u00fcrze den Docht regelm\u00e4\u00dfig, um eine zu gro\u00dfe Flamme zu vermeiden und stelle die Kerze auf einen sicheren, feuerfesten Untergrund. Verwende die Kerze nur gem\u00e4\u00df den Anweisungen und achte darauf, dass die Flamme beim Brennen nicht zu hoch wird.<\/p>","protected":false},"excerpt":{"rendered":"<p>Halloween Kerze<\/p>","protected":false},"featured_media":2112,"comment_status":"open","ping_status":"closed","template":"","meta":[],"product_brand":[],"product_cat":[19,17],"product_tag":[39,90,40,93],"class_list":{"0":"post-318","1":"product","2":"type-product","3":"status-publish","4":"has-post-thumbnail","6":"product_cat-herbst-halloween","7":"product_cat-kerzen-fur-jeden-tag","8":"product_tag-emmys-kerzen","9":"product_tag-halloween-kerze","10":"product_tag-herbstkerze","11":"product_tag-spooky-candle","13":"first","14":"instock","15":"shipping-taxable","16":"purchasable","17":"product-type-simple","18":"add-to-wishlist-after_add_to_cart"},"yoast_head":"<!-- This site is optimized with the Yoast SEO plugin v27.4 - https:\/\/yoast.com\/product\/yoast-seo-wordpress\/ -->\n<title>Halloween Kerze \u201eBoo Crew\u201c \u2013 s\u00fc\u00dfe Geister Deko - Emmys Kerzen<\/title>\n<meta name=\"description\" content=\"Handgemachte Halloween Kerze: Boo Crew. Perfekte Deko oder Geschenkidee f\u00fcr Halloween. Vegan &amp; Nachhaltig, Spooky Season, Dekoration f\u00fcr Halloween Party\" \/>\n<meta name=\"robots\" content=\"index, follow, max-snippet:-1, max-image-preview:large, max-video-preview:-1\" \/>\n<link rel=\"canonical\" href=\"https:\/\/emmyskerzen.com\/en\/shop\/halloween-kerze-boo-crew-suesse-geister-deko\/\" \/>\n<meta property=\"og:locale\" content=\"en_GB\" \/>\n<meta property=\"og:type\" content=\"article\" \/>\n<meta property=\"og:title\" content=\"Halloween Kerze \u201eBoo Crew\u201c \u2013 s\u00fc\u00dfe Geister Deko - Emmys Kerzen\" \/>\n<meta property=\"og:description\" content=\"Handgemachte Halloween Kerze: Boo Crew. Perfekte Deko oder Geschenkidee f\u00fcr Halloween. Vegan &amp; Nachhaltig, Spooky Season, Dekoration f\u00fcr Halloween Party\" \/>\n<meta property=\"og:url\" content=\"https:\/\/emmyskerzen.com\/en\/shop\/halloween-kerze-boo-crew-suesse-geister-deko\/\" \/>\n<meta property=\"og:site_name\" content=\"Emmys Kerzen\" \/>\n<meta property=\"article:publisher\" content=\"https:\/\/www.facebook.com\/EmmysKerzen\/\" \/>\n<meta property=\"article:modified_time\" content=\"2026-03-21T14:32:21+00:00\" \/>\n<meta property=\"og:image\" content=\"https:\/\/emmyskerzen.com\/wp-content\/uploads\/2025\/10\/957FAFB1-73F5-4D52-A951-92B6BD77F08C-683x1024.png\" \/>\n\t<meta property=\"og:image:width\" content=\"683\" \/>\n\t<meta property=\"og:image:height\" content=\"1024\" \/>\n\t<meta property=\"og:image:type\" content=\"image\/png\" \/>\n<meta name=\"twitter:card\" content=\"summary_large_image\" \/>\n<meta name=\"twitter:label1\" content=\"Estimated reading time\" \/>\n\t<meta name=\"twitter:data1\" content=\"2 minutes\" \/>\n<script type=\"application\/ld+json\" class=\"yoast-schema-graph\">{\"@context\":\"https:\\\/\\\/schema.org\",\"@graph\":[{\"@type\":\"WebPage\",\"@id\":\"https:\\\/\\\/emmyskerzen.com\\\/shop\\\/halloween-kerze-boo-crew-suesse-geister-deko\\\/\",\"url\":\"https:\\\/\\\/emmyskerzen.com\\\/shop\\\/halloween-kerze-boo-crew-suesse-geister-deko\\\/\",\"name\":\"Halloween Kerze \u201eBoo Crew\u201c \u2013 s\u00fc\u00dfe Geister Deko - Emmys Kerzen\",\"isPartOf\":{\"@id\":\"https:\\\/\\\/emmyskerzen.com\\\/#website\"},\"primaryImageOfPage\":{\"@id\":\"https:\\\/\\\/emmyskerzen.com\\\/shop\\\/halloween-kerze-boo-crew-suesse-geister-deko\\\/#primaryimage\"},\"image\":{\"@id\":\"https:\\\/\\\/emmyskerzen.com\\\/shop\\\/halloween-kerze-boo-crew-suesse-geister-deko\\\/#primaryimage\"},\"thumbnailUrl\":\"https:\\\/\\\/emmyskerzen.com\\\/wp-content\\\/uploads\\\/2025\\\/10\\\/957FAFB1-73F5-4D52-A951-92B6BD77F08C.png\",\"datePublished\":\"2025-10-07T19:31:18+00:00\",\"dateModified\":\"2026-03-21T14:32:21+00:00\",\"description\":\"Handgemachte Halloween Kerze: Boo Crew. Perfekte Deko oder Geschenkidee f\u00fcr Halloween. Vegan & Nachhaltig, Spooky Season, Dekoration f\u00fcr Halloween Party\",\"breadcrumb\":{\"@id\":\"https:\\\/\\\/emmyskerzen.com\\\/shop\\\/halloween-kerze-boo-crew-suesse-geister-deko\\\/#breadcrumb\"},\"inLanguage\":\"en-GB\",\"potentialAction\":[{\"@type\":\"ReadAction\",\"target\":[\"https:\\\/\\\/emmyskerzen.com\\\/shop\\\/halloween-kerze-boo-crew-suesse-geister-deko\\\/\"]}]},{\"@type\":\"ImageObject\",\"inLanguage\":\"en-GB\",\"@id\":\"https:\\\/\\\/emmyskerzen.com\\\/shop\\\/halloween-kerze-boo-crew-suesse-geister-deko\\\/#primaryimage\",\"url\":\"https:\\\/\\\/emmyskerzen.com\\\/wp-content\\\/uploads\\\/2025\\\/10\\\/957FAFB1-73F5-4D52-A951-92B6BD77F08C.png\",\"contentUrl\":\"https:\\\/\\\/emmyskerzen.com\\\/wp-content\\\/uploads\\\/2025\\\/10\\\/957FAFB1-73F5-4D52-A951-92B6BD77F08C.png\",\"width\":1024,\"height\":1536},{\"@type\":\"BreadcrumbList\",\"@id\":\"https:\\\/\\\/emmyskerzen.com\\\/shop\\\/halloween-kerze-boo-crew-suesse-geister-deko\\\/#breadcrumb\",\"itemListElement\":[{\"@type\":\"ListItem\",\"position\":1,\"name\":\"Startseite\",\"item\":\"https:\\\/\\\/emmyskerzen.com\\\/\"},{\"@type\":\"ListItem\",\"position\":2,\"name\":\"Kerzen Shop\",\"item\":\"https:\\\/\\\/emmyskerzen.com\\\/shop\\\/\"},{\"@type\":\"ListItem\",\"position\":3,\"name\":\"Halloween Kerze \u201eBoo Crew\u201c \u2013 s\u00fc\u00dfe Geister Deko\"}]},{\"@type\":\"WebSite\",\"@id\":\"https:\\\/\\\/emmyskerzen.com\\\/#website\",\"url\":\"https:\\\/\\\/emmyskerzen.com\\\/\",\"name\":\"Emmys Kerzen Onlineshop\",\"description\":\"personalisierte Kerzen, Dekokerzen, Duftkerzen, Geschenksets, Onlineshop\",\"publisher\":{\"@id\":\"https:\\\/\\\/emmyskerzen.com\\\/#organization\"},\"potentialAction\":[{\"@type\":\"SearchAction\",\"target\":{\"@type\":\"EntryPoint\",\"urlTemplate\":\"https:\\\/\\\/emmyskerzen.com\\\/?s={search_term_string}\"},\"query-input\":{\"@type\":\"PropertyValueSpecification\",\"valueRequired\":true,\"valueName\":\"search_term_string\"}}],\"inLanguage\":\"en-GB\"},{\"@type\":\"Organization\",\"@id\":\"https:\\\/\\\/emmyskerzen.com\\\/#organization\",\"name\":\"Emmys Kerzen Onlineshop\",\"url\":\"https:\\\/\\\/emmyskerzen.com\\\/\",\"logo\":{\"@type\":\"ImageObject\",\"inLanguage\":\"en-GB\",\"@id\":\"https:\\\/\\\/emmyskerzen.com\\\/#\\\/schema\\\/logo\\\/image\\\/\",\"url\":\"https:\\\/\\\/emmyskerzen.com\\\/wp-content\\\/uploads\\\/2026\\\/03\\\/IMG_0392.jpeg\",\"contentUrl\":\"https:\\\/\\\/emmyskerzen.com\\\/wp-content\\\/uploads\\\/2026\\\/03\\\/IMG_0392.jpeg\",\"width\":964,\"height\":975,\"caption\":\"Emmys Kerzen Onlineshop\"},\"image\":{\"@id\":\"https:\\\/\\\/emmyskerzen.com\\\/#\\\/schema\\\/logo\\\/image\\\/\"},\"sameAs\":[\"https:\\\/\\\/www.facebook.com\\\/EmmysKerzen\\\/\",\"https:\\\/\\\/www.instagram.com\\\/emmys_kerzen\\\/\",\"https:\\\/\\\/www.tiktok.com\\\/emmys.kerzen\\\/\"]}]}<\/script>\n<!-- \/ Yoast SEO plugin. -->","yoast_head_json":{"title":"Halloween Kerze \u201eBoo Crew\u201c \u2013 s\u00fc\u00dfe Geister Deko - Emmys Kerzen","description":"Handgemachte Halloween Kerze: Boo Crew. Perfekte Deko oder Geschenkidee f\u00fcr Halloween. Vegan & Nachhaltig, Spooky Season, Dekoration f\u00fcr Halloween Party","robots":{"index":"index","follow":"follow","max-snippet":"max-snippet:-1","max-image-preview":"max-image-preview:large","max-video-preview":"max-video-preview:-1"},"canonical":"https:\/\/emmyskerzen.com\/en\/shop\/halloween-kerze-boo-crew-suesse-geister-deko\/","og_locale":"en_GB","og_type":"article","og_title":"Halloween Kerze \u201eBoo Crew\u201c \u2013 s\u00fc\u00dfe Geister Deko - Emmys Kerzen","og_description":"Handgemachte Halloween Kerze: Boo Crew. Perfekte Deko oder Geschenkidee f\u00fcr Halloween. Vegan & Nachhaltig, Spooky Season, Dekoration f\u00fcr Halloween Party","og_url":"https:\/\/emmyskerzen.com\/en\/shop\/halloween-kerze-boo-crew-suesse-geister-deko\/","og_site_name":"Emmys Kerzen","article_publisher":"https:\/\/www.facebook.com\/EmmysKerzen\/","article_modified_time":"2026-03-21T14:32:21+00:00","og_image":[{"width":683,"height":1024,"url":"https:\/\/emmyskerzen.com\/wp-content\/uploads\/2025\/10\/957FAFB1-73F5-4D52-A951-92B6BD77F08C-683x1024.png","type":"image\/png"}],"twitter_card":"summary_large_image","twitter_misc":{"Estimated reading time":"2 minutes"},"schema":{"@context":"https:\/\/schema.org","@graph":[{"@type":"WebPage","@id":"https:\/\/emmyskerzen.com\/shop\/halloween-kerze-boo-crew-suesse-geister-deko\/","url":"https:\/\/emmyskerzen.com\/shop\/halloween-kerze-boo-crew-suesse-geister-deko\/","name":"Halloween Kerze \u201eBoo Crew\u201c \u2013 s\u00fc\u00dfe Geister Deko - Emmys Kerzen","isPartOf":{"@id":"https:\/\/emmyskerzen.com\/#website"},"primaryImageOfPage":{"@id":"https:\/\/emmyskerzen.com\/shop\/halloween-kerze-boo-crew-suesse-geister-deko\/#primaryimage"},"image":{"@id":"https:\/\/emmyskerzen.com\/shop\/halloween-kerze-boo-crew-suesse-geister-deko\/#primaryimage"},"thumbnailUrl":"https:\/\/emmyskerzen.com\/wp-content\/uploads\/2025\/10\/957FAFB1-73F5-4D52-A951-92B6BD77F08C.png","datePublished":"2025-10-07T19:31:18+00:00","dateModified":"2026-03-21T14:32:21+00:00","description":"Handgemachte Halloween Kerze: Boo Crew. Perfekte Deko oder Geschenkidee f\u00fcr Halloween. Vegan & Nachhaltig, Spooky Season, Dekoration f\u00fcr Halloween Party","breadcrumb":{"@id":"https:\/\/emmyskerzen.com\/shop\/halloween-kerze-boo-crew-suesse-geister-deko\/#breadcrumb"},"inLanguage":"en-GB","potentialAction":[{"@type":"ReadAction","target":["https:\/\/emmyskerzen.com\/shop\/halloween-kerze-boo-crew-suesse-geister-deko\/"]}]},{"@type":"ImageObject","inLanguage":"en-GB","@id":"https:\/\/emmyskerzen.com\/shop\/halloween-kerze-boo-crew-suesse-geister-deko\/#primaryimage","url":"https:\/\/emmyskerzen.com\/wp-content\/uploads\/2025\/10\/957FAFB1-73F5-4D52-A951-92B6BD77F08C.png","contentUrl":"https:\/\/emmyskerzen.com\/wp-content\/uploads\/2025\/10\/957FAFB1-73F5-4D52-A951-92B6BD77F08C.png","width":1024,"height":1536},{"@type":"BreadcrumbList","@id":"https:\/\/emmyskerzen.com\/shop\/halloween-kerze-boo-crew-suesse-geister-deko\/#breadcrumb","itemListElement":[{"@type":"ListItem","position":1,"name":"Startseite","item":"https:\/\/emmyskerzen.com\/"},{"@type":"ListItem","position":2,"name":"Kerzen Shop","item":"https:\/\/emmyskerzen.com\/shop\/"},{"@type":"ListItem","position":3,"name":"Halloween Kerze \u201eBoo Crew\u201c \u2013 s\u00fc\u00dfe Geister Deko"}]},{"@type":"WebSite","@id":"https:\/\/emmyskerzen.com\/#website","url":"https:\/\/emmyskerzen.com\/","name":"Emmys Kerzen Onlineshop","description":"personalisierte Kerzen, Dekokerzen, Duftkerzen, Geschenksets, Onlineshop","publisher":{"@id":"https:\/\/emmyskerzen.com\/#organization"},"potentialAction":[{"@type":"SearchAction","target":{"@type":"EntryPoint","urlTemplate":"https:\/\/emmyskerzen.com\/?s={search_term_string}"},"query-input":{"@type":"PropertyValueSpecification","valueRequired":true,"valueName":"search_term_string"}}],"inLanguage":"en-GB"},{"@type":"Organization","@id":"https:\/\/emmyskerzen.com\/#organization","name":"Emmys Kerzen Onlineshop","url":"https:\/\/emmyskerzen.com\/","logo":{"@type":"ImageObject","inLanguage":"en-GB","@id":"https:\/\/emmyskerzen.com\/#\/schema\/logo\/image\/","url":"https:\/\/emmyskerzen.com\/wp-content\/uploads\/2026\/03\/IMG_0392.jpeg","contentUrl":"https:\/\/emmyskerzen.com\/wp-content\/uploads\/2026\/03\/IMG_0392.jpeg","width":964,"height":975,"caption":"Emmys Kerzen Onlineshop"},"image":{"@id":"https:\/\/emmyskerzen.com\/#\/schema\/logo\/image\/"},"sameAs":["https:\/\/www.facebook.com\/EmmysKerzen\/","https:\/\/www.instagram.com\/emmys_kerzen\/","https:\/\/www.tiktok.com\/emmys.kerzen\/"]}]}},"_links":{"self":[{"href":"https:\/\/emmyskerzen.com\/en\/wp-json\/wp\/v2\/product\/318","targetHints":{"allow":["GET"]}}],"collection":[{"href":"https:\/\/emmyskerzen.com\/en\/wp-json\/wp\/v2\/product"}],"about":[{"href":"https:\/\/emmyskerzen.com\/en\/wp-json\/wp\/v2\/types\/product"}],"replies":[{"embeddable":true,"href":"https:\/\/emmyskerzen.com\/en\/wp-json\/wp\/v2\/comments?post=318"}],"wp:featuredmedia":[{"embeddable":true,"href":"https:\/\/emmyskerzen.com\/en\/wp-json\/wp\/v2\/media\/2112"}],"wp:attachment":[{"href":"https:\/\/emmyskerzen.com\/en\/wp-json\/wp\/v2\/media?parent=318"}],"wp:term":[{"taxonomy":"product_brand","embeddable":true,"href":"https:\/\/emmyskerzen.com\/en\/wp-json\/wp\/v2\/product_brand?post=318"},{"taxonomy":"product_cat","embeddable":true,"href":"https:\/\/emmyskerzen.com\/en\/wp-json\/wp\/v2\/product_cat?post=318"},{"taxonomy":"product_tag","embeddable":true,"href":"https:\/\/emmyskerzen.com\/en\/wp-json\/wp\/v2\/product_tag?post=318"}],"curies":[{"name":"wp","href":"https:\/\/api.w.org\/{rel}","templated":true}]}}