{"id":316,"date":"2025-10-13T12:35:35","date_gmt":"2025-10-13T10:35:35","guid":{"rendered":"https:\/\/emmyskerzen.com\/?post_type=product&#038;p=316"},"modified":"2026-04-07T20:30:21","modified_gmt":"2026-04-07T18:30:21","slug":"tulpen-kerze-tulpentrio-im-glas-fruehlingshafte-duftkerze","status":"publish","type":"product","link":"https:\/\/emmyskerzen.com\/en\/shop\/tulpen-kerze-tulpentrio-im-glas-fruehlingshafte-duftkerze\/","title":{"rendered":"Tulpen Kerze \u201eTulpentrio\u201c im Glas \u2013 fr\u00fchlingshafte Duftkerze"},"content":{"rendered":"<h4>\ud83c\udf38 Tulpentrio im Glas Duftkerze &#8211; Handgemachte Blumenduftkerze \ud83c\udf38<\/h4>\n<p>Diese liebevoll handgefertigte Sojawachskerze ist ein echter Blickfang! Drei detailreiche Tulpenbl\u00fcten in zarten Perlmuttt\u00f6nen \u2013 Rosa, Creme und Violett \u2013 schm\u00fccken die Oberfl\u00e4che und verleihen der Kerze einen luxuri\u00f6sen, romantischen Touch.<\/p>\n<h4>\u2728 Details:<\/h4>\n<ul>\n<li>100 % nat\u00fcrliches Sojawachs<\/li>\n<li>Vegan &amp; tierversuchsfrei<\/li>\n<li>Brenndauer: ca. 30 Stunden<\/li>\n<li>Duft: Tulpen<\/li>\n<li>Glasgef\u00e4\u00df, wiederverwendbar 400ml<\/li>\n<li>Handgegossen mit Liebe von Emmys Kerzen \ud83d\udc95<\/li>\n<\/ul>\n<h4>\ud83c\udf81 Perfekt als:<\/h4>\n<ul>\n<li>Geschenk zum Geburtstag, Muttertag oder Valentinstag<\/li>\n<li>Dekoratives Highlight f\u00fcr Wohnzimmer, Schlafzimmer oder Bad<\/li>\n<li>Kleines St\u00fcck Luxus f\u00fcr dich selbst<\/li>\n<\/ul>\n<p>&nbsp;<\/p>\n<p>&nbsp;<\/p>\n<p>*Gesamtpreis, umsatzsteuerbefreit aufgrund des Kleinunternehmerstatus, zuz\u00fcglich Versandkosten.<\/p>\n<p>Angaben zur Produktsicherheit:<br \/>\nAchte darauf, die Kerzen stets unter Aufsicht abbrennen zu lassen. Halte sie fern von Zugluft, Vorh\u00e4ngen, brennbaren Materialien, Kindern und Haustieren. K\u00fcrze den Docht regelm\u00e4\u00dfig, um eine zu gro\u00dfe Flamme zu vermeiden und stelle die Kerze auf einen sicheren, feuerfesten Untergrund. Verwende die Kerze nur gem\u00e4\u00df den Anweisungen und achte darauf, dass die Flamme beim Brennen nicht zu hoch wird.<\/p>\n<p>&nbsp;<\/p>\n<p><span data-olk-copy-source=\"MessageBody\">Inhaltsstoffe (Kerze): <\/span>100 % Sojawachs, Baumwolldocht (bleifrei), Duft\u00f6l Tulips. Enth\u00e4lt (Allergene \/ deklarationspflichtige Komponenten): Benzyl benzoate, Phenylethyl alcohol, Linalool, Amyl cinnamic aldehyde, Isocyclocitral, Elemi oil, Eugenol, Cinnamic alcohol, Citronellol, Citral, Adoxal, Triplal (Vertocitral), Verdyl acetate, 3-(2,2-dimethyl-3-hydroxypropyl)toluene. Kann allergische Reaktionen hervorrufen. Gefahren (CLP): \u00a0Achtung H302 Gesundheitssch\u00e4dlich bei Verschlucken. H317 Kann allergische Hautreaktionen verursachen. H319 Verursacht schwere Augenreizung. H410 Sehr giftig f\u00fcr Wasserorganismen, mit langfristiger Wirkung. Sicherheitshinweise: P261 Einatmen von Dampf\/Aerosol vermeiden. P264 Nach Gebrauch H\u00e4nde, Arme und Gesicht gr\u00fcndlich waschen. P270 Bei Verwendung nicht essen, trinken oder rauchen. P272 Kontaminierte Arbeitskleidung nicht mit nach Hause nehmen. P273 Freisetzung in die Umwelt vermeiden. P280 Schutzhandschuhe\/Schutzkleidung\/Augenschutz tragen. UFI: R4W0-C1UY-E002-U0P6 Lieferant Duft\u00f6l: Hansawax GmbH, Richard-Dunkel-Stra\u00dfe 120, 28199 Bremen<\/p>","protected":false},"excerpt":{"rendered":"<p>Duftkerze Tulpen<\/p>","protected":false},"featured_media":2119,"comment_status":"open","ping_status":"closed","template":"","meta":[],"product_brand":[],"product_cat":[21,22,17,24],"product_tag":[45,39,273,74,200],"class_list":{"0":"post-316","1":"product","2":"type-product","3":"status-publish","4":"has-post-thumbnail","6":"product_cat-fruehling-sommer","7":"product_cat-geschenkeanlaesse","8":"product_cat-kerzen-fur-jeden-tag","9":"product_cat-love","10":"product_tag-duftkerze","11":"product_tag-emmys-kerzen","12":"product_tag-florale-kerze","13":"product_tag-geschenkidee","14":"product_tag-sojawachskerze","16":"first","17":"instock","18":"shipping-taxable","19":"purchasable","20":"product-type-variable","21":"add-to-wishlist-after_add_to_cart"},"yoast_head":"<!-- This site is optimized with the Yoast SEO plugin v27.4 - https:\/\/yoast.com\/product\/yoast-seo-wordpress\/ -->\n<title>Tulpen Kerze \u201eTulpentrio\u201c im Glas \u2013 fr\u00fchlingshafte Duftkerze - Emmys Kerzen<\/title>\n<meta name=\"description\" content=\"Diese fr\u00fchlingshafte Kerze bringt dir den Tulpenduft in dein Zuhause. Perfekt auch als Geschenk oder kleine Geste. Liebevoll handgegossen!\" \/>\n<meta name=\"robots\" content=\"index, follow, max-snippet:-1, max-image-preview:large, max-video-preview:-1\" \/>\n<link rel=\"canonical\" href=\"https:\/\/emmyskerzen.com\/en\/shop\/tulpen-kerze-tulpentrio-im-glas-fruehlingshafte-duftkerze\/\" \/>\n<meta property=\"og:locale\" content=\"en_GB\" \/>\n<meta property=\"og:type\" content=\"article\" \/>\n<meta property=\"og:title\" content=\"Tulpen Kerze \u201eTulpentrio\u201c im Glas \u2013 fr\u00fchlingshafte Duftkerze - Emmys Kerzen\" \/>\n<meta property=\"og:description\" content=\"Diese fr\u00fchlingshafte Kerze bringt dir den Tulpenduft in dein Zuhause. Perfekt auch als Geschenk oder kleine Geste. Liebevoll handgegossen!\" \/>\n<meta property=\"og:url\" content=\"https:\/\/emmyskerzen.com\/en\/shop\/tulpen-kerze-tulpentrio-im-glas-fruehlingshafte-duftkerze\/\" \/>\n<meta property=\"og:site_name\" content=\"Emmys Kerzen\" \/>\n<meta property=\"article:publisher\" content=\"https:\/\/www.facebook.com\/EmmysKerzen\/\" \/>\n<meta property=\"article:modified_time\" content=\"2026-04-07T18:30:21+00:00\" \/>\n<meta property=\"og:image\" content=\"https:\/\/emmyskerzen.com\/wp-content\/uploads\/2025\/10\/78D7C4D1-E465-46D9-897C-EB8D1DD40EBF.png\" \/>\n\t<meta property=\"og:image:width\" content=\"1024\" \/>\n\t<meta property=\"og:image:height\" content=\"1536\" \/>\n\t<meta property=\"og:image:type\" content=\"image\/png\" \/>\n<meta name=\"twitter:card\" content=\"summary_large_image\" \/>\n<meta name=\"twitter:label1\" content=\"Estimated reading time\" \/>\n\t<meta name=\"twitter:data1\" content=\"2 minutes\" \/>\n<script type=\"application\/ld+json\" class=\"yoast-schema-graph\">{\"@context\":\"https:\\\/\\\/schema.org\",\"@graph\":[{\"@type\":\"WebPage\",\"@id\":\"https:\\\/\\\/emmyskerzen.com\\\/shop\\\/tulpen-kerze-tulpentrio-im-glas-fruehlingshafte-duftkerze\\\/\",\"url\":\"https:\\\/\\\/emmyskerzen.com\\\/shop\\\/tulpen-kerze-tulpentrio-im-glas-fruehlingshafte-duftkerze\\\/\",\"name\":\"Tulpen Kerze \u201eTulpentrio\u201c im Glas \u2013 fr\u00fchlingshafte Duftkerze - Emmys Kerzen\",\"isPartOf\":{\"@id\":\"https:\\\/\\\/emmyskerzen.com\\\/#website\"},\"primaryImageOfPage\":{\"@id\":\"https:\\\/\\\/emmyskerzen.com\\\/shop\\\/tulpen-kerze-tulpentrio-im-glas-fruehlingshafte-duftkerze\\\/#primaryimage\"},\"image\":{\"@id\":\"https:\\\/\\\/emmyskerzen.com\\\/shop\\\/tulpen-kerze-tulpentrio-im-glas-fruehlingshafte-duftkerze\\\/#primaryimage\"},\"thumbnailUrl\":\"https:\\\/\\\/emmyskerzen.com\\\/wp-content\\\/uploads\\\/2025\\\/10\\\/78D7C4D1-E465-46D9-897C-EB8D1DD40EBF.png\",\"datePublished\":\"2025-10-13T10:35:35+00:00\",\"dateModified\":\"2026-04-07T18:30:21+00:00\",\"description\":\"Diese fr\u00fchlingshafte Kerze bringt dir den Tulpenduft in dein Zuhause. Perfekt auch als Geschenk oder kleine Geste. Liebevoll handgegossen!\",\"breadcrumb\":{\"@id\":\"https:\\\/\\\/emmyskerzen.com\\\/shop\\\/tulpen-kerze-tulpentrio-im-glas-fruehlingshafte-duftkerze\\\/#breadcrumb\"},\"inLanguage\":\"en-GB\",\"potentialAction\":[{\"@type\":\"ReadAction\",\"target\":[\"https:\\\/\\\/emmyskerzen.com\\\/shop\\\/tulpen-kerze-tulpentrio-im-glas-fruehlingshafte-duftkerze\\\/\"]}]},{\"@type\":\"ImageObject\",\"inLanguage\":\"en-GB\",\"@id\":\"https:\\\/\\\/emmyskerzen.com\\\/shop\\\/tulpen-kerze-tulpentrio-im-glas-fruehlingshafte-duftkerze\\\/#primaryimage\",\"url\":\"https:\\\/\\\/emmyskerzen.com\\\/wp-content\\\/uploads\\\/2025\\\/10\\\/78D7C4D1-E465-46D9-897C-EB8D1DD40EBF.png\",\"contentUrl\":\"https:\\\/\\\/emmyskerzen.com\\\/wp-content\\\/uploads\\\/2025\\\/10\\\/78D7C4D1-E465-46D9-897C-EB8D1DD40EBF.png\",\"width\":1024,\"height\":1536},{\"@type\":\"BreadcrumbList\",\"@id\":\"https:\\\/\\\/emmyskerzen.com\\\/shop\\\/tulpen-kerze-tulpentrio-im-glas-fruehlingshafte-duftkerze\\\/#breadcrumb\",\"itemListElement\":[{\"@type\":\"ListItem\",\"position\":1,\"name\":\"Startseite\",\"item\":\"https:\\\/\\\/emmyskerzen.com\\\/\"},{\"@type\":\"ListItem\",\"position\":2,\"name\":\"Kerzen Shop\",\"item\":\"https:\\\/\\\/emmyskerzen.com\\\/shop\\\/\"},{\"@type\":\"ListItem\",\"position\":3,\"name\":\"Tulpen Kerze \u201eTulpentrio\u201c im Glas \u2013 fr\u00fchlingshafte Duftkerze\"}]},{\"@type\":\"WebSite\",\"@id\":\"https:\\\/\\\/emmyskerzen.com\\\/#website\",\"url\":\"https:\\\/\\\/emmyskerzen.com\\\/\",\"name\":\"Emmys Kerzen Onlineshop\",\"description\":\"personalisierte Kerzen, Dekokerzen, Duftkerzen, Geschenksets, Onlineshop\",\"publisher\":{\"@id\":\"https:\\\/\\\/emmyskerzen.com\\\/#organization\"},\"potentialAction\":[{\"@type\":\"SearchAction\",\"target\":{\"@type\":\"EntryPoint\",\"urlTemplate\":\"https:\\\/\\\/emmyskerzen.com\\\/?s={search_term_string}\"},\"query-input\":{\"@type\":\"PropertyValueSpecification\",\"valueRequired\":true,\"valueName\":\"search_term_string\"}}],\"inLanguage\":\"en-GB\"},{\"@type\":\"Organization\",\"@id\":\"https:\\\/\\\/emmyskerzen.com\\\/#organization\",\"name\":\"Emmys Kerzen Onlineshop\",\"url\":\"https:\\\/\\\/emmyskerzen.com\\\/\",\"logo\":{\"@type\":\"ImageObject\",\"inLanguage\":\"en-GB\",\"@id\":\"https:\\\/\\\/emmyskerzen.com\\\/#\\\/schema\\\/logo\\\/image\\\/\",\"url\":\"https:\\\/\\\/emmyskerzen.com\\\/wp-content\\\/uploads\\\/2026\\\/03\\\/IMG_0392.jpeg\",\"contentUrl\":\"https:\\\/\\\/emmyskerzen.com\\\/wp-content\\\/uploads\\\/2026\\\/03\\\/IMG_0392.jpeg\",\"width\":964,\"height\":975,\"caption\":\"Emmys Kerzen Onlineshop\"},\"image\":{\"@id\":\"https:\\\/\\\/emmyskerzen.com\\\/#\\\/schema\\\/logo\\\/image\\\/\"},\"sameAs\":[\"https:\\\/\\\/www.facebook.com\\\/EmmysKerzen\\\/\",\"https:\\\/\\\/www.instagram.com\\\/emmys_kerzen\\\/\",\"https:\\\/\\\/www.tiktok.com\\\/emmys.kerzen\\\/\"]}]}<\/script>\n<!-- \/ Yoast SEO plugin. -->","yoast_head_json":{"title":"Tulpen Kerze \u201eTulpentrio\u201c im Glas \u2013 fr\u00fchlingshafte Duftkerze - Emmys Kerzen","description":"Diese fr\u00fchlingshafte Kerze bringt dir den Tulpenduft in dein Zuhause. Perfekt auch als Geschenk oder kleine Geste. Liebevoll handgegossen!","robots":{"index":"index","follow":"follow","max-snippet":"max-snippet:-1","max-image-preview":"max-image-preview:large","max-video-preview":"max-video-preview:-1"},"canonical":"https:\/\/emmyskerzen.com\/en\/shop\/tulpen-kerze-tulpentrio-im-glas-fruehlingshafte-duftkerze\/","og_locale":"en_GB","og_type":"article","og_title":"Tulpen Kerze \u201eTulpentrio\u201c im Glas \u2013 fr\u00fchlingshafte Duftkerze - Emmys Kerzen","og_description":"Diese fr\u00fchlingshafte Kerze bringt dir den Tulpenduft in dein Zuhause. Perfekt auch als Geschenk oder kleine Geste. Liebevoll handgegossen!","og_url":"https:\/\/emmyskerzen.com\/en\/shop\/tulpen-kerze-tulpentrio-im-glas-fruehlingshafte-duftkerze\/","og_site_name":"Emmys Kerzen","article_publisher":"https:\/\/www.facebook.com\/EmmysKerzen\/","article_modified_time":"2026-04-07T18:30:21+00:00","og_image":[{"width":1024,"height":1536,"url":"https:\/\/emmyskerzen.com\/wp-content\/uploads\/2025\/10\/78D7C4D1-E465-46D9-897C-EB8D1DD40EBF.png","type":"image\/png"}],"twitter_card":"summary_large_image","twitter_misc":{"Estimated reading time":"2 minutes"},"schema":{"@context":"https:\/\/schema.org","@graph":[{"@type":"WebPage","@id":"https:\/\/emmyskerzen.com\/shop\/tulpen-kerze-tulpentrio-im-glas-fruehlingshafte-duftkerze\/","url":"https:\/\/emmyskerzen.com\/shop\/tulpen-kerze-tulpentrio-im-glas-fruehlingshafte-duftkerze\/","name":"Tulpen Kerze \u201eTulpentrio\u201c im Glas \u2013 fr\u00fchlingshafte Duftkerze - Emmys Kerzen","isPartOf":{"@id":"https:\/\/emmyskerzen.com\/#website"},"primaryImageOfPage":{"@id":"https:\/\/emmyskerzen.com\/shop\/tulpen-kerze-tulpentrio-im-glas-fruehlingshafte-duftkerze\/#primaryimage"},"image":{"@id":"https:\/\/emmyskerzen.com\/shop\/tulpen-kerze-tulpentrio-im-glas-fruehlingshafte-duftkerze\/#primaryimage"},"thumbnailUrl":"https:\/\/emmyskerzen.com\/wp-content\/uploads\/2025\/10\/78D7C4D1-E465-46D9-897C-EB8D1DD40EBF.png","datePublished":"2025-10-13T10:35:35+00:00","dateModified":"2026-04-07T18:30:21+00:00","description":"Diese fr\u00fchlingshafte Kerze bringt dir den Tulpenduft in dein Zuhause. Perfekt auch als Geschenk oder kleine Geste. Liebevoll handgegossen!","breadcrumb":{"@id":"https:\/\/emmyskerzen.com\/shop\/tulpen-kerze-tulpentrio-im-glas-fruehlingshafte-duftkerze\/#breadcrumb"},"inLanguage":"en-GB","potentialAction":[{"@type":"ReadAction","target":["https:\/\/emmyskerzen.com\/shop\/tulpen-kerze-tulpentrio-im-glas-fruehlingshafte-duftkerze\/"]}]},{"@type":"ImageObject","inLanguage":"en-GB","@id":"https:\/\/emmyskerzen.com\/shop\/tulpen-kerze-tulpentrio-im-glas-fruehlingshafte-duftkerze\/#primaryimage","url":"https:\/\/emmyskerzen.com\/wp-content\/uploads\/2025\/10\/78D7C4D1-E465-46D9-897C-EB8D1DD40EBF.png","contentUrl":"https:\/\/emmyskerzen.com\/wp-content\/uploads\/2025\/10\/78D7C4D1-E465-46D9-897C-EB8D1DD40EBF.png","width":1024,"height":1536},{"@type":"BreadcrumbList","@id":"https:\/\/emmyskerzen.com\/shop\/tulpen-kerze-tulpentrio-im-glas-fruehlingshafte-duftkerze\/#breadcrumb","itemListElement":[{"@type":"ListItem","position":1,"name":"Startseite","item":"https:\/\/emmyskerzen.com\/"},{"@type":"ListItem","position":2,"name":"Kerzen Shop","item":"https:\/\/emmyskerzen.com\/shop\/"},{"@type":"ListItem","position":3,"name":"Tulpen Kerze \u201eTulpentrio\u201c im Glas \u2013 fr\u00fchlingshafte Duftkerze"}]},{"@type":"WebSite","@id":"https:\/\/emmyskerzen.com\/#website","url":"https:\/\/emmyskerzen.com\/","name":"Emmys Kerzen Onlineshop","description":"personalisierte Kerzen, Dekokerzen, Duftkerzen, Geschenksets, Onlineshop","publisher":{"@id":"https:\/\/emmyskerzen.com\/#organization"},"potentialAction":[{"@type":"SearchAction","target":{"@type":"EntryPoint","urlTemplate":"https:\/\/emmyskerzen.com\/?s={search_term_string}"},"query-input":{"@type":"PropertyValueSpecification","valueRequired":true,"valueName":"search_term_string"}}],"inLanguage":"en-GB"},{"@type":"Organization","@id":"https:\/\/emmyskerzen.com\/#organization","name":"Emmys Kerzen Onlineshop","url":"https:\/\/emmyskerzen.com\/","logo":{"@type":"ImageObject","inLanguage":"en-GB","@id":"https:\/\/emmyskerzen.com\/#\/schema\/logo\/image\/","url":"https:\/\/emmyskerzen.com\/wp-content\/uploads\/2026\/03\/IMG_0392.jpeg","contentUrl":"https:\/\/emmyskerzen.com\/wp-content\/uploads\/2026\/03\/IMG_0392.jpeg","width":964,"height":975,"caption":"Emmys Kerzen Onlineshop"},"image":{"@id":"https:\/\/emmyskerzen.com\/#\/schema\/logo\/image\/"},"sameAs":["https:\/\/www.facebook.com\/EmmysKerzen\/","https:\/\/www.instagram.com\/emmys_kerzen\/","https:\/\/www.tiktok.com\/emmys.kerzen\/"]}]}},"_links":{"self":[{"href":"https:\/\/emmyskerzen.com\/en\/wp-json\/wp\/v2\/product\/316","targetHints":{"allow":["GET"]}}],"collection":[{"href":"https:\/\/emmyskerzen.com\/en\/wp-json\/wp\/v2\/product"}],"about":[{"href":"https:\/\/emmyskerzen.com\/en\/wp-json\/wp\/v2\/types\/product"}],"replies":[{"embeddable":true,"href":"https:\/\/emmyskerzen.com\/en\/wp-json\/wp\/v2\/comments?post=316"}],"wp:featuredmedia":[{"embeddable":true,"href":"https:\/\/emmyskerzen.com\/en\/wp-json\/wp\/v2\/media\/2119"}],"wp:attachment":[{"href":"https:\/\/emmyskerzen.com\/en\/wp-json\/wp\/v2\/media?parent=316"}],"wp:term":[{"taxonomy":"product_brand","embeddable":true,"href":"https:\/\/emmyskerzen.com\/en\/wp-json\/wp\/v2\/product_brand?post=316"},{"taxonomy":"product_cat","embeddable":true,"href":"https:\/\/emmyskerzen.com\/en\/wp-json\/wp\/v2\/product_cat?post=316"},{"taxonomy":"product_tag","embeddable":true,"href":"https:\/\/emmyskerzen.com\/en\/wp-json\/wp\/v2\/product_tag?post=316"}],"curies":[{"name":"wp","href":"https:\/\/api.w.org\/{rel}","templated":true}]}}