{"id":274,"date":"2025-10-13T12:41:48","date_gmt":"2025-10-13T10:41:48","guid":{"rendered":"https:\/\/emmyskerzen.com\/?post_type=product&#038;p=274"},"modified":"2026-03-21T15:33:01","modified_gmt":"2026-03-21T14:33:01","slug":"sommerkerze-meer-frische-deko-kerze","status":"publish","type":"product","link":"https:\/\/emmyskerzen.com\/en\/shop\/sommerkerze-meer-frische-deko-kerze\/","title":{"rendered":"Sommerkerze \u201eMeer\u201c \u2013 frische Deko Kerze"},"content":{"rendered":"<h4>Sommerkerze &#8222;Meer&#8220;<\/h4>\n<p>Das Gef\u00fchl von Salz auf der Haut, das Rauschen der Wellen, warme Sonnenstrahlen auf der Nase, der Duft einer Meeresbrise &#8211; mit dieser handgemachten Sommerkerze &#8222;Meer&#8220; holst du dir das Meer direkt nach Hause. Sie ist mehr als nur eine Kerze, sie ist ein kleiner Kurzurlaub im Alltag.<\/p>\n<h5>Produktdetails:<br \/>\nMaterial: 100% Sojawachs, ohne Paraffin, ohne Palm\u00f6l, ohne k\u00fcnstliche Zusatzstoffe<br \/>\nFarben: blau, wei\u00df<br \/>\nForm: Muscheln, Meerestiere<br \/>\nmit echten Muscheln<br \/>\nMa\u00dfe: 13x13x8 cm<br \/>\nDuft: Sea Salt<\/h5>\n<p>Ideal als Geschenk f\u00fcr Meer-Liebhaber:innen, Sommerfans, Freund:innen mit Fernweh,<br \/>\nGeburtstage\/kleine Auszeiten oder f\u00fcr die Achtsamkeit &amp;Self-Care.<\/p>\n<p>Hier findest du mehr wunderbare Kerzen: <span style=\"font-size: small;\"><a title=\"https:\/\/emmyskerzen.com\/shop\" href=\"https:\/\/emmyskerzen.com\/shop\" target=\"_blank\" rel=\"noopener noreferrer\" data-auth=\"NotApplicable\" data-linkindex=\"0\" data-olk-copy-source=\"MessageBody\">https:\/\/emmyskerzen.com\/shop<\/a><\/span><\/p>\n<p>&nbsp;<\/p>\n<p>&nbsp;<\/p>\n<p>*Gesamtpreis, umsatzsteuerbefreit aufgrund des Kleinunternehmerstatus, zuz\u00fcglich Versandkosten.<\/p>\n<p>Angaben zur Produktsicherheit:<br \/>\nAchte darauf, die Kerzen stets unter Aufsicht abbrennen zu lassen. Halte sie fern von Zugluft, Vorh\u00e4ngen, brennbaren Materialien, Kindern und Haustieren. K\u00fcrze den Docht regelm\u00e4\u00dfig, um eine zu gro\u00dfe Flamme zu vermeiden und stelle die Kerze auf einen sicheren, feuerfesten Untergrund. Verwende die Kerze nur gem\u00e4\u00df den Anweisungen und achte darauf, dass die Flamme beim Brennen nicht zu hoch wird.<\/p>\n<p>&nbsp;<\/p>\n<p><span data-olk-copy-source=\"MessageBody\">Inhaltsstoffe (Kerze): <\/span>100 % Sojawachs, Baumwolldocht (bleifrei), Duft\u00f6l Fresh Cotton &amp; Sea Salt. Enth\u00e4lt (Allergene \/ deklarationspflichtige Komponenten): Bergamot extract, Linalool, Cyclopropanecarboxylic acid 2-[1-(3,3-dimethylcyclohexyl)ethoxy]-2-methylpropyl ester, Pin-2(10)-en, 1,2,3,5,6,7-hexahydro-1,1,2,3,3-pentamethyl-4H-inden-4-one, Geraniol, delta-Damascone, 1-(1,2,3,4,5,6,7,8-Octahydro-2,3,8,8-tetramethyl-2-naphthyl)ethan-1-on, Linalylacetat, Methyl cedryl ether, (R)-p-Mentha-1,8-dien.<br \/>\nKann allergische Reaktionen hervorrufen.<br \/>\nGefahren (CLP): Achtung H315 Verursacht Hautreizungen. H317 Kann allergische Hautreaktionen verursachen. H410 Sehr giftig f\u00fcr Wasserorganismen, mit langfristiger Wirkung. Sicherheitshinweise: P264 Nach Gebrauch gr\u00fcndlich waschen. P280 Schutzhandschuhe\/Schutzkleidung\/Augenschutz tragen. P302+P352 BEI HAUTKONTAKT: Mit viel Wasser\/Seife waschen. P333+P313 Bei Hautreizung oder Ausschlag: \u00c4rztlichen Rat einholen\/\u00e4rztliche Hilfe hinzuziehen. P273 Freisetzung in die Umwelt vermeiden. P391 Versch\u00fcttete Mengen aufnehmen. P501 Inhalt\/Beh\u00e4lter der Problemabfallentsorgung zuf\u00fchren.<br \/>\nLieferant Duft\u00f6l: Hansawax GmbH, Richard-Dunkel-Stra\u00dfe 120, 28199 Bremen<\/p>\n","protected":false},"excerpt":{"rendered":"<p>Duftkerze &#8222;Meeresbrise&#8220;<\/p>","protected":false},"featured_media":2138,"comment_status":"open","ping_status":"closed","template":"","meta":[],"product_brand":[],"product_cat":[514,21,22,17],"product_tag":[45,42,278,473,200],"class_list":{"0":"post-274","1":"product","2":"type-product","3":"status-publish","4":"has-post-thumbnail","6":"product_cat-duftkerze","7":"product_cat-fruehling-sommer","8":"product_cat-geschenkeanlaesse","9":"product_cat-kerzen-fur-jeden-tag","10":"product_tag-duftkerze","11":"product_tag-handgemachte-kerze","12":"product_tag-kerze-meer","13":"product_tag-onlineshop-kerzen","14":"product_tag-sojawachskerze","16":"first","17":"instock","18":"shipping-taxable","19":"purchasable","20":"product-type-simple","21":"add-to-wishlist-after_add_to_cart"},"yoast_head":"<!-- This site is optimized with the Yoast SEO plugin v27.4 - https:\/\/yoast.com\/product\/yoast-seo-wordpress\/ -->\n<title>Sommerkerze \u201eMeer\u201c \u2013 frische Deko Kerze - Emmys Kerzen<\/title>\n<meta name=\"description\" content=\"Diese wundersch\u00f6ne Kerze bringt dir den Duft und das Feeling eines Meerurlaubes nach Hause. Handgegossen, hochwertig &amp; liebevoll dekoriert. Jetzt bestellen!\" \/>\n<meta name=\"robots\" content=\"index, follow, max-snippet:-1, max-image-preview:large, max-video-preview:-1\" \/>\n<link rel=\"canonical\" href=\"https:\/\/emmyskerzen.com\/en\/shop\/sommerkerze-meer-frische-deko-kerze\/\" \/>\n<meta property=\"og:locale\" content=\"en_GB\" \/>\n<meta property=\"og:type\" content=\"article\" \/>\n<meta property=\"og:title\" content=\"Sommerkerze \u201eMeer\u201c \u2013 frische Deko Kerze - Emmys Kerzen\" \/>\n<meta property=\"og:description\" content=\"Diese wundersch\u00f6ne Kerze bringt dir den Duft und das Feeling eines Meerurlaubes nach Hause. Handgegossen, hochwertig &amp; liebevoll dekoriert. Jetzt bestellen!\" \/>\n<meta property=\"og:url\" content=\"https:\/\/emmyskerzen.com\/en\/shop\/sommerkerze-meer-frische-deko-kerze\/\" \/>\n<meta property=\"og:site_name\" content=\"Emmys Kerzen\" \/>\n<meta property=\"article:publisher\" content=\"https:\/\/www.facebook.com\/EmmysKerzen\/\" \/>\n<meta property=\"article:modified_time\" content=\"2026-03-21T14:33:01+00:00\" \/>\n<meta property=\"og:image\" content=\"https:\/\/emmyskerzen.com\/wp-content\/uploads\/2025\/10\/398F9C74-325B-4BA4-AA6F-5FBE168EBB8E.png\" \/>\n\t<meta property=\"og:image:width\" content=\"1024\" \/>\n\t<meta property=\"og:image:height\" content=\"1024\" \/>\n\t<meta property=\"og:image:type\" content=\"image\/png\" \/>\n<meta name=\"twitter:card\" content=\"summary_large_image\" \/>\n<meta name=\"twitter:label1\" content=\"Estimated reading time\" \/>\n\t<meta name=\"twitter:data1\" content=\"2 minutes\" \/>\n<script type=\"application\/ld+json\" class=\"yoast-schema-graph\">{\"@context\":\"https:\\\/\\\/schema.org\",\"@graph\":[{\"@type\":\"WebPage\",\"@id\":\"https:\\\/\\\/emmyskerzen.com\\\/shop\\\/sommerkerze-meer-frische-deko-kerze\\\/\",\"url\":\"https:\\\/\\\/emmyskerzen.com\\\/shop\\\/sommerkerze-meer-frische-deko-kerze\\\/\",\"name\":\"Sommerkerze \u201eMeer\u201c \u2013 frische Deko Kerze - Emmys Kerzen\",\"isPartOf\":{\"@id\":\"https:\\\/\\\/emmyskerzen.com\\\/#website\"},\"primaryImageOfPage\":{\"@id\":\"https:\\\/\\\/emmyskerzen.com\\\/shop\\\/sommerkerze-meer-frische-deko-kerze\\\/#primaryimage\"},\"image\":{\"@id\":\"https:\\\/\\\/emmyskerzen.com\\\/shop\\\/sommerkerze-meer-frische-deko-kerze\\\/#primaryimage\"},\"thumbnailUrl\":\"https:\\\/\\\/emmyskerzen.com\\\/wp-content\\\/uploads\\\/2025\\\/10\\\/398F9C74-325B-4BA4-AA6F-5FBE168EBB8E.png\",\"datePublished\":\"2025-10-13T10:41:48+00:00\",\"dateModified\":\"2026-03-21T14:33:01+00:00\",\"description\":\"Diese wundersch\u00f6ne Kerze bringt dir den Duft und das Feeling eines Meerurlaubes nach Hause. Handgegossen, hochwertig & liebevoll dekoriert. Jetzt bestellen!\",\"breadcrumb\":{\"@id\":\"https:\\\/\\\/emmyskerzen.com\\\/shop\\\/sommerkerze-meer-frische-deko-kerze\\\/#breadcrumb\"},\"inLanguage\":\"en-GB\",\"potentialAction\":[{\"@type\":\"ReadAction\",\"target\":[\"https:\\\/\\\/emmyskerzen.com\\\/shop\\\/sommerkerze-meer-frische-deko-kerze\\\/\"]}]},{\"@type\":\"ImageObject\",\"inLanguage\":\"en-GB\",\"@id\":\"https:\\\/\\\/emmyskerzen.com\\\/shop\\\/sommerkerze-meer-frische-deko-kerze\\\/#primaryimage\",\"url\":\"https:\\\/\\\/emmyskerzen.com\\\/wp-content\\\/uploads\\\/2025\\\/10\\\/398F9C74-325B-4BA4-AA6F-5FBE168EBB8E.png\",\"contentUrl\":\"https:\\\/\\\/emmyskerzen.com\\\/wp-content\\\/uploads\\\/2025\\\/10\\\/398F9C74-325B-4BA4-AA6F-5FBE168EBB8E.png\",\"width\":1024,\"height\":1024},{\"@type\":\"BreadcrumbList\",\"@id\":\"https:\\\/\\\/emmyskerzen.com\\\/shop\\\/sommerkerze-meer-frische-deko-kerze\\\/#breadcrumb\",\"itemListElement\":[{\"@type\":\"ListItem\",\"position\":1,\"name\":\"Startseite\",\"item\":\"https:\\\/\\\/emmyskerzen.com\\\/\"},{\"@type\":\"ListItem\",\"position\":2,\"name\":\"Kerzen Shop\",\"item\":\"https:\\\/\\\/emmyskerzen.com\\\/shop\\\/\"},{\"@type\":\"ListItem\",\"position\":3,\"name\":\"Sommerkerze \u201eMeer\u201c \u2013 frische Deko Kerze\"}]},{\"@type\":\"WebSite\",\"@id\":\"https:\\\/\\\/emmyskerzen.com\\\/#website\",\"url\":\"https:\\\/\\\/emmyskerzen.com\\\/\",\"name\":\"Emmys Kerzen Onlineshop\",\"description\":\"personalisierte Kerzen, Dekokerzen, Duftkerzen, Geschenksets, Onlineshop\",\"publisher\":{\"@id\":\"https:\\\/\\\/emmyskerzen.com\\\/#organization\"},\"potentialAction\":[{\"@type\":\"SearchAction\",\"target\":{\"@type\":\"EntryPoint\",\"urlTemplate\":\"https:\\\/\\\/emmyskerzen.com\\\/?s={search_term_string}\"},\"query-input\":{\"@type\":\"PropertyValueSpecification\",\"valueRequired\":true,\"valueName\":\"search_term_string\"}}],\"inLanguage\":\"en-GB\"},{\"@type\":\"Organization\",\"@id\":\"https:\\\/\\\/emmyskerzen.com\\\/#organization\",\"name\":\"Emmys Kerzen Onlineshop\",\"url\":\"https:\\\/\\\/emmyskerzen.com\\\/\",\"logo\":{\"@type\":\"ImageObject\",\"inLanguage\":\"en-GB\",\"@id\":\"https:\\\/\\\/emmyskerzen.com\\\/#\\\/schema\\\/logo\\\/image\\\/\",\"url\":\"https:\\\/\\\/emmyskerzen.com\\\/wp-content\\\/uploads\\\/2026\\\/03\\\/IMG_0392.jpeg\",\"contentUrl\":\"https:\\\/\\\/emmyskerzen.com\\\/wp-content\\\/uploads\\\/2026\\\/03\\\/IMG_0392.jpeg\",\"width\":964,\"height\":975,\"caption\":\"Emmys Kerzen Onlineshop\"},\"image\":{\"@id\":\"https:\\\/\\\/emmyskerzen.com\\\/#\\\/schema\\\/logo\\\/image\\\/\"},\"sameAs\":[\"https:\\\/\\\/www.facebook.com\\\/EmmysKerzen\\\/\",\"https:\\\/\\\/www.instagram.com\\\/emmys_kerzen\\\/\",\"https:\\\/\\\/www.tiktok.com\\\/emmys.kerzen\\\/\"]}]}<\/script>\n<!-- \/ Yoast SEO plugin. -->","yoast_head_json":{"title":"Sommerkerze \u201eMeer\u201c \u2013 frische Deko Kerze - Emmys Kerzen","description":"Diese wundersch\u00f6ne Kerze bringt dir den Duft und das Feeling eines Meerurlaubes nach Hause. Handgegossen, hochwertig & liebevoll dekoriert. Jetzt bestellen!","robots":{"index":"index","follow":"follow","max-snippet":"max-snippet:-1","max-image-preview":"max-image-preview:large","max-video-preview":"max-video-preview:-1"},"canonical":"https:\/\/emmyskerzen.com\/en\/shop\/sommerkerze-meer-frische-deko-kerze\/","og_locale":"en_GB","og_type":"article","og_title":"Sommerkerze \u201eMeer\u201c \u2013 frische Deko Kerze - Emmys Kerzen","og_description":"Diese wundersch\u00f6ne Kerze bringt dir den Duft und das Feeling eines Meerurlaubes nach Hause. Handgegossen, hochwertig & liebevoll dekoriert. Jetzt bestellen!","og_url":"https:\/\/emmyskerzen.com\/en\/shop\/sommerkerze-meer-frische-deko-kerze\/","og_site_name":"Emmys Kerzen","article_publisher":"https:\/\/www.facebook.com\/EmmysKerzen\/","article_modified_time":"2026-03-21T14:33:01+00:00","og_image":[{"width":1024,"height":1024,"url":"https:\/\/emmyskerzen.com\/wp-content\/uploads\/2025\/10\/398F9C74-325B-4BA4-AA6F-5FBE168EBB8E.png","type":"image\/png"}],"twitter_card":"summary_large_image","twitter_misc":{"Estimated reading time":"2 minutes"},"schema":{"@context":"https:\/\/schema.org","@graph":[{"@type":"WebPage","@id":"https:\/\/emmyskerzen.com\/shop\/sommerkerze-meer-frische-deko-kerze\/","url":"https:\/\/emmyskerzen.com\/shop\/sommerkerze-meer-frische-deko-kerze\/","name":"Sommerkerze \u201eMeer\u201c \u2013 frische Deko Kerze - Emmys Kerzen","isPartOf":{"@id":"https:\/\/emmyskerzen.com\/#website"},"primaryImageOfPage":{"@id":"https:\/\/emmyskerzen.com\/shop\/sommerkerze-meer-frische-deko-kerze\/#primaryimage"},"image":{"@id":"https:\/\/emmyskerzen.com\/shop\/sommerkerze-meer-frische-deko-kerze\/#primaryimage"},"thumbnailUrl":"https:\/\/emmyskerzen.com\/wp-content\/uploads\/2025\/10\/398F9C74-325B-4BA4-AA6F-5FBE168EBB8E.png","datePublished":"2025-10-13T10:41:48+00:00","dateModified":"2026-03-21T14:33:01+00:00","description":"Diese wundersch\u00f6ne Kerze bringt dir den Duft und das Feeling eines Meerurlaubes nach Hause. Handgegossen, hochwertig & liebevoll dekoriert. Jetzt bestellen!","breadcrumb":{"@id":"https:\/\/emmyskerzen.com\/shop\/sommerkerze-meer-frische-deko-kerze\/#breadcrumb"},"inLanguage":"en-GB","potentialAction":[{"@type":"ReadAction","target":["https:\/\/emmyskerzen.com\/shop\/sommerkerze-meer-frische-deko-kerze\/"]}]},{"@type":"ImageObject","inLanguage":"en-GB","@id":"https:\/\/emmyskerzen.com\/shop\/sommerkerze-meer-frische-deko-kerze\/#primaryimage","url":"https:\/\/emmyskerzen.com\/wp-content\/uploads\/2025\/10\/398F9C74-325B-4BA4-AA6F-5FBE168EBB8E.png","contentUrl":"https:\/\/emmyskerzen.com\/wp-content\/uploads\/2025\/10\/398F9C74-325B-4BA4-AA6F-5FBE168EBB8E.png","width":1024,"height":1024},{"@type":"BreadcrumbList","@id":"https:\/\/emmyskerzen.com\/shop\/sommerkerze-meer-frische-deko-kerze\/#breadcrumb","itemListElement":[{"@type":"ListItem","position":1,"name":"Startseite","item":"https:\/\/emmyskerzen.com\/"},{"@type":"ListItem","position":2,"name":"Kerzen Shop","item":"https:\/\/emmyskerzen.com\/shop\/"},{"@type":"ListItem","position":3,"name":"Sommerkerze \u201eMeer\u201c \u2013 frische Deko Kerze"}]},{"@type":"WebSite","@id":"https:\/\/emmyskerzen.com\/#website","url":"https:\/\/emmyskerzen.com\/","name":"Emmys Kerzen Onlineshop","description":"personalisierte Kerzen, Dekokerzen, Duftkerzen, Geschenksets, Onlineshop","publisher":{"@id":"https:\/\/emmyskerzen.com\/#organization"},"potentialAction":[{"@type":"SearchAction","target":{"@type":"EntryPoint","urlTemplate":"https:\/\/emmyskerzen.com\/?s={search_term_string}"},"query-input":{"@type":"PropertyValueSpecification","valueRequired":true,"valueName":"search_term_string"}}],"inLanguage":"en-GB"},{"@type":"Organization","@id":"https:\/\/emmyskerzen.com\/#organization","name":"Emmys Kerzen Onlineshop","url":"https:\/\/emmyskerzen.com\/","logo":{"@type":"ImageObject","inLanguage":"en-GB","@id":"https:\/\/emmyskerzen.com\/#\/schema\/logo\/image\/","url":"https:\/\/emmyskerzen.com\/wp-content\/uploads\/2026\/03\/IMG_0392.jpeg","contentUrl":"https:\/\/emmyskerzen.com\/wp-content\/uploads\/2026\/03\/IMG_0392.jpeg","width":964,"height":975,"caption":"Emmys Kerzen Onlineshop"},"image":{"@id":"https:\/\/emmyskerzen.com\/#\/schema\/logo\/image\/"},"sameAs":["https:\/\/www.facebook.com\/EmmysKerzen\/","https:\/\/www.instagram.com\/emmys_kerzen\/","https:\/\/www.tiktok.com\/emmys.kerzen\/"]}]}},"_links":{"self":[{"href":"https:\/\/emmyskerzen.com\/en\/wp-json\/wp\/v2\/product\/274","targetHints":{"allow":["GET"]}}],"collection":[{"href":"https:\/\/emmyskerzen.com\/en\/wp-json\/wp\/v2\/product"}],"about":[{"href":"https:\/\/emmyskerzen.com\/en\/wp-json\/wp\/v2\/types\/product"}],"replies":[{"embeddable":true,"href":"https:\/\/emmyskerzen.com\/en\/wp-json\/wp\/v2\/comments?post=274"}],"wp:featuredmedia":[{"embeddable":true,"href":"https:\/\/emmyskerzen.com\/en\/wp-json\/wp\/v2\/media\/2138"}],"wp:attachment":[{"href":"https:\/\/emmyskerzen.com\/en\/wp-json\/wp\/v2\/media?parent=274"}],"wp:term":[{"taxonomy":"product_brand","embeddable":true,"href":"https:\/\/emmyskerzen.com\/en\/wp-json\/wp\/v2\/product_brand?post=274"},{"taxonomy":"product_cat","embeddable":true,"href":"https:\/\/emmyskerzen.com\/en\/wp-json\/wp\/v2\/product_cat?post=274"},{"taxonomy":"product_tag","embeddable":true,"href":"https:\/\/emmyskerzen.com\/en\/wp-json\/wp\/v2\/product_tag?post=274"}],"curies":[{"name":"wp","href":"https:\/\/api.w.org\/{rel}","templated":true}]}}