{"id":2503,"date":"2026-04-10T09:35:20","date_gmt":"2026-04-10T07:35:20","guid":{"rendered":"https:\/\/emmyskerzen.com\/?post_type=product&#038;p=2503"},"modified":"2026-04-10T12:11:15","modified_gmt":"2026-04-10T10:11:15","slug":"duftmelts-set-12-wuerfel-selfcare-moment-fruchtige-entspannende-duefte","status":"publish","type":"product","link":"https:\/\/emmyskerzen.com\/en\/shop\/duftmelts-set-12-wuerfel-selfcare-moment-fruchtige-entspannende-duefte\/","title":{"rendered":"Duftmelts Set &#8211; 12 W\u00fcrfel | Selfcare Moment | fruchtige &#038; entspannende D\u00fcfte"},"content":{"rendered":"<h3>Duftmelts Set &#8211; 12 W\u00fcrfel | Selfcare &#8211; Moment | fruchtige &amp; entspannende D\u00fcfte \u2728\ud83e\udd0d:<\/h3>\n<h4>\u272812 Stk. \u00a0Duftmelts f\u00fcr deinen perfekten Selfcare Moment.<\/h4>\n<p>Verwandle dein Zuhause in eine Wohlf\u00fchloase \ud83d\udc95<br \/>\nMit meinen handgemachten Duftmelts genie\u00dft du angenehme, langanhaltende D\u00fcfte \u2013 ganz ohne offene Flamme.<\/p>\n<p>\ud83c\udf53 4 unwiderstehliche Duftsorten:<br \/>\n\u2022 \ud83e\udd6d Mango Mandarine \u2013 frisch &amp; fruchtig wie ein Sommertag<br \/>\n\u2022 \ud83c\udf53 Erdbeere \u2013 s\u00fc\u00df &amp; verspielt<br \/>\n\u2022 \ud83c\udf3f Lavendel Honig \u2013 beruhigend &amp; entspannend<br \/>\n\u2022 \ud83c\udf70 Panna Cotta Himbeere \u2013 cremig &amp; verf\u00fchrerisch<\/p>\n<h5>\ud83d\udc9b Das bekommst du:<br \/>\n2 kleine Packungen<br \/>\nInsgesamt 12 Duftw\u00fcrfel<br \/>\nAngenehmen Duft schon nach kurzer Zeit<br \/>\nPerfekt f\u00fcr Duftlampen<\/h5>\n<h5>\ud83c\udf3f Warum meine Duftmelts?<br \/>\n\u2022 Handgemacht mit Liebe<br \/>\n\u2022 Hochwertiges Wachs und hochwertige D\u00fcfte<br \/>\n\u2022 Ideal f\u00fcr Entspannung, Me-Time &amp; gem\u00fctliche Abende<br \/>\n\u2022 Perfekt auch als Geschenk \ud83c\udf81<br \/>\n\u2022 Dein Moment zum Abschalten<\/h5>\n<p>Ein W\u00fcrfel reicht, um dein Zuhause in eine Duftwelt zu verwandeln\u2026<\/p>\n<p>Lehn dich zur\u00fcck, entspanne und genie\u00dfe deinen ganz pers\u00f6nlichen Selfcare-Moment!<\/p>\n<p>\ud83d\udc49 Anwendung:<br \/>\nEinfach 1-2 Duftw\u00fcrfel in die Duftlampe legen und genie\u00dfen. Der Duft entfaltet sich bereits nach wenigen Minuten.<\/p>\n<p>\ud83d\udc49 Ideal f\u00fcr:<br \/>\n\u2022 Entspannung &amp; Selfcare<br \/>\n\u2022 Wohnzimmer, Schlafzimmer oder Bad<br \/>\n\u2022 Als Geschenk f\u00fcr besondere Anl\u00e4sse<\/p>\n<p>&nbsp;<\/p>\n<p>*Gesamtpreis, umsatzsteuerbefreit aufgrund des Kleinunternehmerstatus, zuz\u00fcglich Versandkosten.<br \/>\nAngaben zur Produktsicherheit: Achte darauf, die Kerzen stets unter Aufsicht abbrennen zu lassen. Halte sie fern von Zugluft, Vorh\u00e4ngen, brennbaren Materialien, Kindern und Haustieren. K\u00fcrze den Docht regelm\u00e4\u00dfig, um eine zu gro\u00dfe Flamme zu vermeiden und stelle die Kerze auf einen sicheren, feuerfesten Untergrund. Verwende die Kerze nur gem\u00e4\u00df den Anweisungen und achte darauf, dass die Flamme beim Brennen nicht zu hoch wird.<\/p>\n<h6>Duft Sweet Strawberry: ACHTUNG <img decoding=\"async\" class=\"emoji\" role=\"img\" draggable=\"false\" src=\"https:\/\/s.w.org\/images\/core\/emoji\/17.0.2\/svg\/26a0.svg\" alt=\"\u26a0\ufe0f\" \/>GHS07. \u00a0 H317 Kann allergische Hautreaktionen verursachen. H412 Sch\u00e4dlich f\u00fcr Wasserorganismen, mit langfristiger Wirkung. Enth\u00e4lt: Benzylcinnamat, alpha-Methylcinnamaldehyd, 2,4-Dimethylcyclohex-3-en-1-carbaldehyd, Zimtaldehyd, Ethyl-2,3-epoxy-3-phenylbutyrat, (E)-Methyl non-2-enoat, Methyl non-2-ynoate. Kann allergische Reaktionen verursachen. P261 Einatmen vermeiden. P272 Kontaminierte Kleidung nicht au\u00dferhalb des Arbeitsplatzes tragen. P280 Schutzkleidung\/Augenschutz tragen. Hersteller: Hansawax Deutschland<\/h6>\n<h6 class=\"p1\"><span class=\"s1\">Lavender &amp; Honey <\/span><span class=\"s1\">ACHTUNG <\/span><span class=\"s2\">\u26a0\ufe0f\u2003GHS07 <\/span><span class=\"s1\">H319<\/span><span class=\"s2\"> Verursacht schwere Augenreizung.<\/span><span class=\"s1\">vH317<\/span><span class=\"s2\"> Kann allergische Hautreaktionen verursachen.<\/span><span class=\"s1\"> H412<\/span><span class=\"s2\"> Sch\u00e4dlich f\u00fcr Wasserorganismen, mit langfristiger Wirkung.<\/span><span class=\"s1\"> Enth\u00e4lt:<\/span><span class=\"s2\">Citronellol, Piperonal, 3-(4-isobutyl-2-methylphenyl)propanal, 3-(4-tert Butylphenyl)propionaldehyd, Allyl 3-cyclohexylpropionat, 1,2,3,5,6,7-hexahydro-1,1,2,3,3-pentamethyl-4H-inden-4-one, Eukalyptus\u00f6l, Cumarin, Lavandin-\u00d6l, (Z)-3-Hexenylsalicylat u. a. Kann allergische Reaktionen verursachen.<\/span><span class=\"s1\"> P261<\/span><span class=\"s2\"> Einatmen vermeiden.<\/span><span class=\"s1\"> P273<\/span><span class=\"s2\"> Freisetzung in die Umwelt vermeiden.<\/span><span class=\"s1\"> P280<\/span><span class=\"s2\"> Schutzausr\u00fcstung tragen. <\/span>UFI DKJT-1MYJ-VU1F-J8G5 Hersteller: Hansawax Deutschland<\/h6>\n<h6 class=\"p2\"><span class=\"s2\">Mango &amp; Mandarine <\/span><span class=\"s2\">ACHTUNG <\/span><span class=\"s1\">\u26a0\ufe0f<\/span><span class=\"s2\"> GHS07 \/ GHS08 \/ GHS09. <\/span>H302 Gesundheitssch\u00e4dlich bei Verschlucken. H304 Kann bei Verschlucken und Eindringen in die Atemwege t\u00f6dlich sein. H315 Verursacht Hautreizungen. H317 Kann allergische Hautreaktionen verursachen. H319 Verursacht schwere Augenreizung. <span class=\"s1\">H410 Sehr giftig f\u00fcr Wasserorganismen mit langfristiger Wirkung. Enth\u00e4lt: u. a. <\/span><span class=\"s2\">Benzylbenzoat, d-Limonen, Linalool, Benzylacetat<\/span><span class=\"s1\">, die allergische Reaktionen verursachen k\u00f6nnen. P264 Nach Gebrauch gr\u00fcndlich waschen. <\/span>P273 Freisetzung in die Umwelt vermeiden. P280 Schutzhandschuhe \/ Schutzkleidung \/ Augenschutz tragen. P301+P310 BEI VERSCHLUCKEN: Sofort Arzt\/Giftzentrum anrufen. P331 KEIN Erbrechen herbeif\u00fchren. HansaWax Duft\u00f6l<\/h6>\n<h6>Raspberry Panna Cotta ACHTUNG \u26a0\ufe0f GHS07 \/ GHS09 H302 Gesundheitssch\u00e4dlich bei Verschlucken. H315 Verursacht Hautreizungen. H317 Kann allergische Hautreaktionen verursachen. H319 Verursacht schwere Augenreizung. H336 Kann Schl\u00e4frigkeit und Benommenheit verursachen. H361 Kann vermutlich die Fruchtbarkeit beeintr\u00e4chtigen oder das Kind im Mutterleib sch\u00e4digen. H410 Sehr giftig f\u00fcr Wasserorganismen mit langfristiger Wirkung. Enth\u00e4lt: u. a. Benzylbenzoat, Linalool, Linalylacetat, Aldehyd C-16, Citrus limonum \u00d6l, die allergische Reaktionen verursachen k\u00f6nnen. P261 Einatmen von Dampf\/Aerosol vermeiden. P264 Nach Gebrauch gr\u00fcndlich waschen. P273 Freisetzung in die Umwelt vermeiden. P280 Schutzhandschuhe \/ Schutzkleidung \/ Augenschutz tragen. P301+P312 BEI VERSCHLUCKEN: Bei Unwohlsein Arzt\/Giftzentrum anrufen. P331 KEIN Erbrechen herbeif\u00fchren. HansaWax Duft\u00f6l<\/h6>","protected":false},"excerpt":{"rendered":"<p><!--more-->Duftmelts Set mit 12 St\u00fcck<br \/>\n4 traumhaften Sorten f\u00fcr pure Entspannung<br \/>\nHandgemacht &amp; perfekt f\u00fcr deinen Selfcare Moment \ud83d\udc95<\/p>","protected":false},"featured_media":2509,"comment_status":"open","ping_status":"closed","template":"","meta":[],"product_brand":[],"product_cat":[514,17],"product_tag":[621,45,618,623,39,434,451,473,580,619,622,620],"class_list":{"0":"post-2503","1":"product","2":"type-product","3":"status-publish","4":"has-post-thumbnail","6":"product_cat-duftkerze","7":"product_cat-kerzen-fur-jeden-tag","8":"product_tag-duefte-fuer-zuhause","9":"product_tag-duftkerze","10":"product_tag-duftmelts","11":"product_tag-duftmelts-set-12-stk","12":"product_tag-emmys-kerzen","13":"product_tag-handgemacht-in-oesterreich","14":"product_tag-kerzenshop","15":"product_tag-onlineshop-kerzen","16":"product_tag-sojawachs","17":"product_tag-waxmelts","18":"product_tag-waxmelts-set","19":"product_tag-wohnraumduft","21":"first","22":"instock","23":"shipping-taxable","24":"purchasable","25":"product-type-variable","26":"add-to-wishlist-after_add_to_cart"},"yoast_head":"<!-- This site is optimized with the Yoast SEO plugin v27.4 - https:\/\/yoast.com\/product\/yoast-seo-wordpress\/ -->\n<title>Duftmelts Set - 12 W\u00fcrfel | Selfcare Moment | fruchtige &amp; entspannende D\u00fcfte - Emmys Kerzen<\/title>\n<meta name=\"description\" content=\"Duftmelts Set-12 W\u00fcrfel-fruchtige &amp; entspannende D\u00fcfte: Die Duftmelts sorgen f\u00fcr ein angenehmes Dufterlebnis in deinem Zuhause.\" \/>\n<meta name=\"robots\" content=\"index, follow, max-snippet:-1, max-image-preview:large, max-video-preview:-1\" \/>\n<link rel=\"canonical\" href=\"https:\/\/emmyskerzen.com\/en\/shop\/duftmelts-set-12-wuerfel-selfcare-moment-fruchtige-entspannende-duefte\/\" \/>\n<meta property=\"og:locale\" content=\"en_GB\" \/>\n<meta property=\"og:type\" content=\"article\" \/>\n<meta property=\"og:title\" content=\"Duftmelts Set - 12 W\u00fcrfel | Selfcare Moment | fruchtige &amp; entspannende D\u00fcfte - Emmys Kerzen\" \/>\n<meta property=\"og:description\" content=\"Duftmelts Set-12 W\u00fcrfel-fruchtige &amp; entspannende D\u00fcfte: Die Duftmelts sorgen f\u00fcr ein angenehmes Dufterlebnis in deinem Zuhause.\" \/>\n<meta property=\"og:url\" content=\"https:\/\/emmyskerzen.com\/en\/shop\/duftmelts-set-12-wuerfel-selfcare-moment-fruchtige-entspannende-duefte\/\" \/>\n<meta property=\"og:site_name\" content=\"Emmys Kerzen\" \/>\n<meta property=\"article:publisher\" content=\"https:\/\/www.facebook.com\/EmmysKerzen\/\" \/>\n<meta property=\"article:modified_time\" content=\"2026-04-10T10:11:15+00:00\" \/>\n<meta property=\"og:image\" content=\"https:\/\/emmyskerzen.com\/wp-content\/uploads\/2026\/04\/AF4E9661-FF88-4A6C-9F5A-05AF91C0B0AA.png\" \/>\n\t<meta property=\"og:image:width\" content=\"1086\" \/>\n\t<meta property=\"og:image:height\" content=\"1448\" \/>\n\t<meta property=\"og:image:type\" content=\"image\/png\" \/>\n<meta name=\"twitter:card\" content=\"summary_large_image\" \/>\n<meta name=\"twitter:label1\" content=\"Estimated reading time\" \/>\n\t<meta name=\"twitter:data1\" content=\"4 minutes\" \/>\n<script type=\"application\/ld+json\" class=\"yoast-schema-graph\">{\"@context\":\"https:\\\/\\\/schema.org\",\"@graph\":[{\"@type\":\"WebPage\",\"@id\":\"https:\\\/\\\/emmyskerzen.com\\\/shop\\\/duftmelts-set-12-wuerfel-selfcare-moment-fruchtige-entspannende-duefte\\\/\",\"url\":\"https:\\\/\\\/emmyskerzen.com\\\/shop\\\/duftmelts-set-12-wuerfel-selfcare-moment-fruchtige-entspannende-duefte\\\/\",\"name\":\"Duftmelts Set - 12 W\u00fcrfel | Selfcare Moment | fruchtige & entspannende D\u00fcfte - Emmys Kerzen\",\"isPartOf\":{\"@id\":\"https:\\\/\\\/emmyskerzen.com\\\/#website\"},\"primaryImageOfPage\":{\"@id\":\"https:\\\/\\\/emmyskerzen.com\\\/shop\\\/duftmelts-set-12-wuerfel-selfcare-moment-fruchtige-entspannende-duefte\\\/#primaryimage\"},\"image\":{\"@id\":\"https:\\\/\\\/emmyskerzen.com\\\/shop\\\/duftmelts-set-12-wuerfel-selfcare-moment-fruchtige-entspannende-duefte\\\/#primaryimage\"},\"thumbnailUrl\":\"https:\\\/\\\/emmyskerzen.com\\\/wp-content\\\/uploads\\\/2026\\\/04\\\/AF4E9661-FF88-4A6C-9F5A-05AF91C0B0AA.png\",\"datePublished\":\"2026-04-10T07:35:20+00:00\",\"dateModified\":\"2026-04-10T10:11:15+00:00\",\"description\":\"Duftmelts Set-12 W\u00fcrfel-fruchtige & entspannende D\u00fcfte: Die Duftmelts sorgen f\u00fcr ein angenehmes Dufterlebnis in deinem Zuhause.\",\"breadcrumb\":{\"@id\":\"https:\\\/\\\/emmyskerzen.com\\\/shop\\\/duftmelts-set-12-wuerfel-selfcare-moment-fruchtige-entspannende-duefte\\\/#breadcrumb\"},\"inLanguage\":\"en-GB\",\"potentialAction\":[{\"@type\":\"ReadAction\",\"target\":[\"https:\\\/\\\/emmyskerzen.com\\\/shop\\\/duftmelts-set-12-wuerfel-selfcare-moment-fruchtige-entspannende-duefte\\\/\"]}]},{\"@type\":\"ImageObject\",\"inLanguage\":\"en-GB\",\"@id\":\"https:\\\/\\\/emmyskerzen.com\\\/shop\\\/duftmelts-set-12-wuerfel-selfcare-moment-fruchtige-entspannende-duefte\\\/#primaryimage\",\"url\":\"https:\\\/\\\/emmyskerzen.com\\\/wp-content\\\/uploads\\\/2026\\\/04\\\/AF4E9661-FF88-4A6C-9F5A-05AF91C0B0AA.png\",\"contentUrl\":\"https:\\\/\\\/emmyskerzen.com\\\/wp-content\\\/uploads\\\/2026\\\/04\\\/AF4E9661-FF88-4A6C-9F5A-05AF91C0B0AA.png\",\"width\":1086,\"height\":1448},{\"@type\":\"BreadcrumbList\",\"@id\":\"https:\\\/\\\/emmyskerzen.com\\\/shop\\\/duftmelts-set-12-wuerfel-selfcare-moment-fruchtige-entspannende-duefte\\\/#breadcrumb\",\"itemListElement\":[{\"@type\":\"ListItem\",\"position\":1,\"name\":\"Startseite\",\"item\":\"https:\\\/\\\/emmyskerzen.com\\\/\"},{\"@type\":\"ListItem\",\"position\":2,\"name\":\"Kerzen Shop\",\"item\":\"https:\\\/\\\/emmyskerzen.com\\\/shop\\\/\"},{\"@type\":\"ListItem\",\"position\":3,\"name\":\"Duftmelts Set &#8211; 12 W\u00fcrfel | Selfcare Moment | fruchtige &#038; entspannende D\u00fcfte\"}]},{\"@type\":\"WebSite\",\"@id\":\"https:\\\/\\\/emmyskerzen.com\\\/#website\",\"url\":\"https:\\\/\\\/emmyskerzen.com\\\/\",\"name\":\"Emmys Kerzen Onlineshop\",\"description\":\"personalisierte Kerzen, Dekokerzen, Duftkerzen, Geschenksets, Onlineshop\",\"publisher\":{\"@id\":\"https:\\\/\\\/emmyskerzen.com\\\/#organization\"},\"potentialAction\":[{\"@type\":\"SearchAction\",\"target\":{\"@type\":\"EntryPoint\",\"urlTemplate\":\"https:\\\/\\\/emmyskerzen.com\\\/?s={search_term_string}\"},\"query-input\":{\"@type\":\"PropertyValueSpecification\",\"valueRequired\":true,\"valueName\":\"search_term_string\"}}],\"inLanguage\":\"en-GB\"},{\"@type\":\"Organization\",\"@id\":\"https:\\\/\\\/emmyskerzen.com\\\/#organization\",\"name\":\"Emmys Kerzen Onlineshop\",\"url\":\"https:\\\/\\\/emmyskerzen.com\\\/\",\"logo\":{\"@type\":\"ImageObject\",\"inLanguage\":\"en-GB\",\"@id\":\"https:\\\/\\\/emmyskerzen.com\\\/#\\\/schema\\\/logo\\\/image\\\/\",\"url\":\"https:\\\/\\\/emmyskerzen.com\\\/wp-content\\\/uploads\\\/2026\\\/03\\\/IMG_0392.jpeg\",\"contentUrl\":\"https:\\\/\\\/emmyskerzen.com\\\/wp-content\\\/uploads\\\/2026\\\/03\\\/IMG_0392.jpeg\",\"width\":964,\"height\":975,\"caption\":\"Emmys Kerzen Onlineshop\"},\"image\":{\"@id\":\"https:\\\/\\\/emmyskerzen.com\\\/#\\\/schema\\\/logo\\\/image\\\/\"},\"sameAs\":[\"https:\\\/\\\/www.facebook.com\\\/EmmysKerzen\\\/\",\"https:\\\/\\\/www.instagram.com\\\/emmys_kerzen\\\/\",\"https:\\\/\\\/www.tiktok.com\\\/emmys.kerzen\\\/\"]}]}<\/script>\n<!-- \/ Yoast SEO plugin. -->","yoast_head_json":{"title":"Duftmelts Set - 12 W\u00fcrfel | Selfcare Moment | fruchtige & entspannende D\u00fcfte - Emmys Kerzen","description":"Duftmelts Set-12 W\u00fcrfel-fruchtige & entspannende D\u00fcfte: Die Duftmelts sorgen f\u00fcr ein angenehmes Dufterlebnis in deinem Zuhause.","robots":{"index":"index","follow":"follow","max-snippet":"max-snippet:-1","max-image-preview":"max-image-preview:large","max-video-preview":"max-video-preview:-1"},"canonical":"https:\/\/emmyskerzen.com\/en\/shop\/duftmelts-set-12-wuerfel-selfcare-moment-fruchtige-entspannende-duefte\/","og_locale":"en_GB","og_type":"article","og_title":"Duftmelts Set - 12 W\u00fcrfel | Selfcare Moment | fruchtige & entspannende D\u00fcfte - Emmys Kerzen","og_description":"Duftmelts Set-12 W\u00fcrfel-fruchtige & entspannende D\u00fcfte: Die Duftmelts sorgen f\u00fcr ein angenehmes Dufterlebnis in deinem Zuhause.","og_url":"https:\/\/emmyskerzen.com\/en\/shop\/duftmelts-set-12-wuerfel-selfcare-moment-fruchtige-entspannende-duefte\/","og_site_name":"Emmys Kerzen","article_publisher":"https:\/\/www.facebook.com\/EmmysKerzen\/","article_modified_time":"2026-04-10T10:11:15+00:00","og_image":[{"width":1086,"height":1448,"url":"https:\/\/emmyskerzen.com\/wp-content\/uploads\/2026\/04\/AF4E9661-FF88-4A6C-9F5A-05AF91C0B0AA.png","type":"image\/png"}],"twitter_card":"summary_large_image","twitter_misc":{"Estimated reading time":"4 minutes"},"schema":{"@context":"https:\/\/schema.org","@graph":[{"@type":"WebPage","@id":"https:\/\/emmyskerzen.com\/shop\/duftmelts-set-12-wuerfel-selfcare-moment-fruchtige-entspannende-duefte\/","url":"https:\/\/emmyskerzen.com\/shop\/duftmelts-set-12-wuerfel-selfcare-moment-fruchtige-entspannende-duefte\/","name":"Duftmelts Set - 12 W\u00fcrfel | Selfcare Moment | fruchtige & entspannende D\u00fcfte - Emmys Kerzen","isPartOf":{"@id":"https:\/\/emmyskerzen.com\/#website"},"primaryImageOfPage":{"@id":"https:\/\/emmyskerzen.com\/shop\/duftmelts-set-12-wuerfel-selfcare-moment-fruchtige-entspannende-duefte\/#primaryimage"},"image":{"@id":"https:\/\/emmyskerzen.com\/shop\/duftmelts-set-12-wuerfel-selfcare-moment-fruchtige-entspannende-duefte\/#primaryimage"},"thumbnailUrl":"https:\/\/emmyskerzen.com\/wp-content\/uploads\/2026\/04\/AF4E9661-FF88-4A6C-9F5A-05AF91C0B0AA.png","datePublished":"2026-04-10T07:35:20+00:00","dateModified":"2026-04-10T10:11:15+00:00","description":"Duftmelts Set-12 W\u00fcrfel-fruchtige & entspannende D\u00fcfte: Die Duftmelts sorgen f\u00fcr ein angenehmes Dufterlebnis in deinem Zuhause.","breadcrumb":{"@id":"https:\/\/emmyskerzen.com\/shop\/duftmelts-set-12-wuerfel-selfcare-moment-fruchtige-entspannende-duefte\/#breadcrumb"},"inLanguage":"en-GB","potentialAction":[{"@type":"ReadAction","target":["https:\/\/emmyskerzen.com\/shop\/duftmelts-set-12-wuerfel-selfcare-moment-fruchtige-entspannende-duefte\/"]}]},{"@type":"ImageObject","inLanguage":"en-GB","@id":"https:\/\/emmyskerzen.com\/shop\/duftmelts-set-12-wuerfel-selfcare-moment-fruchtige-entspannende-duefte\/#primaryimage","url":"https:\/\/emmyskerzen.com\/wp-content\/uploads\/2026\/04\/AF4E9661-FF88-4A6C-9F5A-05AF91C0B0AA.png","contentUrl":"https:\/\/emmyskerzen.com\/wp-content\/uploads\/2026\/04\/AF4E9661-FF88-4A6C-9F5A-05AF91C0B0AA.png","width":1086,"height":1448},{"@type":"BreadcrumbList","@id":"https:\/\/emmyskerzen.com\/shop\/duftmelts-set-12-wuerfel-selfcare-moment-fruchtige-entspannende-duefte\/#breadcrumb","itemListElement":[{"@type":"ListItem","position":1,"name":"Startseite","item":"https:\/\/emmyskerzen.com\/"},{"@type":"ListItem","position":2,"name":"Kerzen Shop","item":"https:\/\/emmyskerzen.com\/shop\/"},{"@type":"ListItem","position":3,"name":"Duftmelts Set &#8211; 12 W\u00fcrfel | Selfcare Moment | fruchtige &#038; entspannende D\u00fcfte"}]},{"@type":"WebSite","@id":"https:\/\/emmyskerzen.com\/#website","url":"https:\/\/emmyskerzen.com\/","name":"Emmys Kerzen Onlineshop","description":"personalisierte Kerzen, Dekokerzen, Duftkerzen, Geschenksets, Onlineshop","publisher":{"@id":"https:\/\/emmyskerzen.com\/#organization"},"potentialAction":[{"@type":"SearchAction","target":{"@type":"EntryPoint","urlTemplate":"https:\/\/emmyskerzen.com\/?s={search_term_string}"},"query-input":{"@type":"PropertyValueSpecification","valueRequired":true,"valueName":"search_term_string"}}],"inLanguage":"en-GB"},{"@type":"Organization","@id":"https:\/\/emmyskerzen.com\/#organization","name":"Emmys Kerzen Onlineshop","url":"https:\/\/emmyskerzen.com\/","logo":{"@type":"ImageObject","inLanguage":"en-GB","@id":"https:\/\/emmyskerzen.com\/#\/schema\/logo\/image\/","url":"https:\/\/emmyskerzen.com\/wp-content\/uploads\/2026\/03\/IMG_0392.jpeg","contentUrl":"https:\/\/emmyskerzen.com\/wp-content\/uploads\/2026\/03\/IMG_0392.jpeg","width":964,"height":975,"caption":"Emmys Kerzen Onlineshop"},"image":{"@id":"https:\/\/emmyskerzen.com\/#\/schema\/logo\/image\/"},"sameAs":["https:\/\/www.facebook.com\/EmmysKerzen\/","https:\/\/www.instagram.com\/emmys_kerzen\/","https:\/\/www.tiktok.com\/emmys.kerzen\/"]}]}},"_links":{"self":[{"href":"https:\/\/emmyskerzen.com\/en\/wp-json\/wp\/v2\/product\/2503","targetHints":{"allow":["GET"]}}],"collection":[{"href":"https:\/\/emmyskerzen.com\/en\/wp-json\/wp\/v2\/product"}],"about":[{"href":"https:\/\/emmyskerzen.com\/en\/wp-json\/wp\/v2\/types\/product"}],"replies":[{"embeddable":true,"href":"https:\/\/emmyskerzen.com\/en\/wp-json\/wp\/v2\/comments?post=2503"}],"wp:featuredmedia":[{"embeddable":true,"href":"https:\/\/emmyskerzen.com\/en\/wp-json\/wp\/v2\/media\/2509"}],"wp:attachment":[{"href":"https:\/\/emmyskerzen.com\/en\/wp-json\/wp\/v2\/media?parent=2503"}],"wp:term":[{"taxonomy":"product_brand","embeddable":true,"href":"https:\/\/emmyskerzen.com\/en\/wp-json\/wp\/v2\/product_brand?post=2503"},{"taxonomy":"product_cat","embeddable":true,"href":"https:\/\/emmyskerzen.com\/en\/wp-json\/wp\/v2\/product_cat?post=2503"},{"taxonomy":"product_tag","embeddable":true,"href":"https:\/\/emmyskerzen.com\/en\/wp-json\/wp\/v2\/product_tag?post=2503"}],"curies":[{"name":"wp","href":"https:\/\/api.w.org\/{rel}","templated":true}]}}