{"id":2471,"date":"2026-04-07T19:40:15","date_gmt":"2026-04-07T17:40:15","guid":{"rendered":"https:\/\/emmyskerzen.com\/?post_type=product&#038;p=2471"},"modified":"2026-04-07T19:43:27","modified_gmt":"2026-04-07T17:43:27","slug":"kaffee-dessert-kerze-taeuschend-echt-handgemacht","status":"publish","type":"product","link":"https:\/\/emmyskerzen.com\/en\/shop\/kaffee-dessert-kerze-taeuschend-echt-handgemacht\/","title":{"rendered":"Kaffee Dessert Kerze \u2013 t\u00e4uschend echt &#038; handgemacht"},"content":{"rendered":"<h3>Kaffee Dessert Kerze \u2013 t\u00e4uschend echt &amp; handgemacht\u2615\ufe0f<\/h3>\n<p>Diese Kaffe Dessert Kerze sieht aus wie frisch gebr\u00fchter Kaffee \u2013 und ist ein echter Hingucker f\u00fcr dein Zuhause \u2615<\/p>\n<p>Mit viel Liebe handgegossen und detailreich gestaltet, bringt sie sofort eine warme, gem\u00fctliche Atmosph\u00e4re in jeden Raum.<\/p>\n<p>Perfekt als Geschenk oder f\u00fcr deinen eigenen Selfcare Moment.<\/p>\n<p>\ud83e\udd0d Handgemacht<\/p>\n<p>\ud83e\udd0d T\u00e4uschend echte Optik<\/p>\n<p>\ud83e\udd0d Jede Kerze ein Unikat<\/p>\n<p><img decoding=\"async\" class=\"emoji\" role=\"img\" draggable=\"false\" src=\"https:\/\/s.w.org\/images\/core\/emoji\/17.0.2\/svg\/1f33f.svg\" alt=\"\ud83c\udf3f\" \/> Details der Kaffee Dessert Kerze<br \/>\n\u2022 100% Sojawachs<br \/>\n\u2022 Handgemacht mit viel Liebe<br \/>\n\u2022 225ml<br \/>\neach candle is one of a kind<br \/>\n\u2022 Gleichm\u00e4\u00dfiges Abbrennen<br \/>\n\u2022 Perfekt als Geschenk oder Deko<\/p>\n<p><img decoding=\"async\" class=\"emoji\" role=\"img\" draggable=\"false\" src=\"https:\/\/s.w.org\/images\/core\/emoji\/17.0.2\/svg\/1f381.svg\" alt=\"\ud83c\udf81\" \/> Perfekt f\u00fcr<br \/>\n\u2022 K\u00fcchendeko<br \/>\n\u2022 Caf\u00e9 Deko<br \/>\n\u2022 Geschenke<br \/>\n\u2022 kleine Aufmerksamkeiten<\/p>\n<p><strong>Mach dir oder einem Lieblingsmenschen eine Freude <span style=\"-webkit-tap-highlight-color: rgba(0, 0, 0, 0);\">\u2615\ufe0f<\/span><\/strong><\/p>\n<p>&nbsp;<\/p>\n<p>*Gesamtpreis, umsatzsteuerbefreit aufgrund des Kleinunternehmerstatus, zuz\u00fcglich Versandkosten.<\/p>\n<p>Angaben zur Produktsicherheit:<br \/>\nAchte darauf, die Kerzen stets unter Aufsicht abbrennen zu lassen. Halte sie fern von Zugluft, Vorh\u00e4ngen, brennbaren Materialien, Kindern und Haustieren. K\u00fcrze den Docht regelm\u00e4\u00dfig, um eine zu gro\u00dfe Flamme zu vermeiden und stelle die Kerze auf einen sicheren, feuerfesten Untergrund. Verwende die Kerze nur gem\u00e4\u00df den Anweisungen und achte darauf, dass die Flamme beim Brennen nicht zu hoch wird.<\/p>","protected":false},"excerpt":{"rendered":"<p>Diese Kerze sieht aus wie frisch gebr\u00fchter Kaffee \u2013 und ist ein echter Hingucker f\u00fcr dein Zuhause. Aus 100% Sojawachs mit viel Liebe handgegossen!<\/p>","protected":false},"featured_media":2473,"comment_status":"open","ping_status":"closed","template":"","meta":[],"product_brand":[],"product_cat":[23,17],"product_tag":[616,76,537,617,200,543],"class_list":{"0":"post-2471","1":"product","2":"type-product","3":"status-publish","4":"has-post-thumbnail","6":"product_cat-food-drinks","7":"product_cat-kerzen-fur-jeden-tag","8":"product_tag-kaffee-kerze","9":"product_tag-kaffeebohnen-kerze","10":"product_tag-kerzen-aus-oesterreich","11":"product_tag-kerzenshop-online","12":"product_tag-sojawachskerze","13":"product_tag-sojawachskerzen-aus-oesterreich","15":"first","16":"instock","17":"shipping-taxable","18":"purchasable","19":"product-type-simple","20":"add-to-wishlist-after_add_to_cart"},"yoast_head":"<!-- This site is optimized with the Yoast SEO plugin v27.4 - https:\/\/yoast.com\/product\/yoast-seo-wordpress\/ -->\n<title>Kaffee Dessert Kerze \u2013 t\u00e4uschend echt &amp; handgemacht - Emmys Kerzen<\/title>\n<meta name=\"description\" content=\"Diese Kaffee Dessert Kerze sieht aus wie frisch gebr\u00fchter Kaffee und ist ein echter Hingucker f\u00fcr dein Zuhause. Perfekt als Geschenk oder f\u00fcr dein Zuhause.\" \/>\n<meta name=\"robots\" content=\"index, follow, max-snippet:-1, max-image-preview:large, max-video-preview:-1\" \/>\n<link rel=\"canonical\" href=\"https:\/\/emmyskerzen.com\/en\/shop\/kaffee-dessert-kerze-taeuschend-echt-handgemacht\/\" \/>\n<meta property=\"og:locale\" content=\"en_GB\" \/>\n<meta property=\"og:type\" content=\"article\" \/>\n<meta property=\"og:title\" content=\"Kaffee Dessert Kerze \u2013 t\u00e4uschend echt &amp; handgemacht - Emmys Kerzen\" \/>\n<meta property=\"og:description\" content=\"Diese Kaffee Dessert Kerze sieht aus wie frisch gebr\u00fchter Kaffee und ist ein echter Hingucker f\u00fcr dein Zuhause. Perfekt als Geschenk oder f\u00fcr dein Zuhause.\" \/>\n<meta property=\"og:url\" content=\"https:\/\/emmyskerzen.com\/en\/shop\/kaffee-dessert-kerze-taeuschend-echt-handgemacht\/\" \/>\n<meta property=\"og:site_name\" content=\"Emmys Kerzen\" \/>\n<meta property=\"article:publisher\" content=\"https:\/\/www.facebook.com\/EmmysKerzen\/\" \/>\n<meta property=\"article:modified_time\" content=\"2026-04-07T17:43:27+00:00\" \/>\n<meta property=\"og:image\" content=\"https:\/\/emmyskerzen.com\/wp-content\/uploads\/2026\/04\/IMG_4439.png\" \/>\n\t<meta property=\"og:image:width\" content=\"896\" \/>\n\t<meta property=\"og:image:height\" content=\"1195\" \/>\n\t<meta property=\"og:image:type\" content=\"image\/png\" \/>\n<meta name=\"twitter:card\" content=\"summary_large_image\" \/>\n<meta name=\"twitter:label1\" content=\"Estimated reading time\" \/>\n\t<meta name=\"twitter:data1\" content=\"2 minutes\" \/>\n<script type=\"application\/ld+json\" class=\"yoast-schema-graph\">{\"@context\":\"https:\\\/\\\/schema.org\",\"@graph\":[{\"@type\":\"WebPage\",\"@id\":\"https:\\\/\\\/emmyskerzen.com\\\/shop\\\/kaffee-dessert-kerze-taeuschend-echt-handgemacht\\\/\",\"url\":\"https:\\\/\\\/emmyskerzen.com\\\/shop\\\/kaffee-dessert-kerze-taeuschend-echt-handgemacht\\\/\",\"name\":\"Kaffee Dessert Kerze \u2013 t\u00e4uschend echt & handgemacht - Emmys Kerzen\",\"isPartOf\":{\"@id\":\"https:\\\/\\\/emmyskerzen.com\\\/#website\"},\"primaryImageOfPage\":{\"@id\":\"https:\\\/\\\/emmyskerzen.com\\\/shop\\\/kaffee-dessert-kerze-taeuschend-echt-handgemacht\\\/#primaryimage\"},\"image\":{\"@id\":\"https:\\\/\\\/emmyskerzen.com\\\/shop\\\/kaffee-dessert-kerze-taeuschend-echt-handgemacht\\\/#primaryimage\"},\"thumbnailUrl\":\"https:\\\/\\\/emmyskerzen.com\\\/wp-content\\\/uploads\\\/2026\\\/04\\\/IMG_4439.png\",\"datePublished\":\"2026-04-07T17:40:15+00:00\",\"dateModified\":\"2026-04-07T17:43:27+00:00\",\"description\":\"Diese Kaffee Dessert Kerze sieht aus wie frisch gebr\u00fchter Kaffee und ist ein echter Hingucker f\u00fcr dein Zuhause. Perfekt als Geschenk oder f\u00fcr dein Zuhause.\",\"breadcrumb\":{\"@id\":\"https:\\\/\\\/emmyskerzen.com\\\/shop\\\/kaffee-dessert-kerze-taeuschend-echt-handgemacht\\\/#breadcrumb\"},\"inLanguage\":\"en-GB\",\"potentialAction\":[{\"@type\":\"ReadAction\",\"target\":[\"https:\\\/\\\/emmyskerzen.com\\\/shop\\\/kaffee-dessert-kerze-taeuschend-echt-handgemacht\\\/\"]}]},{\"@type\":\"ImageObject\",\"inLanguage\":\"en-GB\",\"@id\":\"https:\\\/\\\/emmyskerzen.com\\\/shop\\\/kaffee-dessert-kerze-taeuschend-echt-handgemacht\\\/#primaryimage\",\"url\":\"https:\\\/\\\/emmyskerzen.com\\\/wp-content\\\/uploads\\\/2026\\\/04\\\/IMG_4439.png\",\"contentUrl\":\"https:\\\/\\\/emmyskerzen.com\\\/wp-content\\\/uploads\\\/2026\\\/04\\\/IMG_4439.png\",\"width\":896,\"height\":1195},{\"@type\":\"BreadcrumbList\",\"@id\":\"https:\\\/\\\/emmyskerzen.com\\\/shop\\\/kaffee-dessert-kerze-taeuschend-echt-handgemacht\\\/#breadcrumb\",\"itemListElement\":[{\"@type\":\"ListItem\",\"position\":1,\"name\":\"Startseite\",\"item\":\"https:\\\/\\\/emmyskerzen.com\\\/\"},{\"@type\":\"ListItem\",\"position\":2,\"name\":\"Kerzen Shop\",\"item\":\"https:\\\/\\\/emmyskerzen.com\\\/shop\\\/\"},{\"@type\":\"ListItem\",\"position\":3,\"name\":\"Kaffee Dessert Kerze \u2013 t\u00e4uschend echt &#038; handgemacht\"}]},{\"@type\":\"WebSite\",\"@id\":\"https:\\\/\\\/emmyskerzen.com\\\/#website\",\"url\":\"https:\\\/\\\/emmyskerzen.com\\\/\",\"name\":\"Emmys Kerzen Onlineshop\",\"description\":\"personalisierte Kerzen, Dekokerzen, Duftkerzen, Geschenksets, Onlineshop\",\"publisher\":{\"@id\":\"https:\\\/\\\/emmyskerzen.com\\\/#organization\"},\"potentialAction\":[{\"@type\":\"SearchAction\",\"target\":{\"@type\":\"EntryPoint\",\"urlTemplate\":\"https:\\\/\\\/emmyskerzen.com\\\/?s={search_term_string}\"},\"query-input\":{\"@type\":\"PropertyValueSpecification\",\"valueRequired\":true,\"valueName\":\"search_term_string\"}}],\"inLanguage\":\"en-GB\"},{\"@type\":\"Organization\",\"@id\":\"https:\\\/\\\/emmyskerzen.com\\\/#organization\",\"name\":\"Emmys Kerzen Onlineshop\",\"url\":\"https:\\\/\\\/emmyskerzen.com\\\/\",\"logo\":{\"@type\":\"ImageObject\",\"inLanguage\":\"en-GB\",\"@id\":\"https:\\\/\\\/emmyskerzen.com\\\/#\\\/schema\\\/logo\\\/image\\\/\",\"url\":\"https:\\\/\\\/emmyskerzen.com\\\/wp-content\\\/uploads\\\/2026\\\/03\\\/IMG_0392.jpeg\",\"contentUrl\":\"https:\\\/\\\/emmyskerzen.com\\\/wp-content\\\/uploads\\\/2026\\\/03\\\/IMG_0392.jpeg\",\"width\":964,\"height\":975,\"caption\":\"Emmys Kerzen Onlineshop\"},\"image\":{\"@id\":\"https:\\\/\\\/emmyskerzen.com\\\/#\\\/schema\\\/logo\\\/image\\\/\"},\"sameAs\":[\"https:\\\/\\\/www.facebook.com\\\/EmmysKerzen\\\/\",\"https:\\\/\\\/www.instagram.com\\\/emmys_kerzen\\\/\",\"https:\\\/\\\/www.tiktok.com\\\/emmys.kerzen\\\/\"]}]}<\/script>\n<!-- \/ Yoast SEO plugin. -->","yoast_head_json":{"title":"Kaffee Dessert Kerze \u2013 t\u00e4uschend echt & handgemacht - Emmys Kerzen","description":"Diese Kaffee Dessert Kerze sieht aus wie frisch gebr\u00fchter Kaffee und ist ein echter Hingucker f\u00fcr dein Zuhause. Perfekt als Geschenk oder f\u00fcr dein Zuhause.","robots":{"index":"index","follow":"follow","max-snippet":"max-snippet:-1","max-image-preview":"max-image-preview:large","max-video-preview":"max-video-preview:-1"},"canonical":"https:\/\/emmyskerzen.com\/en\/shop\/kaffee-dessert-kerze-taeuschend-echt-handgemacht\/","og_locale":"en_GB","og_type":"article","og_title":"Kaffee Dessert Kerze \u2013 t\u00e4uschend echt & handgemacht - Emmys Kerzen","og_description":"Diese Kaffee Dessert Kerze sieht aus wie frisch gebr\u00fchter Kaffee und ist ein echter Hingucker f\u00fcr dein Zuhause. Perfekt als Geschenk oder f\u00fcr dein Zuhause.","og_url":"https:\/\/emmyskerzen.com\/en\/shop\/kaffee-dessert-kerze-taeuschend-echt-handgemacht\/","og_site_name":"Emmys Kerzen","article_publisher":"https:\/\/www.facebook.com\/EmmysKerzen\/","article_modified_time":"2026-04-07T17:43:27+00:00","og_image":[{"width":896,"height":1195,"url":"https:\/\/emmyskerzen.com\/wp-content\/uploads\/2026\/04\/IMG_4439.png","type":"image\/png"}],"twitter_card":"summary_large_image","twitter_misc":{"Estimated reading time":"2 minutes"},"schema":{"@context":"https:\/\/schema.org","@graph":[{"@type":"WebPage","@id":"https:\/\/emmyskerzen.com\/shop\/kaffee-dessert-kerze-taeuschend-echt-handgemacht\/","url":"https:\/\/emmyskerzen.com\/shop\/kaffee-dessert-kerze-taeuschend-echt-handgemacht\/","name":"Kaffee Dessert Kerze \u2013 t\u00e4uschend echt & handgemacht - Emmys Kerzen","isPartOf":{"@id":"https:\/\/emmyskerzen.com\/#website"},"primaryImageOfPage":{"@id":"https:\/\/emmyskerzen.com\/shop\/kaffee-dessert-kerze-taeuschend-echt-handgemacht\/#primaryimage"},"image":{"@id":"https:\/\/emmyskerzen.com\/shop\/kaffee-dessert-kerze-taeuschend-echt-handgemacht\/#primaryimage"},"thumbnailUrl":"https:\/\/emmyskerzen.com\/wp-content\/uploads\/2026\/04\/IMG_4439.png","datePublished":"2026-04-07T17:40:15+00:00","dateModified":"2026-04-07T17:43:27+00:00","description":"Diese Kaffee Dessert Kerze sieht aus wie frisch gebr\u00fchter Kaffee und ist ein echter Hingucker f\u00fcr dein Zuhause. Perfekt als Geschenk oder f\u00fcr dein Zuhause.","breadcrumb":{"@id":"https:\/\/emmyskerzen.com\/shop\/kaffee-dessert-kerze-taeuschend-echt-handgemacht\/#breadcrumb"},"inLanguage":"en-GB","potentialAction":[{"@type":"ReadAction","target":["https:\/\/emmyskerzen.com\/shop\/kaffee-dessert-kerze-taeuschend-echt-handgemacht\/"]}]},{"@type":"ImageObject","inLanguage":"en-GB","@id":"https:\/\/emmyskerzen.com\/shop\/kaffee-dessert-kerze-taeuschend-echt-handgemacht\/#primaryimage","url":"https:\/\/emmyskerzen.com\/wp-content\/uploads\/2026\/04\/IMG_4439.png","contentUrl":"https:\/\/emmyskerzen.com\/wp-content\/uploads\/2026\/04\/IMG_4439.png","width":896,"height":1195},{"@type":"BreadcrumbList","@id":"https:\/\/emmyskerzen.com\/shop\/kaffee-dessert-kerze-taeuschend-echt-handgemacht\/#breadcrumb","itemListElement":[{"@type":"ListItem","position":1,"name":"Startseite","item":"https:\/\/emmyskerzen.com\/"},{"@type":"ListItem","position":2,"name":"Kerzen Shop","item":"https:\/\/emmyskerzen.com\/shop\/"},{"@type":"ListItem","position":3,"name":"Kaffee Dessert Kerze \u2013 t\u00e4uschend echt &#038; handgemacht"}]},{"@type":"WebSite","@id":"https:\/\/emmyskerzen.com\/#website","url":"https:\/\/emmyskerzen.com\/","name":"Emmys Kerzen Onlineshop","description":"personalisierte Kerzen, Dekokerzen, Duftkerzen, Geschenksets, Onlineshop","publisher":{"@id":"https:\/\/emmyskerzen.com\/#organization"},"potentialAction":[{"@type":"SearchAction","target":{"@type":"EntryPoint","urlTemplate":"https:\/\/emmyskerzen.com\/?s={search_term_string}"},"query-input":{"@type":"PropertyValueSpecification","valueRequired":true,"valueName":"search_term_string"}}],"inLanguage":"en-GB"},{"@type":"Organization","@id":"https:\/\/emmyskerzen.com\/#organization","name":"Emmys Kerzen Onlineshop","url":"https:\/\/emmyskerzen.com\/","logo":{"@type":"ImageObject","inLanguage":"en-GB","@id":"https:\/\/emmyskerzen.com\/#\/schema\/logo\/image\/","url":"https:\/\/emmyskerzen.com\/wp-content\/uploads\/2026\/03\/IMG_0392.jpeg","contentUrl":"https:\/\/emmyskerzen.com\/wp-content\/uploads\/2026\/03\/IMG_0392.jpeg","width":964,"height":975,"caption":"Emmys Kerzen Onlineshop"},"image":{"@id":"https:\/\/emmyskerzen.com\/#\/schema\/logo\/image\/"},"sameAs":["https:\/\/www.facebook.com\/EmmysKerzen\/","https:\/\/www.instagram.com\/emmys_kerzen\/","https:\/\/www.tiktok.com\/emmys.kerzen\/"]}]}},"_links":{"self":[{"href":"https:\/\/emmyskerzen.com\/en\/wp-json\/wp\/v2\/product\/2471","targetHints":{"allow":["GET"]}}],"collection":[{"href":"https:\/\/emmyskerzen.com\/en\/wp-json\/wp\/v2\/product"}],"about":[{"href":"https:\/\/emmyskerzen.com\/en\/wp-json\/wp\/v2\/types\/product"}],"replies":[{"embeddable":true,"href":"https:\/\/emmyskerzen.com\/en\/wp-json\/wp\/v2\/comments?post=2471"}],"wp:featuredmedia":[{"embeddable":true,"href":"https:\/\/emmyskerzen.com\/en\/wp-json\/wp\/v2\/media\/2473"}],"wp:attachment":[{"href":"https:\/\/emmyskerzen.com\/en\/wp-json\/wp\/v2\/media?parent=2471"}],"wp:term":[{"taxonomy":"product_brand","embeddable":true,"href":"https:\/\/emmyskerzen.com\/en\/wp-json\/wp\/v2\/product_brand?post=2471"},{"taxonomy":"product_cat","embeddable":true,"href":"https:\/\/emmyskerzen.com\/en\/wp-json\/wp\/v2\/product_cat?post=2471"},{"taxonomy":"product_tag","embeddable":true,"href":"https:\/\/emmyskerzen.com\/en\/wp-json\/wp\/v2\/product_tag?post=2471"}],"curies":[{"name":"wp","href":"https:\/\/api.w.org\/{rel}","templated":true}]}}