{"id":242,"date":"2025-10-13T12:44:20","date_gmt":"2025-10-13T10:44:20","guid":{"rendered":"https:\/\/emmyskerzen.com\/?post_type=product&#038;p=242"},"modified":"2026-04-07T08:21:21","modified_gmt":"2026-04-07T06:21:21","slug":"tierliebe-duftkerze-liebevolle-geschenkidee","status":"publish","type":"product","link":"https:\/\/emmyskerzen.com\/en\/shop\/tierliebe-duftkerze-liebevolle-geschenkidee\/","title":{"rendered":"Tierliebe Duftkerze \u2013 liebevolle Geschenkidee"},"content":{"rendered":"<h4><strong>Tierliebe &#8211; Duftkerze<\/strong><\/h4>\n<p>Handgemachte Pfotenkerze \u2013 vegan &amp; liebevoll gegossen<\/p>\n<p>Diese einzigartige Tierliebe &#8211; Duftkerze vereint zwei Dinge: pure Gem\u00fctlichkeit und Liebe zu Tieren!<br \/>\nDie s\u00fc\u00dfen Pfotenabdr\u00fccke aus Wachs liegen auf veganem Wachs mit feinem Glitzer. Ein Hingucker auf jedem Tisch \u2013 und ein wundersch\u00f6nes Geschenk f\u00fcr Tierfreunde oder f\u00fcr dich selbst.<\/p>\n<p>Details:<br \/>\n\u2022 Handgegossen mit viel Liebe<br \/>\n\u2022 Mit dezentem Duft nach Vanille<br \/>\n\u2022 Vegan, tierversuchsfrei<br \/>\n\u2022 Glasbeh\u00e4lter wiederverwendbar<br \/>\n\u2022 Gr\u00f6\u00dfe: 9x8cm<br \/>\n\u2022 Brenndauer: ca. 40-50 Stunden<\/p>\n<h4>Ideal als Geschenk f\u00fcr:<br \/>\n\u2022 Hundefreunde\/Katzenfreunde<br \/>\n\u2022 Tierbesitzer:innen<br \/>\n\u2022 Haustier-Memorial-Kerze<br \/>\n\u2022 Dankesch\u00f6n oder kleine Aufmerksamkeit<\/h4>\n<p>Produktdetails:<br \/>\nMaterial: 100% pflanzliches Sojawachs ohne Paraffin, ohne Palm\u00f6l, ohne k\u00fcnstliche Zus\u00e4tze<br \/>\nFarbe: Wei\u00df,Braun<br \/>\nForm: Hundepfoten\/Katzenpfoten<br \/>\nMa\u00dfe: 9x8cm<br \/>\nVanilleduft<br \/>\nBrenndauer: ca. 30-40 Stunden<\/p>\n<p>&nbsp;<\/p>\n<p>Entdecke noch mehr Kerzen: <span style=\"font-size: small;\"><a title=\"https:\/\/emmyskerzen.com\/shop\" href=\"https:\/\/emmyskerzen.com\/en\/shop\/\" target=\"_blank\" rel=\"noopener noreferrer\" data-auth=\"NotApplicable\" data-linkindex=\"0\" data-olk-copy-source=\"MessageBody\">https:\/\/emmyskerzen.com\/shop<\/a><\/span><\/p>\n<p>&nbsp;<\/p>\n<p>*Gesamtpreis, umsatzsteuerbefreit aufgrund des Kleinunternehmerstatus, zuz\u00fcglich Versandkosten.<\/p>\n<p>Angaben zur Produktsicherheit:<br \/>\nAchte darauf, die Kerzen stets unter Aufsicht abbrennen zu lassen. Halte sie fern von Zugluft, Vorh\u00e4ngen, brennbaren Materialien, Kindern und Haustieren. K\u00fcrze den Docht regelm\u00e4\u00dfig, um eine zu gro\u00dfe Flamme zu vermeiden und stelle die Kerze auf einen sicheren, feuerfesten Untergrund. Verwende die Kerze nur gem\u00e4\u00df den Anweisungen und achte darauf, dass die Flamme beim Brennen nicht zu hoch wird.<\/p>\n<p>&nbsp;<\/p>\n<p><span data-olk-copy-source=\"MessageBody\">Inhaltsstoffe (Kerze): <\/span>100 % Sojawachs, Baumwolldocht (bleifrei), Duft\u00f6l Smooth Vanilla.<br \/>\nEnth\u00e4lt (Allergene \/ deklarationspflichtige Komponenten): Laut Sicherheitsdatenblatt enth\u00e4lt dieses Duft\u00f6l keine kennzeichnungspflichtigen allergenen Stoffe \u2265 0,1 %.<br \/>\nGefahren (CLP): Es besteht keine CLP-Einstufung, das Produkt ist nicht kennzeichnungspflichtig. Keine Gefahrenhinweise erforderlich.<br \/>\nSicherheitshinweise: Keine speziellen Sicherheitshinweise erforderlich.<br \/>\nLieferant Duft\u00f6l: Hansawax GmbH, Richard-Dunkel-Stra\u00dfe 120, 28199 Bremen<\/p>\n<div><\/div>","protected":false},"excerpt":{"rendered":"<p>Duftkerze Vanille<\/p>","protected":false},"featured_media":2137,"comment_status":"open","ping_status":"closed","template":"","meta":[],"product_brand":[],"product_cat":[514,22,17],"product_tag":[45,42,451,200,219],"class_list":{"0":"post-242","1":"product","2":"type-product","3":"status-publish","4":"has-post-thumbnail","6":"product_cat-duftkerze","7":"product_cat-geschenkeanlaesse","8":"product_cat-kerzen-fur-jeden-tag","9":"product_tag-duftkerze","10":"product_tag-handgemachte-kerze","11":"product_tag-kerzenshop","12":"product_tag-sojawachskerze","13":"product_tag-tierkerze","15":"first","16":"instock","17":"shipping-taxable","18":"purchasable","19":"product-type-variable","20":"add-to-wishlist-after_add_to_cart"},"yoast_head":"<!-- This site is optimized with the Yoast SEO plugin v27.4 - https:\/\/yoast.com\/product\/yoast-seo-wordpress\/ -->\n<title>Tierliebe Duftkerze \u2013 liebevolle Geschenkidee - Emmys Kerzen<\/title>\n<meta name=\"description\" content=\"Diese Kerze bringt die Liebe zu deinem Fellfreund zum Ausdruck. Handgegossen, hochwertig und liebevoll dekoriert. Jetzt bestellen!\" \/>\n<meta name=\"robots\" content=\"index, follow, max-snippet:-1, max-image-preview:large, max-video-preview:-1\" \/>\n<link rel=\"canonical\" href=\"https:\/\/emmyskerzen.com\/en\/shop\/tierliebe-duftkerze-liebevolle-geschenkidee\/\" \/>\n<meta property=\"og:locale\" content=\"en_GB\" \/>\n<meta property=\"og:type\" content=\"article\" \/>\n<meta property=\"og:title\" content=\"Tierliebe Duftkerze \u2013 liebevolle Geschenkidee - Emmys Kerzen\" \/>\n<meta property=\"og:description\" content=\"Diese Kerze bringt die Liebe zu deinem Fellfreund zum Ausdruck. Handgegossen, hochwertig und liebevoll dekoriert. Jetzt bestellen!\" \/>\n<meta property=\"og:url\" content=\"https:\/\/emmyskerzen.com\/en\/shop\/tierliebe-duftkerze-liebevolle-geschenkidee\/\" \/>\n<meta property=\"og:site_name\" content=\"Emmys Kerzen\" \/>\n<meta property=\"article:publisher\" content=\"https:\/\/www.facebook.com\/EmmysKerzen\/\" \/>\n<meta property=\"article:modified_time\" content=\"2026-04-07T06:21:21+00:00\" \/>\n<meta property=\"og:image\" content=\"https:\/\/emmyskerzen.com\/wp-content\/uploads\/2025\/10\/9FA8883F-D1E4-408D-B4E7-BD729CCA81ED.png\" \/>\n\t<meta property=\"og:image:width\" content=\"1536\" \/>\n\t<meta property=\"og:image:height\" content=\"1024\" \/>\n\t<meta property=\"og:image:type\" content=\"image\/png\" \/>\n<meta name=\"twitter:card\" content=\"summary_large_image\" \/>\n<meta name=\"twitter:label1\" content=\"Estimated reading time\" \/>\n\t<meta name=\"twitter:data1\" content=\"2 minutes\" \/>\n<script type=\"application\/ld+json\" class=\"yoast-schema-graph\">{\"@context\":\"https:\\\/\\\/schema.org\",\"@graph\":[{\"@type\":\"WebPage\",\"@id\":\"https:\\\/\\\/emmyskerzen.com\\\/shop\\\/tierliebe-duftkerze-liebevolle-geschenkidee\\\/\",\"url\":\"https:\\\/\\\/emmyskerzen.com\\\/shop\\\/tierliebe-duftkerze-liebevolle-geschenkidee\\\/\",\"name\":\"Tierliebe Duftkerze \u2013 liebevolle Geschenkidee - Emmys Kerzen\",\"isPartOf\":{\"@id\":\"https:\\\/\\\/emmyskerzen.com\\\/#website\"},\"primaryImageOfPage\":{\"@id\":\"https:\\\/\\\/emmyskerzen.com\\\/shop\\\/tierliebe-duftkerze-liebevolle-geschenkidee\\\/#primaryimage\"},\"image\":{\"@id\":\"https:\\\/\\\/emmyskerzen.com\\\/shop\\\/tierliebe-duftkerze-liebevolle-geschenkidee\\\/#primaryimage\"},\"thumbnailUrl\":\"https:\\\/\\\/emmyskerzen.com\\\/wp-content\\\/uploads\\\/2025\\\/10\\\/9FA8883F-D1E4-408D-B4E7-BD729CCA81ED.png\",\"datePublished\":\"2025-10-13T10:44:20+00:00\",\"dateModified\":\"2026-04-07T06:21:21+00:00\",\"description\":\"Diese Kerze bringt die Liebe zu deinem Fellfreund zum Ausdruck. Handgegossen, hochwertig und liebevoll dekoriert. Jetzt bestellen!\",\"breadcrumb\":{\"@id\":\"https:\\\/\\\/emmyskerzen.com\\\/shop\\\/tierliebe-duftkerze-liebevolle-geschenkidee\\\/#breadcrumb\"},\"inLanguage\":\"en-GB\",\"potentialAction\":[{\"@type\":\"ReadAction\",\"target\":[\"https:\\\/\\\/emmyskerzen.com\\\/shop\\\/tierliebe-duftkerze-liebevolle-geschenkidee\\\/\"]}]},{\"@type\":\"ImageObject\",\"inLanguage\":\"en-GB\",\"@id\":\"https:\\\/\\\/emmyskerzen.com\\\/shop\\\/tierliebe-duftkerze-liebevolle-geschenkidee\\\/#primaryimage\",\"url\":\"https:\\\/\\\/emmyskerzen.com\\\/wp-content\\\/uploads\\\/2025\\\/10\\\/9FA8883F-D1E4-408D-B4E7-BD729CCA81ED.png\",\"contentUrl\":\"https:\\\/\\\/emmyskerzen.com\\\/wp-content\\\/uploads\\\/2025\\\/10\\\/9FA8883F-D1E4-408D-B4E7-BD729CCA81ED.png\",\"width\":1536,\"height\":1024},{\"@type\":\"BreadcrumbList\",\"@id\":\"https:\\\/\\\/emmyskerzen.com\\\/shop\\\/tierliebe-duftkerze-liebevolle-geschenkidee\\\/#breadcrumb\",\"itemListElement\":[{\"@type\":\"ListItem\",\"position\":1,\"name\":\"Startseite\",\"item\":\"https:\\\/\\\/emmyskerzen.com\\\/\"},{\"@type\":\"ListItem\",\"position\":2,\"name\":\"Kerzen Shop\",\"item\":\"https:\\\/\\\/emmyskerzen.com\\\/shop\\\/\"},{\"@type\":\"ListItem\",\"position\":3,\"name\":\"Tierliebe Duftkerze \u2013 liebevolle Geschenkidee\"}]},{\"@type\":\"WebSite\",\"@id\":\"https:\\\/\\\/emmyskerzen.com\\\/#website\",\"url\":\"https:\\\/\\\/emmyskerzen.com\\\/\",\"name\":\"Emmys Kerzen Onlineshop\",\"description\":\"personalisierte Kerzen, Dekokerzen, Duftkerzen, Geschenksets, Onlineshop\",\"publisher\":{\"@id\":\"https:\\\/\\\/emmyskerzen.com\\\/#organization\"},\"potentialAction\":[{\"@type\":\"SearchAction\",\"target\":{\"@type\":\"EntryPoint\",\"urlTemplate\":\"https:\\\/\\\/emmyskerzen.com\\\/?s={search_term_string}\"},\"query-input\":{\"@type\":\"PropertyValueSpecification\",\"valueRequired\":true,\"valueName\":\"search_term_string\"}}],\"inLanguage\":\"en-GB\"},{\"@type\":\"Organization\",\"@id\":\"https:\\\/\\\/emmyskerzen.com\\\/#organization\",\"name\":\"Emmys Kerzen Onlineshop\",\"url\":\"https:\\\/\\\/emmyskerzen.com\\\/\",\"logo\":{\"@type\":\"ImageObject\",\"inLanguage\":\"en-GB\",\"@id\":\"https:\\\/\\\/emmyskerzen.com\\\/#\\\/schema\\\/logo\\\/image\\\/\",\"url\":\"https:\\\/\\\/emmyskerzen.com\\\/wp-content\\\/uploads\\\/2026\\\/03\\\/IMG_0392.jpeg\",\"contentUrl\":\"https:\\\/\\\/emmyskerzen.com\\\/wp-content\\\/uploads\\\/2026\\\/03\\\/IMG_0392.jpeg\",\"width\":964,\"height\":975,\"caption\":\"Emmys Kerzen Onlineshop\"},\"image\":{\"@id\":\"https:\\\/\\\/emmyskerzen.com\\\/#\\\/schema\\\/logo\\\/image\\\/\"},\"sameAs\":[\"https:\\\/\\\/www.facebook.com\\\/EmmysKerzen\\\/\",\"https:\\\/\\\/www.instagram.com\\\/emmys_kerzen\\\/\",\"https:\\\/\\\/www.tiktok.com\\\/emmys.kerzen\\\/\"]}]}<\/script>\n<!-- \/ Yoast SEO plugin. -->","yoast_head_json":{"title":"Tierliebe Duftkerze \u2013 liebevolle Geschenkidee - Emmys Kerzen","description":"Diese Kerze bringt die Liebe zu deinem Fellfreund zum Ausdruck. Handgegossen, hochwertig und liebevoll dekoriert. Jetzt bestellen!","robots":{"index":"index","follow":"follow","max-snippet":"max-snippet:-1","max-image-preview":"max-image-preview:large","max-video-preview":"max-video-preview:-1"},"canonical":"https:\/\/emmyskerzen.com\/en\/shop\/tierliebe-duftkerze-liebevolle-geschenkidee\/","og_locale":"en_GB","og_type":"article","og_title":"Tierliebe Duftkerze \u2013 liebevolle Geschenkidee - Emmys Kerzen","og_description":"Diese Kerze bringt die Liebe zu deinem Fellfreund zum Ausdruck. Handgegossen, hochwertig und liebevoll dekoriert. Jetzt bestellen!","og_url":"https:\/\/emmyskerzen.com\/en\/shop\/tierliebe-duftkerze-liebevolle-geschenkidee\/","og_site_name":"Emmys Kerzen","article_publisher":"https:\/\/www.facebook.com\/EmmysKerzen\/","article_modified_time":"2026-04-07T06:21:21+00:00","og_image":[{"width":1536,"height":1024,"url":"https:\/\/emmyskerzen.com\/wp-content\/uploads\/2025\/10\/9FA8883F-D1E4-408D-B4E7-BD729CCA81ED.png","type":"image\/png"}],"twitter_card":"summary_large_image","twitter_misc":{"Estimated reading time":"2 minutes"},"schema":{"@context":"https:\/\/schema.org","@graph":[{"@type":"WebPage","@id":"https:\/\/emmyskerzen.com\/shop\/tierliebe-duftkerze-liebevolle-geschenkidee\/","url":"https:\/\/emmyskerzen.com\/shop\/tierliebe-duftkerze-liebevolle-geschenkidee\/","name":"Tierliebe Duftkerze \u2013 liebevolle Geschenkidee - Emmys Kerzen","isPartOf":{"@id":"https:\/\/emmyskerzen.com\/#website"},"primaryImageOfPage":{"@id":"https:\/\/emmyskerzen.com\/shop\/tierliebe-duftkerze-liebevolle-geschenkidee\/#primaryimage"},"image":{"@id":"https:\/\/emmyskerzen.com\/shop\/tierliebe-duftkerze-liebevolle-geschenkidee\/#primaryimage"},"thumbnailUrl":"https:\/\/emmyskerzen.com\/wp-content\/uploads\/2025\/10\/9FA8883F-D1E4-408D-B4E7-BD729CCA81ED.png","datePublished":"2025-10-13T10:44:20+00:00","dateModified":"2026-04-07T06:21:21+00:00","description":"Diese Kerze bringt die Liebe zu deinem Fellfreund zum Ausdruck. Handgegossen, hochwertig und liebevoll dekoriert. Jetzt bestellen!","breadcrumb":{"@id":"https:\/\/emmyskerzen.com\/shop\/tierliebe-duftkerze-liebevolle-geschenkidee\/#breadcrumb"},"inLanguage":"en-GB","potentialAction":[{"@type":"ReadAction","target":["https:\/\/emmyskerzen.com\/shop\/tierliebe-duftkerze-liebevolle-geschenkidee\/"]}]},{"@type":"ImageObject","inLanguage":"en-GB","@id":"https:\/\/emmyskerzen.com\/shop\/tierliebe-duftkerze-liebevolle-geschenkidee\/#primaryimage","url":"https:\/\/emmyskerzen.com\/wp-content\/uploads\/2025\/10\/9FA8883F-D1E4-408D-B4E7-BD729CCA81ED.png","contentUrl":"https:\/\/emmyskerzen.com\/wp-content\/uploads\/2025\/10\/9FA8883F-D1E4-408D-B4E7-BD729CCA81ED.png","width":1536,"height":1024},{"@type":"BreadcrumbList","@id":"https:\/\/emmyskerzen.com\/shop\/tierliebe-duftkerze-liebevolle-geschenkidee\/#breadcrumb","itemListElement":[{"@type":"ListItem","position":1,"name":"Startseite","item":"https:\/\/emmyskerzen.com\/"},{"@type":"ListItem","position":2,"name":"Kerzen Shop","item":"https:\/\/emmyskerzen.com\/shop\/"},{"@type":"ListItem","position":3,"name":"Tierliebe Duftkerze \u2013 liebevolle Geschenkidee"}]},{"@type":"WebSite","@id":"https:\/\/emmyskerzen.com\/#website","url":"https:\/\/emmyskerzen.com\/","name":"Emmys Kerzen Onlineshop","description":"personalisierte Kerzen, Dekokerzen, Duftkerzen, Geschenksets, Onlineshop","publisher":{"@id":"https:\/\/emmyskerzen.com\/#organization"},"potentialAction":[{"@type":"SearchAction","target":{"@type":"EntryPoint","urlTemplate":"https:\/\/emmyskerzen.com\/?s={search_term_string}"},"query-input":{"@type":"PropertyValueSpecification","valueRequired":true,"valueName":"search_term_string"}}],"inLanguage":"en-GB"},{"@type":"Organization","@id":"https:\/\/emmyskerzen.com\/#organization","name":"Emmys Kerzen Onlineshop","url":"https:\/\/emmyskerzen.com\/","logo":{"@type":"ImageObject","inLanguage":"en-GB","@id":"https:\/\/emmyskerzen.com\/#\/schema\/logo\/image\/","url":"https:\/\/emmyskerzen.com\/wp-content\/uploads\/2026\/03\/IMG_0392.jpeg","contentUrl":"https:\/\/emmyskerzen.com\/wp-content\/uploads\/2026\/03\/IMG_0392.jpeg","width":964,"height":975,"caption":"Emmys Kerzen Onlineshop"},"image":{"@id":"https:\/\/emmyskerzen.com\/#\/schema\/logo\/image\/"},"sameAs":["https:\/\/www.facebook.com\/EmmysKerzen\/","https:\/\/www.instagram.com\/emmys_kerzen\/","https:\/\/www.tiktok.com\/emmys.kerzen\/"]}]}},"_links":{"self":[{"href":"https:\/\/emmyskerzen.com\/en\/wp-json\/wp\/v2\/product\/242","targetHints":{"allow":["GET"]}}],"collection":[{"href":"https:\/\/emmyskerzen.com\/en\/wp-json\/wp\/v2\/product"}],"about":[{"href":"https:\/\/emmyskerzen.com\/en\/wp-json\/wp\/v2\/types\/product"}],"replies":[{"embeddable":true,"href":"https:\/\/emmyskerzen.com\/en\/wp-json\/wp\/v2\/comments?post=242"}],"wp:featuredmedia":[{"embeddable":true,"href":"https:\/\/emmyskerzen.com\/en\/wp-json\/wp\/v2\/media\/2137"}],"wp:attachment":[{"href":"https:\/\/emmyskerzen.com\/en\/wp-json\/wp\/v2\/media?parent=242"}],"wp:term":[{"taxonomy":"product_brand","embeddable":true,"href":"https:\/\/emmyskerzen.com\/en\/wp-json\/wp\/v2\/product_brand?post=242"},{"taxonomy":"product_cat","embeddable":true,"href":"https:\/\/emmyskerzen.com\/en\/wp-json\/wp\/v2\/product_cat?post=242"},{"taxonomy":"product_tag","embeddable":true,"href":"https:\/\/emmyskerzen.com\/en\/wp-json\/wp\/v2\/product_tag?post=242"}],"curies":[{"name":"wp","href":"https:\/\/api.w.org\/{rel}","templated":true}]}}