{"id":231,"date":"2025-10-13T12:46:09","date_gmt":"2025-10-13T10:46:09","guid":{"rendered":"https:\/\/emmyskerzen.com\/?post_type=product&#038;p=231"},"modified":"2026-03-21T15:41:04","modified_gmt":"2026-03-21T14:41:04","slug":"erinnerungskerze-persoenliche-gedenkkerze","status":"publish","type":"product","link":"https:\/\/emmyskerzen.com\/en\/shop\/erinnerungskerze-persoenliche-gedenkkerze\/","title":{"rendered":"Erinnerungskerze \u2013 pers\u00f6nliche Gedenkkerze"},"content":{"rendered":"<h3>\ud83d\udda4Erinnerungskerze<\/h3>\n<h3>Diese handgefertigte Erinnerungskerze ist eine liebevolle M\u00f6glichkeit, einem geliebten Menschen \u2013 hier speziell Opa \u2013 zu gedenken.<br \/>\nGefertigt aus 100 % nat\u00fcrlichem Sojawachs und mit zwei detailreichen wei\u00dfen Engelchen verziert, spendet sie Licht, Trost und W\u00e4rme in besonderen Momenten.<br \/>\nDas Glas tr\u00e4gt ein dezentes Etikett mit dem Aufdruck \u201eIn liebevoller Erinnerung an Opa\u201c (individualisierbar &#8211; bitte angeben).<\/h3>\n<p>Produktdetails der Erinnerungskerze:<br \/>\nMaterial: 100% Sojawachs, ohne Paraffin, ohne Palm\u00f6l, ohne k\u00fcnstliche Zusatzstoffe<br \/>\nFarben: schwarz\/grau, wei\u00df<br \/>\nForm: Engel<br \/>\nGlitzer<br \/>\nMa\u00dfe: 9&#215;8 cm<br \/>\nduftfrei<br \/>\ntierleidfrei und liebevoll verarbeitet<\/p>\n<p>Diese Erinnerungskerze ist besonders geeignet f\u00fcr:<br \/>\n\u2022 Trauerfeiern und Gedenkanl\u00e4sse<br \/>\n\u2022 Pers\u00f6nliche Erinnerungspl\u00e4tze<br \/>\n\u2022 Als tr\u00f6stendes Geschenk f\u00fcr Angeh\u00f6rige<\/p>\n<p>Entdecke auch die anderen Anlasskerzen von Emmys Kerzen: <span style=\"font-size: small;\"><a title=\"https:\/\/emmyskerzen.com\/shop\" href=\"https:\/\/emmyskerzen.com\/en\/shop\/\" target=\"_blank\" rel=\"noopener noreferrer\" data-auth=\"NotApplicable\" data-linkindex=\"0\" data-olk-copy-source=\"MessageBody\">https:\/\/emmyskerzen.com\/shop<\/a><\/span><\/p>\n<p>&nbsp;<\/p>\n<p>&nbsp;<\/p>\n<p>*Gesamtpreis, umsatzsteuerbefreit aufgrund des Kleinunternehmerstatus, zuz\u00fcglich Versandkosten.<\/p>\n<p>Angaben zur Produktsicherheit:<br \/>\nAchte darauf, die Kerzen stets unter Aufsicht abbrennen zu lassen. Halte sie fern von Zugluft, Vorh\u00e4ngen, brennbaren Materialien, Kindern und Haustieren. K\u00fcrze den Docht regelm\u00e4\u00dfig, um eine zu gro\u00dfe Flamme zu vermeiden und stelle die Kerze auf einen sicheren, feuerfesten Untergrund. Verwende die Kerze nur gem\u00e4\u00df den Anweisungen und achte darauf, dass die Flamme beim Brennen nicht zu hoch wird.<\/p>","protected":false},"excerpt":{"rendered":"<p>Trauerkerze<\/p>","protected":false},"featured_media":2132,"comment_status":"open","ping_status":"closed","template":"","meta":[],"product_brand":[],"product_cat":[22,17],"product_tag":[218,472,200,217],"class_list":{"0":"post-231","1":"product","2":"type-product","3":"status-publish","4":"has-post-thumbnail","6":"product_cat-geschenkeanlaesse","7":"product_cat-kerzen-fur-jeden-tag","8":"product_tag-erinnerungskerze","9":"product_tag-shop-oesterreich","10":"product_tag-sojawachskerze","11":"product_tag-trauerkerze","13":"first","14":"instock","15":"shipping-taxable","16":"purchasable","17":"product-type-simple","18":"add-to-wishlist-after_add_to_cart"},"yoast_head":"<!-- This site is optimized with the Yoast SEO plugin v27.4 - https:\/\/yoast.com\/product\/yoast-seo-wordpress\/ -->\n<title>Erinnerungskerze \u2013 pers\u00f6nliche Gedenkkerze - Emmys Kerzen<\/title>\n<meta name=\"description\" content=\"Diese Trauerkerze bringt warmes Licht in traurigen Zeiten zu dir nach Hause. Handgegossen, hochwertig und liebevoll dekoriert.\" \/>\n<meta name=\"robots\" content=\"index, follow, max-snippet:-1, max-image-preview:large, max-video-preview:-1\" \/>\n<link rel=\"canonical\" href=\"https:\/\/emmyskerzen.com\/en\/shop\/erinnerungskerze-persoenliche-gedenkkerze\/\" \/>\n<meta property=\"og:locale\" content=\"en_GB\" \/>\n<meta property=\"og:type\" content=\"article\" \/>\n<meta property=\"og:title\" content=\"Erinnerungskerze \u2013 pers\u00f6nliche Gedenkkerze - Emmys Kerzen\" \/>\n<meta property=\"og:description\" content=\"Diese Trauerkerze bringt warmes Licht in traurigen Zeiten zu dir nach Hause. Handgegossen, hochwertig und liebevoll dekoriert.\" \/>\n<meta property=\"og:url\" content=\"https:\/\/emmyskerzen.com\/en\/shop\/erinnerungskerze-persoenliche-gedenkkerze\/\" \/>\n<meta property=\"og:site_name\" content=\"Emmys Kerzen\" \/>\n<meta property=\"article:publisher\" content=\"https:\/\/www.facebook.com\/EmmysKerzen\/\" \/>\n<meta property=\"article:modified_time\" content=\"2026-03-21T14:41:04+00:00\" \/>\n<meta property=\"og:image\" content=\"https:\/\/emmyskerzen.com\/wp-content\/uploads\/2025\/10\/80D08C6B-CF30-492D-BE6E-C0139AD14B50-683x1024.png\" \/>\n\t<meta property=\"og:image:width\" content=\"683\" \/>\n\t<meta property=\"og:image:height\" content=\"1024\" \/>\n\t<meta property=\"og:image:type\" content=\"image\/png\" \/>\n<meta name=\"twitter:card\" content=\"summary_large_image\" \/>\n<meta name=\"twitter:label1\" content=\"Estimated reading time\" \/>\n\t<meta name=\"twitter:data1\" content=\"2 minutes\" \/>\n<script type=\"application\/ld+json\" class=\"yoast-schema-graph\">{\"@context\":\"https:\\\/\\\/schema.org\",\"@graph\":[{\"@type\":\"WebPage\",\"@id\":\"https:\\\/\\\/emmyskerzen.com\\\/shop\\\/erinnerungskerze-persoenliche-gedenkkerze\\\/\",\"url\":\"https:\\\/\\\/emmyskerzen.com\\\/shop\\\/erinnerungskerze-persoenliche-gedenkkerze\\\/\",\"name\":\"Erinnerungskerze \u2013 pers\u00f6nliche Gedenkkerze - Emmys Kerzen\",\"isPartOf\":{\"@id\":\"https:\\\/\\\/emmyskerzen.com\\\/#website\"},\"primaryImageOfPage\":{\"@id\":\"https:\\\/\\\/emmyskerzen.com\\\/shop\\\/erinnerungskerze-persoenliche-gedenkkerze\\\/#primaryimage\"},\"image\":{\"@id\":\"https:\\\/\\\/emmyskerzen.com\\\/shop\\\/erinnerungskerze-persoenliche-gedenkkerze\\\/#primaryimage\"},\"thumbnailUrl\":\"https:\\\/\\\/emmyskerzen.com\\\/wp-content\\\/uploads\\\/2025\\\/10\\\/80D08C6B-CF30-492D-BE6E-C0139AD14B50.png\",\"datePublished\":\"2025-10-13T10:46:09+00:00\",\"dateModified\":\"2026-03-21T14:41:04+00:00\",\"description\":\"Diese Trauerkerze bringt warmes Licht in traurigen Zeiten zu dir nach Hause. Handgegossen, hochwertig und liebevoll dekoriert.\",\"breadcrumb\":{\"@id\":\"https:\\\/\\\/emmyskerzen.com\\\/shop\\\/erinnerungskerze-persoenliche-gedenkkerze\\\/#breadcrumb\"},\"inLanguage\":\"en-GB\",\"potentialAction\":[{\"@type\":\"ReadAction\",\"target\":[\"https:\\\/\\\/emmyskerzen.com\\\/shop\\\/erinnerungskerze-persoenliche-gedenkkerze\\\/\"]}]},{\"@type\":\"ImageObject\",\"inLanguage\":\"en-GB\",\"@id\":\"https:\\\/\\\/emmyskerzen.com\\\/shop\\\/erinnerungskerze-persoenliche-gedenkkerze\\\/#primaryimage\",\"url\":\"https:\\\/\\\/emmyskerzen.com\\\/wp-content\\\/uploads\\\/2025\\\/10\\\/80D08C6B-CF30-492D-BE6E-C0139AD14B50.png\",\"contentUrl\":\"https:\\\/\\\/emmyskerzen.com\\\/wp-content\\\/uploads\\\/2025\\\/10\\\/80D08C6B-CF30-492D-BE6E-C0139AD14B50.png\",\"width\":1024,\"height\":1536},{\"@type\":\"BreadcrumbList\",\"@id\":\"https:\\\/\\\/emmyskerzen.com\\\/shop\\\/erinnerungskerze-persoenliche-gedenkkerze\\\/#breadcrumb\",\"itemListElement\":[{\"@type\":\"ListItem\",\"position\":1,\"name\":\"Startseite\",\"item\":\"https:\\\/\\\/emmyskerzen.com\\\/\"},{\"@type\":\"ListItem\",\"position\":2,\"name\":\"Kerzen Shop\",\"item\":\"https:\\\/\\\/emmyskerzen.com\\\/shop\\\/\"},{\"@type\":\"ListItem\",\"position\":3,\"name\":\"Erinnerungskerze \u2013 pers\u00f6nliche Gedenkkerze\"}]},{\"@type\":\"WebSite\",\"@id\":\"https:\\\/\\\/emmyskerzen.com\\\/#website\",\"url\":\"https:\\\/\\\/emmyskerzen.com\\\/\",\"name\":\"Emmys Kerzen Onlineshop\",\"description\":\"personalisierte Kerzen, Dekokerzen, Duftkerzen, Geschenksets, Onlineshop\",\"publisher\":{\"@id\":\"https:\\\/\\\/emmyskerzen.com\\\/#organization\"},\"potentialAction\":[{\"@type\":\"SearchAction\",\"target\":{\"@type\":\"EntryPoint\",\"urlTemplate\":\"https:\\\/\\\/emmyskerzen.com\\\/?s={search_term_string}\"},\"query-input\":{\"@type\":\"PropertyValueSpecification\",\"valueRequired\":true,\"valueName\":\"search_term_string\"}}],\"inLanguage\":\"en-GB\"},{\"@type\":\"Organization\",\"@id\":\"https:\\\/\\\/emmyskerzen.com\\\/#organization\",\"name\":\"Emmys Kerzen Onlineshop\",\"url\":\"https:\\\/\\\/emmyskerzen.com\\\/\",\"logo\":{\"@type\":\"ImageObject\",\"inLanguage\":\"en-GB\",\"@id\":\"https:\\\/\\\/emmyskerzen.com\\\/#\\\/schema\\\/logo\\\/image\\\/\",\"url\":\"https:\\\/\\\/emmyskerzen.com\\\/wp-content\\\/uploads\\\/2026\\\/03\\\/IMG_0392.jpeg\",\"contentUrl\":\"https:\\\/\\\/emmyskerzen.com\\\/wp-content\\\/uploads\\\/2026\\\/03\\\/IMG_0392.jpeg\",\"width\":964,\"height\":975,\"caption\":\"Emmys Kerzen Onlineshop\"},\"image\":{\"@id\":\"https:\\\/\\\/emmyskerzen.com\\\/#\\\/schema\\\/logo\\\/image\\\/\"},\"sameAs\":[\"https:\\\/\\\/www.facebook.com\\\/EmmysKerzen\\\/\",\"https:\\\/\\\/www.instagram.com\\\/emmys_kerzen\\\/\",\"https:\\\/\\\/www.tiktok.com\\\/emmys.kerzen\\\/\"]}]}<\/script>\n<!-- \/ Yoast SEO plugin. -->","yoast_head_json":{"title":"Erinnerungskerze \u2013 pers\u00f6nliche Gedenkkerze - Emmys Kerzen","description":"Diese Trauerkerze bringt warmes Licht in traurigen Zeiten zu dir nach Hause. Handgegossen, hochwertig und liebevoll dekoriert.","robots":{"index":"index","follow":"follow","max-snippet":"max-snippet:-1","max-image-preview":"max-image-preview:large","max-video-preview":"max-video-preview:-1"},"canonical":"https:\/\/emmyskerzen.com\/en\/shop\/erinnerungskerze-persoenliche-gedenkkerze\/","og_locale":"en_GB","og_type":"article","og_title":"Erinnerungskerze \u2013 pers\u00f6nliche Gedenkkerze - Emmys Kerzen","og_description":"Diese Trauerkerze bringt warmes Licht in traurigen Zeiten zu dir nach Hause. Handgegossen, hochwertig und liebevoll dekoriert.","og_url":"https:\/\/emmyskerzen.com\/en\/shop\/erinnerungskerze-persoenliche-gedenkkerze\/","og_site_name":"Emmys Kerzen","article_publisher":"https:\/\/www.facebook.com\/EmmysKerzen\/","article_modified_time":"2026-03-21T14:41:04+00:00","og_image":[{"width":683,"height":1024,"url":"https:\/\/emmyskerzen.com\/wp-content\/uploads\/2025\/10\/80D08C6B-CF30-492D-BE6E-C0139AD14B50-683x1024.png","type":"image\/png"}],"twitter_card":"summary_large_image","twitter_misc":{"Estimated reading time":"2 minutes"},"schema":{"@context":"https:\/\/schema.org","@graph":[{"@type":"WebPage","@id":"https:\/\/emmyskerzen.com\/shop\/erinnerungskerze-persoenliche-gedenkkerze\/","url":"https:\/\/emmyskerzen.com\/shop\/erinnerungskerze-persoenliche-gedenkkerze\/","name":"Erinnerungskerze \u2013 pers\u00f6nliche Gedenkkerze - Emmys Kerzen","isPartOf":{"@id":"https:\/\/emmyskerzen.com\/#website"},"primaryImageOfPage":{"@id":"https:\/\/emmyskerzen.com\/shop\/erinnerungskerze-persoenliche-gedenkkerze\/#primaryimage"},"image":{"@id":"https:\/\/emmyskerzen.com\/shop\/erinnerungskerze-persoenliche-gedenkkerze\/#primaryimage"},"thumbnailUrl":"https:\/\/emmyskerzen.com\/wp-content\/uploads\/2025\/10\/80D08C6B-CF30-492D-BE6E-C0139AD14B50.png","datePublished":"2025-10-13T10:46:09+00:00","dateModified":"2026-03-21T14:41:04+00:00","description":"Diese Trauerkerze bringt warmes Licht in traurigen Zeiten zu dir nach Hause. Handgegossen, hochwertig und liebevoll dekoriert.","breadcrumb":{"@id":"https:\/\/emmyskerzen.com\/shop\/erinnerungskerze-persoenliche-gedenkkerze\/#breadcrumb"},"inLanguage":"en-GB","potentialAction":[{"@type":"ReadAction","target":["https:\/\/emmyskerzen.com\/shop\/erinnerungskerze-persoenliche-gedenkkerze\/"]}]},{"@type":"ImageObject","inLanguage":"en-GB","@id":"https:\/\/emmyskerzen.com\/shop\/erinnerungskerze-persoenliche-gedenkkerze\/#primaryimage","url":"https:\/\/emmyskerzen.com\/wp-content\/uploads\/2025\/10\/80D08C6B-CF30-492D-BE6E-C0139AD14B50.png","contentUrl":"https:\/\/emmyskerzen.com\/wp-content\/uploads\/2025\/10\/80D08C6B-CF30-492D-BE6E-C0139AD14B50.png","width":1024,"height":1536},{"@type":"BreadcrumbList","@id":"https:\/\/emmyskerzen.com\/shop\/erinnerungskerze-persoenliche-gedenkkerze\/#breadcrumb","itemListElement":[{"@type":"ListItem","position":1,"name":"Startseite","item":"https:\/\/emmyskerzen.com\/"},{"@type":"ListItem","position":2,"name":"Kerzen Shop","item":"https:\/\/emmyskerzen.com\/shop\/"},{"@type":"ListItem","position":3,"name":"Erinnerungskerze \u2013 pers\u00f6nliche Gedenkkerze"}]},{"@type":"WebSite","@id":"https:\/\/emmyskerzen.com\/#website","url":"https:\/\/emmyskerzen.com\/","name":"Emmys Kerzen Onlineshop","description":"personalisierte Kerzen, Dekokerzen, Duftkerzen, Geschenksets, Onlineshop","publisher":{"@id":"https:\/\/emmyskerzen.com\/#organization"},"potentialAction":[{"@type":"SearchAction","target":{"@type":"EntryPoint","urlTemplate":"https:\/\/emmyskerzen.com\/?s={search_term_string}"},"query-input":{"@type":"PropertyValueSpecification","valueRequired":true,"valueName":"search_term_string"}}],"inLanguage":"en-GB"},{"@type":"Organization","@id":"https:\/\/emmyskerzen.com\/#organization","name":"Emmys Kerzen Onlineshop","url":"https:\/\/emmyskerzen.com\/","logo":{"@type":"ImageObject","inLanguage":"en-GB","@id":"https:\/\/emmyskerzen.com\/#\/schema\/logo\/image\/","url":"https:\/\/emmyskerzen.com\/wp-content\/uploads\/2026\/03\/IMG_0392.jpeg","contentUrl":"https:\/\/emmyskerzen.com\/wp-content\/uploads\/2026\/03\/IMG_0392.jpeg","width":964,"height":975,"caption":"Emmys Kerzen Onlineshop"},"image":{"@id":"https:\/\/emmyskerzen.com\/#\/schema\/logo\/image\/"},"sameAs":["https:\/\/www.facebook.com\/EmmysKerzen\/","https:\/\/www.instagram.com\/emmys_kerzen\/","https:\/\/www.tiktok.com\/emmys.kerzen\/"]}]}},"_links":{"self":[{"href":"https:\/\/emmyskerzen.com\/en\/wp-json\/wp\/v2\/product\/231","targetHints":{"allow":["GET"]}}],"collection":[{"href":"https:\/\/emmyskerzen.com\/en\/wp-json\/wp\/v2\/product"}],"about":[{"href":"https:\/\/emmyskerzen.com\/en\/wp-json\/wp\/v2\/types\/product"}],"replies":[{"embeddable":true,"href":"https:\/\/emmyskerzen.com\/en\/wp-json\/wp\/v2\/comments?post=231"}],"wp:featuredmedia":[{"embeddable":true,"href":"https:\/\/emmyskerzen.com\/en\/wp-json\/wp\/v2\/media\/2132"}],"wp:attachment":[{"href":"https:\/\/emmyskerzen.com\/en\/wp-json\/wp\/v2\/media?parent=231"}],"wp:term":[{"taxonomy":"product_brand","embeddable":true,"href":"https:\/\/emmyskerzen.com\/en\/wp-json\/wp\/v2\/product_brand?post=231"},{"taxonomy":"product_cat","embeddable":true,"href":"https:\/\/emmyskerzen.com\/en\/wp-json\/wp\/v2\/product_cat?post=231"},{"taxonomy":"product_tag","embeddable":true,"href":"https:\/\/emmyskerzen.com\/en\/wp-json\/wp\/v2\/product_tag?post=231"}],"curies":[{"name":"wp","href":"https:\/\/api.w.org\/{rel}","templated":true}]}}