{"id":2304,"date":"2026-03-25T19:38:00","date_gmt":"2026-03-25T18:38:00","guid":{"rendered":"https:\/\/emmyskerzen.com\/?post_type=product&#038;p=2304"},"modified":"2026-04-07T19:44:35","modified_gmt":"2026-04-07T17:44:35","slug":"wassermelonen-kerze-sommer-im-glas","status":"publish","type":"product","link":"https:\/\/emmyskerzen.com\/en\/shop\/wassermelonen-kerze-sommer-im-glas\/","title":{"rendered":"Wassermelonen Kerze \u2013 Sommer im Glas"},"content":{"rendered":"<h4><strong>Wassermelonen Kerze \u2013 Sommer im Glas\ud83c\udf49<\/strong><\/h4>\n<p><em><strong>Hol dir den Sommer nach Hause\u2026<\/strong><\/em><\/p>\n<p>Diese liebevoll gestaltete Kerze erinnert an eine frische Wassermelone \u2013 mit ihren leuchtenden Farben und den detailreichen Melonenst\u00fccken ein echter Hingucker.<\/p>\n<p>Jede Kerze wird von mir handgefertigt und ist ein kleines Unikat. Die Kombination aus hochwertigem Sojawachs und sorgf\u00e4ltiger Verarbeitung sorgt nicht nur f\u00fcr eine wundersch\u00f6ne Optik, sondern auch f\u00fcr ein gleichm\u00e4\u00dfiges, sauberes Abbrennen.<\/p>\n<p>Ob als Geschenk oder f\u00fcr dich selbst \u2013 diese Kerze zaubert sofort gute Laune und ein L\u00e4cheln ins Gesicht \ud83c\udf49\u2728<\/p>\n<p>\ud83c\udf3f Details<br \/>\n\u2022 100% Sojawachs<br \/>\n\u2022 Handgemacht mit viel Liebe<br \/>\neach candle is one of a kind<br \/>\n\u2022 Gleichm\u00e4\u00dfiges Abbrennen<br \/>\n\u2022 Perfekt als Geschenk oder Sommerdeko<\/p>\n<p>\ud83c\udf81<span class=\"Apple-converted-space\">\u00a0<\/span>Perfekt f\u00fcr<br \/>\n\u2022 Sommerdeko<br \/>\n\u2022 Geschenke<br \/>\n\u2022 kleine Aufmerksamkeiten<br \/>\n\u2022 Frische &amp; fr\u00f6hliche Akzente im Zuhause<\/p>\n<p><strong>Mach dir oder einem Lieblingsmenschen eine Freude \ud83c\udf49<\/strong><\/p>\n<p>&nbsp;<\/p>\n<p>&nbsp;<\/p>\n<p>*Gesamtpreis, umsatzsteuerbefreit aufgrund des Kleinunternehmerstatus, zuz\u00fcglich Versandkosten.<\/p>\n<p>Angaben zur Produktsicherheit:<br \/>\nAchte darauf, die Kerzen stets unter Aufsicht abbrennen zu lassen. Halte sie fern von Zugluft, Vorh\u00e4ngen, brennbaren Materialien, Kindern und Haustieren. K\u00fcrze den Docht regelm\u00e4\u00dfig, um eine zu gro\u00dfe Flamme zu vermeiden und stelle die Kerze auf einen sicheren, feuerfesten Untergrund. Verwende die Kerze nur gem\u00e4\u00df den Anweisungen und achte darauf, dass die Flamme beim Brennen nicht zu hoch wird.<\/p>","protected":false},"excerpt":{"rendered":"<p>Frisch, verspielt und einfach besonders \u2013 diese handgemachte Wassermelonen Kerze bringt sofort Sommerfeeling in dein Zuhause \ud83c\udf49<\/p>","protected":false},"featured_media":2305,"comment_status":"open","ping_status":"closed","template":"","meta":[],"product_brand":[],"product_cat":[23,21,17],"product_tag":[82,239,226,225,615],"class_list":{"0":"post-2304","1":"product","2":"type-product","3":"status-publish","4":"has-post-thumbnail","6":"product_cat-food-drinks","7":"product_cat-fruehling-sommer","8":"product_cat-kerzen-fur-jeden-tag","9":"product_tag-dessertkerze","10":"product_tag-fruchtige-kerze","11":"product_tag-fruehlingskerze","12":"product_tag-sommerkerze","13":"product_tag-wassermelone-kerze","15":"first","16":"instock","17":"shipping-taxable","18":"purchasable","19":"product-type-simple","20":"add-to-wishlist-after_add_to_cart"},"yoast_head":"<!-- This site is optimized with the Yoast SEO plugin v27.4 - https:\/\/yoast.com\/product\/yoast-seo-wordpress\/ -->\n<title>Wassermelonen Kerze \u2013 Sommer im Glas - Emmys Kerzen<\/title>\n<meta name=\"description\" content=\"Handgemachte Wassermelonen Kerze aus Sojawachs \ud83c\udf49 Einzigartige Sommerdeko oder Geschenkidee \u2013 liebevoll gefertigt &amp; ein echter Hingucker.\" \/>\n<meta name=\"robots\" content=\"index, follow, max-snippet:-1, max-image-preview:large, max-video-preview:-1\" \/>\n<link rel=\"canonical\" href=\"https:\/\/emmyskerzen.com\/en\/shop\/wassermelonen-kerze-sommer-im-glas\/\" \/>\n<meta property=\"og:locale\" content=\"en_GB\" \/>\n<meta property=\"og:type\" content=\"article\" \/>\n<meta property=\"og:title\" content=\"Wassermelonen Kerze \u2013 Sommer im Glas - Emmys Kerzen\" \/>\n<meta property=\"og:description\" content=\"Handgemachte Wassermelonen Kerze aus Sojawachs \ud83c\udf49 Einzigartige Sommerdeko oder Geschenkidee \u2013 liebevoll gefertigt &amp; ein echter Hingucker.\" \/>\n<meta property=\"og:url\" content=\"https:\/\/emmyskerzen.com\/en\/shop\/wassermelonen-kerze-sommer-im-glas\/\" \/>\n<meta property=\"og:site_name\" content=\"Emmys Kerzen\" \/>\n<meta property=\"article:publisher\" content=\"https:\/\/www.facebook.com\/EmmysKerzen\/\" \/>\n<meta property=\"article:modified_time\" content=\"2026-04-07T17:44:35+00:00\" \/>\n<meta property=\"og:image\" content=\"https:\/\/emmyskerzen.com\/wp-content\/uploads\/2026\/03\/IMG_3857.jpeg\" \/>\n\t<meta property=\"og:image:width\" content=\"554\" \/>\n\t<meta property=\"og:image:height\" content=\"680\" \/>\n\t<meta property=\"og:image:type\" content=\"image\/jpeg\" \/>\n<meta name=\"twitter:card\" content=\"summary_large_image\" \/>\n<meta name=\"twitter:label1\" content=\"Estimated reading time\" \/>\n\t<meta name=\"twitter:data1\" content=\"2 minutes\" \/>\n<script type=\"application\/ld+json\" class=\"yoast-schema-graph\">{\"@context\":\"https:\\\/\\\/schema.org\",\"@graph\":[{\"@type\":\"WebPage\",\"@id\":\"https:\\\/\\\/emmyskerzen.com\\\/shop\\\/wassermelonen-kerze-sommer-im-glas\\\/\",\"url\":\"https:\\\/\\\/emmyskerzen.com\\\/shop\\\/wassermelonen-kerze-sommer-im-glas\\\/\",\"name\":\"Wassermelonen Kerze \u2013 Sommer im Glas - Emmys Kerzen\",\"isPartOf\":{\"@id\":\"https:\\\/\\\/emmyskerzen.com\\\/#website\"},\"primaryImageOfPage\":{\"@id\":\"https:\\\/\\\/emmyskerzen.com\\\/shop\\\/wassermelonen-kerze-sommer-im-glas\\\/#primaryimage\"},\"image\":{\"@id\":\"https:\\\/\\\/emmyskerzen.com\\\/shop\\\/wassermelonen-kerze-sommer-im-glas\\\/#primaryimage\"},\"thumbnailUrl\":\"https:\\\/\\\/emmyskerzen.com\\\/wp-content\\\/uploads\\\/2026\\\/03\\\/IMG_3857.jpeg\",\"datePublished\":\"2026-03-25T18:38:00+00:00\",\"dateModified\":\"2026-04-07T17:44:35+00:00\",\"description\":\"Handgemachte Wassermelonen Kerze aus Sojawachs \ud83c\udf49 Einzigartige Sommerdeko oder Geschenkidee \u2013 liebevoll gefertigt & ein echter Hingucker.\",\"breadcrumb\":{\"@id\":\"https:\\\/\\\/emmyskerzen.com\\\/shop\\\/wassermelonen-kerze-sommer-im-glas\\\/#breadcrumb\"},\"inLanguage\":\"en-GB\",\"potentialAction\":[{\"@type\":\"ReadAction\",\"target\":[\"https:\\\/\\\/emmyskerzen.com\\\/shop\\\/wassermelonen-kerze-sommer-im-glas\\\/\"]}]},{\"@type\":\"ImageObject\",\"inLanguage\":\"en-GB\",\"@id\":\"https:\\\/\\\/emmyskerzen.com\\\/shop\\\/wassermelonen-kerze-sommer-im-glas\\\/#primaryimage\",\"url\":\"https:\\\/\\\/emmyskerzen.com\\\/wp-content\\\/uploads\\\/2026\\\/03\\\/IMG_3857.jpeg\",\"contentUrl\":\"https:\\\/\\\/emmyskerzen.com\\\/wp-content\\\/uploads\\\/2026\\\/03\\\/IMG_3857.jpeg\",\"width\":554,\"height\":680},{\"@type\":\"BreadcrumbList\",\"@id\":\"https:\\\/\\\/emmyskerzen.com\\\/shop\\\/wassermelonen-kerze-sommer-im-glas\\\/#breadcrumb\",\"itemListElement\":[{\"@type\":\"ListItem\",\"position\":1,\"name\":\"Startseite\",\"item\":\"https:\\\/\\\/emmyskerzen.com\\\/\"},{\"@type\":\"ListItem\",\"position\":2,\"name\":\"Kerzen Shop\",\"item\":\"https:\\\/\\\/emmyskerzen.com\\\/shop\\\/\"},{\"@type\":\"ListItem\",\"position\":3,\"name\":\"Wassermelonen Kerze \u2013 Sommer im Glas\"}]},{\"@type\":\"WebSite\",\"@id\":\"https:\\\/\\\/emmyskerzen.com\\\/#website\",\"url\":\"https:\\\/\\\/emmyskerzen.com\\\/\",\"name\":\"Emmys Kerzen Onlineshop\",\"description\":\"personalisierte Kerzen, Dekokerzen, Duftkerzen, Geschenksets, Onlineshop\",\"publisher\":{\"@id\":\"https:\\\/\\\/emmyskerzen.com\\\/#organization\"},\"potentialAction\":[{\"@type\":\"SearchAction\",\"target\":{\"@type\":\"EntryPoint\",\"urlTemplate\":\"https:\\\/\\\/emmyskerzen.com\\\/?s={search_term_string}\"},\"query-input\":{\"@type\":\"PropertyValueSpecification\",\"valueRequired\":true,\"valueName\":\"search_term_string\"}}],\"inLanguage\":\"en-GB\"},{\"@type\":\"Organization\",\"@id\":\"https:\\\/\\\/emmyskerzen.com\\\/#organization\",\"name\":\"Emmys Kerzen Onlineshop\",\"url\":\"https:\\\/\\\/emmyskerzen.com\\\/\",\"logo\":{\"@type\":\"ImageObject\",\"inLanguage\":\"en-GB\",\"@id\":\"https:\\\/\\\/emmyskerzen.com\\\/#\\\/schema\\\/logo\\\/image\\\/\",\"url\":\"https:\\\/\\\/emmyskerzen.com\\\/wp-content\\\/uploads\\\/2026\\\/03\\\/IMG_0392.jpeg\",\"contentUrl\":\"https:\\\/\\\/emmyskerzen.com\\\/wp-content\\\/uploads\\\/2026\\\/03\\\/IMG_0392.jpeg\",\"width\":964,\"height\":975,\"caption\":\"Emmys Kerzen Onlineshop\"},\"image\":{\"@id\":\"https:\\\/\\\/emmyskerzen.com\\\/#\\\/schema\\\/logo\\\/image\\\/\"},\"sameAs\":[\"https:\\\/\\\/www.facebook.com\\\/EmmysKerzen\\\/\",\"https:\\\/\\\/www.instagram.com\\\/emmys_kerzen\\\/\",\"https:\\\/\\\/www.tiktok.com\\\/emmys.kerzen\\\/\"]}]}<\/script>\n<!-- \/ Yoast SEO plugin. -->","yoast_head_json":{"title":"Wassermelonen Kerze \u2013 Sommer im Glas - Emmys Kerzen","description":"Handgemachte Wassermelonen Kerze aus Sojawachs \ud83c\udf49 Einzigartige Sommerdeko oder Geschenkidee \u2013 liebevoll gefertigt & ein echter Hingucker.","robots":{"index":"index","follow":"follow","max-snippet":"max-snippet:-1","max-image-preview":"max-image-preview:large","max-video-preview":"max-video-preview:-1"},"canonical":"https:\/\/emmyskerzen.com\/en\/shop\/wassermelonen-kerze-sommer-im-glas\/","og_locale":"en_GB","og_type":"article","og_title":"Wassermelonen Kerze \u2013 Sommer im Glas - Emmys Kerzen","og_description":"Handgemachte Wassermelonen Kerze aus Sojawachs \ud83c\udf49 Einzigartige Sommerdeko oder Geschenkidee \u2013 liebevoll gefertigt & ein echter Hingucker.","og_url":"https:\/\/emmyskerzen.com\/en\/shop\/wassermelonen-kerze-sommer-im-glas\/","og_site_name":"Emmys Kerzen","article_publisher":"https:\/\/www.facebook.com\/EmmysKerzen\/","article_modified_time":"2026-04-07T17:44:35+00:00","og_image":[{"width":554,"height":680,"url":"https:\/\/emmyskerzen.com\/wp-content\/uploads\/2026\/03\/IMG_3857.jpeg","type":"image\/jpeg"}],"twitter_card":"summary_large_image","twitter_misc":{"Estimated reading time":"2 minutes"},"schema":{"@context":"https:\/\/schema.org","@graph":[{"@type":"WebPage","@id":"https:\/\/emmyskerzen.com\/shop\/wassermelonen-kerze-sommer-im-glas\/","url":"https:\/\/emmyskerzen.com\/shop\/wassermelonen-kerze-sommer-im-glas\/","name":"Wassermelonen Kerze \u2013 Sommer im Glas - Emmys Kerzen","isPartOf":{"@id":"https:\/\/emmyskerzen.com\/#website"},"primaryImageOfPage":{"@id":"https:\/\/emmyskerzen.com\/shop\/wassermelonen-kerze-sommer-im-glas\/#primaryimage"},"image":{"@id":"https:\/\/emmyskerzen.com\/shop\/wassermelonen-kerze-sommer-im-glas\/#primaryimage"},"thumbnailUrl":"https:\/\/emmyskerzen.com\/wp-content\/uploads\/2026\/03\/IMG_3857.jpeg","datePublished":"2026-03-25T18:38:00+00:00","dateModified":"2026-04-07T17:44:35+00:00","description":"Handgemachte Wassermelonen Kerze aus Sojawachs \ud83c\udf49 Einzigartige Sommerdeko oder Geschenkidee \u2013 liebevoll gefertigt & ein echter Hingucker.","breadcrumb":{"@id":"https:\/\/emmyskerzen.com\/shop\/wassermelonen-kerze-sommer-im-glas\/#breadcrumb"},"inLanguage":"en-GB","potentialAction":[{"@type":"ReadAction","target":["https:\/\/emmyskerzen.com\/shop\/wassermelonen-kerze-sommer-im-glas\/"]}]},{"@type":"ImageObject","inLanguage":"en-GB","@id":"https:\/\/emmyskerzen.com\/shop\/wassermelonen-kerze-sommer-im-glas\/#primaryimage","url":"https:\/\/emmyskerzen.com\/wp-content\/uploads\/2026\/03\/IMG_3857.jpeg","contentUrl":"https:\/\/emmyskerzen.com\/wp-content\/uploads\/2026\/03\/IMG_3857.jpeg","width":554,"height":680},{"@type":"BreadcrumbList","@id":"https:\/\/emmyskerzen.com\/shop\/wassermelonen-kerze-sommer-im-glas\/#breadcrumb","itemListElement":[{"@type":"ListItem","position":1,"name":"Startseite","item":"https:\/\/emmyskerzen.com\/"},{"@type":"ListItem","position":2,"name":"Kerzen Shop","item":"https:\/\/emmyskerzen.com\/shop\/"},{"@type":"ListItem","position":3,"name":"Wassermelonen Kerze \u2013 Sommer im Glas"}]},{"@type":"WebSite","@id":"https:\/\/emmyskerzen.com\/#website","url":"https:\/\/emmyskerzen.com\/","name":"Emmys Kerzen Onlineshop","description":"personalisierte Kerzen, Dekokerzen, Duftkerzen, Geschenksets, Onlineshop","publisher":{"@id":"https:\/\/emmyskerzen.com\/#organization"},"potentialAction":[{"@type":"SearchAction","target":{"@type":"EntryPoint","urlTemplate":"https:\/\/emmyskerzen.com\/?s={search_term_string}"},"query-input":{"@type":"PropertyValueSpecification","valueRequired":true,"valueName":"search_term_string"}}],"inLanguage":"en-GB"},{"@type":"Organization","@id":"https:\/\/emmyskerzen.com\/#organization","name":"Emmys Kerzen Onlineshop","url":"https:\/\/emmyskerzen.com\/","logo":{"@type":"ImageObject","inLanguage":"en-GB","@id":"https:\/\/emmyskerzen.com\/#\/schema\/logo\/image\/","url":"https:\/\/emmyskerzen.com\/wp-content\/uploads\/2026\/03\/IMG_0392.jpeg","contentUrl":"https:\/\/emmyskerzen.com\/wp-content\/uploads\/2026\/03\/IMG_0392.jpeg","width":964,"height":975,"caption":"Emmys Kerzen Onlineshop"},"image":{"@id":"https:\/\/emmyskerzen.com\/#\/schema\/logo\/image\/"},"sameAs":["https:\/\/www.facebook.com\/EmmysKerzen\/","https:\/\/www.instagram.com\/emmys_kerzen\/","https:\/\/www.tiktok.com\/emmys.kerzen\/"]}]}},"_links":{"self":[{"href":"https:\/\/emmyskerzen.com\/en\/wp-json\/wp\/v2\/product\/2304","targetHints":{"allow":["GET"]}}],"collection":[{"href":"https:\/\/emmyskerzen.com\/en\/wp-json\/wp\/v2\/product"}],"about":[{"href":"https:\/\/emmyskerzen.com\/en\/wp-json\/wp\/v2\/types\/product"}],"replies":[{"embeddable":true,"href":"https:\/\/emmyskerzen.com\/en\/wp-json\/wp\/v2\/comments?post=2304"}],"wp:featuredmedia":[{"embeddable":true,"href":"https:\/\/emmyskerzen.com\/en\/wp-json\/wp\/v2\/media\/2305"}],"wp:attachment":[{"href":"https:\/\/emmyskerzen.com\/en\/wp-json\/wp\/v2\/media?parent=2304"}],"wp:term":[{"taxonomy":"product_brand","embeddable":true,"href":"https:\/\/emmyskerzen.com\/en\/wp-json\/wp\/v2\/product_brand?post=2304"},{"taxonomy":"product_cat","embeddable":true,"href":"https:\/\/emmyskerzen.com\/en\/wp-json\/wp\/v2\/product_cat?post=2304"},{"taxonomy":"product_tag","embeddable":true,"href":"https:\/\/emmyskerzen.com\/en\/wp-json\/wp\/v2\/product_tag?post=2304"}],"curies":[{"name":"wp","href":"https:\/\/api.w.org\/{rel}","templated":true}]}}