{"id":2289,"date":"2026-03-24T14:12:24","date_gmt":"2026-03-24T13:12:24","guid":{"rendered":"https:\/\/emmyskerzen.com\/?post_type=product&#038;p=2289"},"modified":"2026-04-17T11:34:50","modified_gmt":"2026-04-17T09:34:50","slug":"personalisierte-kerze-zum-muttertag-mit-herz-gemacht","status":"publish","type":"product","link":"https:\/\/emmyskerzen.com\/en\/shop\/personalisierte-kerze-zum-muttertag-mit-herz-gemacht\/","title":{"rendered":"Personalisierte Kerze \u201eZum Muttertag\u201c \u2013 mit Herz gemacht"},"content":{"rendered":"<h3>\ud83e\ude77 Personalisierte Kerze \u201eZum Muttertag\u201c \u2013 mit Herz gemacht<\/h3>\n<p>Manchmal sagen kleine Gesten mehr als tausend Worte\u2026<\/p>\n<p>Diese liebevoll gestaltete Kerze ist mehr als nur ein Geschenk \u2013 sie ist ein Zeichen von Wertsch\u00e4tzung, Liebe und Dankbarkeit.<\/p>\n<p>Die zarten Herz-Details und die sanften Farben machen sie zu einem ganz besonderen Blickfang \u2013 perfekt, um deiner Mama ein L\u00e4cheln ins Gesicht zu zaubern.<\/p>\n<p>\u2728 Warum diese Kerze so besonders ist:<\/p>\n<ul>\n<li>\ud83d\udc9b<strong> Personalisierbar auch f\u00fcr andere Momente \u2013 mit deinem Wunschtext m\u00f6glich (bei Bestellung angeben)<\/strong><\/li>\n<li>\ud83d\udd6f\ufe0f 100% Sojawachs \u2013 nachhaltig &amp; hochwertig, 300ml<\/li>\n<li>\u2728 Handgemacht in \u00d6sterreich \u2013 jede Kerze ein Unikat<\/li>\n<li>\ud83c\udf81 Perfekt als Geschenk \u2013 liebevoll &amp; emotional<\/li>\n<\/ul>\n<p><!--more--><\/p>\n<p>\ud83c\udf38 F\u00fcr besondere Momente<\/p>\n<p>Ob zum <strong>Muttertag, Valentinstag, Geburtstag oder einfach als kleine Aufmerksamkeit<\/strong> zwischendurch \u2013 diese Kerze schafft Wohlf\u00fchlmomente und Erinnerungen, die bleiben.<\/p>\n<p>\ud83d\uded2 Dein pers\u00f6nliches Geschenk wartet<\/p>\n<p>Mach dein Geschenk einzigartig und individuell \ud83d\udc9b<\/p>\n<p>&nbsp;<\/p>\n<p>*Gesamtpreis, umsatzsteuerbefreit aufgrund des Kleinunternehmerstatus, zuz\u00fcglich Versandkosten.<\/p>\n<p>Angaben zur Produktsicherheit:<br \/>\nAchte darauf, die Kerzen stets unter Aufsicht abbrennen zu lassen. Halte sie fern von Zugluft, Vorh\u00e4ngen, brennbaren Materialien, Kindern und Haustieren. K\u00fcrze den Docht regelm\u00e4\u00dfig, um eine zu gro\u00dfe Flamme zu vermeiden und stelle die Kerze auf einen sicheren, feuerfesten Untergrund. Verwende die Kerze nur gem\u00e4\u00df den Anweisungen und achte darauf, dass die Flamme beim Brennen nicht zu hoch wird.<\/p>","protected":false},"excerpt":{"rendered":"<p>Liebevolles Geschenk zum Muttertag<br \/>\n&#8211; Diese handgemachte Kerze aus 100% Sojawachs ist ein besonderes Unikat \u2013 mit zarten Herz-Details und auf Wunsch personalisierbar.<br \/>\n\u2728 Perfekt, um deiner Mama Danke zu sagen \u2728 Handgemacht mit viel Liebe \u2728 F\u00fcr unvergessliche Momente<\/p>\n<p>\ud83d\udc49 Jetzt personalisieren &amp; verschenken<\/p>","protected":false},"featured_media":2290,"comment_status":"open","ping_status":"closed","template":"","meta":[],"product_brand":[],"product_cat":[22,17,24],"product_tag":[606,189,365,604,595,605,444,200],"class_list":{"0":"post-2289","1":"product","2":"type-product","3":"status-publish","4":"has-post-thumbnail","6":"product_cat-geschenkeanlaesse","7":"product_cat-kerzen-fur-jeden-tag","8":"product_cat-love","9":"product_tag-geschenk-muttertag-kerze","10":"product_tag-geschenkidee-kerze","11":"product_tag-herz-kerze","12":"product_tag-kerze-zum-muttertag","13":"product_tag-kerzen-shop","14":"product_tag-muttertag-kerze","15":"product_tag-personalisierte-kerze","16":"product_tag-sojawachskerze","18":"first","19":"instock","20":"shipping-taxable","21":"purchasable","22":"product-type-simple","23":"add-to-wishlist-after_add_to_cart"},"yoast_head":"<!-- This site is optimized with the Yoast SEO plugin v27.4 - https:\/\/yoast.com\/product\/yoast-seo-wordpress\/ -->\n<title>Personalisierte Kerze \u201eZum Muttertag\u201c \u2013 mit Herz gemacht - Emmys Kerzen<\/title>\n<meta name=\"description\" content=\"Personalisierte Kerze \u201eZum Muttertag\u201c - mit Herz gemacht aus Sojawachs, Handgemacht in \u00d6sterreich \u2013 einzigartiges Geschenk mit Liebe gestaltet.\" \/>\n<meta name=\"robots\" content=\"index, follow, max-snippet:-1, max-image-preview:large, max-video-preview:-1\" \/>\n<link rel=\"canonical\" href=\"https:\/\/emmyskerzen.com\/en\/shop\/personalisierte-kerze-zum-muttertag-mit-herz-gemacht\/\" \/>\n<meta property=\"og:locale\" content=\"en_GB\" \/>\n<meta property=\"og:type\" content=\"article\" \/>\n<meta property=\"og:title\" content=\"Personalisierte Kerze \u201eZum Muttertag\u201c \u2013 mit Herz gemacht - Emmys Kerzen\" \/>\n<meta property=\"og:description\" content=\"Personalisierte Kerze \u201eZum Muttertag\u201c - mit Herz gemacht aus Sojawachs, Handgemacht in \u00d6sterreich \u2013 einzigartiges Geschenk mit Liebe gestaltet.\" \/>\n<meta property=\"og:url\" content=\"https:\/\/emmyskerzen.com\/en\/shop\/personalisierte-kerze-zum-muttertag-mit-herz-gemacht\/\" \/>\n<meta property=\"og:site_name\" content=\"Emmys Kerzen\" \/>\n<meta property=\"article:publisher\" content=\"https:\/\/www.facebook.com\/EmmysKerzen\/\" \/>\n<meta property=\"article:modified_time\" content=\"2026-04-17T09:34:50+00:00\" \/>\n<meta property=\"og:image\" content=\"https:\/\/emmyskerzen.com\/wp-content\/uploads\/2026\/03\/268A7A67-7214-41CB-8077-5186D1C464BC.png\" \/>\n\t<meta property=\"og:image:width\" content=\"1024\" \/>\n\t<meta property=\"og:image:height\" content=\"1536\" \/>\n\t<meta property=\"og:image:type\" content=\"image\/png\" \/>\n<meta name=\"twitter:card\" content=\"summary_large_image\" \/>\n<meta name=\"twitter:label1\" content=\"Estimated reading time\" \/>\n\t<meta name=\"twitter:data1\" content=\"2 minutes\" \/>\n<script type=\"application\/ld+json\" class=\"yoast-schema-graph\">{\"@context\":\"https:\\\/\\\/schema.org\",\"@graph\":[{\"@type\":\"WebPage\",\"@id\":\"https:\\\/\\\/emmyskerzen.com\\\/shop\\\/personalisierte-kerze-zum-muttertag-mit-herz-gemacht\\\/\",\"url\":\"https:\\\/\\\/emmyskerzen.com\\\/shop\\\/personalisierte-kerze-zum-muttertag-mit-herz-gemacht\\\/\",\"name\":\"Personalisierte Kerze \u201eZum Muttertag\u201c \u2013 mit Herz gemacht - Emmys Kerzen\",\"isPartOf\":{\"@id\":\"https:\\\/\\\/emmyskerzen.com\\\/#website\"},\"primaryImageOfPage\":{\"@id\":\"https:\\\/\\\/emmyskerzen.com\\\/shop\\\/personalisierte-kerze-zum-muttertag-mit-herz-gemacht\\\/#primaryimage\"},\"image\":{\"@id\":\"https:\\\/\\\/emmyskerzen.com\\\/shop\\\/personalisierte-kerze-zum-muttertag-mit-herz-gemacht\\\/#primaryimage\"},\"thumbnailUrl\":\"https:\\\/\\\/emmyskerzen.com\\\/wp-content\\\/uploads\\\/2026\\\/03\\\/268A7A67-7214-41CB-8077-5186D1C464BC.png\",\"datePublished\":\"2026-03-24T13:12:24+00:00\",\"dateModified\":\"2026-04-17T09:34:50+00:00\",\"description\":\"Personalisierte Kerze \u201eZum Muttertag\u201c - mit Herz gemacht aus Sojawachs, Handgemacht in \u00d6sterreich \u2013 einzigartiges Geschenk mit Liebe gestaltet.\",\"breadcrumb\":{\"@id\":\"https:\\\/\\\/emmyskerzen.com\\\/shop\\\/personalisierte-kerze-zum-muttertag-mit-herz-gemacht\\\/#breadcrumb\"},\"inLanguage\":\"en-GB\",\"potentialAction\":[{\"@type\":\"ReadAction\",\"target\":[\"https:\\\/\\\/emmyskerzen.com\\\/shop\\\/personalisierte-kerze-zum-muttertag-mit-herz-gemacht\\\/\"]}]},{\"@type\":\"ImageObject\",\"inLanguage\":\"en-GB\",\"@id\":\"https:\\\/\\\/emmyskerzen.com\\\/shop\\\/personalisierte-kerze-zum-muttertag-mit-herz-gemacht\\\/#primaryimage\",\"url\":\"https:\\\/\\\/emmyskerzen.com\\\/wp-content\\\/uploads\\\/2026\\\/03\\\/268A7A67-7214-41CB-8077-5186D1C464BC.png\",\"contentUrl\":\"https:\\\/\\\/emmyskerzen.com\\\/wp-content\\\/uploads\\\/2026\\\/03\\\/268A7A67-7214-41CB-8077-5186D1C464BC.png\",\"width\":1024,\"height\":1536},{\"@type\":\"BreadcrumbList\",\"@id\":\"https:\\\/\\\/emmyskerzen.com\\\/shop\\\/personalisierte-kerze-zum-muttertag-mit-herz-gemacht\\\/#breadcrumb\",\"itemListElement\":[{\"@type\":\"ListItem\",\"position\":1,\"name\":\"Startseite\",\"item\":\"https:\\\/\\\/emmyskerzen.com\\\/\"},{\"@type\":\"ListItem\",\"position\":2,\"name\":\"Kerzen Shop\",\"item\":\"https:\\\/\\\/emmyskerzen.com\\\/shop\\\/\"},{\"@type\":\"ListItem\",\"position\":3,\"name\":\"Personalisierte Kerze \u201eZum Muttertag\u201c \u2013 mit Herz gemacht\"}]},{\"@type\":\"WebSite\",\"@id\":\"https:\\\/\\\/emmyskerzen.com\\\/#website\",\"url\":\"https:\\\/\\\/emmyskerzen.com\\\/\",\"name\":\"Emmys Kerzen Onlineshop\",\"description\":\"personalisierte Kerzen, Dekokerzen, Duftkerzen, Geschenksets, Onlineshop\",\"publisher\":{\"@id\":\"https:\\\/\\\/emmyskerzen.com\\\/#organization\"},\"potentialAction\":[{\"@type\":\"SearchAction\",\"target\":{\"@type\":\"EntryPoint\",\"urlTemplate\":\"https:\\\/\\\/emmyskerzen.com\\\/?s={search_term_string}\"},\"query-input\":{\"@type\":\"PropertyValueSpecification\",\"valueRequired\":true,\"valueName\":\"search_term_string\"}}],\"inLanguage\":\"en-GB\"},{\"@type\":\"Organization\",\"@id\":\"https:\\\/\\\/emmyskerzen.com\\\/#organization\",\"name\":\"Emmys Kerzen Onlineshop\",\"url\":\"https:\\\/\\\/emmyskerzen.com\\\/\",\"logo\":{\"@type\":\"ImageObject\",\"inLanguage\":\"en-GB\",\"@id\":\"https:\\\/\\\/emmyskerzen.com\\\/#\\\/schema\\\/logo\\\/image\\\/\",\"url\":\"https:\\\/\\\/emmyskerzen.com\\\/wp-content\\\/uploads\\\/2026\\\/03\\\/IMG_0392.jpeg\",\"contentUrl\":\"https:\\\/\\\/emmyskerzen.com\\\/wp-content\\\/uploads\\\/2026\\\/03\\\/IMG_0392.jpeg\",\"width\":964,\"height\":975,\"caption\":\"Emmys Kerzen Onlineshop\"},\"image\":{\"@id\":\"https:\\\/\\\/emmyskerzen.com\\\/#\\\/schema\\\/logo\\\/image\\\/\"},\"sameAs\":[\"https:\\\/\\\/www.facebook.com\\\/EmmysKerzen\\\/\",\"https:\\\/\\\/www.instagram.com\\\/emmys_kerzen\\\/\",\"https:\\\/\\\/www.tiktok.com\\\/emmys.kerzen\\\/\"]}]}<\/script>\n<!-- \/ Yoast SEO plugin. -->","yoast_head_json":{"title":"Personalisierte Kerze \u201eZum Muttertag\u201c \u2013 mit Herz gemacht - Emmys Kerzen","description":"Personalisierte Kerze \u201eZum Muttertag\u201c - mit Herz gemacht aus Sojawachs, Handgemacht in \u00d6sterreich \u2013 einzigartiges Geschenk mit Liebe gestaltet.","robots":{"index":"index","follow":"follow","max-snippet":"max-snippet:-1","max-image-preview":"max-image-preview:large","max-video-preview":"max-video-preview:-1"},"canonical":"https:\/\/emmyskerzen.com\/en\/shop\/personalisierte-kerze-zum-muttertag-mit-herz-gemacht\/","og_locale":"en_GB","og_type":"article","og_title":"Personalisierte Kerze \u201eZum Muttertag\u201c \u2013 mit Herz gemacht - Emmys Kerzen","og_description":"Personalisierte Kerze \u201eZum Muttertag\u201c - mit Herz gemacht aus Sojawachs, Handgemacht in \u00d6sterreich \u2013 einzigartiges Geschenk mit Liebe gestaltet.","og_url":"https:\/\/emmyskerzen.com\/en\/shop\/personalisierte-kerze-zum-muttertag-mit-herz-gemacht\/","og_site_name":"Emmys Kerzen","article_publisher":"https:\/\/www.facebook.com\/EmmysKerzen\/","article_modified_time":"2026-04-17T09:34:50+00:00","og_image":[{"width":1024,"height":1536,"url":"https:\/\/emmyskerzen.com\/wp-content\/uploads\/2026\/03\/268A7A67-7214-41CB-8077-5186D1C464BC.png","type":"image\/png"}],"twitter_card":"summary_large_image","twitter_misc":{"Estimated reading time":"2 minutes"},"schema":{"@context":"https:\/\/schema.org","@graph":[{"@type":"WebPage","@id":"https:\/\/emmyskerzen.com\/shop\/personalisierte-kerze-zum-muttertag-mit-herz-gemacht\/","url":"https:\/\/emmyskerzen.com\/shop\/personalisierte-kerze-zum-muttertag-mit-herz-gemacht\/","name":"Personalisierte Kerze \u201eZum Muttertag\u201c \u2013 mit Herz gemacht - Emmys Kerzen","isPartOf":{"@id":"https:\/\/emmyskerzen.com\/#website"},"primaryImageOfPage":{"@id":"https:\/\/emmyskerzen.com\/shop\/personalisierte-kerze-zum-muttertag-mit-herz-gemacht\/#primaryimage"},"image":{"@id":"https:\/\/emmyskerzen.com\/shop\/personalisierte-kerze-zum-muttertag-mit-herz-gemacht\/#primaryimage"},"thumbnailUrl":"https:\/\/emmyskerzen.com\/wp-content\/uploads\/2026\/03\/268A7A67-7214-41CB-8077-5186D1C464BC.png","datePublished":"2026-03-24T13:12:24+00:00","dateModified":"2026-04-17T09:34:50+00:00","description":"Personalisierte Kerze \u201eZum Muttertag\u201c - mit Herz gemacht aus Sojawachs, Handgemacht in \u00d6sterreich \u2013 einzigartiges Geschenk mit Liebe gestaltet.","breadcrumb":{"@id":"https:\/\/emmyskerzen.com\/shop\/personalisierte-kerze-zum-muttertag-mit-herz-gemacht\/#breadcrumb"},"inLanguage":"en-GB","potentialAction":[{"@type":"ReadAction","target":["https:\/\/emmyskerzen.com\/shop\/personalisierte-kerze-zum-muttertag-mit-herz-gemacht\/"]}]},{"@type":"ImageObject","inLanguage":"en-GB","@id":"https:\/\/emmyskerzen.com\/shop\/personalisierte-kerze-zum-muttertag-mit-herz-gemacht\/#primaryimage","url":"https:\/\/emmyskerzen.com\/wp-content\/uploads\/2026\/03\/268A7A67-7214-41CB-8077-5186D1C464BC.png","contentUrl":"https:\/\/emmyskerzen.com\/wp-content\/uploads\/2026\/03\/268A7A67-7214-41CB-8077-5186D1C464BC.png","width":1024,"height":1536},{"@type":"BreadcrumbList","@id":"https:\/\/emmyskerzen.com\/shop\/personalisierte-kerze-zum-muttertag-mit-herz-gemacht\/#breadcrumb","itemListElement":[{"@type":"ListItem","position":1,"name":"Startseite","item":"https:\/\/emmyskerzen.com\/"},{"@type":"ListItem","position":2,"name":"Kerzen Shop","item":"https:\/\/emmyskerzen.com\/shop\/"},{"@type":"ListItem","position":3,"name":"Personalisierte Kerze \u201eZum Muttertag\u201c \u2013 mit Herz gemacht"}]},{"@type":"WebSite","@id":"https:\/\/emmyskerzen.com\/#website","url":"https:\/\/emmyskerzen.com\/","name":"Emmys Kerzen Onlineshop","description":"personalisierte Kerzen, Dekokerzen, Duftkerzen, Geschenksets, Onlineshop","publisher":{"@id":"https:\/\/emmyskerzen.com\/#organization"},"potentialAction":[{"@type":"SearchAction","target":{"@type":"EntryPoint","urlTemplate":"https:\/\/emmyskerzen.com\/?s={search_term_string}"},"query-input":{"@type":"PropertyValueSpecification","valueRequired":true,"valueName":"search_term_string"}}],"inLanguage":"en-GB"},{"@type":"Organization","@id":"https:\/\/emmyskerzen.com\/#organization","name":"Emmys Kerzen Onlineshop","url":"https:\/\/emmyskerzen.com\/","logo":{"@type":"ImageObject","inLanguage":"en-GB","@id":"https:\/\/emmyskerzen.com\/#\/schema\/logo\/image\/","url":"https:\/\/emmyskerzen.com\/wp-content\/uploads\/2026\/03\/IMG_0392.jpeg","contentUrl":"https:\/\/emmyskerzen.com\/wp-content\/uploads\/2026\/03\/IMG_0392.jpeg","width":964,"height":975,"caption":"Emmys Kerzen Onlineshop"},"image":{"@id":"https:\/\/emmyskerzen.com\/#\/schema\/logo\/image\/"},"sameAs":["https:\/\/www.facebook.com\/EmmysKerzen\/","https:\/\/www.instagram.com\/emmys_kerzen\/","https:\/\/www.tiktok.com\/emmys.kerzen\/"]}]}},"_links":{"self":[{"href":"https:\/\/emmyskerzen.com\/en\/wp-json\/wp\/v2\/product\/2289","targetHints":{"allow":["GET"]}}],"collection":[{"href":"https:\/\/emmyskerzen.com\/en\/wp-json\/wp\/v2\/product"}],"about":[{"href":"https:\/\/emmyskerzen.com\/en\/wp-json\/wp\/v2\/types\/product"}],"replies":[{"embeddable":true,"href":"https:\/\/emmyskerzen.com\/en\/wp-json\/wp\/v2\/comments?post=2289"}],"wp:featuredmedia":[{"embeddable":true,"href":"https:\/\/emmyskerzen.com\/en\/wp-json\/wp\/v2\/media\/2290"}],"wp:attachment":[{"href":"https:\/\/emmyskerzen.com\/en\/wp-json\/wp\/v2\/media?parent=2289"}],"wp:term":[{"taxonomy":"product_brand","embeddable":true,"href":"https:\/\/emmyskerzen.com\/en\/wp-json\/wp\/v2\/product_brand?post=2289"},{"taxonomy":"product_cat","embeddable":true,"href":"https:\/\/emmyskerzen.com\/en\/wp-json\/wp\/v2\/product_cat?post=2289"},{"taxonomy":"product_tag","embeddable":true,"href":"https:\/\/emmyskerzen.com\/en\/wp-json\/wp\/v2\/product_tag?post=2289"}],"curies":[{"name":"wp","href":"https:\/\/api.w.org\/{rel}","templated":true}]}}