{"id":2241,"date":"2026-03-21T16:45:28","date_gmt":"2026-03-21T15:45:28","guid":{"rendered":"https:\/\/emmyskerzen.com\/?post_type=product&#038;p=2241"},"modified":"2026-03-25T19:48:40","modified_gmt":"2026-03-25T18:48:40","slug":"honigwaben-kerze-im-glas-suesse-bienen-deko","status":"publish","type":"product","link":"https:\/\/emmyskerzen.com\/en\/shop\/honigwaben-kerze-im-glas-suesse-bienen-deko\/","title":{"rendered":"Honigwaben Kerze im Glas \u2013 s\u00fc\u00dfe Bienen Deko"},"content":{"rendered":"<h3>Honigwaben Kerze im Glas \u2013 s\u00fc\u00dfe Bienen Deko<span class=\"Apple-converted-space\"> \ud83d\udc1d<\/span><\/h3>\n<p>\u2728<em><strong> Perfekt als Geschenk oder kleine Aufmerksamkeit<\/strong><\/em><br \/>\n<em><strong>\u26a0\ufe0fJede Kerze ist handgemacht \u2013 kleine Abweichungen sind m\u00f6glich<\/strong><\/em><\/p>\n<p>Diese handgefertigte Honigwaben Kerze ist ein echtes Highlight f\u00fcr dein Zuhause \ud83d\udc1d\ud83c\udf6f<\/p>\n<p>Das detailreiche Waben-Design und die kleinen s\u00fc\u00dfen Bienen machen sie zu einem besonderen Blickfang.<\/p>\n<p>Sie bringt sofort W\u00e4rme und eine gem\u00fctliche Atmosph\u00e4re in jeden Raum \ud83e\udd0d<\/p>\n<p>Ob als Geschenk oder als dekoratives Element \u2013 diese Kerze sorgt garantiert f\u00fcr ein L\u00e4cheln \u2728<\/p>\n<p>Jede Kerze wird mit viel Liebe aus hochwertigem Sojawachs gefertigt und ist somit ein echtes Unikat.<\/p>\n<p>\u2e3b<\/p>\n<p>\ud83d\udc90 Perfekt geeignet f\u00fcr:<\/p>\n<p>\u2022Geschenkideen \ud83c\udf81<\/p>\n<p>\u2022Fr\u00fchlings- &amp; Sommerdeko \ud83c\udf38<\/p>\n<p>\u2022kleine Aufmerksamkeit zwischendurch<\/p>\n<p>\u2022gem\u00fctliche Wohnmomente<\/p>\n<p>\u2e3b<\/p>\n<p>\ud83c\udf3f Details:<\/p>\n<p>\u2022handgefertigt<\/p>\n<p>\u2022100% Sojawachs<\/p>\n<p>\u2022im Glas &#8211; 150ml<\/p>\n<p>\u2022jedes St\u00fcck ein Unikat<\/p>\n<p>&nbsp;<\/p>\n<p>*Gesamtpreis, umsatzsteuerbefreit aufgrund des Kleinunternehmerstatus, zuz\u00fcglich Versandkosten.<\/p>\n<p>Angaben zur Produktsicherheit:<br \/>\nAchte darauf, die Kerzen stets unter Aufsicht abbrennen zu lassen. Halte sie fern von Zugluft, Vorh\u00e4ngen, brennbaren Materialien, Kindern und Haustieren. K\u00fcrze den Docht regelm\u00e4\u00dfig, um eine zu gro\u00dfe Flamme zu vermeiden und stelle die Kerze auf einen sicheren, feuerfesten Untergrund. Verwende die Kerze nur gem\u00e4\u00df den Anweisungen und achte darauf, dass die Flamme beim Brennen nicht zu hoch wird.<\/p>\n<p>&nbsp;<\/p>","protected":false},"excerpt":{"rendered":"<p>Liebevolles Bienen &amp; Waben Design &#8211; Handgefertigt aus 100% Sojawachs &#8211; Perfekt als Geschenk oder Deko &#8211; Ein s\u00fc\u00dfer Hingucker f\u00fcr dein Zuhause &#8211;\u00a0Ideal f\u00fcr Fr\u00fchling &amp; Sommer<\/p>","protected":false},"featured_media":2242,"comment_status":"open","ping_status":"closed","template":"","meta":[],"product_brand":[],"product_cat":[21,17],"product_tag":[227,226,42,603,571],"class_list":{"0":"post-2241","1":"product","2":"type-product","3":"status-publish","4":"has-post-thumbnail","6":"product_cat-fruehling-sommer","7":"product_cat-kerzen-fur-jeden-tag","8":"product_tag-bienen-kerze","9":"product_tag-fruehlingskerze","10":"product_tag-handgemachte-kerze","11":"product_tag-honigwaben-kerze","12":"product_tag-kerzen-shop-oesterreich","14":"first","15":"instock","16":"shipping-taxable","17":"purchasable","18":"product-type-simple","19":"add-to-wishlist-after_add_to_cart"},"yoast_head":"<!-- This site is optimized with the Yoast SEO plugin v27.4 - https:\/\/yoast.com\/product\/yoast-seo-wordpress\/ -->\n<title>Honigwaben Kerze im Glas \u2013 s\u00fc\u00dfe Bienen Deko - Emmys Kerzen<\/title>\n<meta name=\"description\" content=\"S\u00fc\u00dfe Honigwaben Kerze mit kleinen Bienen \u2013 perfekt als Geschenk\/Mitbringsel oder liebevolle Deko f\u00fcr den Fr\u00fchling und Sommer.\" \/>\n<meta name=\"robots\" content=\"index, follow, max-snippet:-1, max-image-preview:large, max-video-preview:-1\" \/>\n<link rel=\"canonical\" href=\"https:\/\/emmyskerzen.com\/en\/shop\/honigwaben-kerze-im-glas-suesse-bienen-deko\/\" \/>\n<meta property=\"og:locale\" content=\"en_GB\" \/>\n<meta property=\"og:type\" content=\"article\" \/>\n<meta property=\"og:title\" content=\"Honigwaben Kerze im Glas \u2013 s\u00fc\u00dfe Bienen Deko - Emmys Kerzen\" \/>\n<meta property=\"og:description\" content=\"S\u00fc\u00dfe Honigwaben Kerze mit kleinen Bienen \u2013 perfekt als Geschenk\/Mitbringsel oder liebevolle Deko f\u00fcr den Fr\u00fchling und Sommer.\" \/>\n<meta property=\"og:url\" content=\"https:\/\/emmyskerzen.com\/en\/shop\/honigwaben-kerze-im-glas-suesse-bienen-deko\/\" \/>\n<meta property=\"og:site_name\" content=\"Emmys Kerzen\" \/>\n<meta property=\"article:publisher\" content=\"https:\/\/www.facebook.com\/EmmysKerzen\/\" \/>\n<meta property=\"article:modified_time\" content=\"2026-03-25T18:48:40+00:00\" \/>\n<meta property=\"og:image\" content=\"https:\/\/emmyskerzen.com\/wp-content\/uploads\/2026\/03\/46891B54-27CC-41CD-90F7-91CA5C8E2A5C-683x1024.png\" \/>\n\t<meta property=\"og:image:width\" content=\"683\" \/>\n\t<meta property=\"og:image:height\" content=\"1024\" \/>\n\t<meta property=\"og:image:type\" content=\"image\/png\" \/>\n<meta name=\"twitter:card\" content=\"summary_large_image\" \/>\n<meta name=\"twitter:label1\" content=\"Estimated reading time\" \/>\n\t<meta name=\"twitter:data1\" content=\"2 minutes\" \/>\n<script type=\"application\/ld+json\" class=\"yoast-schema-graph\">{\"@context\":\"https:\\\/\\\/schema.org\",\"@graph\":[{\"@type\":\"WebPage\",\"@id\":\"https:\\\/\\\/emmyskerzen.com\\\/shop\\\/honigwaben-kerze-im-glas-suesse-bienen-deko\\\/\",\"url\":\"https:\\\/\\\/emmyskerzen.com\\\/shop\\\/honigwaben-kerze-im-glas-suesse-bienen-deko\\\/\",\"name\":\"Honigwaben Kerze im Glas \u2013 s\u00fc\u00dfe Bienen Deko - Emmys Kerzen\",\"isPartOf\":{\"@id\":\"https:\\\/\\\/emmyskerzen.com\\\/#website\"},\"primaryImageOfPage\":{\"@id\":\"https:\\\/\\\/emmyskerzen.com\\\/shop\\\/honigwaben-kerze-im-glas-suesse-bienen-deko\\\/#primaryimage\"},\"image\":{\"@id\":\"https:\\\/\\\/emmyskerzen.com\\\/shop\\\/honigwaben-kerze-im-glas-suesse-bienen-deko\\\/#primaryimage\"},\"thumbnailUrl\":\"https:\\\/\\\/emmyskerzen.com\\\/wp-content\\\/uploads\\\/2026\\\/03\\\/46891B54-27CC-41CD-90F7-91CA5C8E2A5C.png\",\"datePublished\":\"2026-03-21T15:45:28+00:00\",\"dateModified\":\"2026-03-25T18:48:40+00:00\",\"description\":\"S\u00fc\u00dfe Honigwaben Kerze mit kleinen Bienen \u2013 perfekt als Geschenk\\\/Mitbringsel oder liebevolle Deko f\u00fcr den Fr\u00fchling und Sommer.\",\"breadcrumb\":{\"@id\":\"https:\\\/\\\/emmyskerzen.com\\\/shop\\\/honigwaben-kerze-im-glas-suesse-bienen-deko\\\/#breadcrumb\"},\"inLanguage\":\"en-GB\",\"potentialAction\":[{\"@type\":\"ReadAction\",\"target\":[\"https:\\\/\\\/emmyskerzen.com\\\/shop\\\/honigwaben-kerze-im-glas-suesse-bienen-deko\\\/\"]}]},{\"@type\":\"ImageObject\",\"inLanguage\":\"en-GB\",\"@id\":\"https:\\\/\\\/emmyskerzen.com\\\/shop\\\/honigwaben-kerze-im-glas-suesse-bienen-deko\\\/#primaryimage\",\"url\":\"https:\\\/\\\/emmyskerzen.com\\\/wp-content\\\/uploads\\\/2026\\\/03\\\/46891B54-27CC-41CD-90F7-91CA5C8E2A5C.png\",\"contentUrl\":\"https:\\\/\\\/emmyskerzen.com\\\/wp-content\\\/uploads\\\/2026\\\/03\\\/46891B54-27CC-41CD-90F7-91CA5C8E2A5C.png\",\"width\":1024,\"height\":1536},{\"@type\":\"BreadcrumbList\",\"@id\":\"https:\\\/\\\/emmyskerzen.com\\\/shop\\\/honigwaben-kerze-im-glas-suesse-bienen-deko\\\/#breadcrumb\",\"itemListElement\":[{\"@type\":\"ListItem\",\"position\":1,\"name\":\"Startseite\",\"item\":\"https:\\\/\\\/emmyskerzen.com\\\/\"},{\"@type\":\"ListItem\",\"position\":2,\"name\":\"Kerzen Shop\",\"item\":\"https:\\\/\\\/emmyskerzen.com\\\/shop\\\/\"},{\"@type\":\"ListItem\",\"position\":3,\"name\":\"Honigwaben Kerze im Glas \u2013 s\u00fc\u00dfe Bienen Deko\"}]},{\"@type\":\"WebSite\",\"@id\":\"https:\\\/\\\/emmyskerzen.com\\\/#website\",\"url\":\"https:\\\/\\\/emmyskerzen.com\\\/\",\"name\":\"Emmys Kerzen Onlineshop\",\"description\":\"personalisierte Kerzen, Dekokerzen, Duftkerzen, Geschenksets, Onlineshop\",\"publisher\":{\"@id\":\"https:\\\/\\\/emmyskerzen.com\\\/#organization\"},\"potentialAction\":[{\"@type\":\"SearchAction\",\"target\":{\"@type\":\"EntryPoint\",\"urlTemplate\":\"https:\\\/\\\/emmyskerzen.com\\\/?s={search_term_string}\"},\"query-input\":{\"@type\":\"PropertyValueSpecification\",\"valueRequired\":true,\"valueName\":\"search_term_string\"}}],\"inLanguage\":\"en-GB\"},{\"@type\":\"Organization\",\"@id\":\"https:\\\/\\\/emmyskerzen.com\\\/#organization\",\"name\":\"Emmys Kerzen Onlineshop\",\"url\":\"https:\\\/\\\/emmyskerzen.com\\\/\",\"logo\":{\"@type\":\"ImageObject\",\"inLanguage\":\"en-GB\",\"@id\":\"https:\\\/\\\/emmyskerzen.com\\\/#\\\/schema\\\/logo\\\/image\\\/\",\"url\":\"https:\\\/\\\/emmyskerzen.com\\\/wp-content\\\/uploads\\\/2026\\\/03\\\/IMG_0392.jpeg\",\"contentUrl\":\"https:\\\/\\\/emmyskerzen.com\\\/wp-content\\\/uploads\\\/2026\\\/03\\\/IMG_0392.jpeg\",\"width\":964,\"height\":975,\"caption\":\"Emmys Kerzen Onlineshop\"},\"image\":{\"@id\":\"https:\\\/\\\/emmyskerzen.com\\\/#\\\/schema\\\/logo\\\/image\\\/\"},\"sameAs\":[\"https:\\\/\\\/www.facebook.com\\\/EmmysKerzen\\\/\",\"https:\\\/\\\/www.instagram.com\\\/emmys_kerzen\\\/\",\"https:\\\/\\\/www.tiktok.com\\\/emmys.kerzen\\\/\"]}]}<\/script>\n<!-- \/ Yoast SEO plugin. -->","yoast_head_json":{"title":"Honigwaben Kerze im Glas \u2013 s\u00fc\u00dfe Bienen Deko - Emmys Kerzen","description":"S\u00fc\u00dfe Honigwaben Kerze mit kleinen Bienen \u2013 perfekt als Geschenk\/Mitbringsel oder liebevolle Deko f\u00fcr den Fr\u00fchling und Sommer.","robots":{"index":"index","follow":"follow","max-snippet":"max-snippet:-1","max-image-preview":"max-image-preview:large","max-video-preview":"max-video-preview:-1"},"canonical":"https:\/\/emmyskerzen.com\/en\/shop\/honigwaben-kerze-im-glas-suesse-bienen-deko\/","og_locale":"en_GB","og_type":"article","og_title":"Honigwaben Kerze im Glas \u2013 s\u00fc\u00dfe Bienen Deko - Emmys Kerzen","og_description":"S\u00fc\u00dfe Honigwaben Kerze mit kleinen Bienen \u2013 perfekt als Geschenk\/Mitbringsel oder liebevolle Deko f\u00fcr den Fr\u00fchling und Sommer.","og_url":"https:\/\/emmyskerzen.com\/en\/shop\/honigwaben-kerze-im-glas-suesse-bienen-deko\/","og_site_name":"Emmys Kerzen","article_publisher":"https:\/\/www.facebook.com\/EmmysKerzen\/","article_modified_time":"2026-03-25T18:48:40+00:00","og_image":[{"width":683,"height":1024,"url":"https:\/\/emmyskerzen.com\/wp-content\/uploads\/2026\/03\/46891B54-27CC-41CD-90F7-91CA5C8E2A5C-683x1024.png","type":"image\/png"}],"twitter_card":"summary_large_image","twitter_misc":{"Estimated reading time":"2 minutes"},"schema":{"@context":"https:\/\/schema.org","@graph":[{"@type":"WebPage","@id":"https:\/\/emmyskerzen.com\/shop\/honigwaben-kerze-im-glas-suesse-bienen-deko\/","url":"https:\/\/emmyskerzen.com\/shop\/honigwaben-kerze-im-glas-suesse-bienen-deko\/","name":"Honigwaben Kerze im Glas \u2013 s\u00fc\u00dfe Bienen Deko - Emmys Kerzen","isPartOf":{"@id":"https:\/\/emmyskerzen.com\/#website"},"primaryImageOfPage":{"@id":"https:\/\/emmyskerzen.com\/shop\/honigwaben-kerze-im-glas-suesse-bienen-deko\/#primaryimage"},"image":{"@id":"https:\/\/emmyskerzen.com\/shop\/honigwaben-kerze-im-glas-suesse-bienen-deko\/#primaryimage"},"thumbnailUrl":"https:\/\/emmyskerzen.com\/wp-content\/uploads\/2026\/03\/46891B54-27CC-41CD-90F7-91CA5C8E2A5C.png","datePublished":"2026-03-21T15:45:28+00:00","dateModified":"2026-03-25T18:48:40+00:00","description":"S\u00fc\u00dfe Honigwaben Kerze mit kleinen Bienen \u2013 perfekt als Geschenk\/Mitbringsel oder liebevolle Deko f\u00fcr den Fr\u00fchling und Sommer.","breadcrumb":{"@id":"https:\/\/emmyskerzen.com\/shop\/honigwaben-kerze-im-glas-suesse-bienen-deko\/#breadcrumb"},"inLanguage":"en-GB","potentialAction":[{"@type":"ReadAction","target":["https:\/\/emmyskerzen.com\/shop\/honigwaben-kerze-im-glas-suesse-bienen-deko\/"]}]},{"@type":"ImageObject","inLanguage":"en-GB","@id":"https:\/\/emmyskerzen.com\/shop\/honigwaben-kerze-im-glas-suesse-bienen-deko\/#primaryimage","url":"https:\/\/emmyskerzen.com\/wp-content\/uploads\/2026\/03\/46891B54-27CC-41CD-90F7-91CA5C8E2A5C.png","contentUrl":"https:\/\/emmyskerzen.com\/wp-content\/uploads\/2026\/03\/46891B54-27CC-41CD-90F7-91CA5C8E2A5C.png","width":1024,"height":1536},{"@type":"BreadcrumbList","@id":"https:\/\/emmyskerzen.com\/shop\/honigwaben-kerze-im-glas-suesse-bienen-deko\/#breadcrumb","itemListElement":[{"@type":"ListItem","position":1,"name":"Startseite","item":"https:\/\/emmyskerzen.com\/"},{"@type":"ListItem","position":2,"name":"Kerzen Shop","item":"https:\/\/emmyskerzen.com\/shop\/"},{"@type":"ListItem","position":3,"name":"Honigwaben Kerze im Glas \u2013 s\u00fc\u00dfe Bienen Deko"}]},{"@type":"WebSite","@id":"https:\/\/emmyskerzen.com\/#website","url":"https:\/\/emmyskerzen.com\/","name":"Emmys Kerzen Onlineshop","description":"personalisierte Kerzen, Dekokerzen, Duftkerzen, Geschenksets, Onlineshop","publisher":{"@id":"https:\/\/emmyskerzen.com\/#organization"},"potentialAction":[{"@type":"SearchAction","target":{"@type":"EntryPoint","urlTemplate":"https:\/\/emmyskerzen.com\/?s={search_term_string}"},"query-input":{"@type":"PropertyValueSpecification","valueRequired":true,"valueName":"search_term_string"}}],"inLanguage":"en-GB"},{"@type":"Organization","@id":"https:\/\/emmyskerzen.com\/#organization","name":"Emmys Kerzen Onlineshop","url":"https:\/\/emmyskerzen.com\/","logo":{"@type":"ImageObject","inLanguage":"en-GB","@id":"https:\/\/emmyskerzen.com\/#\/schema\/logo\/image\/","url":"https:\/\/emmyskerzen.com\/wp-content\/uploads\/2026\/03\/IMG_0392.jpeg","contentUrl":"https:\/\/emmyskerzen.com\/wp-content\/uploads\/2026\/03\/IMG_0392.jpeg","width":964,"height":975,"caption":"Emmys Kerzen Onlineshop"},"image":{"@id":"https:\/\/emmyskerzen.com\/#\/schema\/logo\/image\/"},"sameAs":["https:\/\/www.facebook.com\/EmmysKerzen\/","https:\/\/www.instagram.com\/emmys_kerzen\/","https:\/\/www.tiktok.com\/emmys.kerzen\/"]}]}},"_links":{"self":[{"href":"https:\/\/emmyskerzen.com\/en\/wp-json\/wp\/v2\/product\/2241","targetHints":{"allow":["GET"]}}],"collection":[{"href":"https:\/\/emmyskerzen.com\/en\/wp-json\/wp\/v2\/product"}],"about":[{"href":"https:\/\/emmyskerzen.com\/en\/wp-json\/wp\/v2\/types\/product"}],"replies":[{"embeddable":true,"href":"https:\/\/emmyskerzen.com\/en\/wp-json\/wp\/v2\/comments?post=2241"}],"wp:featuredmedia":[{"embeddable":true,"href":"https:\/\/emmyskerzen.com\/en\/wp-json\/wp\/v2\/media\/2242"}],"wp:attachment":[{"href":"https:\/\/emmyskerzen.com\/en\/wp-json\/wp\/v2\/media?parent=2241"}],"wp:term":[{"taxonomy":"product_brand","embeddable":true,"href":"https:\/\/emmyskerzen.com\/en\/wp-json\/wp\/v2\/product_brand?post=2241"},{"taxonomy":"product_cat","embeddable":true,"href":"https:\/\/emmyskerzen.com\/en\/wp-json\/wp\/v2\/product_cat?post=2241"},{"taxonomy":"product_tag","embeddable":true,"href":"https:\/\/emmyskerzen.com\/en\/wp-json\/wp\/v2\/product_tag?post=2241"}],"curies":[{"name":"wp","href":"https:\/\/api.w.org\/{rel}","templated":true}]}}