{"id":206,"date":"2025-10-13T12:49:03","date_gmt":"2025-10-13T10:49:03","guid":{"rendered":"https:\/\/emmyskerzen.com\/?post_type=product&#038;p=206"},"modified":"2026-03-21T15:25:08","modified_gmt":"2026-03-21T14:25:08","slug":"erinnerungskerze-tier-liebevolles-andenken","status":"publish","type":"product","link":"https:\/\/emmyskerzen.com\/en\/shop\/erinnerungskerze-tier-liebevolles-andenken\/","title":{"rendered":"Erinnerungskerze Tier \u2013 liebevolles Andenken"},"content":{"rendered":"<h3>Trauerkerze Tier &#8211; eine liebevolle Erinnerung an deinen Fellfreund<\/h3>\n<h4>\ud83d\udc8c Optional<br \/>\n\u2022 Personalisierung mit Namen, Datum m\u00f6glich (Etikett)<\/h4>\n<p>Auch ganz eigene Vorstellungen k\u00f6nnen umgesetzt werden! Bitte anfragen!<\/p>\n<h5>\u2728 Ein Licht f\u00fcr die Erinnerung:<br \/>\nDiese handgefertigte Gedenkkerze &#8222;Trauerkerze Tier&#8220;, ist ein liebevoller Weg, einem verstorbenen Haustier zu gedenken.<br \/>\nIm Glas vereinen sich Symbole voller Bedeutung:<br \/>\n\u2022 Pfote \u2013 f\u00fcr die Spuren, die dein Tier im Herzen hinterlassen hat<br \/>\n\u2022 Engel mit Herz \u2013 als Besch\u00fctzer und Begleiter<br \/>\n\u2022 Wolke &amp; Sterne \u2013 f\u00fcr Frieden und Hoffnung<\/h5>\n<p>Produktdetails:<br \/>\nMaterial: 100% Sojawachs, ohne Paraffin, ohne Palm\u00f6l, ohne k\u00fcnstliche Zusatzstoffe<br \/>\nFarben: schwarz\/grau, wei\u00df, gelb<br \/>\nForm: Engel, Pfote, Wolke, Sterne<br \/>\nMa\u00dfe: 9&#215;8 cm<br \/>\nohne Duft<br \/>\ntierleidfrei und liebevoll verarbeitet<\/p>\n<p>\ud83c\udf81 Perfekt auch\u00a0 als Geschenk f\u00fcr Tierbesitzer, die einen geliebten Begleiter verabschieden mussten.<\/p>\n<p>&nbsp;<\/p>\n<p>*Gesamtpreis, umsatzsteuerbefreit aufgrund des Kleinunternehmerstatus, zuz\u00fcglich Versandkosten.<\/p>\n<p>Angaben zur Produktsicherheit:<br \/>\nAchte darauf, die Kerzen stets unter Aufsicht abbrennen zu lassen. Halte sie fern von Zugluft, Vorh\u00e4ngen, brennbaren Materialien, Kindern und Haustieren. K\u00fcrze den Docht regelm\u00e4\u00dfig, um eine zu gro\u00dfe Flamme zu vermeiden und stelle die Kerze auf einen sicheren, feuerfesten Untergrund. Verwende die Kerze nur gem\u00e4\u00df den Anweisungen und achte darauf, dass die Flamme beim Brennen nicht zu hoch wird.<\/p>","protected":false},"excerpt":{"rendered":"<p>Trauerkerze<\/p>","protected":false},"featured_media":2102,"comment_status":"open","ping_status":"closed","template":"","meta":[],"product_brand":[],"product_cat":[17],"product_tag":[218,42,451,200,217],"class_list":{"0":"post-206","1":"product","2":"type-product","3":"status-publish","4":"has-post-thumbnail","6":"product_cat-kerzen-fur-jeden-tag","7":"product_tag-erinnerungskerze","8":"product_tag-handgemachte-kerze","9":"product_tag-kerzenshop","10":"product_tag-sojawachskerze","11":"product_tag-trauerkerze","13":"first","14":"instock","15":"shipping-taxable","16":"purchasable","17":"product-type-variable","18":"add-to-wishlist-after_add_to_cart"},"yoast_head":"<!-- This site is optimized with the Yoast SEO plugin v27.4 - https:\/\/yoast.com\/product\/yoast-seo-wordpress\/ -->\n<title>Erinnerungskerze Tier \u2013 liebevolles Andenken - Emmys Kerzen<\/title>\n<meta name=\"description\" content=\"Diese liebevoll gestaltete Kerze bringt warmes Licht in traurigen Zeiten zu dir nach Hause. Handgegossen, hochwertig. Jetzt bestellen!\" \/>\n<meta name=\"robots\" content=\"index, follow, max-snippet:-1, max-image-preview:large, max-video-preview:-1\" \/>\n<link rel=\"canonical\" href=\"https:\/\/emmyskerzen.com\/en\/shop\/erinnerungskerze-tier-liebevolles-andenken\/\" \/>\n<meta property=\"og:locale\" content=\"en_GB\" \/>\n<meta property=\"og:type\" content=\"article\" \/>\n<meta property=\"og:title\" content=\"Erinnerungskerze Tier \u2013 liebevolles Andenken - Emmys Kerzen\" \/>\n<meta property=\"og:description\" content=\"Diese liebevoll gestaltete Kerze bringt warmes Licht in traurigen Zeiten zu dir nach Hause. Handgegossen, hochwertig. Jetzt bestellen!\" \/>\n<meta property=\"og:url\" content=\"https:\/\/emmyskerzen.com\/en\/shop\/erinnerungskerze-tier-liebevolles-andenken\/\" \/>\n<meta property=\"og:site_name\" content=\"Emmys Kerzen\" \/>\n<meta property=\"article:publisher\" content=\"https:\/\/www.facebook.com\/EmmysKerzen\/\" \/>\n<meta property=\"article:modified_time\" content=\"2026-03-21T14:25:08+00:00\" \/>\n<meta property=\"og:image\" content=\"https:\/\/emmyskerzen.com\/wp-content\/uploads\/2025\/10\/803E8F0E-F491-469E-A37F-59B3FD9E8A53-683x1024.png\" \/>\n\t<meta property=\"og:image:width\" content=\"683\" \/>\n\t<meta property=\"og:image:height\" content=\"1024\" \/>\n\t<meta property=\"og:image:type\" content=\"image\/png\" \/>\n<meta name=\"twitter:card\" content=\"summary_large_image\" \/>\n<meta name=\"twitter:label1\" content=\"Estimated reading time\" \/>\n\t<meta name=\"twitter:data1\" content=\"2 minutes\" \/>\n<script type=\"application\/ld+json\" class=\"yoast-schema-graph\">{\"@context\":\"https:\\\/\\\/schema.org\",\"@graph\":[{\"@type\":\"WebPage\",\"@id\":\"https:\\\/\\\/emmyskerzen.com\\\/shop\\\/erinnerungskerze-tier-liebevolles-andenken\\\/\",\"url\":\"https:\\\/\\\/emmyskerzen.com\\\/shop\\\/erinnerungskerze-tier-liebevolles-andenken\\\/\",\"name\":\"Erinnerungskerze Tier \u2013 liebevolles Andenken - Emmys Kerzen\",\"isPartOf\":{\"@id\":\"https:\\\/\\\/emmyskerzen.com\\\/#website\"},\"primaryImageOfPage\":{\"@id\":\"https:\\\/\\\/emmyskerzen.com\\\/shop\\\/erinnerungskerze-tier-liebevolles-andenken\\\/#primaryimage\"},\"image\":{\"@id\":\"https:\\\/\\\/emmyskerzen.com\\\/shop\\\/erinnerungskerze-tier-liebevolles-andenken\\\/#primaryimage\"},\"thumbnailUrl\":\"https:\\\/\\\/emmyskerzen.com\\\/wp-content\\\/uploads\\\/2025\\\/10\\\/803E8F0E-F491-469E-A37F-59B3FD9E8A53.png\",\"datePublished\":\"2025-10-13T10:49:03+00:00\",\"dateModified\":\"2026-03-21T14:25:08+00:00\",\"description\":\"Diese liebevoll gestaltete Kerze bringt warmes Licht in traurigen Zeiten zu dir nach Hause. Handgegossen, hochwertig. Jetzt bestellen!\",\"breadcrumb\":{\"@id\":\"https:\\\/\\\/emmyskerzen.com\\\/shop\\\/erinnerungskerze-tier-liebevolles-andenken\\\/#breadcrumb\"},\"inLanguage\":\"en-GB\",\"potentialAction\":[{\"@type\":\"ReadAction\",\"target\":[\"https:\\\/\\\/emmyskerzen.com\\\/shop\\\/erinnerungskerze-tier-liebevolles-andenken\\\/\"]}]},{\"@type\":\"ImageObject\",\"inLanguage\":\"en-GB\",\"@id\":\"https:\\\/\\\/emmyskerzen.com\\\/shop\\\/erinnerungskerze-tier-liebevolles-andenken\\\/#primaryimage\",\"url\":\"https:\\\/\\\/emmyskerzen.com\\\/wp-content\\\/uploads\\\/2025\\\/10\\\/803E8F0E-F491-469E-A37F-59B3FD9E8A53.png\",\"contentUrl\":\"https:\\\/\\\/emmyskerzen.com\\\/wp-content\\\/uploads\\\/2025\\\/10\\\/803E8F0E-F491-469E-A37F-59B3FD9E8A53.png\",\"width\":1024,\"height\":1536},{\"@type\":\"BreadcrumbList\",\"@id\":\"https:\\\/\\\/emmyskerzen.com\\\/shop\\\/erinnerungskerze-tier-liebevolles-andenken\\\/#breadcrumb\",\"itemListElement\":[{\"@type\":\"ListItem\",\"position\":1,\"name\":\"Startseite\",\"item\":\"https:\\\/\\\/emmyskerzen.com\\\/\"},{\"@type\":\"ListItem\",\"position\":2,\"name\":\"Kerzen Shop\",\"item\":\"https:\\\/\\\/emmyskerzen.com\\\/shop\\\/\"},{\"@type\":\"ListItem\",\"position\":3,\"name\":\"Erinnerungskerze Tier \u2013 liebevolles Andenken\"}]},{\"@type\":\"WebSite\",\"@id\":\"https:\\\/\\\/emmyskerzen.com\\\/#website\",\"url\":\"https:\\\/\\\/emmyskerzen.com\\\/\",\"name\":\"Emmys Kerzen Onlineshop\",\"description\":\"personalisierte Kerzen, Dekokerzen, Duftkerzen, Geschenksets, Onlineshop\",\"publisher\":{\"@id\":\"https:\\\/\\\/emmyskerzen.com\\\/#organization\"},\"potentialAction\":[{\"@type\":\"SearchAction\",\"target\":{\"@type\":\"EntryPoint\",\"urlTemplate\":\"https:\\\/\\\/emmyskerzen.com\\\/?s={search_term_string}\"},\"query-input\":{\"@type\":\"PropertyValueSpecification\",\"valueRequired\":true,\"valueName\":\"search_term_string\"}}],\"inLanguage\":\"en-GB\"},{\"@type\":\"Organization\",\"@id\":\"https:\\\/\\\/emmyskerzen.com\\\/#organization\",\"name\":\"Emmys Kerzen Onlineshop\",\"url\":\"https:\\\/\\\/emmyskerzen.com\\\/\",\"logo\":{\"@type\":\"ImageObject\",\"inLanguage\":\"en-GB\",\"@id\":\"https:\\\/\\\/emmyskerzen.com\\\/#\\\/schema\\\/logo\\\/image\\\/\",\"url\":\"https:\\\/\\\/emmyskerzen.com\\\/wp-content\\\/uploads\\\/2026\\\/03\\\/IMG_0392.jpeg\",\"contentUrl\":\"https:\\\/\\\/emmyskerzen.com\\\/wp-content\\\/uploads\\\/2026\\\/03\\\/IMG_0392.jpeg\",\"width\":964,\"height\":975,\"caption\":\"Emmys Kerzen Onlineshop\"},\"image\":{\"@id\":\"https:\\\/\\\/emmyskerzen.com\\\/#\\\/schema\\\/logo\\\/image\\\/\"},\"sameAs\":[\"https:\\\/\\\/www.facebook.com\\\/EmmysKerzen\\\/\",\"https:\\\/\\\/www.instagram.com\\\/emmys_kerzen\\\/\",\"https:\\\/\\\/www.tiktok.com\\\/emmys.kerzen\\\/\"]}]}<\/script>\n<!-- \/ Yoast SEO plugin. -->","yoast_head_json":{"title":"Erinnerungskerze Tier \u2013 liebevolles Andenken - Emmys Kerzen","description":"Diese liebevoll gestaltete Kerze bringt warmes Licht in traurigen Zeiten zu dir nach Hause. Handgegossen, hochwertig. Jetzt bestellen!","robots":{"index":"index","follow":"follow","max-snippet":"max-snippet:-1","max-image-preview":"max-image-preview:large","max-video-preview":"max-video-preview:-1"},"canonical":"https:\/\/emmyskerzen.com\/en\/shop\/erinnerungskerze-tier-liebevolles-andenken\/","og_locale":"en_GB","og_type":"article","og_title":"Erinnerungskerze Tier \u2013 liebevolles Andenken - Emmys Kerzen","og_description":"Diese liebevoll gestaltete Kerze bringt warmes Licht in traurigen Zeiten zu dir nach Hause. Handgegossen, hochwertig. Jetzt bestellen!","og_url":"https:\/\/emmyskerzen.com\/en\/shop\/erinnerungskerze-tier-liebevolles-andenken\/","og_site_name":"Emmys Kerzen","article_publisher":"https:\/\/www.facebook.com\/EmmysKerzen\/","article_modified_time":"2026-03-21T14:25:08+00:00","og_image":[{"width":683,"height":1024,"url":"https:\/\/emmyskerzen.com\/wp-content\/uploads\/2025\/10\/803E8F0E-F491-469E-A37F-59B3FD9E8A53-683x1024.png","type":"image\/png"}],"twitter_card":"summary_large_image","twitter_misc":{"Estimated reading time":"2 minutes"},"schema":{"@context":"https:\/\/schema.org","@graph":[{"@type":"WebPage","@id":"https:\/\/emmyskerzen.com\/shop\/erinnerungskerze-tier-liebevolles-andenken\/","url":"https:\/\/emmyskerzen.com\/shop\/erinnerungskerze-tier-liebevolles-andenken\/","name":"Erinnerungskerze Tier \u2013 liebevolles Andenken - Emmys Kerzen","isPartOf":{"@id":"https:\/\/emmyskerzen.com\/#website"},"primaryImageOfPage":{"@id":"https:\/\/emmyskerzen.com\/shop\/erinnerungskerze-tier-liebevolles-andenken\/#primaryimage"},"image":{"@id":"https:\/\/emmyskerzen.com\/shop\/erinnerungskerze-tier-liebevolles-andenken\/#primaryimage"},"thumbnailUrl":"https:\/\/emmyskerzen.com\/wp-content\/uploads\/2025\/10\/803E8F0E-F491-469E-A37F-59B3FD9E8A53.png","datePublished":"2025-10-13T10:49:03+00:00","dateModified":"2026-03-21T14:25:08+00:00","description":"Diese liebevoll gestaltete Kerze bringt warmes Licht in traurigen Zeiten zu dir nach Hause. Handgegossen, hochwertig. Jetzt bestellen!","breadcrumb":{"@id":"https:\/\/emmyskerzen.com\/shop\/erinnerungskerze-tier-liebevolles-andenken\/#breadcrumb"},"inLanguage":"en-GB","potentialAction":[{"@type":"ReadAction","target":["https:\/\/emmyskerzen.com\/shop\/erinnerungskerze-tier-liebevolles-andenken\/"]}]},{"@type":"ImageObject","inLanguage":"en-GB","@id":"https:\/\/emmyskerzen.com\/shop\/erinnerungskerze-tier-liebevolles-andenken\/#primaryimage","url":"https:\/\/emmyskerzen.com\/wp-content\/uploads\/2025\/10\/803E8F0E-F491-469E-A37F-59B3FD9E8A53.png","contentUrl":"https:\/\/emmyskerzen.com\/wp-content\/uploads\/2025\/10\/803E8F0E-F491-469E-A37F-59B3FD9E8A53.png","width":1024,"height":1536},{"@type":"BreadcrumbList","@id":"https:\/\/emmyskerzen.com\/shop\/erinnerungskerze-tier-liebevolles-andenken\/#breadcrumb","itemListElement":[{"@type":"ListItem","position":1,"name":"Startseite","item":"https:\/\/emmyskerzen.com\/"},{"@type":"ListItem","position":2,"name":"Kerzen Shop","item":"https:\/\/emmyskerzen.com\/shop\/"},{"@type":"ListItem","position":3,"name":"Erinnerungskerze Tier \u2013 liebevolles Andenken"}]},{"@type":"WebSite","@id":"https:\/\/emmyskerzen.com\/#website","url":"https:\/\/emmyskerzen.com\/","name":"Emmys Kerzen Onlineshop","description":"personalisierte Kerzen, Dekokerzen, Duftkerzen, Geschenksets, Onlineshop","publisher":{"@id":"https:\/\/emmyskerzen.com\/#organization"},"potentialAction":[{"@type":"SearchAction","target":{"@type":"EntryPoint","urlTemplate":"https:\/\/emmyskerzen.com\/?s={search_term_string}"},"query-input":{"@type":"PropertyValueSpecification","valueRequired":true,"valueName":"search_term_string"}}],"inLanguage":"en-GB"},{"@type":"Organization","@id":"https:\/\/emmyskerzen.com\/#organization","name":"Emmys Kerzen Onlineshop","url":"https:\/\/emmyskerzen.com\/","logo":{"@type":"ImageObject","inLanguage":"en-GB","@id":"https:\/\/emmyskerzen.com\/#\/schema\/logo\/image\/","url":"https:\/\/emmyskerzen.com\/wp-content\/uploads\/2026\/03\/IMG_0392.jpeg","contentUrl":"https:\/\/emmyskerzen.com\/wp-content\/uploads\/2026\/03\/IMG_0392.jpeg","width":964,"height":975,"caption":"Emmys Kerzen Onlineshop"},"image":{"@id":"https:\/\/emmyskerzen.com\/#\/schema\/logo\/image\/"},"sameAs":["https:\/\/www.facebook.com\/EmmysKerzen\/","https:\/\/www.instagram.com\/emmys_kerzen\/","https:\/\/www.tiktok.com\/emmys.kerzen\/"]}]}},"_links":{"self":[{"href":"https:\/\/emmyskerzen.com\/en\/wp-json\/wp\/v2\/product\/206","targetHints":{"allow":["GET"]}}],"collection":[{"href":"https:\/\/emmyskerzen.com\/en\/wp-json\/wp\/v2\/product"}],"about":[{"href":"https:\/\/emmyskerzen.com\/en\/wp-json\/wp\/v2\/types\/product"}],"replies":[{"embeddable":true,"href":"https:\/\/emmyskerzen.com\/en\/wp-json\/wp\/v2\/comments?post=206"}],"wp:featuredmedia":[{"embeddable":true,"href":"https:\/\/emmyskerzen.com\/en\/wp-json\/wp\/v2\/media\/2102"}],"wp:attachment":[{"href":"https:\/\/emmyskerzen.com\/en\/wp-json\/wp\/v2\/media?parent=206"}],"wp:term":[{"taxonomy":"product_brand","embeddable":true,"href":"https:\/\/emmyskerzen.com\/en\/wp-json\/wp\/v2\/product_brand?post=206"},{"taxonomy":"product_cat","embeddable":true,"href":"https:\/\/emmyskerzen.com\/en\/wp-json\/wp\/v2\/product_cat?post=206"},{"taxonomy":"product_tag","embeddable":true,"href":"https:\/\/emmyskerzen.com\/en\/wp-json\/wp\/v2\/product_tag?post=206"}],"curies":[{"name":"wp","href":"https:\/\/api.w.org\/{rel}","templated":true}]}}