{"id":201,"date":"2025-10-13T12:36:57","date_gmt":"2025-10-13T10:36:57","guid":{"rendered":"https:\/\/emmyskerzen.com\/?post_type=product&#038;p=201"},"modified":"2026-03-21T15:34:21","modified_gmt":"2026-03-21T14:34:21","slug":"hochzeitskerze-you-me-personalisiertes-geschenk","status":"publish","type":"product","link":"https:\/\/emmyskerzen.com\/en\/shop\/hochzeitskerze-you-me-personalisiertes-geschenk\/","title":{"rendered":"Hochzeitskerze \u201eYou &#038; Me\u201c \u2013 personalisiertes Geschenk"},"content":{"rendered":"<h2>\ud83d\udc8dHochzeitskerze &#8222;You &amp; Me&#8220;<\/h2>\n<p>Einzigartige Hochzeitskerze \u2013 handgefertigt &amp; personalisiert<br \/>\nDiese luxuri\u00f6se Hochzeitskerze &#8222;You &amp; Me&#8220; ist ein Blickfang auf jeder Feier und ein bleibendes Erinnerungsst\u00fcck f\u00fcr das Brautpaar.<br \/>\nIm eleganten Glasgef\u00e4\u00df erstrahlt beiges Wachs mit funkelndem Golddekor:<br \/>\n\u2022 Goldene Ornamente in Barockoptik<br \/>\n\u2022 Individuelle Initialen des Brautpaars<br \/>\n\u2022 Herzen als Symbol der Liebe<br \/>\n\u2022 Fein glitzerndes Finish f\u00fcr eine festliche Ausstrahlung<\/p>\n<h4>\u2728 Perfekt als:<br \/>\n\u2022 Hochzeitsgeschenk<br \/>\n\u2022 Dekoration f\u00fcr den Hochzeitstisch oder Brauttisch<br \/>\n\u2022 Verlobungsgeschenk<br \/>\n\u2022 Geschenk zum Jahrestag<\/h4>\n<p>\u2728 Personalisierung: Initialen, Namen oder Datum m\u00f6glich, mit oder ohne Glitzer, andere Farben, mit Kerzensahne, mit Duft (bitte anfragen)<\/p>\n<p>\ud83c\udf81 Individuell &amp; exklusiv<br \/>\nJede Kerze wird mit Liebe handgefertigt und kann an eure W\u00fcnsche angepasst werden.<\/p>\n<p>\ud83d\udd6f\ufe0fProduktdetails:<br \/>\nMaterial: 100% Sojawachs, ohne Paraffin, ohne Palm\u00f6l, ohne k\u00fcnstliche Zusatzstoffe<br \/>\nFarben: Beige, Gold<br \/>\nForm: eure Initalien, Herzen, Ornamente<br \/>\nMa\u00dfe: 13x13x8 cm<br \/>\nohne Duft<br \/>\ntierleidfrei und liebevoll verarbeitet<\/p>\n<p>&nbsp;<\/p>\n<p>&nbsp;<\/p>\n<p>&nbsp;<\/p>\n<p>*Gesamtpreis, umsatzsteuerbefreit aufgrund des Kleinunternehmerstatus, zuz\u00fcglich Versandkosten.<\/p>\n<p>Angaben zur Produktsicherheit:<br \/>\nAchte darauf, die Kerzen stets unter Aufsicht abbrennen zu lassen. Halte sie fern von Zugluft, Vorh\u00e4ngen, brennbaren Materialien, Kindern und Haustieren. K\u00fcrze den Docht regelm\u00e4\u00dfig, um eine zu gro\u00dfe Flamme zu vermeiden und stelle die Kerze auf einen sicheren, feuerfesten Untergrund. Verwende die Kerze nur gem\u00e4\u00df den Anweisungen und achte darauf, dass die Flamme beim Brennen nicht zu hoch wird.<\/p>","protected":false},"excerpt":{"rendered":"<p>Hochzeitskerze &#8222;You &amp; Me&#8220;<\/p>","protected":false},"featured_media":2120,"comment_status":"open","ping_status":"closed","template":"","meta":[],"product_brand":[],"product_cat":[22,17,24],"product_tag":[39,390,474,200],"class_list":{"0":"post-201","1":"product","2":"type-product","3":"status-publish","4":"has-post-thumbnail","6":"product_cat-geschenkeanlaesse","7":"product_cat-kerzen-fur-jeden-tag","8":"product_cat-love","9":"product_tag-emmys-kerzen","10":"product_tag-hochzeitskerze","11":"product_tag-personalisierbare-kerze","12":"product_tag-sojawachskerze","14":"first","15":"instock","16":"shipping-taxable","17":"purchasable","18":"product-type-simple","19":"add-to-wishlist-after_add_to_cart"},"yoast_head":"<!-- This site is optimized with the Yoast SEO plugin v27.4 - https:\/\/yoast.com\/product\/yoast-seo-wordpress\/ -->\n<title>Hochzeitskerze \u201eYou &amp; Me\u201c \u2013 personalisiertes Geschenk - Emmys Kerzen<\/title>\n<meta name=\"description\" content=\"Diese edle Hochzeitskerze wird mit euren Initalien liebevoll hergestellt. Perfekt auch als ganz besonderes Geschenk zur Hochzeit oder zur Verlobung.\" \/>\n<meta name=\"robots\" content=\"index, follow, max-snippet:-1, max-image-preview:large, max-video-preview:-1\" \/>\n<link rel=\"canonical\" href=\"https:\/\/emmyskerzen.com\/en\/shop\/hochzeitskerze-you-me-personalisiertes-geschenk\/\" \/>\n<meta property=\"og:locale\" content=\"en_GB\" \/>\n<meta property=\"og:type\" content=\"article\" \/>\n<meta property=\"og:title\" content=\"Hochzeitskerze \u201eYou &amp; Me\u201c \u2013 personalisiertes Geschenk - Emmys Kerzen\" \/>\n<meta property=\"og:description\" content=\"Diese edle Hochzeitskerze wird mit euren Initalien liebevoll hergestellt. Perfekt auch als ganz besonderes Geschenk zur Hochzeit oder zur Verlobung.\" \/>\n<meta property=\"og:url\" content=\"https:\/\/emmyskerzen.com\/en\/shop\/hochzeitskerze-you-me-personalisiertes-geschenk\/\" \/>\n<meta property=\"og:site_name\" content=\"Emmys Kerzen\" \/>\n<meta property=\"article:publisher\" content=\"https:\/\/www.facebook.com\/EmmysKerzen\/\" \/>\n<meta property=\"article:modified_time\" content=\"2026-03-21T14:34:21+00:00\" \/>\n<meta property=\"og:image\" content=\"https:\/\/emmyskerzen.com\/wp-content\/uploads\/2025\/10\/ADEC7C23-0CAD-4FDE-B503-C1298226C6D9-683x1024.png\" \/>\n\t<meta property=\"og:image:width\" content=\"683\" \/>\n\t<meta property=\"og:image:height\" content=\"1024\" \/>\n\t<meta property=\"og:image:type\" content=\"image\/png\" \/>\n<meta name=\"twitter:card\" content=\"summary_large_image\" \/>\n<meta name=\"twitter:label1\" content=\"Estimated reading time\" \/>\n\t<meta name=\"twitter:data1\" content=\"2 minutes\" \/>\n<script type=\"application\/ld+json\" class=\"yoast-schema-graph\">{\"@context\":\"https:\\\/\\\/schema.org\",\"@graph\":[{\"@type\":\"WebPage\",\"@id\":\"https:\\\/\\\/emmyskerzen.com\\\/shop\\\/hochzeitskerze-you-me-personalisiertes-geschenk\\\/\",\"url\":\"https:\\\/\\\/emmyskerzen.com\\\/shop\\\/hochzeitskerze-you-me-personalisiertes-geschenk\\\/\",\"name\":\"Hochzeitskerze \u201eYou & Me\u201c \u2013 personalisiertes Geschenk - Emmys Kerzen\",\"isPartOf\":{\"@id\":\"https:\\\/\\\/emmyskerzen.com\\\/#website\"},\"primaryImageOfPage\":{\"@id\":\"https:\\\/\\\/emmyskerzen.com\\\/shop\\\/hochzeitskerze-you-me-personalisiertes-geschenk\\\/#primaryimage\"},\"image\":{\"@id\":\"https:\\\/\\\/emmyskerzen.com\\\/shop\\\/hochzeitskerze-you-me-personalisiertes-geschenk\\\/#primaryimage\"},\"thumbnailUrl\":\"https:\\\/\\\/emmyskerzen.com\\\/wp-content\\\/uploads\\\/2025\\\/10\\\/ADEC7C23-0CAD-4FDE-B503-C1298226C6D9.png\",\"datePublished\":\"2025-10-13T10:36:57+00:00\",\"dateModified\":\"2026-03-21T14:34:21+00:00\",\"description\":\"Diese edle Hochzeitskerze wird mit euren Initalien liebevoll hergestellt. Perfekt auch als ganz besonderes Geschenk zur Hochzeit oder zur Verlobung.\",\"breadcrumb\":{\"@id\":\"https:\\\/\\\/emmyskerzen.com\\\/shop\\\/hochzeitskerze-you-me-personalisiertes-geschenk\\\/#breadcrumb\"},\"inLanguage\":\"en-GB\",\"potentialAction\":[{\"@type\":\"ReadAction\",\"target\":[\"https:\\\/\\\/emmyskerzen.com\\\/shop\\\/hochzeitskerze-you-me-personalisiertes-geschenk\\\/\"]}]},{\"@type\":\"ImageObject\",\"inLanguage\":\"en-GB\",\"@id\":\"https:\\\/\\\/emmyskerzen.com\\\/shop\\\/hochzeitskerze-you-me-personalisiertes-geschenk\\\/#primaryimage\",\"url\":\"https:\\\/\\\/emmyskerzen.com\\\/wp-content\\\/uploads\\\/2025\\\/10\\\/ADEC7C23-0CAD-4FDE-B503-C1298226C6D9.png\",\"contentUrl\":\"https:\\\/\\\/emmyskerzen.com\\\/wp-content\\\/uploads\\\/2025\\\/10\\\/ADEC7C23-0CAD-4FDE-B503-C1298226C6D9.png\",\"width\":1024,\"height\":1536},{\"@type\":\"BreadcrumbList\",\"@id\":\"https:\\\/\\\/emmyskerzen.com\\\/shop\\\/hochzeitskerze-you-me-personalisiertes-geschenk\\\/#breadcrumb\",\"itemListElement\":[{\"@type\":\"ListItem\",\"position\":1,\"name\":\"Startseite\",\"item\":\"https:\\\/\\\/emmyskerzen.com\\\/\"},{\"@type\":\"ListItem\",\"position\":2,\"name\":\"Kerzen Shop\",\"item\":\"https:\\\/\\\/emmyskerzen.com\\\/shop\\\/\"},{\"@type\":\"ListItem\",\"position\":3,\"name\":\"Hochzeitskerze \u201eYou &#038; Me\u201c \u2013 personalisiertes Geschenk\"}]},{\"@type\":\"WebSite\",\"@id\":\"https:\\\/\\\/emmyskerzen.com\\\/#website\",\"url\":\"https:\\\/\\\/emmyskerzen.com\\\/\",\"name\":\"Emmys Kerzen Onlineshop\",\"description\":\"personalisierte Kerzen, Dekokerzen, Duftkerzen, Geschenksets, Onlineshop\",\"publisher\":{\"@id\":\"https:\\\/\\\/emmyskerzen.com\\\/#organization\"},\"potentialAction\":[{\"@type\":\"SearchAction\",\"target\":{\"@type\":\"EntryPoint\",\"urlTemplate\":\"https:\\\/\\\/emmyskerzen.com\\\/?s={search_term_string}\"},\"query-input\":{\"@type\":\"PropertyValueSpecification\",\"valueRequired\":true,\"valueName\":\"search_term_string\"}}],\"inLanguage\":\"en-GB\"},{\"@type\":\"Organization\",\"@id\":\"https:\\\/\\\/emmyskerzen.com\\\/#organization\",\"name\":\"Emmys Kerzen Onlineshop\",\"url\":\"https:\\\/\\\/emmyskerzen.com\\\/\",\"logo\":{\"@type\":\"ImageObject\",\"inLanguage\":\"en-GB\",\"@id\":\"https:\\\/\\\/emmyskerzen.com\\\/#\\\/schema\\\/logo\\\/image\\\/\",\"url\":\"https:\\\/\\\/emmyskerzen.com\\\/wp-content\\\/uploads\\\/2026\\\/03\\\/IMG_0392.jpeg\",\"contentUrl\":\"https:\\\/\\\/emmyskerzen.com\\\/wp-content\\\/uploads\\\/2026\\\/03\\\/IMG_0392.jpeg\",\"width\":964,\"height\":975,\"caption\":\"Emmys Kerzen Onlineshop\"},\"image\":{\"@id\":\"https:\\\/\\\/emmyskerzen.com\\\/#\\\/schema\\\/logo\\\/image\\\/\"},\"sameAs\":[\"https:\\\/\\\/www.facebook.com\\\/EmmysKerzen\\\/\",\"https:\\\/\\\/www.instagram.com\\\/emmys_kerzen\\\/\",\"https:\\\/\\\/www.tiktok.com\\\/emmys.kerzen\\\/\"]}]}<\/script>\n<!-- \/ Yoast SEO plugin. -->","yoast_head_json":{"title":"Hochzeitskerze \u201eYou & Me\u201c \u2013 personalisiertes Geschenk - Emmys Kerzen","description":"Diese edle Hochzeitskerze wird mit euren Initalien liebevoll hergestellt. Perfekt auch als ganz besonderes Geschenk zur Hochzeit oder zur Verlobung.","robots":{"index":"index","follow":"follow","max-snippet":"max-snippet:-1","max-image-preview":"max-image-preview:large","max-video-preview":"max-video-preview:-1"},"canonical":"https:\/\/emmyskerzen.com\/en\/shop\/hochzeitskerze-you-me-personalisiertes-geschenk\/","og_locale":"en_GB","og_type":"article","og_title":"Hochzeitskerze \u201eYou & Me\u201c \u2013 personalisiertes Geschenk - Emmys Kerzen","og_description":"Diese edle Hochzeitskerze wird mit euren Initalien liebevoll hergestellt. Perfekt auch als ganz besonderes Geschenk zur Hochzeit oder zur Verlobung.","og_url":"https:\/\/emmyskerzen.com\/en\/shop\/hochzeitskerze-you-me-personalisiertes-geschenk\/","og_site_name":"Emmys Kerzen","article_publisher":"https:\/\/www.facebook.com\/EmmysKerzen\/","article_modified_time":"2026-03-21T14:34:21+00:00","og_image":[{"width":683,"height":1024,"url":"https:\/\/emmyskerzen.com\/wp-content\/uploads\/2025\/10\/ADEC7C23-0CAD-4FDE-B503-C1298226C6D9-683x1024.png","type":"image\/png"}],"twitter_card":"summary_large_image","twitter_misc":{"Estimated reading time":"2 minutes"},"schema":{"@context":"https:\/\/schema.org","@graph":[{"@type":"WebPage","@id":"https:\/\/emmyskerzen.com\/shop\/hochzeitskerze-you-me-personalisiertes-geschenk\/","url":"https:\/\/emmyskerzen.com\/shop\/hochzeitskerze-you-me-personalisiertes-geschenk\/","name":"Hochzeitskerze \u201eYou & Me\u201c \u2013 personalisiertes Geschenk - Emmys Kerzen","isPartOf":{"@id":"https:\/\/emmyskerzen.com\/#website"},"primaryImageOfPage":{"@id":"https:\/\/emmyskerzen.com\/shop\/hochzeitskerze-you-me-personalisiertes-geschenk\/#primaryimage"},"image":{"@id":"https:\/\/emmyskerzen.com\/shop\/hochzeitskerze-you-me-personalisiertes-geschenk\/#primaryimage"},"thumbnailUrl":"https:\/\/emmyskerzen.com\/wp-content\/uploads\/2025\/10\/ADEC7C23-0CAD-4FDE-B503-C1298226C6D9.png","datePublished":"2025-10-13T10:36:57+00:00","dateModified":"2026-03-21T14:34:21+00:00","description":"Diese edle Hochzeitskerze wird mit euren Initalien liebevoll hergestellt. Perfekt auch als ganz besonderes Geschenk zur Hochzeit oder zur Verlobung.","breadcrumb":{"@id":"https:\/\/emmyskerzen.com\/shop\/hochzeitskerze-you-me-personalisiertes-geschenk\/#breadcrumb"},"inLanguage":"en-GB","potentialAction":[{"@type":"ReadAction","target":["https:\/\/emmyskerzen.com\/shop\/hochzeitskerze-you-me-personalisiertes-geschenk\/"]}]},{"@type":"ImageObject","inLanguage":"en-GB","@id":"https:\/\/emmyskerzen.com\/shop\/hochzeitskerze-you-me-personalisiertes-geschenk\/#primaryimage","url":"https:\/\/emmyskerzen.com\/wp-content\/uploads\/2025\/10\/ADEC7C23-0CAD-4FDE-B503-C1298226C6D9.png","contentUrl":"https:\/\/emmyskerzen.com\/wp-content\/uploads\/2025\/10\/ADEC7C23-0CAD-4FDE-B503-C1298226C6D9.png","width":1024,"height":1536},{"@type":"BreadcrumbList","@id":"https:\/\/emmyskerzen.com\/shop\/hochzeitskerze-you-me-personalisiertes-geschenk\/#breadcrumb","itemListElement":[{"@type":"ListItem","position":1,"name":"Startseite","item":"https:\/\/emmyskerzen.com\/"},{"@type":"ListItem","position":2,"name":"Kerzen Shop","item":"https:\/\/emmyskerzen.com\/shop\/"},{"@type":"ListItem","position":3,"name":"Hochzeitskerze \u201eYou &#038; Me\u201c \u2013 personalisiertes Geschenk"}]},{"@type":"WebSite","@id":"https:\/\/emmyskerzen.com\/#website","url":"https:\/\/emmyskerzen.com\/","name":"Emmys Kerzen Onlineshop","description":"personalisierte Kerzen, Dekokerzen, Duftkerzen, Geschenksets, Onlineshop","publisher":{"@id":"https:\/\/emmyskerzen.com\/#organization"},"potentialAction":[{"@type":"SearchAction","target":{"@type":"EntryPoint","urlTemplate":"https:\/\/emmyskerzen.com\/?s={search_term_string}"},"query-input":{"@type":"PropertyValueSpecification","valueRequired":true,"valueName":"search_term_string"}}],"inLanguage":"en-GB"},{"@type":"Organization","@id":"https:\/\/emmyskerzen.com\/#organization","name":"Emmys Kerzen Onlineshop","url":"https:\/\/emmyskerzen.com\/","logo":{"@type":"ImageObject","inLanguage":"en-GB","@id":"https:\/\/emmyskerzen.com\/#\/schema\/logo\/image\/","url":"https:\/\/emmyskerzen.com\/wp-content\/uploads\/2026\/03\/IMG_0392.jpeg","contentUrl":"https:\/\/emmyskerzen.com\/wp-content\/uploads\/2026\/03\/IMG_0392.jpeg","width":964,"height":975,"caption":"Emmys Kerzen Onlineshop"},"image":{"@id":"https:\/\/emmyskerzen.com\/#\/schema\/logo\/image\/"},"sameAs":["https:\/\/www.facebook.com\/EmmysKerzen\/","https:\/\/www.instagram.com\/emmys_kerzen\/","https:\/\/www.tiktok.com\/emmys.kerzen\/"]}]}},"_links":{"self":[{"href":"https:\/\/emmyskerzen.com\/en\/wp-json\/wp\/v2\/product\/201","targetHints":{"allow":["GET"]}}],"collection":[{"href":"https:\/\/emmyskerzen.com\/en\/wp-json\/wp\/v2\/product"}],"about":[{"href":"https:\/\/emmyskerzen.com\/en\/wp-json\/wp\/v2\/types\/product"}],"replies":[{"embeddable":true,"href":"https:\/\/emmyskerzen.com\/en\/wp-json\/wp\/v2\/comments?post=201"}],"wp:featuredmedia":[{"embeddable":true,"href":"https:\/\/emmyskerzen.com\/en\/wp-json\/wp\/v2\/media\/2120"}],"wp:attachment":[{"href":"https:\/\/emmyskerzen.com\/en\/wp-json\/wp\/v2\/media?parent=201"}],"wp:term":[{"taxonomy":"product_brand","embeddable":true,"href":"https:\/\/emmyskerzen.com\/en\/wp-json\/wp\/v2\/product_brand?post=201"},{"taxonomy":"product_cat","embeddable":true,"href":"https:\/\/emmyskerzen.com\/en\/wp-json\/wp\/v2\/product_cat?post=201"},{"taxonomy":"product_tag","embeddable":true,"href":"https:\/\/emmyskerzen.com\/en\/wp-json\/wp\/v2\/product_tag?post=201"}],"curies":[{"name":"wp","href":"https:\/\/api.w.org\/{rel}","templated":true}]}}