{"id":1934,"date":"2026-03-10T15:25:04","date_gmt":"2026-03-10T14:25:04","guid":{"rendered":"https:\/\/emmyskerzen.com\/?post_type=product&#038;p=1934"},"modified":"2026-03-30T08:15:59","modified_gmt":"2026-03-30T06:15:59","slug":"osterkerze-nest-handgemachte-fruehlingskerze","status":"publish","type":"product","link":"https:\/\/emmyskerzen.com\/en\/shop\/osterkerze-nest-handgemachte-fruehlingskerze\/","title":{"rendered":"Osterkerze Nest &#8211; handgemachte Fr\u00fchlingskerze"},"content":{"rendered":"<ul>\n<li><span data-olk-copy-source=\"MessageBody\">Kerze Osternest <\/span><\/li>\n<\/ul>\n<h4><span data-olk-copy-source=\"MessageBody\">\u2013 Ein besonderes Highlight f\u00fcr Ostern<\/span><\/h4>\n<p>Die Kerze Osternest von Emmys Kerzen ist eine liebevoll handgemachte Osterkerze, die aussieht wie ein kleines Nest voller bunter Ostereier aus Wachs.<br \/>\nDie farbenfrohen Eier machen diese Kerze zu einem <strong>fr\u00f6hlichen Blickfang<\/strong> und zur <strong>perfekten Dekoration<\/strong> f\u00fcr die Osterzeit.<br \/>\nOb auf dem Tisch, im Wohnzimmer oder als Geschenk \u2013 die Osternest Kerze sorgt f\u00fcr eine<strong> warme und festliche Atmosph\u00e4re.<\/strong><\/p>\n<h3>Limitierte Osterkerze<br \/>\nDiese Kerze ist eine limitierte Edition.<br \/>\n\u26a0\ufe0f Es werden nur 4 St\u00fcck hergestellt.<\/h3>\n<p><strong>Damit ist jede Kerze ein besonders exklusives St\u00fcck aus der Kollektion von Emmys Kerzen.<\/strong><\/p>\n<p>Handgemachte Kerze<br \/>\nJede Kerze wird sorgf\u00e4ltig von Hand gegossen und dekoriert.<br \/>\nDadurch entsteht ein einzigartiges handgemachtes Produkt.<\/p>\n<h5>Perfekt als Ostergeschenk<br \/>\nDie Kerze Osternest eignet sich ideal als Geschenk f\u00fcr:<br \/>\n\ud83d\udc23 Ostern<br \/>\n\ud83c\udf81 kleine \u00dcberraschungen<br \/>\n\ud83c\udfe1 fr\u00fchlingshafte Dekoration<br \/>\n\ud83c\udf38 Osterdekoration<\/h5>\n<p>Produktdetails<br \/>\nProduktname: Kerze Osternest<br \/>\nMarke: Emmys Kerzen<br \/>\nMaterial: nat\u00fcrliches Sojawachs<br \/>\nF\u00fcllmenge: 473 ml<br \/>\nHerstellung: Handgemacht mit Liebe<br \/>\nDesign: Kerze mit bunten Ostereiern<br \/>\nBesonderheit: Limitierte Edition (nur 4 St\u00fcck)<\/p>\n<p>&nbsp;<\/p>\n<p><span data-olk-copy-source=\"MessageBody\">*Gesamtpreis, umsatzsteuerbefreit aufgrund des Kleinunternehmerstatus, zuz\u00fcglich Versandkosten. Angaben zur Produktsicherheit:<\/span><br \/>\nAchte darauf, die Kerzen stets unter Aufsicht abbrennen zu lassen. Halte sie fern von Zugluft, Vorh\u00e4ngen, brennbaren Materialien, Kindern und Haustieren. K\u00fcrze den Docht regelm\u00e4\u00dfig, um eine zu gro\u00dfe Flamme zu vermeiden und stelle die Kerze auf einen sicheren, feuerfesten Untergrund. Verwende die Kerze nur gem\u00e4\u00df den Anweisungen und achte darauf, dass die Flamme beim Brennen nicht zu hoch wird.<\/p>","protected":false},"excerpt":{"rendered":"<p><span data-olk-copy-source=\"MessageBody\">Die Kerze Osternest von Emmys Kerzen ist eine besondere handgemachte Osterkerze mit liebevoll gestalteten bunten Ostereiern aus Wachs.<br \/>\n<\/span>Die Kerze erinnert an ein kleines Osternest voller Eier und bringt fr\u00f6hliche Osterstimmung in dein Zuhause.<br \/>\n\u26a0\ufe0f Limitierte Edition\u00a0 \u2728 Handgemacht \u2728 473 ml Kerze im Glas \u2728 dekorative Ostereier aus Wachs \u2728 besondere Osterdekoration<\/p>","protected":false},"featured_media":2079,"comment_status":"open","ping_status":"closed","template":"","meta":[],"product_brand":[],"product_cat":[17,552,512],"product_tag":[588,589,452,590,553,591],"class_list":{"0":"post-1934","1":"product","2":"type-product","3":"status-publish","4":"has-post-thumbnail","6":"product_cat-kerzen-fur-jeden-tag","7":"product_cat-ostern","8":"product_cat-unserefavoriten","9":"product_tag-fruehlingsdeko","10":"product_tag-kerze-osterei","11":"product_tag-kerzenshop-oesterreich","12":"product_tag-osterdekoration","13":"product_tag-osterkerze","14":"product_tag-sojawachskerze-handgemacht","16":"first","17":"instock","18":"shipping-taxable","19":"purchasable","20":"product-type-simple","21":"add-to-wishlist-after_add_to_cart"},"yoast_head":"<!-- This site is optimized with the Yoast SEO plugin v27.4 - https:\/\/yoast.com\/product\/yoast-seo-wordpress\/ -->\n<title>Osterkerze Nest - handgemachte Fr\u00fchlingskerze - Emmys Kerzen<\/title>\n<meta name=\"description\" content=\"Handgemachte Kerze Osternest 473 ml mit bunten Ostereiern aus Wachs. Limitierte Osterkerze von Emmys Kerzen \u2013 nur wenige St\u00fcck verf\u00fcgbar.\" \/>\n<meta name=\"robots\" content=\"index, follow, max-snippet:-1, max-image-preview:large, max-video-preview:-1\" \/>\n<link rel=\"canonical\" href=\"https:\/\/emmyskerzen.com\/en\/shop\/osterkerze-nest-handgemachte-fruehlingskerze\/\" \/>\n<meta property=\"og:locale\" content=\"en_GB\" \/>\n<meta property=\"og:type\" content=\"article\" \/>\n<meta property=\"og:title\" content=\"Osterkerze Nest - handgemachte Fr\u00fchlingskerze - Emmys Kerzen\" \/>\n<meta property=\"og:description\" content=\"Handgemachte Kerze Osternest 473 ml mit bunten Ostereiern aus Wachs. Limitierte Osterkerze von Emmys Kerzen \u2013 nur wenige St\u00fcck verf\u00fcgbar.\" \/>\n<meta property=\"og:url\" content=\"https:\/\/emmyskerzen.com\/en\/shop\/osterkerze-nest-handgemachte-fruehlingskerze\/\" \/>\n<meta property=\"og:site_name\" content=\"Emmys Kerzen\" \/>\n<meta property=\"article:publisher\" content=\"https:\/\/www.facebook.com\/EmmysKerzen\/\" \/>\n<meta property=\"article:modified_time\" content=\"2026-03-30T06:15:59+00:00\" \/>\n<meta property=\"og:image\" content=\"https:\/\/emmyskerzen.com\/wp-content\/uploads\/2026\/03\/D5CC3583-E4F0-401D-A679-15BB0DF17248-683x1024.png\" \/>\n\t<meta property=\"og:image:width\" content=\"683\" \/>\n\t<meta property=\"og:image:height\" content=\"1024\" \/>\n\t<meta property=\"og:image:type\" content=\"image\/png\" \/>\n<meta name=\"twitter:card\" content=\"summary_large_image\" \/>\n<meta name=\"twitter:label1\" content=\"Estimated reading time\" \/>\n\t<meta name=\"twitter:data1\" content=\"2 minutes\" \/>\n<script type=\"application\/ld+json\" class=\"yoast-schema-graph\">{\"@context\":\"https:\\\/\\\/schema.org\",\"@graph\":[{\"@type\":\"WebPage\",\"@id\":\"https:\\\/\\\/emmyskerzen.com\\\/shop\\\/osterkerze-nest-handgemachte-fruehlingskerze\\\/\",\"url\":\"https:\\\/\\\/emmyskerzen.com\\\/shop\\\/osterkerze-nest-handgemachte-fruehlingskerze\\\/\",\"name\":\"Osterkerze Nest - handgemachte Fr\u00fchlingskerze - Emmys Kerzen\",\"isPartOf\":{\"@id\":\"https:\\\/\\\/emmyskerzen.com\\\/#website\"},\"primaryImageOfPage\":{\"@id\":\"https:\\\/\\\/emmyskerzen.com\\\/shop\\\/osterkerze-nest-handgemachte-fruehlingskerze\\\/#primaryimage\"},\"image\":{\"@id\":\"https:\\\/\\\/emmyskerzen.com\\\/shop\\\/osterkerze-nest-handgemachte-fruehlingskerze\\\/#primaryimage\"},\"thumbnailUrl\":\"https:\\\/\\\/emmyskerzen.com\\\/wp-content\\\/uploads\\\/2026\\\/03\\\/D5CC3583-E4F0-401D-A679-15BB0DF17248.png\",\"datePublished\":\"2026-03-10T14:25:04+00:00\",\"dateModified\":\"2026-03-30T06:15:59+00:00\",\"description\":\"Handgemachte Kerze Osternest 473 ml mit bunten Ostereiern aus Wachs. Limitierte Osterkerze von Emmys Kerzen \u2013 nur wenige St\u00fcck verf\u00fcgbar.\",\"breadcrumb\":{\"@id\":\"https:\\\/\\\/emmyskerzen.com\\\/shop\\\/osterkerze-nest-handgemachte-fruehlingskerze\\\/#breadcrumb\"},\"inLanguage\":\"en-GB\",\"potentialAction\":[{\"@type\":\"ReadAction\",\"target\":[\"https:\\\/\\\/emmyskerzen.com\\\/shop\\\/osterkerze-nest-handgemachte-fruehlingskerze\\\/\"]}]},{\"@type\":\"ImageObject\",\"inLanguage\":\"en-GB\",\"@id\":\"https:\\\/\\\/emmyskerzen.com\\\/shop\\\/osterkerze-nest-handgemachte-fruehlingskerze\\\/#primaryimage\",\"url\":\"https:\\\/\\\/emmyskerzen.com\\\/wp-content\\\/uploads\\\/2026\\\/03\\\/D5CC3583-E4F0-401D-A679-15BB0DF17248.png\",\"contentUrl\":\"https:\\\/\\\/emmyskerzen.com\\\/wp-content\\\/uploads\\\/2026\\\/03\\\/D5CC3583-E4F0-401D-A679-15BB0DF17248.png\",\"width\":1024,\"height\":1536},{\"@type\":\"BreadcrumbList\",\"@id\":\"https:\\\/\\\/emmyskerzen.com\\\/shop\\\/osterkerze-nest-handgemachte-fruehlingskerze\\\/#breadcrumb\",\"itemListElement\":[{\"@type\":\"ListItem\",\"position\":1,\"name\":\"Startseite\",\"item\":\"https:\\\/\\\/emmyskerzen.com\\\/\"},{\"@type\":\"ListItem\",\"position\":2,\"name\":\"Kerzen Shop\",\"item\":\"https:\\\/\\\/emmyskerzen.com\\\/shop\\\/\"},{\"@type\":\"ListItem\",\"position\":3,\"name\":\"Osterkerze Nest &#8211; handgemachte Fr\u00fchlingskerze\"}]},{\"@type\":\"WebSite\",\"@id\":\"https:\\\/\\\/emmyskerzen.com\\\/#website\",\"url\":\"https:\\\/\\\/emmyskerzen.com\\\/\",\"name\":\"Emmys Kerzen Onlineshop\",\"description\":\"personalisierte Kerzen, Dekokerzen, Duftkerzen, Geschenksets, Onlineshop\",\"publisher\":{\"@id\":\"https:\\\/\\\/emmyskerzen.com\\\/#organization\"},\"potentialAction\":[{\"@type\":\"SearchAction\",\"target\":{\"@type\":\"EntryPoint\",\"urlTemplate\":\"https:\\\/\\\/emmyskerzen.com\\\/?s={search_term_string}\"},\"query-input\":{\"@type\":\"PropertyValueSpecification\",\"valueRequired\":true,\"valueName\":\"search_term_string\"}}],\"inLanguage\":\"en-GB\"},{\"@type\":\"Organization\",\"@id\":\"https:\\\/\\\/emmyskerzen.com\\\/#organization\",\"name\":\"Emmys Kerzen Onlineshop\",\"url\":\"https:\\\/\\\/emmyskerzen.com\\\/\",\"logo\":{\"@type\":\"ImageObject\",\"inLanguage\":\"en-GB\",\"@id\":\"https:\\\/\\\/emmyskerzen.com\\\/#\\\/schema\\\/logo\\\/image\\\/\",\"url\":\"https:\\\/\\\/emmyskerzen.com\\\/wp-content\\\/uploads\\\/2026\\\/03\\\/IMG_0392.jpeg\",\"contentUrl\":\"https:\\\/\\\/emmyskerzen.com\\\/wp-content\\\/uploads\\\/2026\\\/03\\\/IMG_0392.jpeg\",\"width\":964,\"height\":975,\"caption\":\"Emmys Kerzen Onlineshop\"},\"image\":{\"@id\":\"https:\\\/\\\/emmyskerzen.com\\\/#\\\/schema\\\/logo\\\/image\\\/\"},\"sameAs\":[\"https:\\\/\\\/www.facebook.com\\\/EmmysKerzen\\\/\",\"https:\\\/\\\/www.instagram.com\\\/emmys_kerzen\\\/\",\"https:\\\/\\\/www.tiktok.com\\\/emmys.kerzen\\\/\"]}]}<\/script>\n<!-- \/ Yoast SEO plugin. -->","yoast_head_json":{"title":"Osterkerze Nest - handgemachte Fr\u00fchlingskerze - Emmys Kerzen","description":"Handgemachte Kerze Osternest 473 ml mit bunten Ostereiern aus Wachs. Limitierte Osterkerze von Emmys Kerzen \u2013 nur wenige St\u00fcck verf\u00fcgbar.","robots":{"index":"index","follow":"follow","max-snippet":"max-snippet:-1","max-image-preview":"max-image-preview:large","max-video-preview":"max-video-preview:-1"},"canonical":"https:\/\/emmyskerzen.com\/en\/shop\/osterkerze-nest-handgemachte-fruehlingskerze\/","og_locale":"en_GB","og_type":"article","og_title":"Osterkerze Nest - handgemachte Fr\u00fchlingskerze - Emmys Kerzen","og_description":"Handgemachte Kerze Osternest 473 ml mit bunten Ostereiern aus Wachs. Limitierte Osterkerze von Emmys Kerzen \u2013 nur wenige St\u00fcck verf\u00fcgbar.","og_url":"https:\/\/emmyskerzen.com\/en\/shop\/osterkerze-nest-handgemachte-fruehlingskerze\/","og_site_name":"Emmys Kerzen","article_publisher":"https:\/\/www.facebook.com\/EmmysKerzen\/","article_modified_time":"2026-03-30T06:15:59+00:00","og_image":[{"width":683,"height":1024,"url":"https:\/\/emmyskerzen.com\/wp-content\/uploads\/2026\/03\/D5CC3583-E4F0-401D-A679-15BB0DF17248-683x1024.png","type":"image\/png"}],"twitter_card":"summary_large_image","twitter_misc":{"Estimated reading time":"2 minutes"},"schema":{"@context":"https:\/\/schema.org","@graph":[{"@type":"WebPage","@id":"https:\/\/emmyskerzen.com\/shop\/osterkerze-nest-handgemachte-fruehlingskerze\/","url":"https:\/\/emmyskerzen.com\/shop\/osterkerze-nest-handgemachte-fruehlingskerze\/","name":"Osterkerze Nest - handgemachte Fr\u00fchlingskerze - Emmys Kerzen","isPartOf":{"@id":"https:\/\/emmyskerzen.com\/#website"},"primaryImageOfPage":{"@id":"https:\/\/emmyskerzen.com\/shop\/osterkerze-nest-handgemachte-fruehlingskerze\/#primaryimage"},"image":{"@id":"https:\/\/emmyskerzen.com\/shop\/osterkerze-nest-handgemachte-fruehlingskerze\/#primaryimage"},"thumbnailUrl":"https:\/\/emmyskerzen.com\/wp-content\/uploads\/2026\/03\/D5CC3583-E4F0-401D-A679-15BB0DF17248.png","datePublished":"2026-03-10T14:25:04+00:00","dateModified":"2026-03-30T06:15:59+00:00","description":"Handgemachte Kerze Osternest 473 ml mit bunten Ostereiern aus Wachs. Limitierte Osterkerze von Emmys Kerzen \u2013 nur wenige St\u00fcck verf\u00fcgbar.","breadcrumb":{"@id":"https:\/\/emmyskerzen.com\/shop\/osterkerze-nest-handgemachte-fruehlingskerze\/#breadcrumb"},"inLanguage":"en-GB","potentialAction":[{"@type":"ReadAction","target":["https:\/\/emmyskerzen.com\/shop\/osterkerze-nest-handgemachte-fruehlingskerze\/"]}]},{"@type":"ImageObject","inLanguage":"en-GB","@id":"https:\/\/emmyskerzen.com\/shop\/osterkerze-nest-handgemachte-fruehlingskerze\/#primaryimage","url":"https:\/\/emmyskerzen.com\/wp-content\/uploads\/2026\/03\/D5CC3583-E4F0-401D-A679-15BB0DF17248.png","contentUrl":"https:\/\/emmyskerzen.com\/wp-content\/uploads\/2026\/03\/D5CC3583-E4F0-401D-A679-15BB0DF17248.png","width":1024,"height":1536},{"@type":"BreadcrumbList","@id":"https:\/\/emmyskerzen.com\/shop\/osterkerze-nest-handgemachte-fruehlingskerze\/#breadcrumb","itemListElement":[{"@type":"ListItem","position":1,"name":"Startseite","item":"https:\/\/emmyskerzen.com\/"},{"@type":"ListItem","position":2,"name":"Kerzen Shop","item":"https:\/\/emmyskerzen.com\/shop\/"},{"@type":"ListItem","position":3,"name":"Osterkerze Nest &#8211; handgemachte Fr\u00fchlingskerze"}]},{"@type":"WebSite","@id":"https:\/\/emmyskerzen.com\/#website","url":"https:\/\/emmyskerzen.com\/","name":"Emmys Kerzen Onlineshop","description":"personalisierte Kerzen, Dekokerzen, Duftkerzen, Geschenksets, Onlineshop","publisher":{"@id":"https:\/\/emmyskerzen.com\/#organization"},"potentialAction":[{"@type":"SearchAction","target":{"@type":"EntryPoint","urlTemplate":"https:\/\/emmyskerzen.com\/?s={search_term_string}"},"query-input":{"@type":"PropertyValueSpecification","valueRequired":true,"valueName":"search_term_string"}}],"inLanguage":"en-GB"},{"@type":"Organization","@id":"https:\/\/emmyskerzen.com\/#organization","name":"Emmys Kerzen Onlineshop","url":"https:\/\/emmyskerzen.com\/","logo":{"@type":"ImageObject","inLanguage":"en-GB","@id":"https:\/\/emmyskerzen.com\/#\/schema\/logo\/image\/","url":"https:\/\/emmyskerzen.com\/wp-content\/uploads\/2026\/03\/IMG_0392.jpeg","contentUrl":"https:\/\/emmyskerzen.com\/wp-content\/uploads\/2026\/03\/IMG_0392.jpeg","width":964,"height":975,"caption":"Emmys Kerzen Onlineshop"},"image":{"@id":"https:\/\/emmyskerzen.com\/#\/schema\/logo\/image\/"},"sameAs":["https:\/\/www.facebook.com\/EmmysKerzen\/","https:\/\/www.instagram.com\/emmys_kerzen\/","https:\/\/www.tiktok.com\/emmys.kerzen\/"]}]}},"_links":{"self":[{"href":"https:\/\/emmyskerzen.com\/en\/wp-json\/wp\/v2\/product\/1934","targetHints":{"allow":["GET"]}}],"collection":[{"href":"https:\/\/emmyskerzen.com\/en\/wp-json\/wp\/v2\/product"}],"about":[{"href":"https:\/\/emmyskerzen.com\/en\/wp-json\/wp\/v2\/types\/product"}],"replies":[{"embeddable":true,"href":"https:\/\/emmyskerzen.com\/en\/wp-json\/wp\/v2\/comments?post=1934"}],"wp:featuredmedia":[{"embeddable":true,"href":"https:\/\/emmyskerzen.com\/en\/wp-json\/wp\/v2\/media\/2079"}],"wp:attachment":[{"href":"https:\/\/emmyskerzen.com\/en\/wp-json\/wp\/v2\/media?parent=1934"}],"wp:term":[{"taxonomy":"product_brand","embeddable":true,"href":"https:\/\/emmyskerzen.com\/en\/wp-json\/wp\/v2\/product_brand?post=1934"},{"taxonomy":"product_cat","embeddable":true,"href":"https:\/\/emmyskerzen.com\/en\/wp-json\/wp\/v2\/product_cat?post=1934"},{"taxonomy":"product_tag","embeddable":true,"href":"https:\/\/emmyskerzen.com\/en\/wp-json\/wp\/v2\/product_tag?post=1934"}],"curies":[{"name":"wp","href":"https:\/\/api.w.org\/{rel}","templated":true}]}}