{"id":182,"date":"2025-10-13T12:51:50","date_gmt":"2025-10-13T10:51:50","guid":{"rendered":"https:\/\/emmyskerzen.com\/?post_type=product&#038;p=182"},"modified":"2026-03-21T15:31:43","modified_gmt":"2026-03-21T14:31:43","slug":"sukkulenten-duftkerze-moderne-deko","status":"publish","type":"product","link":"https:\/\/emmyskerzen.com\/en\/shop\/sukkulenten-duftkerze-moderne-deko\/","title":{"rendered":"Sukkulenten Duftkerze &#8211; moderne Deko"},"content":{"rendered":"<h3>\ud83c\udf3f\u2728Bring tropisches Urlaubsfeeling in dein Zuhause \u2013 mit dieser handgemachten Sukkulenten-Duftkerze!<\/h3>\n<p>Jede Kerze wird mit Liebe gefertigt. Die kleinen Wachs &#8211; Sukkulenten sehen t\u00e4uschend echt aus. Der Coco Type Duft verstr\u00f6mt einen warmen, cremigen Kokos-Ton, der sofort f\u00fcr Entspannung und Wohlf\u00fchlmomente sorgt.\ud83d\ude4c\ud83c\udffb<\/p>\n<h5>\ud83d\udc49\ud83c\udffbEin Must-have f\u00fcr alle, die Kerzen, Pflanzen und einzigartige Deko lieben \u2013 oder ein besonderes Geschenk suchen.<\/h5>\n<h4>\ud83d\udd6f\ufe0fProduktdetails:<br \/>\nMaterial: 100% Sojawachs, ohne Paraffin, ohne Palm\u00f6l, ohne k\u00fcnstliche Zusatzstoffe<br \/>\nFarben: Wei\u00df, Gr\u00fcn, Rosa<br \/>\nForm: Sukkulenten<br \/>\nMa\u00dfe: 13x13x8 cm<br \/>\nDuft: Coco-Type<br \/>\ntierleidfrei und liebevoll verarbeitet<\/h4>\n<p>&nbsp;<\/p>\n<p>&nbsp;<\/p>\n<p>&nbsp;<\/p>\n<p>*Gesamtpreis, umsatzsteuerbefreit aufgrund des Kleinunternehmerstatus, zuz\u00fcglich Versandkosten.<\/p>\n<p>Angaben zur Produktsicherheit:<br \/>\nAchte darauf, die Kerzen stets unter Aufsicht abbrennen zu lassen. Halte sie fern von Zugluft, Vorh\u00e4ngen, brennbaren Materialien, Kindern und Haustieren. K\u00fcrze den Docht regelm\u00e4\u00dfig, um eine zu gro\u00dfe Flamme zu vermeiden und stelle die Kerze auf einen sicheren, feuerfesten Untergrund. Verwende die Kerze nur gem\u00e4\u00df den Anweisungen und achte darauf, dass die Flamme beim Brennen nicht zu hoch wird.<\/p>\n<p>&nbsp;<\/p>\n<p><span data-olk-copy-source=\"MessageBody\">Inhaltsstoffe (Kerze): <\/span>100 % Sojawachs, Baumwolldocht (bleifrei), Duft\u00f6l Coco Type. Enth\u00e4lt (Allergene \/ deklarationspflichtige Komponenten): Linalool, Orange oil, Ethyl linalool, Iso E Super, Bergamot oil, Patchouli oil, Grapefruit oil, Vertofix, Geranyl acetate, Benzylsalicylat, Linalyl acetate, Citronellol Pure, Hexyl cinnamic aldehyde, Neryl acetate, delta-Damascone, Vetiver oil, Liffarome, Damascone Beta, CUPRESSUS FUNEBRIS WOOD OIL.<br \/>\nKann allergische Reaktionen hervorrufen.<br \/>\nGefahren (CLP): GEFAHR<br \/>\nH304 Kann bei Verschlucken und Eindringen in die Atemwege t\u00f6dlich sein. H315 Verursacht Hautreizungen. H317 Kann allergische Hautreaktionen verursachen. H319 Verursacht schwere Augenreizung. H411 Giftig f\u00fcr Wasserorganismen, mit langfristiger Wirkung.<br \/>\nSicherheitshinweise: P261 Einatmen von Dampf\/Aerosol vermeiden. P264 Nach Gebrauch H\u00e4nde gr\u00fcndlich waschen. P273 Freisetzung in die Umwelt vermeiden. P280 Schutzhandschuhe\/Schutzkleidung\/Augenschutz tragen. P301+P310 BEI VERSCHLUCKEN: Sofort GIFTINFORMATIONSZENTRUM\/Arzt anrufen.<br \/>\nUFI: 8P5X-A88F-200D-7GNX<br \/>\nLieferant Duft\u00f6l: Hansawax GmbH, Richard-Dunkel-Stra\u00dfe 120, 28199 Bremen<\/p>","protected":false},"excerpt":{"rendered":"<p>Duftkerze Kokos<\/p>","protected":false},"featured_media":2133,"comment_status":"open","ping_status":"closed","template":"","meta":[],"product_brand":[],"product_cat":[514,17],"product_tag":[45,39,189,471,200],"class_list":{"0":"post-182","1":"product","2":"type-product","3":"status-publish","4":"has-post-thumbnail","6":"product_cat-duftkerze","7":"product_cat-kerzen-fur-jeden-tag","8":"product_tag-duftkerze","9":"product_tag-emmys-kerzen","10":"product_tag-geschenkidee-kerze","11":"product_tag-kokosduft","12":"product_tag-sojawachskerze","14":"first","15":"instock","16":"shipping-taxable","17":"purchasable","18":"product-type-simple","19":"add-to-wishlist-after_add_to_cart"},"yoast_head":"<!-- This site is optimized with the Yoast SEO plugin v27.4 - https:\/\/yoast.com\/product\/yoast-seo-wordpress\/ -->\n<title>Sukkulenten Duftkerze - moderne Deko - Emmys Kerzen<\/title>\n<meta name=\"description\" content=\"Diese wunderbar nach Kokos duftende Sukkulenten-Kerze ist eine ideale Deko f\u00fcr dein Wohnzimmer! Handgegossen, hochwertig und liebevoll dekoriert.\" \/>\n<meta name=\"robots\" content=\"index, follow, max-snippet:-1, max-image-preview:large, max-video-preview:-1\" \/>\n<link rel=\"canonical\" href=\"https:\/\/emmyskerzen.com\/en\/shop\/sukkulenten-duftkerze-moderne-deko\/\" \/>\n<meta property=\"og:locale\" content=\"en_GB\" \/>\n<meta property=\"og:type\" content=\"article\" \/>\n<meta property=\"og:title\" content=\"Sukkulenten Duftkerze - moderne Deko - Emmys Kerzen\" \/>\n<meta property=\"og:description\" content=\"Diese wunderbar nach Kokos duftende Sukkulenten-Kerze ist eine ideale Deko f\u00fcr dein Wohnzimmer! Handgegossen, hochwertig und liebevoll dekoriert.\" \/>\n<meta property=\"og:url\" content=\"https:\/\/emmyskerzen.com\/en\/shop\/sukkulenten-duftkerze-moderne-deko\/\" \/>\n<meta property=\"og:site_name\" content=\"Emmys Kerzen\" \/>\n<meta property=\"article:publisher\" content=\"https:\/\/www.facebook.com\/EmmysKerzen\/\" \/>\n<meta property=\"article:modified_time\" content=\"2026-03-21T14:31:43+00:00\" \/>\n<meta property=\"og:image\" content=\"https:\/\/emmyskerzen.com\/wp-content\/uploads\/2025\/10\/FC83F238-162B-43E4-A0D5-343878681D3F.png\" \/>\n\t<meta property=\"og:image:width\" content=\"1024\" \/>\n\t<meta property=\"og:image:height\" content=\"1536\" \/>\n\t<meta property=\"og:image:type\" content=\"image\/png\" \/>\n<meta name=\"twitter:card\" content=\"summary_large_image\" \/>\n<meta name=\"twitter:label1\" content=\"Estimated reading time\" \/>\n\t<meta name=\"twitter:data1\" content=\"2 minutes\" \/>\n<script type=\"application\/ld+json\" class=\"yoast-schema-graph\">{\"@context\":\"https:\\\/\\\/schema.org\",\"@graph\":[{\"@type\":\"WebPage\",\"@id\":\"https:\\\/\\\/emmyskerzen.com\\\/shop\\\/sukkulenten-duftkerze-moderne-deko\\\/\",\"url\":\"https:\\\/\\\/emmyskerzen.com\\\/shop\\\/sukkulenten-duftkerze-moderne-deko\\\/\",\"name\":\"Sukkulenten Duftkerze - moderne Deko - Emmys Kerzen\",\"isPartOf\":{\"@id\":\"https:\\\/\\\/emmyskerzen.com\\\/#website\"},\"primaryImageOfPage\":{\"@id\":\"https:\\\/\\\/emmyskerzen.com\\\/shop\\\/sukkulenten-duftkerze-moderne-deko\\\/#primaryimage\"},\"image\":{\"@id\":\"https:\\\/\\\/emmyskerzen.com\\\/shop\\\/sukkulenten-duftkerze-moderne-deko\\\/#primaryimage\"},\"thumbnailUrl\":\"https:\\\/\\\/emmyskerzen.com\\\/wp-content\\\/uploads\\\/2025\\\/10\\\/FC83F238-162B-43E4-A0D5-343878681D3F.png\",\"datePublished\":\"2025-10-13T10:51:50+00:00\",\"dateModified\":\"2026-03-21T14:31:43+00:00\",\"description\":\"Diese wunderbar nach Kokos duftende Sukkulenten-Kerze ist eine ideale Deko f\u00fcr dein Wohnzimmer! Handgegossen, hochwertig und liebevoll dekoriert.\",\"breadcrumb\":{\"@id\":\"https:\\\/\\\/emmyskerzen.com\\\/shop\\\/sukkulenten-duftkerze-moderne-deko\\\/#breadcrumb\"},\"inLanguage\":\"en-GB\",\"potentialAction\":[{\"@type\":\"ReadAction\",\"target\":[\"https:\\\/\\\/emmyskerzen.com\\\/shop\\\/sukkulenten-duftkerze-moderne-deko\\\/\"]}]},{\"@type\":\"ImageObject\",\"inLanguage\":\"en-GB\",\"@id\":\"https:\\\/\\\/emmyskerzen.com\\\/shop\\\/sukkulenten-duftkerze-moderne-deko\\\/#primaryimage\",\"url\":\"https:\\\/\\\/emmyskerzen.com\\\/wp-content\\\/uploads\\\/2025\\\/10\\\/FC83F238-162B-43E4-A0D5-343878681D3F.png\",\"contentUrl\":\"https:\\\/\\\/emmyskerzen.com\\\/wp-content\\\/uploads\\\/2025\\\/10\\\/FC83F238-162B-43E4-A0D5-343878681D3F.png\",\"width\":1024,\"height\":1536},{\"@type\":\"BreadcrumbList\",\"@id\":\"https:\\\/\\\/emmyskerzen.com\\\/shop\\\/sukkulenten-duftkerze-moderne-deko\\\/#breadcrumb\",\"itemListElement\":[{\"@type\":\"ListItem\",\"position\":1,\"name\":\"Startseite\",\"item\":\"https:\\\/\\\/emmyskerzen.com\\\/\"},{\"@type\":\"ListItem\",\"position\":2,\"name\":\"Kerzen Shop\",\"item\":\"https:\\\/\\\/emmyskerzen.com\\\/shop\\\/\"},{\"@type\":\"ListItem\",\"position\":3,\"name\":\"Sukkulenten Duftkerze &#8211; moderne Deko\"}]},{\"@type\":\"WebSite\",\"@id\":\"https:\\\/\\\/emmyskerzen.com\\\/#website\",\"url\":\"https:\\\/\\\/emmyskerzen.com\\\/\",\"name\":\"Emmys Kerzen Onlineshop\",\"description\":\"personalisierte Kerzen, Dekokerzen, Duftkerzen, Geschenksets, Onlineshop\",\"publisher\":{\"@id\":\"https:\\\/\\\/emmyskerzen.com\\\/#organization\"},\"potentialAction\":[{\"@type\":\"SearchAction\",\"target\":{\"@type\":\"EntryPoint\",\"urlTemplate\":\"https:\\\/\\\/emmyskerzen.com\\\/?s={search_term_string}\"},\"query-input\":{\"@type\":\"PropertyValueSpecification\",\"valueRequired\":true,\"valueName\":\"search_term_string\"}}],\"inLanguage\":\"en-GB\"},{\"@type\":\"Organization\",\"@id\":\"https:\\\/\\\/emmyskerzen.com\\\/#organization\",\"name\":\"Emmys Kerzen Onlineshop\",\"url\":\"https:\\\/\\\/emmyskerzen.com\\\/\",\"logo\":{\"@type\":\"ImageObject\",\"inLanguage\":\"en-GB\",\"@id\":\"https:\\\/\\\/emmyskerzen.com\\\/#\\\/schema\\\/logo\\\/image\\\/\",\"url\":\"https:\\\/\\\/emmyskerzen.com\\\/wp-content\\\/uploads\\\/2026\\\/03\\\/IMG_0392.jpeg\",\"contentUrl\":\"https:\\\/\\\/emmyskerzen.com\\\/wp-content\\\/uploads\\\/2026\\\/03\\\/IMG_0392.jpeg\",\"width\":964,\"height\":975,\"caption\":\"Emmys Kerzen Onlineshop\"},\"image\":{\"@id\":\"https:\\\/\\\/emmyskerzen.com\\\/#\\\/schema\\\/logo\\\/image\\\/\"},\"sameAs\":[\"https:\\\/\\\/www.facebook.com\\\/EmmysKerzen\\\/\",\"https:\\\/\\\/www.instagram.com\\\/emmys_kerzen\\\/\",\"https:\\\/\\\/www.tiktok.com\\\/emmys.kerzen\\\/\"]}]}<\/script>\n<!-- \/ Yoast SEO plugin. -->","yoast_head_json":{"title":"Sukkulenten Duftkerze - moderne Deko - Emmys Kerzen","description":"Diese wunderbar nach Kokos duftende Sukkulenten-Kerze ist eine ideale Deko f\u00fcr dein Wohnzimmer! Handgegossen, hochwertig und liebevoll dekoriert.","robots":{"index":"index","follow":"follow","max-snippet":"max-snippet:-1","max-image-preview":"max-image-preview:large","max-video-preview":"max-video-preview:-1"},"canonical":"https:\/\/emmyskerzen.com\/en\/shop\/sukkulenten-duftkerze-moderne-deko\/","og_locale":"en_GB","og_type":"article","og_title":"Sukkulenten Duftkerze - moderne Deko - Emmys Kerzen","og_description":"Diese wunderbar nach Kokos duftende Sukkulenten-Kerze ist eine ideale Deko f\u00fcr dein Wohnzimmer! Handgegossen, hochwertig und liebevoll dekoriert.","og_url":"https:\/\/emmyskerzen.com\/en\/shop\/sukkulenten-duftkerze-moderne-deko\/","og_site_name":"Emmys Kerzen","article_publisher":"https:\/\/www.facebook.com\/EmmysKerzen\/","article_modified_time":"2026-03-21T14:31:43+00:00","og_image":[{"width":1024,"height":1536,"url":"https:\/\/emmyskerzen.com\/wp-content\/uploads\/2025\/10\/FC83F238-162B-43E4-A0D5-343878681D3F.png","type":"image\/png"}],"twitter_card":"summary_large_image","twitter_misc":{"Estimated reading time":"2 minutes"},"schema":{"@context":"https:\/\/schema.org","@graph":[{"@type":"WebPage","@id":"https:\/\/emmyskerzen.com\/shop\/sukkulenten-duftkerze-moderne-deko\/","url":"https:\/\/emmyskerzen.com\/shop\/sukkulenten-duftkerze-moderne-deko\/","name":"Sukkulenten Duftkerze - moderne Deko - Emmys Kerzen","isPartOf":{"@id":"https:\/\/emmyskerzen.com\/#website"},"primaryImageOfPage":{"@id":"https:\/\/emmyskerzen.com\/shop\/sukkulenten-duftkerze-moderne-deko\/#primaryimage"},"image":{"@id":"https:\/\/emmyskerzen.com\/shop\/sukkulenten-duftkerze-moderne-deko\/#primaryimage"},"thumbnailUrl":"https:\/\/emmyskerzen.com\/wp-content\/uploads\/2025\/10\/FC83F238-162B-43E4-A0D5-343878681D3F.png","datePublished":"2025-10-13T10:51:50+00:00","dateModified":"2026-03-21T14:31:43+00:00","description":"Diese wunderbar nach Kokos duftende Sukkulenten-Kerze ist eine ideale Deko f\u00fcr dein Wohnzimmer! Handgegossen, hochwertig und liebevoll dekoriert.","breadcrumb":{"@id":"https:\/\/emmyskerzen.com\/shop\/sukkulenten-duftkerze-moderne-deko\/#breadcrumb"},"inLanguage":"en-GB","potentialAction":[{"@type":"ReadAction","target":["https:\/\/emmyskerzen.com\/shop\/sukkulenten-duftkerze-moderne-deko\/"]}]},{"@type":"ImageObject","inLanguage":"en-GB","@id":"https:\/\/emmyskerzen.com\/shop\/sukkulenten-duftkerze-moderne-deko\/#primaryimage","url":"https:\/\/emmyskerzen.com\/wp-content\/uploads\/2025\/10\/FC83F238-162B-43E4-A0D5-343878681D3F.png","contentUrl":"https:\/\/emmyskerzen.com\/wp-content\/uploads\/2025\/10\/FC83F238-162B-43E4-A0D5-343878681D3F.png","width":1024,"height":1536},{"@type":"BreadcrumbList","@id":"https:\/\/emmyskerzen.com\/shop\/sukkulenten-duftkerze-moderne-deko\/#breadcrumb","itemListElement":[{"@type":"ListItem","position":1,"name":"Startseite","item":"https:\/\/emmyskerzen.com\/"},{"@type":"ListItem","position":2,"name":"Kerzen Shop","item":"https:\/\/emmyskerzen.com\/shop\/"},{"@type":"ListItem","position":3,"name":"Sukkulenten Duftkerze &#8211; moderne Deko"}]},{"@type":"WebSite","@id":"https:\/\/emmyskerzen.com\/#website","url":"https:\/\/emmyskerzen.com\/","name":"Emmys Kerzen Onlineshop","description":"personalisierte Kerzen, Dekokerzen, Duftkerzen, Geschenksets, Onlineshop","publisher":{"@id":"https:\/\/emmyskerzen.com\/#organization"},"potentialAction":[{"@type":"SearchAction","target":{"@type":"EntryPoint","urlTemplate":"https:\/\/emmyskerzen.com\/?s={search_term_string}"},"query-input":{"@type":"PropertyValueSpecification","valueRequired":true,"valueName":"search_term_string"}}],"inLanguage":"en-GB"},{"@type":"Organization","@id":"https:\/\/emmyskerzen.com\/#organization","name":"Emmys Kerzen Onlineshop","url":"https:\/\/emmyskerzen.com\/","logo":{"@type":"ImageObject","inLanguage":"en-GB","@id":"https:\/\/emmyskerzen.com\/#\/schema\/logo\/image\/","url":"https:\/\/emmyskerzen.com\/wp-content\/uploads\/2026\/03\/IMG_0392.jpeg","contentUrl":"https:\/\/emmyskerzen.com\/wp-content\/uploads\/2026\/03\/IMG_0392.jpeg","width":964,"height":975,"caption":"Emmys Kerzen Onlineshop"},"image":{"@id":"https:\/\/emmyskerzen.com\/#\/schema\/logo\/image\/"},"sameAs":["https:\/\/www.facebook.com\/EmmysKerzen\/","https:\/\/www.instagram.com\/emmys_kerzen\/","https:\/\/www.tiktok.com\/emmys.kerzen\/"]}]}},"_links":{"self":[{"href":"https:\/\/emmyskerzen.com\/en\/wp-json\/wp\/v2\/product\/182","targetHints":{"allow":["GET"]}}],"collection":[{"href":"https:\/\/emmyskerzen.com\/en\/wp-json\/wp\/v2\/product"}],"about":[{"href":"https:\/\/emmyskerzen.com\/en\/wp-json\/wp\/v2\/types\/product"}],"replies":[{"embeddable":true,"href":"https:\/\/emmyskerzen.com\/en\/wp-json\/wp\/v2\/comments?post=182"}],"wp:featuredmedia":[{"embeddable":true,"href":"https:\/\/emmyskerzen.com\/en\/wp-json\/wp\/v2\/media\/2133"}],"wp:attachment":[{"href":"https:\/\/emmyskerzen.com\/en\/wp-json\/wp\/v2\/media?parent=182"}],"wp:term":[{"taxonomy":"product_brand","embeddable":true,"href":"https:\/\/emmyskerzen.com\/en\/wp-json\/wp\/v2\/product_brand?post=182"},{"taxonomy":"product_cat","embeddable":true,"href":"https:\/\/emmyskerzen.com\/en\/wp-json\/wp\/v2\/product_cat?post=182"},{"taxonomy":"product_tag","embeddable":true,"href":"https:\/\/emmyskerzen.com\/en\/wp-json\/wp\/v2\/product_tag?post=182"}],"curies":[{"name":"wp","href":"https:\/\/api.w.org\/{rel}","templated":true}]}}