{"id":1815,"date":"2026-03-04T10:38:15","date_gmt":"2026-03-04T09:38:15","guid":{"rendered":"https:\/\/emmyskerzen.com\/?post_type=product&#038;p=1815"},"modified":"2026-04-17T11:36:45","modified_gmt":"2026-04-17T09:36:45","slug":"herzkerzen-set-handgemachte-deko-und-geschenkidee","status":"publish","type":"product","link":"https:\/\/emmyskerzen.com\/en\/shop\/herzkerzen-set-handgemachte-deko-und-geschenkidee\/","title":{"rendered":"Herzkerzen Set &#8211; handgemachte Deko- und Geschenkidee"},"content":{"rendered":"<h3>Handgemachte Herz Kerzen<\/h3>\n<p>Das wundersch\u00f6ne Handgemachte Herz Kerzen Set von Emmys Kerzen besteht aus<strong> 4 handgegossenen Kerzen<\/strong> in moderner Herzform.<br \/>\nMit ihrem stilvollen Design und den sanften Farben sind sie ein echter Blickfang in jedem Zuhause.<\/p>\n<p>Die Herzform macht diese Kerzen besonders beliebt als Geschenk f\u00fcr einen lieben Menschen oder als romantische Dekoration f\u00fcr besondere Momente.<\/p>\n<p>Jede Kerze wird mir viel Liebe handgegossen.<\/p>\n<p>Ob als Geschenk, Tischdekoration oder Wohnaccessoire &#8211; die Handgemachten Herz Kerzen von Emmys Kerzen schaffen eine warme und gem\u00fctliche Atmosph\u00e4re.<\/p>\n<p><em>Auf Anfrage auch gerne in anderen Farben m\u00f6glich!<\/em><\/p>\n<h5>PRODUKTDETAILS<br \/>\n&#8211; Set mit 4 Herzkerzen<br \/>\n&#8211; modernes Herz Design<br \/>\n&#8211; handgegossen von Emmys Kerzen<br \/>\n&#8211; verschiedene Rosat\u00f6ne<br \/>\n&#8211; ideal als Geschenk oder Dekoration<\/h5>\n<h4>PERFEKT GEEIGNET F\u00dcR<br \/>\n&#8211; Valentinstag<br \/>\n&#8211; Geburtstage<br \/>\n&#8211; Muttertag<br \/>\n&#8211; Hochzeiten<br \/>\n&#8211; romantische Dekoration<br \/>\n&#8211; Geschenk f\u00fcr besondere Menschen<\/h4>\n<p>&nbsp;<\/p>\n<p><span data-olk-copy-source=\"MessageBody\">*Gesamtpreis, umsatzsteuerbefreit aufgrund des Kleinunternehmerstatus, zuz\u00fcglich Versandkosten. Angaben zur Produktsicherheit:<\/span><br \/>\nAchte darauf, die Kerzen stets unter Aufsicht abbrennen zu lassen. Halte sie fern von Zugluft, Vorh\u00e4ngen, brennbaren Materialien, Kindern und Haustieren. K\u00fcrze den Docht regelm\u00e4\u00dfig, um eine zu gro\u00dfe Flamme zu vermeiden und stelle die Kerze auf einen sicheren, feuerfesten Untergrund. Verwende die Kerze nur gem\u00e4\u00df den Anweisungen und achte darauf, dass die Flamme beim Brennen nicht zu hoch wird.<\/p>","protected":false},"excerpt":{"rendered":"<p>Wundersch\u00f6ne Handgemachte Herz Kerzen von Emmys Kerzen. Set mit 4 handgegossenen Kerzen in moderner Herzform. Ideal als Geschenk oder Deko.<\/p>","protected":false},"featured_media":2081,"comment_status":"open","ping_status":"closed","template":"","meta":[],"product_brand":[],"product_cat":[22,17,24],"product_tag":[74,568,569,571,570,297,200],"class_list":{"0":"post-1815","1":"product","2":"type-product","3":"status-publish","4":"has-post-thumbnail","6":"product_cat-geschenkeanlaesse","7":"product_cat-kerzen-fur-jeden-tag","8":"product_cat-love","9":"product_tag-geschenkidee","10":"product_tag-herzkerzen","11":"product_tag-kerzen-herzform","12":"product_tag-kerzen-shop-oesterreich","13":"product_tag-kerzenset","14":"product_tag-romantische-kerze","15":"product_tag-sojawachskerze","17":"first","18":"instock","19":"shipping-taxable","20":"purchasable","21":"product-type-simple","22":"add-to-wishlist-after_add_to_cart"},"yoast_head":"<!-- This site is optimized with the Yoast SEO plugin v27.4 - https:\/\/yoast.com\/product\/yoast-seo-wordpress\/ -->\n<title>Herzkerzen Set - handgemachte Deko- und Geschenkidee - Emmys Kerzen<\/title>\n<meta name=\"description\" content=\"Wundersch\u00f6ne Handgemachte Herz Kerzen von Emmys Kerzen. Set mit 4 handgegossenen Kerzen in moderner Herzform. Ideal als Geschenk oder Deko.\" \/>\n<meta name=\"robots\" content=\"index, follow, max-snippet:-1, max-image-preview:large, max-video-preview:-1\" \/>\n<link rel=\"canonical\" href=\"https:\/\/emmyskerzen.com\/en\/shop\/herzkerzen-set-handgemachte-deko-und-geschenkidee\/\" \/>\n<meta property=\"og:locale\" content=\"en_GB\" \/>\n<meta property=\"og:type\" content=\"article\" \/>\n<meta property=\"og:title\" content=\"Herzkerzen Set - handgemachte Deko- und Geschenkidee - Emmys Kerzen\" \/>\n<meta property=\"og:description\" content=\"Wundersch\u00f6ne Handgemachte Herz Kerzen von Emmys Kerzen. Set mit 4 handgegossenen Kerzen in moderner Herzform. Ideal als Geschenk oder Deko.\" \/>\n<meta property=\"og:url\" content=\"https:\/\/emmyskerzen.com\/en\/shop\/herzkerzen-set-handgemachte-deko-und-geschenkidee\/\" \/>\n<meta property=\"og:site_name\" content=\"Emmys Kerzen\" \/>\n<meta property=\"article:publisher\" content=\"https:\/\/www.facebook.com\/EmmysKerzen\/\" \/>\n<meta property=\"article:modified_time\" content=\"2026-04-17T09:36:45+00:00\" \/>\n<meta property=\"og:image\" content=\"https:\/\/emmyskerzen.com\/wp-content\/uploads\/2026\/03\/F02A2C0B-2B19-4FE9-AC25-DA822DB77926.png\" \/>\n\t<meta property=\"og:image:width\" content=\"1024\" \/>\n\t<meta property=\"og:image:height\" content=\"1536\" \/>\n\t<meta property=\"og:image:type\" content=\"image\/png\" \/>\n<meta name=\"twitter:card\" content=\"summary_large_image\" \/>\n<meta name=\"twitter:label1\" content=\"Estimated reading time\" \/>\n\t<meta name=\"twitter:data1\" content=\"2 minutes\" \/>\n<script type=\"application\/ld+json\" class=\"yoast-schema-graph\">{\"@context\":\"https:\\\/\\\/schema.org\",\"@graph\":[{\"@type\":\"WebPage\",\"@id\":\"https:\\\/\\\/emmyskerzen.com\\\/shop\\\/herzkerzen-set-handgemachte-deko-und-geschenkidee\\\/\",\"url\":\"https:\\\/\\\/emmyskerzen.com\\\/shop\\\/herzkerzen-set-handgemachte-deko-und-geschenkidee\\\/\",\"name\":\"Herzkerzen Set - handgemachte Deko- und Geschenkidee - Emmys Kerzen\",\"isPartOf\":{\"@id\":\"https:\\\/\\\/emmyskerzen.com\\\/#website\"},\"primaryImageOfPage\":{\"@id\":\"https:\\\/\\\/emmyskerzen.com\\\/shop\\\/herzkerzen-set-handgemachte-deko-und-geschenkidee\\\/#primaryimage\"},\"image\":{\"@id\":\"https:\\\/\\\/emmyskerzen.com\\\/shop\\\/herzkerzen-set-handgemachte-deko-und-geschenkidee\\\/#primaryimage\"},\"thumbnailUrl\":\"https:\\\/\\\/emmyskerzen.com\\\/wp-content\\\/uploads\\\/2026\\\/03\\\/F02A2C0B-2B19-4FE9-AC25-DA822DB77926.png\",\"datePublished\":\"2026-03-04T09:38:15+00:00\",\"dateModified\":\"2026-04-17T09:36:45+00:00\",\"description\":\"Wundersch\u00f6ne Handgemachte Herz Kerzen von Emmys Kerzen. Set mit 4 handgegossenen Kerzen in moderner Herzform. Ideal als Geschenk oder Deko.\",\"breadcrumb\":{\"@id\":\"https:\\\/\\\/emmyskerzen.com\\\/shop\\\/herzkerzen-set-handgemachte-deko-und-geschenkidee\\\/#breadcrumb\"},\"inLanguage\":\"en-GB\",\"potentialAction\":[{\"@type\":\"ReadAction\",\"target\":[\"https:\\\/\\\/emmyskerzen.com\\\/shop\\\/herzkerzen-set-handgemachte-deko-und-geschenkidee\\\/\"]}]},{\"@type\":\"ImageObject\",\"inLanguage\":\"en-GB\",\"@id\":\"https:\\\/\\\/emmyskerzen.com\\\/shop\\\/herzkerzen-set-handgemachte-deko-und-geschenkidee\\\/#primaryimage\",\"url\":\"https:\\\/\\\/emmyskerzen.com\\\/wp-content\\\/uploads\\\/2026\\\/03\\\/F02A2C0B-2B19-4FE9-AC25-DA822DB77926.png\",\"contentUrl\":\"https:\\\/\\\/emmyskerzen.com\\\/wp-content\\\/uploads\\\/2026\\\/03\\\/F02A2C0B-2B19-4FE9-AC25-DA822DB77926.png\",\"width\":1024,\"height\":1536},{\"@type\":\"BreadcrumbList\",\"@id\":\"https:\\\/\\\/emmyskerzen.com\\\/shop\\\/herzkerzen-set-handgemachte-deko-und-geschenkidee\\\/#breadcrumb\",\"itemListElement\":[{\"@type\":\"ListItem\",\"position\":1,\"name\":\"Startseite\",\"item\":\"https:\\\/\\\/emmyskerzen.com\\\/\"},{\"@type\":\"ListItem\",\"position\":2,\"name\":\"Kerzen Shop\",\"item\":\"https:\\\/\\\/emmyskerzen.com\\\/shop\\\/\"},{\"@type\":\"ListItem\",\"position\":3,\"name\":\"Herzkerzen Set &#8211; handgemachte Deko- und Geschenkidee\"}]},{\"@type\":\"WebSite\",\"@id\":\"https:\\\/\\\/emmyskerzen.com\\\/#website\",\"url\":\"https:\\\/\\\/emmyskerzen.com\\\/\",\"name\":\"Emmys Kerzen Onlineshop\",\"description\":\"personalisierte Kerzen, Dekokerzen, Duftkerzen, Geschenksets, Onlineshop\",\"publisher\":{\"@id\":\"https:\\\/\\\/emmyskerzen.com\\\/#organization\"},\"potentialAction\":[{\"@type\":\"SearchAction\",\"target\":{\"@type\":\"EntryPoint\",\"urlTemplate\":\"https:\\\/\\\/emmyskerzen.com\\\/?s={search_term_string}\"},\"query-input\":{\"@type\":\"PropertyValueSpecification\",\"valueRequired\":true,\"valueName\":\"search_term_string\"}}],\"inLanguage\":\"en-GB\"},{\"@type\":\"Organization\",\"@id\":\"https:\\\/\\\/emmyskerzen.com\\\/#organization\",\"name\":\"Emmys Kerzen Onlineshop\",\"url\":\"https:\\\/\\\/emmyskerzen.com\\\/\",\"logo\":{\"@type\":\"ImageObject\",\"inLanguage\":\"en-GB\",\"@id\":\"https:\\\/\\\/emmyskerzen.com\\\/#\\\/schema\\\/logo\\\/image\\\/\",\"url\":\"https:\\\/\\\/emmyskerzen.com\\\/wp-content\\\/uploads\\\/2026\\\/03\\\/IMG_0392.jpeg\",\"contentUrl\":\"https:\\\/\\\/emmyskerzen.com\\\/wp-content\\\/uploads\\\/2026\\\/03\\\/IMG_0392.jpeg\",\"width\":964,\"height\":975,\"caption\":\"Emmys Kerzen Onlineshop\"},\"image\":{\"@id\":\"https:\\\/\\\/emmyskerzen.com\\\/#\\\/schema\\\/logo\\\/image\\\/\"},\"sameAs\":[\"https:\\\/\\\/www.facebook.com\\\/EmmysKerzen\\\/\",\"https:\\\/\\\/www.instagram.com\\\/emmys_kerzen\\\/\",\"https:\\\/\\\/www.tiktok.com\\\/emmys.kerzen\\\/\"]}]}<\/script>\n<!-- \/ Yoast SEO plugin. -->","yoast_head_json":{"title":"Herzkerzen Set - handgemachte Deko- und Geschenkidee - Emmys Kerzen","description":"Wundersch\u00f6ne Handgemachte Herz Kerzen von Emmys Kerzen. Set mit 4 handgegossenen Kerzen in moderner Herzform. Ideal als Geschenk oder Deko.","robots":{"index":"index","follow":"follow","max-snippet":"max-snippet:-1","max-image-preview":"max-image-preview:large","max-video-preview":"max-video-preview:-1"},"canonical":"https:\/\/emmyskerzen.com\/en\/shop\/herzkerzen-set-handgemachte-deko-und-geschenkidee\/","og_locale":"en_GB","og_type":"article","og_title":"Herzkerzen Set - handgemachte Deko- und Geschenkidee - Emmys Kerzen","og_description":"Wundersch\u00f6ne Handgemachte Herz Kerzen von Emmys Kerzen. Set mit 4 handgegossenen Kerzen in moderner Herzform. Ideal als Geschenk oder Deko.","og_url":"https:\/\/emmyskerzen.com\/en\/shop\/herzkerzen-set-handgemachte-deko-und-geschenkidee\/","og_site_name":"Emmys Kerzen","article_publisher":"https:\/\/www.facebook.com\/EmmysKerzen\/","article_modified_time":"2026-04-17T09:36:45+00:00","og_image":[{"width":1024,"height":1536,"url":"https:\/\/emmyskerzen.com\/wp-content\/uploads\/2026\/03\/F02A2C0B-2B19-4FE9-AC25-DA822DB77926.png","type":"image\/png"}],"twitter_card":"summary_large_image","twitter_misc":{"Estimated reading time":"2 minutes"},"schema":{"@context":"https:\/\/schema.org","@graph":[{"@type":"WebPage","@id":"https:\/\/emmyskerzen.com\/shop\/herzkerzen-set-handgemachte-deko-und-geschenkidee\/","url":"https:\/\/emmyskerzen.com\/shop\/herzkerzen-set-handgemachte-deko-und-geschenkidee\/","name":"Herzkerzen Set - handgemachte Deko- und Geschenkidee - Emmys Kerzen","isPartOf":{"@id":"https:\/\/emmyskerzen.com\/#website"},"primaryImageOfPage":{"@id":"https:\/\/emmyskerzen.com\/shop\/herzkerzen-set-handgemachte-deko-und-geschenkidee\/#primaryimage"},"image":{"@id":"https:\/\/emmyskerzen.com\/shop\/herzkerzen-set-handgemachte-deko-und-geschenkidee\/#primaryimage"},"thumbnailUrl":"https:\/\/emmyskerzen.com\/wp-content\/uploads\/2026\/03\/F02A2C0B-2B19-4FE9-AC25-DA822DB77926.png","datePublished":"2026-03-04T09:38:15+00:00","dateModified":"2026-04-17T09:36:45+00:00","description":"Wundersch\u00f6ne Handgemachte Herz Kerzen von Emmys Kerzen. Set mit 4 handgegossenen Kerzen in moderner Herzform. Ideal als Geschenk oder Deko.","breadcrumb":{"@id":"https:\/\/emmyskerzen.com\/shop\/herzkerzen-set-handgemachte-deko-und-geschenkidee\/#breadcrumb"},"inLanguage":"en-GB","potentialAction":[{"@type":"ReadAction","target":["https:\/\/emmyskerzen.com\/shop\/herzkerzen-set-handgemachte-deko-und-geschenkidee\/"]}]},{"@type":"ImageObject","inLanguage":"en-GB","@id":"https:\/\/emmyskerzen.com\/shop\/herzkerzen-set-handgemachte-deko-und-geschenkidee\/#primaryimage","url":"https:\/\/emmyskerzen.com\/wp-content\/uploads\/2026\/03\/F02A2C0B-2B19-4FE9-AC25-DA822DB77926.png","contentUrl":"https:\/\/emmyskerzen.com\/wp-content\/uploads\/2026\/03\/F02A2C0B-2B19-4FE9-AC25-DA822DB77926.png","width":1024,"height":1536},{"@type":"BreadcrumbList","@id":"https:\/\/emmyskerzen.com\/shop\/herzkerzen-set-handgemachte-deko-und-geschenkidee\/#breadcrumb","itemListElement":[{"@type":"ListItem","position":1,"name":"Startseite","item":"https:\/\/emmyskerzen.com\/"},{"@type":"ListItem","position":2,"name":"Kerzen Shop","item":"https:\/\/emmyskerzen.com\/shop\/"},{"@type":"ListItem","position":3,"name":"Herzkerzen Set &#8211; handgemachte Deko- und Geschenkidee"}]},{"@type":"WebSite","@id":"https:\/\/emmyskerzen.com\/#website","url":"https:\/\/emmyskerzen.com\/","name":"Emmys Kerzen Onlineshop","description":"personalisierte Kerzen, Dekokerzen, Duftkerzen, Geschenksets, Onlineshop","publisher":{"@id":"https:\/\/emmyskerzen.com\/#organization"},"potentialAction":[{"@type":"SearchAction","target":{"@type":"EntryPoint","urlTemplate":"https:\/\/emmyskerzen.com\/?s={search_term_string}"},"query-input":{"@type":"PropertyValueSpecification","valueRequired":true,"valueName":"search_term_string"}}],"inLanguage":"en-GB"},{"@type":"Organization","@id":"https:\/\/emmyskerzen.com\/#organization","name":"Emmys Kerzen Onlineshop","url":"https:\/\/emmyskerzen.com\/","logo":{"@type":"ImageObject","inLanguage":"en-GB","@id":"https:\/\/emmyskerzen.com\/#\/schema\/logo\/image\/","url":"https:\/\/emmyskerzen.com\/wp-content\/uploads\/2026\/03\/IMG_0392.jpeg","contentUrl":"https:\/\/emmyskerzen.com\/wp-content\/uploads\/2026\/03\/IMG_0392.jpeg","width":964,"height":975,"caption":"Emmys Kerzen Onlineshop"},"image":{"@id":"https:\/\/emmyskerzen.com\/#\/schema\/logo\/image\/"},"sameAs":["https:\/\/www.facebook.com\/EmmysKerzen\/","https:\/\/www.instagram.com\/emmys_kerzen\/","https:\/\/www.tiktok.com\/emmys.kerzen\/"]}]}},"_links":{"self":[{"href":"https:\/\/emmyskerzen.com\/en\/wp-json\/wp\/v2\/product\/1815","targetHints":{"allow":["GET"]}}],"collection":[{"href":"https:\/\/emmyskerzen.com\/en\/wp-json\/wp\/v2\/product"}],"about":[{"href":"https:\/\/emmyskerzen.com\/en\/wp-json\/wp\/v2\/types\/product"}],"replies":[{"embeddable":true,"href":"https:\/\/emmyskerzen.com\/en\/wp-json\/wp\/v2\/comments?post=1815"}],"wp:featuredmedia":[{"embeddable":true,"href":"https:\/\/emmyskerzen.com\/en\/wp-json\/wp\/v2\/media\/2081"}],"wp:attachment":[{"href":"https:\/\/emmyskerzen.com\/en\/wp-json\/wp\/v2\/media?parent=1815"}],"wp:term":[{"taxonomy":"product_brand","embeddable":true,"href":"https:\/\/emmyskerzen.com\/en\/wp-json\/wp\/v2\/product_brand?post=1815"},{"taxonomy":"product_cat","embeddable":true,"href":"https:\/\/emmyskerzen.com\/en\/wp-json\/wp\/v2\/product_cat?post=1815"},{"taxonomy":"product_tag","embeddable":true,"href":"https:\/\/emmyskerzen.com\/en\/wp-json\/wp\/v2\/product_tag?post=1815"}],"curies":[{"name":"wp","href":"https:\/\/api.w.org\/{rel}","templated":true}]}}