{"id":1812,"date":"2026-03-04T10:14:53","date_gmt":"2026-03-04T09:14:53","guid":{"rendered":"https:\/\/emmyskerzen.com\/?post_type=product&#038;p=1812"},"modified":"2026-03-21T14:59:47","modified_gmt":"2026-03-21T13:59:47","slug":"bubble-kerzen-set-moderne-deko-kerzen","status":"publish","type":"product","link":"https:\/\/emmyskerzen.com\/en\/shop\/bubble-kerzen-set-moderne-deko-kerzen\/","title":{"rendered":"Bubble Kerzen Set &#8211; moderne Deko Kerzen"},"content":{"rendered":"<h3><span data-olk-copy-source=\"MessageBody\">\ud83d\udd6f\ufe0f Bubble Kerzen Set\u00a0<\/span><\/h3>\n<p>Das stilvolle Bubble Kerzen Set von Emmys Kerzen besteht aus drei kleinen dekorativen Kerzen in modernen Farben. Die besondere Bubble Struktur mit runden Kugeln macht jede Kerze zu einem echten Blickfang in deinem Zuhause.<\/p>\n<p>Die Farben Bubblegum, Brombeere und Hellrosa sorgen f\u00fcr eine harmonische und moderne Farbkombination, die perfekt zu minimalistischer, skandinavischer oder moderner Einrichtung passt.<\/p>\n<p>Jede Kerze wird mit viel Liebe handgegossen und ist sowohl als dekoratives Highlight als auch als besonderes Geschenk ideal geeignet.<\/p>\n<p>Ob als Geschenkidee, stilvolle Wohnungsdekoration oder als besondere Tischdekoration \u2013 das Bubble Kerzen Set von Emmys Kerzen bringt eine warme und stilvolle Atmosph\u00e4re in jeden Raum.<\/p>\n<p>&nbsp;<\/p>\n<h5>\u2728 Produktdetails<br \/>\nMarke: Emmys Kerzen<br \/>\nSet mit 3 kleinen Bubble Kerzen<br \/>\nFarben: Bubblegum, Brombeere, Hellrosa<br \/>\nmodernes Bubble \/ Kugel Design<br \/>\nhandgegossen<br \/>\nperfekte Deko Kerzen f\u00fcr modernes Interior<\/h5>\n<p>&nbsp;<\/p>\n<h4><em>\ud83c\udf81 Perfekt als Geschenk<br \/>\n<\/em>Das Bubble Kerzen Set von Emmys Kerzen eignen sich perfekt als:<\/h4>\n<p>Geschenkidee<br \/>\nGeburtstagsgeschenk<br \/>\nkleine Aufmerksamkeit<br \/>\nmoderne Wohnungsdeko<br \/>\nDekoration f\u00fcr besondere Anl\u00e4sse<br \/>\nKerzenliebhaber<\/p>\n<div><\/div>\n<div>*Gesamtpreis, umsatzsteuerbefreit aufgrund des Kleinunternehmerstatus, zuz\u00fcglich Versandkosten. Angaben zur Produktsicherheit:<br \/>\nAchte darauf, die Kerzen stets unter Aufsicht abbrennen zu lassen. Halte sie fern von Zugluft, Vorh\u00e4ngen, brennbaren Materialien, Kindern und Haustieren. K\u00fcrze den Docht regelm\u00e4\u00dfig, um eine zu gro\u00dfe Flamme zu vermeiden und stelle die Kerze auf einen sicheren, feuerfesten Untergrund. Verwende die Kerze nur gem\u00e4\u00df den Anweisungen und achte darauf, dass die Flamme beim Brennen nicht zu hoch wird.<\/div>","protected":false},"excerpt":{"rendered":"<p><span data-olk-copy-source=\"MessageBody\">Modernes Bubble Kerzen Set von Emmys Kerzen. Stilvolle Deko Kerzen in modernen Farben \u2013 handgemacht und perfekt f\u00fcr dein Zuhause oder als Geschenk.<\/span><\/p>","protected":false},"featured_media":2128,"comment_status":"open","ping_status":"closed","template":"","meta":[],"product_brand":[],"product_cat":[22,17,512],"product_tag":[564,561,562,563,567,565,566],"class_list":{"0":"post-1812","1":"product","2":"type-product","3":"status-publish","4":"has-post-thumbnail","6":"product_cat-geschenkeanlaesse","7":"product_cat-kerzen-fur-jeden-tag","8":"product_cat-unserefavoriten","9":"product_tag-bubble-candle","10":"product_tag-bubble-kerzen","11":"product_tag-bubble-kerzen-set","12":"product_tag-deko-kerzen-modern","13":"product_tag-geschenkset","14":"product_tag-kerzen-geschenkset","15":"product_tag-moderne-kerzen-deko","17":"first","18":"instock","19":"shipping-taxable","20":"purchasable","21":"product-type-simple","22":"add-to-wishlist-after_add_to_cart"},"yoast_head":"<!-- This site is optimized with the Yoast SEO plugin v27.4 - https:\/\/yoast.com\/product\/yoast-seo-wordpress\/ -->\n<title>Bubble Kerzen Set - moderne Deko Kerzen - Emmys Kerzen<\/title>\n<meta name=\"description\" content=\"Modernes Bubble Kerzen Set von Emmys Kerzen. Stilvolle Deko Kerzen in modernen Farben \u2013 handgemacht und perfekt f\u00fcr dein Zuhause oder als Geschenk.\" \/>\n<meta name=\"robots\" content=\"index, follow, max-snippet:-1, max-image-preview:large, max-video-preview:-1\" \/>\n<link rel=\"canonical\" href=\"https:\/\/emmyskerzen.com\/en\/shop\/bubble-kerzen-set-moderne-deko-kerzen\/\" \/>\n<meta property=\"og:locale\" content=\"en_GB\" \/>\n<meta property=\"og:type\" content=\"article\" \/>\n<meta property=\"og:title\" content=\"Bubble Kerzen Set - moderne Deko Kerzen - Emmys Kerzen\" \/>\n<meta property=\"og:description\" content=\"Modernes Bubble Kerzen Set von Emmys Kerzen. Stilvolle Deko Kerzen in modernen Farben \u2013 handgemacht und perfekt f\u00fcr dein Zuhause oder als Geschenk.\" \/>\n<meta property=\"og:url\" content=\"https:\/\/emmyskerzen.com\/en\/shop\/bubble-kerzen-set-moderne-deko-kerzen\/\" \/>\n<meta property=\"og:site_name\" content=\"Emmys Kerzen\" \/>\n<meta property=\"article:publisher\" content=\"https:\/\/www.facebook.com\/EmmysKerzen\/\" \/>\n<meta property=\"article:modified_time\" content=\"2026-03-21T13:59:47+00:00\" \/>\n<meta property=\"og:image\" content=\"https:\/\/emmyskerzen.com\/wp-content\/uploads\/2026\/03\/034DA3DC-BE31-4D5C-8455-1511B8A467E4.png\" \/>\n\t<meta property=\"og:image:width\" content=\"1024\" \/>\n\t<meta property=\"og:image:height\" content=\"1536\" \/>\n\t<meta property=\"og:image:type\" content=\"image\/png\" \/>\n<meta name=\"twitter:card\" content=\"summary_large_image\" \/>\n<meta name=\"twitter:label1\" content=\"Estimated reading time\" \/>\n\t<meta name=\"twitter:data1\" content=\"2 minutes\" \/>\n<script type=\"application\/ld+json\" class=\"yoast-schema-graph\">{\"@context\":\"https:\\\/\\\/schema.org\",\"@graph\":[{\"@type\":\"WebPage\",\"@id\":\"https:\\\/\\\/emmyskerzen.com\\\/shop\\\/bubble-kerzen-set-moderne-deko-kerzen\\\/\",\"url\":\"https:\\\/\\\/emmyskerzen.com\\\/shop\\\/bubble-kerzen-set-moderne-deko-kerzen\\\/\",\"name\":\"Bubble Kerzen Set - moderne Deko Kerzen - Emmys Kerzen\",\"isPartOf\":{\"@id\":\"https:\\\/\\\/emmyskerzen.com\\\/#website\"},\"primaryImageOfPage\":{\"@id\":\"https:\\\/\\\/emmyskerzen.com\\\/shop\\\/bubble-kerzen-set-moderne-deko-kerzen\\\/#primaryimage\"},\"image\":{\"@id\":\"https:\\\/\\\/emmyskerzen.com\\\/shop\\\/bubble-kerzen-set-moderne-deko-kerzen\\\/#primaryimage\"},\"thumbnailUrl\":\"https:\\\/\\\/emmyskerzen.com\\\/wp-content\\\/uploads\\\/2026\\\/03\\\/034DA3DC-BE31-4D5C-8455-1511B8A467E4.png\",\"datePublished\":\"2026-03-04T09:14:53+00:00\",\"dateModified\":\"2026-03-21T13:59:47+00:00\",\"description\":\"Modernes Bubble Kerzen Set von Emmys Kerzen. Stilvolle Deko Kerzen in modernen Farben \u2013 handgemacht und perfekt f\u00fcr dein Zuhause oder als Geschenk.\",\"breadcrumb\":{\"@id\":\"https:\\\/\\\/emmyskerzen.com\\\/shop\\\/bubble-kerzen-set-moderne-deko-kerzen\\\/#breadcrumb\"},\"inLanguage\":\"en-GB\",\"potentialAction\":[{\"@type\":\"ReadAction\",\"target\":[\"https:\\\/\\\/emmyskerzen.com\\\/shop\\\/bubble-kerzen-set-moderne-deko-kerzen\\\/\"]}]},{\"@type\":\"ImageObject\",\"inLanguage\":\"en-GB\",\"@id\":\"https:\\\/\\\/emmyskerzen.com\\\/shop\\\/bubble-kerzen-set-moderne-deko-kerzen\\\/#primaryimage\",\"url\":\"https:\\\/\\\/emmyskerzen.com\\\/wp-content\\\/uploads\\\/2026\\\/03\\\/034DA3DC-BE31-4D5C-8455-1511B8A467E4.png\",\"contentUrl\":\"https:\\\/\\\/emmyskerzen.com\\\/wp-content\\\/uploads\\\/2026\\\/03\\\/034DA3DC-BE31-4D5C-8455-1511B8A467E4.png\",\"width\":1024,\"height\":1536},{\"@type\":\"BreadcrumbList\",\"@id\":\"https:\\\/\\\/emmyskerzen.com\\\/shop\\\/bubble-kerzen-set-moderne-deko-kerzen\\\/#breadcrumb\",\"itemListElement\":[{\"@type\":\"ListItem\",\"position\":1,\"name\":\"Startseite\",\"item\":\"https:\\\/\\\/emmyskerzen.com\\\/\"},{\"@type\":\"ListItem\",\"position\":2,\"name\":\"Kerzen Shop\",\"item\":\"https:\\\/\\\/emmyskerzen.com\\\/shop\\\/\"},{\"@type\":\"ListItem\",\"position\":3,\"name\":\"Bubble Kerzen Set &#8211; moderne Deko Kerzen\"}]},{\"@type\":\"WebSite\",\"@id\":\"https:\\\/\\\/emmyskerzen.com\\\/#website\",\"url\":\"https:\\\/\\\/emmyskerzen.com\\\/\",\"name\":\"Emmys Kerzen Onlineshop\",\"description\":\"personalisierte Kerzen, Dekokerzen, Duftkerzen, Geschenksets, Onlineshop\",\"publisher\":{\"@id\":\"https:\\\/\\\/emmyskerzen.com\\\/#organization\"},\"potentialAction\":[{\"@type\":\"SearchAction\",\"target\":{\"@type\":\"EntryPoint\",\"urlTemplate\":\"https:\\\/\\\/emmyskerzen.com\\\/?s={search_term_string}\"},\"query-input\":{\"@type\":\"PropertyValueSpecification\",\"valueRequired\":true,\"valueName\":\"search_term_string\"}}],\"inLanguage\":\"en-GB\"},{\"@type\":\"Organization\",\"@id\":\"https:\\\/\\\/emmyskerzen.com\\\/#organization\",\"name\":\"Emmys Kerzen Onlineshop\",\"url\":\"https:\\\/\\\/emmyskerzen.com\\\/\",\"logo\":{\"@type\":\"ImageObject\",\"inLanguage\":\"en-GB\",\"@id\":\"https:\\\/\\\/emmyskerzen.com\\\/#\\\/schema\\\/logo\\\/image\\\/\",\"url\":\"https:\\\/\\\/emmyskerzen.com\\\/wp-content\\\/uploads\\\/2026\\\/03\\\/IMG_0392.jpeg\",\"contentUrl\":\"https:\\\/\\\/emmyskerzen.com\\\/wp-content\\\/uploads\\\/2026\\\/03\\\/IMG_0392.jpeg\",\"width\":964,\"height\":975,\"caption\":\"Emmys Kerzen Onlineshop\"},\"image\":{\"@id\":\"https:\\\/\\\/emmyskerzen.com\\\/#\\\/schema\\\/logo\\\/image\\\/\"},\"sameAs\":[\"https:\\\/\\\/www.facebook.com\\\/EmmysKerzen\\\/\",\"https:\\\/\\\/www.instagram.com\\\/emmys_kerzen\\\/\",\"https:\\\/\\\/www.tiktok.com\\\/emmys.kerzen\\\/\"]}]}<\/script>\n<!-- \/ Yoast SEO plugin. -->","yoast_head_json":{"title":"Bubble Kerzen Set - moderne Deko Kerzen - Emmys Kerzen","description":"Modernes Bubble Kerzen Set von Emmys Kerzen. Stilvolle Deko Kerzen in modernen Farben \u2013 handgemacht und perfekt f\u00fcr dein Zuhause oder als Geschenk.","robots":{"index":"index","follow":"follow","max-snippet":"max-snippet:-1","max-image-preview":"max-image-preview:large","max-video-preview":"max-video-preview:-1"},"canonical":"https:\/\/emmyskerzen.com\/en\/shop\/bubble-kerzen-set-moderne-deko-kerzen\/","og_locale":"en_GB","og_type":"article","og_title":"Bubble Kerzen Set - moderne Deko Kerzen - Emmys Kerzen","og_description":"Modernes Bubble Kerzen Set von Emmys Kerzen. Stilvolle Deko Kerzen in modernen Farben \u2013 handgemacht und perfekt f\u00fcr dein Zuhause oder als Geschenk.","og_url":"https:\/\/emmyskerzen.com\/en\/shop\/bubble-kerzen-set-moderne-deko-kerzen\/","og_site_name":"Emmys Kerzen","article_publisher":"https:\/\/www.facebook.com\/EmmysKerzen\/","article_modified_time":"2026-03-21T13:59:47+00:00","og_image":[{"width":1024,"height":1536,"url":"https:\/\/emmyskerzen.com\/wp-content\/uploads\/2026\/03\/034DA3DC-BE31-4D5C-8455-1511B8A467E4.png","type":"image\/png"}],"twitter_card":"summary_large_image","twitter_misc":{"Estimated reading time":"2 minutes"},"schema":{"@context":"https:\/\/schema.org","@graph":[{"@type":"WebPage","@id":"https:\/\/emmyskerzen.com\/shop\/bubble-kerzen-set-moderne-deko-kerzen\/","url":"https:\/\/emmyskerzen.com\/shop\/bubble-kerzen-set-moderne-deko-kerzen\/","name":"Bubble Kerzen Set - moderne Deko Kerzen - Emmys Kerzen","isPartOf":{"@id":"https:\/\/emmyskerzen.com\/#website"},"primaryImageOfPage":{"@id":"https:\/\/emmyskerzen.com\/shop\/bubble-kerzen-set-moderne-deko-kerzen\/#primaryimage"},"image":{"@id":"https:\/\/emmyskerzen.com\/shop\/bubble-kerzen-set-moderne-deko-kerzen\/#primaryimage"},"thumbnailUrl":"https:\/\/emmyskerzen.com\/wp-content\/uploads\/2026\/03\/034DA3DC-BE31-4D5C-8455-1511B8A467E4.png","datePublished":"2026-03-04T09:14:53+00:00","dateModified":"2026-03-21T13:59:47+00:00","description":"Modernes Bubble Kerzen Set von Emmys Kerzen. Stilvolle Deko Kerzen in modernen Farben \u2013 handgemacht und perfekt f\u00fcr dein Zuhause oder als Geschenk.","breadcrumb":{"@id":"https:\/\/emmyskerzen.com\/shop\/bubble-kerzen-set-moderne-deko-kerzen\/#breadcrumb"},"inLanguage":"en-GB","potentialAction":[{"@type":"ReadAction","target":["https:\/\/emmyskerzen.com\/shop\/bubble-kerzen-set-moderne-deko-kerzen\/"]}]},{"@type":"ImageObject","inLanguage":"en-GB","@id":"https:\/\/emmyskerzen.com\/shop\/bubble-kerzen-set-moderne-deko-kerzen\/#primaryimage","url":"https:\/\/emmyskerzen.com\/wp-content\/uploads\/2026\/03\/034DA3DC-BE31-4D5C-8455-1511B8A467E4.png","contentUrl":"https:\/\/emmyskerzen.com\/wp-content\/uploads\/2026\/03\/034DA3DC-BE31-4D5C-8455-1511B8A467E4.png","width":1024,"height":1536},{"@type":"BreadcrumbList","@id":"https:\/\/emmyskerzen.com\/shop\/bubble-kerzen-set-moderne-deko-kerzen\/#breadcrumb","itemListElement":[{"@type":"ListItem","position":1,"name":"Startseite","item":"https:\/\/emmyskerzen.com\/"},{"@type":"ListItem","position":2,"name":"Kerzen Shop","item":"https:\/\/emmyskerzen.com\/shop\/"},{"@type":"ListItem","position":3,"name":"Bubble Kerzen Set &#8211; moderne Deko Kerzen"}]},{"@type":"WebSite","@id":"https:\/\/emmyskerzen.com\/#website","url":"https:\/\/emmyskerzen.com\/","name":"Emmys Kerzen Onlineshop","description":"personalisierte Kerzen, Dekokerzen, Duftkerzen, Geschenksets, Onlineshop","publisher":{"@id":"https:\/\/emmyskerzen.com\/#organization"},"potentialAction":[{"@type":"SearchAction","target":{"@type":"EntryPoint","urlTemplate":"https:\/\/emmyskerzen.com\/?s={search_term_string}"},"query-input":{"@type":"PropertyValueSpecification","valueRequired":true,"valueName":"search_term_string"}}],"inLanguage":"en-GB"},{"@type":"Organization","@id":"https:\/\/emmyskerzen.com\/#organization","name":"Emmys Kerzen Onlineshop","url":"https:\/\/emmyskerzen.com\/","logo":{"@type":"ImageObject","inLanguage":"en-GB","@id":"https:\/\/emmyskerzen.com\/#\/schema\/logo\/image\/","url":"https:\/\/emmyskerzen.com\/wp-content\/uploads\/2026\/03\/IMG_0392.jpeg","contentUrl":"https:\/\/emmyskerzen.com\/wp-content\/uploads\/2026\/03\/IMG_0392.jpeg","width":964,"height":975,"caption":"Emmys Kerzen Onlineshop"},"image":{"@id":"https:\/\/emmyskerzen.com\/#\/schema\/logo\/image\/"},"sameAs":["https:\/\/www.facebook.com\/EmmysKerzen\/","https:\/\/www.instagram.com\/emmys_kerzen\/","https:\/\/www.tiktok.com\/emmys.kerzen\/"]}]}},"_links":{"self":[{"href":"https:\/\/emmyskerzen.com\/en\/wp-json\/wp\/v2\/product\/1812","targetHints":{"allow":["GET"]}}],"collection":[{"href":"https:\/\/emmyskerzen.com\/en\/wp-json\/wp\/v2\/product"}],"about":[{"href":"https:\/\/emmyskerzen.com\/en\/wp-json\/wp\/v2\/types\/product"}],"replies":[{"embeddable":true,"href":"https:\/\/emmyskerzen.com\/en\/wp-json\/wp\/v2\/comments?post=1812"}],"wp:featuredmedia":[{"embeddable":true,"href":"https:\/\/emmyskerzen.com\/en\/wp-json\/wp\/v2\/media\/2128"}],"wp:attachment":[{"href":"https:\/\/emmyskerzen.com\/en\/wp-json\/wp\/v2\/media?parent=1812"}],"wp:term":[{"taxonomy":"product_brand","embeddable":true,"href":"https:\/\/emmyskerzen.com\/en\/wp-json\/wp\/v2\/product_brand?post=1812"},{"taxonomy":"product_cat","embeddable":true,"href":"https:\/\/emmyskerzen.com\/en\/wp-json\/wp\/v2\/product_cat?post=1812"},{"taxonomy":"product_tag","embeddable":true,"href":"https:\/\/emmyskerzen.com\/en\/wp-json\/wp\/v2\/product_tag?post=1812"}],"curies":[{"name":"wp","href":"https:\/\/api.w.org\/{rel}","templated":true}]}}