{"id":1758,"date":"2026-02-23T12:16:06","date_gmt":"2026-02-23T11:16:06","guid":{"rendered":"https:\/\/emmyskerzen.com\/?post_type=product&#038;p=1758"},"modified":"2026-03-21T15:04:53","modified_gmt":"2026-03-21T14:04:53","slug":"osterkerzen-set-ei-haeschen-als-geschenk","status":"publish","type":"product","link":"https:\/\/emmyskerzen.com\/en\/shop\/osterkerzen-set-ei-haeschen-als-geschenk\/","title":{"rendered":"Osterkerzen Set \u2013 Ei &#038; H\u00e4schen als Geschenk"},"content":{"rendered":"<h3>Set Osterei &amp; Osterh\u00e4schen Kerzen<\/h3>\n<h5>Liebevolles Osterkerzen Set bestehend aus den beiden handgegossenen Osterkerzen Osterei und Osterh\u00e4schen.<\/h5>\n<h5>Handgemacht aus Sojawachs, zart blumig duftend und ideal, um Ostern Freude zu verschenken oder dein Zuhasue fr\u00fchlingshaft zu dekorieren.<\/h5>\n<h5>Das Set wird in einer Geschenkschachtel geliefert.<\/h5>\n<p>&nbsp;<\/p>\n<p>Die genauen Beschreibungen findest du bei den jeweiligen Kerzen.<\/p>\n<p><span data-olk-copy-source=\"MessageBody\">*Gesamtpreis, umsatzsteuerbefreit aufgrund des Kleinunternehmerstatus, zuz\u00fcglich Versandkosten. Angaben zur Produktsicherheit:<\/span><br \/>\nAchte darauf, die Kerzen stets unter Aufsicht abbrennen zu lassen. Halte sie fern von Zugluft, Vorh\u00e4ngen, brennbaren Materialien, Kindern und Haustieren. K\u00fcrze den Docht regelm\u00e4\u00dfig, um eine zu gro\u00dfe Flamme zu vermeiden und stelle die Kerze auf einen sicheren, feuerfesten Untergrund. Verwende die Kerze nur gem\u00e4\u00df den Anweisungen und achte darauf, dass die Flamme beim Brennen nicht zu hoch wird.<\/p>","protected":false},"excerpt":{"rendered":"<h5>Liebevolles Osterkerzen Set bestehend aus den beiden handgegossenen Osterkerzen Osterei und Osterh\u00e4schen.<\/h5>","protected":false},"featured_media":2085,"comment_status":"open","ping_status":"closed","template":"","meta":[],"product_brand":[],"product_cat":[22,552],"product_tag":[557,555,556,36],"class_list":{"0":"post-1758","1":"product","2":"type-product","3":"status-publish","4":"has-post-thumbnail","6":"product_cat-geschenkeanlaesse","7":"product_cat-ostern","8":"product_tag-fruehling-kerze","9":"product_tag-geschenke-set","10":"product_tag-geschenkidee-ostern","11":"product_tag-kerzen-set","13":"first","14":"instock","15":"shipping-taxable","16":"purchasable","17":"product-type-variable","18":"add-to-wishlist-after_add_to_cart"},"yoast_head":"<!-- This site is optimized with the Yoast SEO plugin v27.4 - https:\/\/yoast.com\/product\/yoast-seo-wordpress\/ -->\n<title>Osterkerzen Set \u2013 Ei &amp; H\u00e4schen als Geschenk - Emmys Kerzen<\/title>\n<meta name=\"description\" content=\"Liebevolles Osterkerzen Set bestehend aus den beiden handgegossenen Osterkerzen Osterei und Osterh\u00e4schen. Perfekt als Geschenk.\" \/>\n<meta name=\"robots\" content=\"index, follow, max-snippet:-1, max-image-preview:large, max-video-preview:-1\" \/>\n<link rel=\"canonical\" href=\"https:\/\/emmyskerzen.com\/en\/shop\/osterkerzen-set-ei-haeschen-als-geschenk\/\" \/>\n<meta property=\"og:locale\" content=\"en_GB\" \/>\n<meta property=\"og:type\" content=\"article\" \/>\n<meta property=\"og:title\" content=\"Osterkerzen Set \u2013 Ei &amp; H\u00e4schen als Geschenk - Emmys Kerzen\" \/>\n<meta property=\"og:description\" content=\"Liebevolles Osterkerzen Set bestehend aus den beiden handgegossenen Osterkerzen Osterei und Osterh\u00e4schen. Perfekt als Geschenk.\" \/>\n<meta property=\"og:url\" content=\"https:\/\/emmyskerzen.com\/en\/shop\/osterkerzen-set-ei-haeschen-als-geschenk\/\" \/>\n<meta property=\"og:site_name\" content=\"Emmys Kerzen\" \/>\n<meta property=\"article:publisher\" content=\"https:\/\/www.facebook.com\/EmmysKerzen\/\" \/>\n<meta property=\"article:modified_time\" content=\"2026-03-21T14:04:53+00:00\" \/>\n<meta property=\"og:image\" content=\"https:\/\/emmyskerzen.com\/wp-content\/uploads\/2026\/02\/1C0C1BA1-72C2-4BD6-BCD5-ECB20A00FC23.png\" \/>\n\t<meta property=\"og:image:width\" content=\"1024\" \/>\n\t<meta property=\"og:image:height\" content=\"1536\" \/>\n\t<meta property=\"og:image:type\" content=\"image\/png\" \/>\n<meta name=\"twitter:card\" content=\"summary_large_image\" \/>\n<meta name=\"twitter:label1\" content=\"Estimated reading time\" \/>\n\t<meta name=\"twitter:data1\" content=\"1 minute\" \/>\n<script type=\"application\/ld+json\" class=\"yoast-schema-graph\">{\"@context\":\"https:\\\/\\\/schema.org\",\"@graph\":[{\"@type\":\"WebPage\",\"@id\":\"https:\\\/\\\/emmyskerzen.com\\\/shop\\\/osterkerzen-set-ei-haeschen-als-geschenk\\\/\",\"url\":\"https:\\\/\\\/emmyskerzen.com\\\/shop\\\/osterkerzen-set-ei-haeschen-als-geschenk\\\/\",\"name\":\"Osterkerzen Set \u2013 Ei & H\u00e4schen als Geschenk - Emmys Kerzen\",\"isPartOf\":{\"@id\":\"https:\\\/\\\/emmyskerzen.com\\\/#website\"},\"primaryImageOfPage\":{\"@id\":\"https:\\\/\\\/emmyskerzen.com\\\/shop\\\/osterkerzen-set-ei-haeschen-als-geschenk\\\/#primaryimage\"},\"image\":{\"@id\":\"https:\\\/\\\/emmyskerzen.com\\\/shop\\\/osterkerzen-set-ei-haeschen-als-geschenk\\\/#primaryimage\"},\"thumbnailUrl\":\"https:\\\/\\\/emmyskerzen.com\\\/wp-content\\\/uploads\\\/2026\\\/02\\\/1C0C1BA1-72C2-4BD6-BCD5-ECB20A00FC23.png\",\"datePublished\":\"2026-02-23T11:16:06+00:00\",\"dateModified\":\"2026-03-21T14:04:53+00:00\",\"description\":\"Liebevolles Osterkerzen Set bestehend aus den beiden handgegossenen Osterkerzen Osterei und Osterh\u00e4schen. Perfekt als Geschenk.\",\"breadcrumb\":{\"@id\":\"https:\\\/\\\/emmyskerzen.com\\\/shop\\\/osterkerzen-set-ei-haeschen-als-geschenk\\\/#breadcrumb\"},\"inLanguage\":\"en-GB\",\"potentialAction\":[{\"@type\":\"ReadAction\",\"target\":[\"https:\\\/\\\/emmyskerzen.com\\\/shop\\\/osterkerzen-set-ei-haeschen-als-geschenk\\\/\"]}]},{\"@type\":\"ImageObject\",\"inLanguage\":\"en-GB\",\"@id\":\"https:\\\/\\\/emmyskerzen.com\\\/shop\\\/osterkerzen-set-ei-haeschen-als-geschenk\\\/#primaryimage\",\"url\":\"https:\\\/\\\/emmyskerzen.com\\\/wp-content\\\/uploads\\\/2026\\\/02\\\/1C0C1BA1-72C2-4BD6-BCD5-ECB20A00FC23.png\",\"contentUrl\":\"https:\\\/\\\/emmyskerzen.com\\\/wp-content\\\/uploads\\\/2026\\\/02\\\/1C0C1BA1-72C2-4BD6-BCD5-ECB20A00FC23.png\",\"width\":1024,\"height\":1536},{\"@type\":\"BreadcrumbList\",\"@id\":\"https:\\\/\\\/emmyskerzen.com\\\/shop\\\/osterkerzen-set-ei-haeschen-als-geschenk\\\/#breadcrumb\",\"itemListElement\":[{\"@type\":\"ListItem\",\"position\":1,\"name\":\"Startseite\",\"item\":\"https:\\\/\\\/emmyskerzen.com\\\/\"},{\"@type\":\"ListItem\",\"position\":2,\"name\":\"Kerzen Shop\",\"item\":\"https:\\\/\\\/emmyskerzen.com\\\/shop\\\/\"},{\"@type\":\"ListItem\",\"position\":3,\"name\":\"Osterkerzen Set \u2013 Ei &#038; H\u00e4schen als Geschenk\"}]},{\"@type\":\"WebSite\",\"@id\":\"https:\\\/\\\/emmyskerzen.com\\\/#website\",\"url\":\"https:\\\/\\\/emmyskerzen.com\\\/\",\"name\":\"Emmys Kerzen Onlineshop\",\"description\":\"personalisierte Kerzen, Dekokerzen, Duftkerzen, Geschenksets, Onlineshop\",\"publisher\":{\"@id\":\"https:\\\/\\\/emmyskerzen.com\\\/#organization\"},\"potentialAction\":[{\"@type\":\"SearchAction\",\"target\":{\"@type\":\"EntryPoint\",\"urlTemplate\":\"https:\\\/\\\/emmyskerzen.com\\\/?s={search_term_string}\"},\"query-input\":{\"@type\":\"PropertyValueSpecification\",\"valueRequired\":true,\"valueName\":\"search_term_string\"}}],\"inLanguage\":\"en-GB\"},{\"@type\":\"Organization\",\"@id\":\"https:\\\/\\\/emmyskerzen.com\\\/#organization\",\"name\":\"Emmys Kerzen Onlineshop\",\"url\":\"https:\\\/\\\/emmyskerzen.com\\\/\",\"logo\":{\"@type\":\"ImageObject\",\"inLanguage\":\"en-GB\",\"@id\":\"https:\\\/\\\/emmyskerzen.com\\\/#\\\/schema\\\/logo\\\/image\\\/\",\"url\":\"https:\\\/\\\/emmyskerzen.com\\\/wp-content\\\/uploads\\\/2026\\\/03\\\/IMG_0392.jpeg\",\"contentUrl\":\"https:\\\/\\\/emmyskerzen.com\\\/wp-content\\\/uploads\\\/2026\\\/03\\\/IMG_0392.jpeg\",\"width\":964,\"height\":975,\"caption\":\"Emmys Kerzen Onlineshop\"},\"image\":{\"@id\":\"https:\\\/\\\/emmyskerzen.com\\\/#\\\/schema\\\/logo\\\/image\\\/\"},\"sameAs\":[\"https:\\\/\\\/www.facebook.com\\\/EmmysKerzen\\\/\",\"https:\\\/\\\/www.instagram.com\\\/emmys_kerzen\\\/\",\"https:\\\/\\\/www.tiktok.com\\\/emmys.kerzen\\\/\"]}]}<\/script>\n<!-- \/ Yoast SEO plugin. -->","yoast_head_json":{"title":"Osterkerzen Set \u2013 Ei & H\u00e4schen als Geschenk - Emmys Kerzen","description":"Liebevolles Osterkerzen Set bestehend aus den beiden handgegossenen Osterkerzen Osterei und Osterh\u00e4schen. Perfekt als Geschenk.","robots":{"index":"index","follow":"follow","max-snippet":"max-snippet:-1","max-image-preview":"max-image-preview:large","max-video-preview":"max-video-preview:-1"},"canonical":"https:\/\/emmyskerzen.com\/en\/shop\/osterkerzen-set-ei-haeschen-als-geschenk\/","og_locale":"en_GB","og_type":"article","og_title":"Osterkerzen Set \u2013 Ei & H\u00e4schen als Geschenk - Emmys Kerzen","og_description":"Liebevolles Osterkerzen Set bestehend aus den beiden handgegossenen Osterkerzen Osterei und Osterh\u00e4schen. Perfekt als Geschenk.","og_url":"https:\/\/emmyskerzen.com\/en\/shop\/osterkerzen-set-ei-haeschen-als-geschenk\/","og_site_name":"Emmys Kerzen","article_publisher":"https:\/\/www.facebook.com\/EmmysKerzen\/","article_modified_time":"2026-03-21T14:04:53+00:00","og_image":[{"width":1024,"height":1536,"url":"https:\/\/emmyskerzen.com\/wp-content\/uploads\/2026\/02\/1C0C1BA1-72C2-4BD6-BCD5-ECB20A00FC23.png","type":"image\/png"}],"twitter_card":"summary_large_image","twitter_misc":{"Estimated reading time":"1 minute"},"schema":{"@context":"https:\/\/schema.org","@graph":[{"@type":"WebPage","@id":"https:\/\/emmyskerzen.com\/shop\/osterkerzen-set-ei-haeschen-als-geschenk\/","url":"https:\/\/emmyskerzen.com\/shop\/osterkerzen-set-ei-haeschen-als-geschenk\/","name":"Osterkerzen Set \u2013 Ei & H\u00e4schen als Geschenk - Emmys Kerzen","isPartOf":{"@id":"https:\/\/emmyskerzen.com\/#website"},"primaryImageOfPage":{"@id":"https:\/\/emmyskerzen.com\/shop\/osterkerzen-set-ei-haeschen-als-geschenk\/#primaryimage"},"image":{"@id":"https:\/\/emmyskerzen.com\/shop\/osterkerzen-set-ei-haeschen-als-geschenk\/#primaryimage"},"thumbnailUrl":"https:\/\/emmyskerzen.com\/wp-content\/uploads\/2026\/02\/1C0C1BA1-72C2-4BD6-BCD5-ECB20A00FC23.png","datePublished":"2026-02-23T11:16:06+00:00","dateModified":"2026-03-21T14:04:53+00:00","description":"Liebevolles Osterkerzen Set bestehend aus den beiden handgegossenen Osterkerzen Osterei und Osterh\u00e4schen. Perfekt als Geschenk.","breadcrumb":{"@id":"https:\/\/emmyskerzen.com\/shop\/osterkerzen-set-ei-haeschen-als-geschenk\/#breadcrumb"},"inLanguage":"en-GB","potentialAction":[{"@type":"ReadAction","target":["https:\/\/emmyskerzen.com\/shop\/osterkerzen-set-ei-haeschen-als-geschenk\/"]}]},{"@type":"ImageObject","inLanguage":"en-GB","@id":"https:\/\/emmyskerzen.com\/shop\/osterkerzen-set-ei-haeschen-als-geschenk\/#primaryimage","url":"https:\/\/emmyskerzen.com\/wp-content\/uploads\/2026\/02\/1C0C1BA1-72C2-4BD6-BCD5-ECB20A00FC23.png","contentUrl":"https:\/\/emmyskerzen.com\/wp-content\/uploads\/2026\/02\/1C0C1BA1-72C2-4BD6-BCD5-ECB20A00FC23.png","width":1024,"height":1536},{"@type":"BreadcrumbList","@id":"https:\/\/emmyskerzen.com\/shop\/osterkerzen-set-ei-haeschen-als-geschenk\/#breadcrumb","itemListElement":[{"@type":"ListItem","position":1,"name":"Startseite","item":"https:\/\/emmyskerzen.com\/"},{"@type":"ListItem","position":2,"name":"Kerzen Shop","item":"https:\/\/emmyskerzen.com\/shop\/"},{"@type":"ListItem","position":3,"name":"Osterkerzen Set \u2013 Ei &#038; H\u00e4schen als Geschenk"}]},{"@type":"WebSite","@id":"https:\/\/emmyskerzen.com\/#website","url":"https:\/\/emmyskerzen.com\/","name":"Emmys Kerzen Onlineshop","description":"personalisierte Kerzen, Dekokerzen, Duftkerzen, Geschenksets, Onlineshop","publisher":{"@id":"https:\/\/emmyskerzen.com\/#organization"},"potentialAction":[{"@type":"SearchAction","target":{"@type":"EntryPoint","urlTemplate":"https:\/\/emmyskerzen.com\/?s={search_term_string}"},"query-input":{"@type":"PropertyValueSpecification","valueRequired":true,"valueName":"search_term_string"}}],"inLanguage":"en-GB"},{"@type":"Organization","@id":"https:\/\/emmyskerzen.com\/#organization","name":"Emmys Kerzen Onlineshop","url":"https:\/\/emmyskerzen.com\/","logo":{"@type":"ImageObject","inLanguage":"en-GB","@id":"https:\/\/emmyskerzen.com\/#\/schema\/logo\/image\/","url":"https:\/\/emmyskerzen.com\/wp-content\/uploads\/2026\/03\/IMG_0392.jpeg","contentUrl":"https:\/\/emmyskerzen.com\/wp-content\/uploads\/2026\/03\/IMG_0392.jpeg","width":964,"height":975,"caption":"Emmys Kerzen Onlineshop"},"image":{"@id":"https:\/\/emmyskerzen.com\/#\/schema\/logo\/image\/"},"sameAs":["https:\/\/www.facebook.com\/EmmysKerzen\/","https:\/\/www.instagram.com\/emmys_kerzen\/","https:\/\/www.tiktok.com\/emmys.kerzen\/"]}]}},"_links":{"self":[{"href":"https:\/\/emmyskerzen.com\/en\/wp-json\/wp\/v2\/product\/1758","targetHints":{"allow":["GET"]}}],"collection":[{"href":"https:\/\/emmyskerzen.com\/en\/wp-json\/wp\/v2\/product"}],"about":[{"href":"https:\/\/emmyskerzen.com\/en\/wp-json\/wp\/v2\/types\/product"}],"replies":[{"embeddable":true,"href":"https:\/\/emmyskerzen.com\/en\/wp-json\/wp\/v2\/comments?post=1758"}],"wp:featuredmedia":[{"embeddable":true,"href":"https:\/\/emmyskerzen.com\/en\/wp-json\/wp\/v2\/media\/2085"}],"wp:attachment":[{"href":"https:\/\/emmyskerzen.com\/en\/wp-json\/wp\/v2\/media?parent=1758"}],"wp:term":[{"taxonomy":"product_brand","embeddable":true,"href":"https:\/\/emmyskerzen.com\/en\/wp-json\/wp\/v2\/product_brand?post=1758"},{"taxonomy":"product_cat","embeddable":true,"href":"https:\/\/emmyskerzen.com\/en\/wp-json\/wp\/v2\/product_cat?post=1758"},{"taxonomy":"product_tag","embeddable":true,"href":"https:\/\/emmyskerzen.com\/en\/wp-json\/wp\/v2\/product_tag?post=1758"}],"curies":[{"name":"wp","href":"https:\/\/api.w.org\/{rel}","templated":true}]}}