{"id":1648,"date":"2026-02-13T18:23:27","date_gmt":"2026-02-13T17:23:27","guid":{"rendered":"https:\/\/emmyskerzen.com\/?post_type=product&#038;p=1648"},"modified":"2026-03-21T15:06:50","modified_gmt":"2026-03-21T14:06:50","slug":"blumenkerze-handgemachte-sojawachskerze-limited-edition","status":"publish","type":"product","link":"https:\/\/emmyskerzen.com\/en\/shop\/blumenkerze-handgemachte-sojawachskerze-limited-edition\/","title":{"rendered":"Blumenkerze \u2013 handgemachte Sojawachskerze (Limited Edition)"},"content":{"rendered":"<h4><em>Manchmal braucht es nur ein sanftes Licht, einen leichten Duft und einen Moment der Ruhe.<\/em><br \/>\n<em>Diese Kerze wurde von mir mit viel Liebe von Hand gegossen und soll genau das schenken: eine kleine Auszeit vom Alltag. Jede Kerze ist ein Unikat\u00a0 &#8211; gefertigt aus nat\u00fcrlichem Sojawachs, f\u00fcr eine warme Atmosph\u00e4re und echte Wohlf\u00fchlmomente.<\/em><\/h4>\n<h2><strong>Limited Edition \u201eFlowers\u201c \u2013 Handgemachte Sojawachskerze mit Blumen<\/strong><em>\ud83c\udf38<\/em><\/h2>\n<h4><span data-olk-copy-source=\"MessageBody\">Limited Edition \u201eFlowers\u201c \u2013 nur 5 handgemachte Unikate<br \/>\n<\/span>Jede Kerze wird von Hand aus 100 % nat\u00fcrlichem Sojawachs gegossen und mit einer liebevoll gestalteten Blumenverzierung veredelt.<\/h4>\n<p>\ud83c\udf38 Limitiert auf nur 5 St\u00fcck \u2013 jede Kerze mit einer einzigartigen Blumenfarbe:<\/p>\n<ul>\n<li>Rosa<\/li>\n<li>Dunkelrosa<\/li>\n<li>Wei\u00df<\/li>\n<li>Lila<\/li>\n<li>T\u00fcrkis<\/li>\n<\/ul>\n<p>Der leichte, <strong>nat\u00fcrliche Blumenduft<\/strong> sorgt f\u00fcr eine angenehme, dezente Frische und macht diese Kerze <strong>perfekt f\u00fcr Wohnr\u00e4ume, Schlafzimmer<\/strong> or <strong>als besonderes Geschenk<\/strong>.<\/p>\n<div>\n<h4><span data-olk-copy-source=\"MessageBody\">Produktdetails:<br \/>\nMaterial: 100 % Sojawachs<br \/>\nWiederverwendbares Glas<br \/>\nGlas: 9x8cm<br \/>\nBaumwolldocht<br \/>\n<\/span>Duft: Leichter Blumenduft<br \/>\nBesonderheit: Handgemacht &amp; limitiert<br \/>\nHerstellung: \u00d6sterreich<br \/>\nEdition: Limited Edition (5 St\u00fcck)<\/h4>\n<\/div>\n<div><\/div>\n<div>*Gesamtpreis, umsatzsteuerbefreit aufgrund des Kleinunternehmerstatus, zuz\u00fcglich Versandkosten. Angaben zur Produktsicherheit:<br \/>\nAchte darauf, die Kerzen stets unter Aufsicht abbrennen zu lassen. Halte sie fern von Zugluft, Vorh\u00e4ngen, brennbaren Materialien, Kindern und Haustieren. K\u00fcrze den Docht regelm\u00e4\u00dfig, um eine zu gro\u00dfe Flamme zu vermeiden und stelle die Kerze auf einen sicheren, feuerfesten Untergrund. Verwende die Kerze nur gem\u00e4\u00df den Anweisungen und achte darauf, dass die Flamme beim Brennen nicht zu hoch wird.<\/div>","protected":false},"excerpt":{"rendered":"<p><span data-olk-copy-source=\"MessageBody\">Handgemachte Sojawachskerze mit Blumen aus 100 % nat\u00fcrlichem Sojawachs.<br \/>\n<\/span>\ud83c\udf38 Limited Edition \u2013 nur 5 St\u00fcck<br \/>\n\ud83c\udf3f Leichter Blumenduft<br \/>\n\ud83c\udf81 Perfekt als Geschenk oder Deko<\/p>","protected":false},"featured_media":2110,"comment_status":"open","ping_status":"closed","template":"","meta":[],"product_brand":[],"product_cat":[514,21,17],"product_tag":[546,545,544,28,484,543],"class_list":{"0":"post-1648","1":"product","2":"type-product","3":"status-publish","4":"has-post-thumbnail","6":"product_cat-duftkerze","7":"product_cat-fruehling-sommer","8":"product_cat-kerzen-fur-jeden-tag","9":"product_tag-blumiger-duft","10":"product_tag-duftkerzen","11":"product_tag-florale-kerzen","12":"product_tag-handgemachte-kerzen","13":"product_tag-limited-edition","14":"product_tag-sojawachskerzen-aus-oesterreich","16":"first","17":"instock","18":"sold-individually","19":"shipping-taxable","20":"purchasable","21":"product-type-variable","22":"add-to-wishlist-after_add_to_cart"},"yoast_head":"<!-- This site is optimized with the Yoast SEO plugin v27.4 - https:\/\/yoast.com\/product\/yoast-seo-wordpress\/ -->\n<title>Blumenkerze \u2013 handgemachte Sojawachskerze (Limited Edition) - Emmys Kerzen<\/title>\n<meta name=\"description\" content=\"Limited Edition Flowers: handgemachte Sojawachskerze mit Blumen. Nur 5 St\u00fcck. Leichter Blumenduft &amp; 100 % nat\u00fcrliches Sojawachs.\" \/>\n<meta name=\"robots\" content=\"index, follow, max-snippet:-1, max-image-preview:large, max-video-preview:-1\" \/>\n<link rel=\"canonical\" href=\"https:\/\/emmyskerzen.com\/en\/shop\/blumenkerze-handgemachte-sojawachskerze-limited-edition\/\" \/>\n<meta property=\"og:locale\" content=\"en_GB\" \/>\n<meta property=\"og:type\" content=\"article\" \/>\n<meta property=\"og:title\" content=\"Blumenkerze \u2013 handgemachte Sojawachskerze (Limited Edition) - Emmys Kerzen\" \/>\n<meta property=\"og:description\" content=\"Limited Edition Flowers: handgemachte Sojawachskerze mit Blumen. Nur 5 St\u00fcck. Leichter Blumenduft &amp; 100 % nat\u00fcrliches Sojawachs.\" \/>\n<meta property=\"og:url\" content=\"https:\/\/emmyskerzen.com\/en\/shop\/blumenkerze-handgemachte-sojawachskerze-limited-edition\/\" \/>\n<meta property=\"og:site_name\" content=\"Emmys Kerzen\" \/>\n<meta property=\"article:publisher\" content=\"https:\/\/www.facebook.com\/EmmysKerzen\/\" \/>\n<meta property=\"article:modified_time\" content=\"2026-03-21T14:06:50+00:00\" \/>\n<meta property=\"og:image\" content=\"https:\/\/emmyskerzen.com\/wp-content\/uploads\/2026\/02\/0A458D90-E7EE-4900-98FE-5DAF999AD580.png\" \/>\n\t<meta property=\"og:image:width\" content=\"1024\" \/>\n\t<meta property=\"og:image:height\" content=\"1536\" \/>\n\t<meta property=\"og:image:type\" content=\"image\/png\" \/>\n<meta name=\"twitter:card\" content=\"summary_large_image\" \/>\n<meta name=\"twitter:label1\" content=\"Estimated reading time\" \/>\n\t<meta name=\"twitter:data1\" content=\"2 minutes\" \/>\n<script type=\"application\/ld+json\" class=\"yoast-schema-graph\">{\"@context\":\"https:\\\/\\\/schema.org\",\"@graph\":[{\"@type\":\"WebPage\",\"@id\":\"https:\\\/\\\/emmyskerzen.com\\\/shop\\\/blumenkerze-handgemachte-sojawachskerze-limited-edition\\\/\",\"url\":\"https:\\\/\\\/emmyskerzen.com\\\/shop\\\/blumenkerze-handgemachte-sojawachskerze-limited-edition\\\/\",\"name\":\"Blumenkerze \u2013 handgemachte Sojawachskerze (Limited Edition) - Emmys Kerzen\",\"isPartOf\":{\"@id\":\"https:\\\/\\\/emmyskerzen.com\\\/#website\"},\"primaryImageOfPage\":{\"@id\":\"https:\\\/\\\/emmyskerzen.com\\\/shop\\\/blumenkerze-handgemachte-sojawachskerze-limited-edition\\\/#primaryimage\"},\"image\":{\"@id\":\"https:\\\/\\\/emmyskerzen.com\\\/shop\\\/blumenkerze-handgemachte-sojawachskerze-limited-edition\\\/#primaryimage\"},\"thumbnailUrl\":\"https:\\\/\\\/emmyskerzen.com\\\/wp-content\\\/uploads\\\/2026\\\/02\\\/0A458D90-E7EE-4900-98FE-5DAF999AD580.png\",\"datePublished\":\"2026-02-13T17:23:27+00:00\",\"dateModified\":\"2026-03-21T14:06:50+00:00\",\"description\":\"Limited Edition Flowers: handgemachte Sojawachskerze mit Blumen. Nur 5 St\u00fcck. Leichter Blumenduft & 100 % nat\u00fcrliches Sojawachs.\",\"breadcrumb\":{\"@id\":\"https:\\\/\\\/emmyskerzen.com\\\/shop\\\/blumenkerze-handgemachte-sojawachskerze-limited-edition\\\/#breadcrumb\"},\"inLanguage\":\"en-GB\",\"potentialAction\":[{\"@type\":\"ReadAction\",\"target\":[\"https:\\\/\\\/emmyskerzen.com\\\/shop\\\/blumenkerze-handgemachte-sojawachskerze-limited-edition\\\/\"]}]},{\"@type\":\"ImageObject\",\"inLanguage\":\"en-GB\",\"@id\":\"https:\\\/\\\/emmyskerzen.com\\\/shop\\\/blumenkerze-handgemachte-sojawachskerze-limited-edition\\\/#primaryimage\",\"url\":\"https:\\\/\\\/emmyskerzen.com\\\/wp-content\\\/uploads\\\/2026\\\/02\\\/0A458D90-E7EE-4900-98FE-5DAF999AD580.png\",\"contentUrl\":\"https:\\\/\\\/emmyskerzen.com\\\/wp-content\\\/uploads\\\/2026\\\/02\\\/0A458D90-E7EE-4900-98FE-5DAF999AD580.png\",\"width\":1024,\"height\":1536},{\"@type\":\"BreadcrumbList\",\"@id\":\"https:\\\/\\\/emmyskerzen.com\\\/shop\\\/blumenkerze-handgemachte-sojawachskerze-limited-edition\\\/#breadcrumb\",\"itemListElement\":[{\"@type\":\"ListItem\",\"position\":1,\"name\":\"Startseite\",\"item\":\"https:\\\/\\\/emmyskerzen.com\\\/\"},{\"@type\":\"ListItem\",\"position\":2,\"name\":\"Kerzen Shop\",\"item\":\"https:\\\/\\\/emmyskerzen.com\\\/shop\\\/\"},{\"@type\":\"ListItem\",\"position\":3,\"name\":\"Blumenkerze \u2013 handgemachte Sojawachskerze (Limited Edition)\"}]},{\"@type\":\"WebSite\",\"@id\":\"https:\\\/\\\/emmyskerzen.com\\\/#website\",\"url\":\"https:\\\/\\\/emmyskerzen.com\\\/\",\"name\":\"Emmys Kerzen Onlineshop\",\"description\":\"personalisierte Kerzen, Dekokerzen, Duftkerzen, Geschenksets, Onlineshop\",\"publisher\":{\"@id\":\"https:\\\/\\\/emmyskerzen.com\\\/#organization\"},\"potentialAction\":[{\"@type\":\"SearchAction\",\"target\":{\"@type\":\"EntryPoint\",\"urlTemplate\":\"https:\\\/\\\/emmyskerzen.com\\\/?s={search_term_string}\"},\"query-input\":{\"@type\":\"PropertyValueSpecification\",\"valueRequired\":true,\"valueName\":\"search_term_string\"}}],\"inLanguage\":\"en-GB\"},{\"@type\":\"Organization\",\"@id\":\"https:\\\/\\\/emmyskerzen.com\\\/#organization\",\"name\":\"Emmys Kerzen Onlineshop\",\"url\":\"https:\\\/\\\/emmyskerzen.com\\\/\",\"logo\":{\"@type\":\"ImageObject\",\"inLanguage\":\"en-GB\",\"@id\":\"https:\\\/\\\/emmyskerzen.com\\\/#\\\/schema\\\/logo\\\/image\\\/\",\"url\":\"https:\\\/\\\/emmyskerzen.com\\\/wp-content\\\/uploads\\\/2026\\\/03\\\/IMG_0392.jpeg\",\"contentUrl\":\"https:\\\/\\\/emmyskerzen.com\\\/wp-content\\\/uploads\\\/2026\\\/03\\\/IMG_0392.jpeg\",\"width\":964,\"height\":975,\"caption\":\"Emmys Kerzen Onlineshop\"},\"image\":{\"@id\":\"https:\\\/\\\/emmyskerzen.com\\\/#\\\/schema\\\/logo\\\/image\\\/\"},\"sameAs\":[\"https:\\\/\\\/www.facebook.com\\\/EmmysKerzen\\\/\",\"https:\\\/\\\/www.instagram.com\\\/emmys_kerzen\\\/\",\"https:\\\/\\\/www.tiktok.com\\\/emmys.kerzen\\\/\"]}]}<\/script>\n<!-- \/ Yoast SEO plugin. -->","yoast_head_json":{"title":"Blumenkerze \u2013 handgemachte Sojawachskerze (Limited Edition) - Emmys Kerzen","description":"Limited Edition Flowers: handgemachte Sojawachskerze mit Blumen. Nur 5 St\u00fcck. Leichter Blumenduft & 100 % nat\u00fcrliches Sojawachs.","robots":{"index":"index","follow":"follow","max-snippet":"max-snippet:-1","max-image-preview":"max-image-preview:large","max-video-preview":"max-video-preview:-1"},"canonical":"https:\/\/emmyskerzen.com\/en\/shop\/blumenkerze-handgemachte-sojawachskerze-limited-edition\/","og_locale":"en_GB","og_type":"article","og_title":"Blumenkerze \u2013 handgemachte Sojawachskerze (Limited Edition) - Emmys Kerzen","og_description":"Limited Edition Flowers: handgemachte Sojawachskerze mit Blumen. Nur 5 St\u00fcck. Leichter Blumenduft & 100 % nat\u00fcrliches Sojawachs.","og_url":"https:\/\/emmyskerzen.com\/en\/shop\/blumenkerze-handgemachte-sojawachskerze-limited-edition\/","og_site_name":"Emmys Kerzen","article_publisher":"https:\/\/www.facebook.com\/EmmysKerzen\/","article_modified_time":"2026-03-21T14:06:50+00:00","og_image":[{"width":1024,"height":1536,"url":"https:\/\/emmyskerzen.com\/wp-content\/uploads\/2026\/02\/0A458D90-E7EE-4900-98FE-5DAF999AD580.png","type":"image\/png"}],"twitter_card":"summary_large_image","twitter_misc":{"Estimated reading time":"2 minutes"},"schema":{"@context":"https:\/\/schema.org","@graph":[{"@type":"WebPage","@id":"https:\/\/emmyskerzen.com\/shop\/blumenkerze-handgemachte-sojawachskerze-limited-edition\/","url":"https:\/\/emmyskerzen.com\/shop\/blumenkerze-handgemachte-sojawachskerze-limited-edition\/","name":"Blumenkerze \u2013 handgemachte Sojawachskerze (Limited Edition) - Emmys Kerzen","isPartOf":{"@id":"https:\/\/emmyskerzen.com\/#website"},"primaryImageOfPage":{"@id":"https:\/\/emmyskerzen.com\/shop\/blumenkerze-handgemachte-sojawachskerze-limited-edition\/#primaryimage"},"image":{"@id":"https:\/\/emmyskerzen.com\/shop\/blumenkerze-handgemachte-sojawachskerze-limited-edition\/#primaryimage"},"thumbnailUrl":"https:\/\/emmyskerzen.com\/wp-content\/uploads\/2026\/02\/0A458D90-E7EE-4900-98FE-5DAF999AD580.png","datePublished":"2026-02-13T17:23:27+00:00","dateModified":"2026-03-21T14:06:50+00:00","description":"Limited Edition Flowers: handgemachte Sojawachskerze mit Blumen. Nur 5 St\u00fcck. Leichter Blumenduft & 100 % nat\u00fcrliches Sojawachs.","breadcrumb":{"@id":"https:\/\/emmyskerzen.com\/shop\/blumenkerze-handgemachte-sojawachskerze-limited-edition\/#breadcrumb"},"inLanguage":"en-GB","potentialAction":[{"@type":"ReadAction","target":["https:\/\/emmyskerzen.com\/shop\/blumenkerze-handgemachte-sojawachskerze-limited-edition\/"]}]},{"@type":"ImageObject","inLanguage":"en-GB","@id":"https:\/\/emmyskerzen.com\/shop\/blumenkerze-handgemachte-sojawachskerze-limited-edition\/#primaryimage","url":"https:\/\/emmyskerzen.com\/wp-content\/uploads\/2026\/02\/0A458D90-E7EE-4900-98FE-5DAF999AD580.png","contentUrl":"https:\/\/emmyskerzen.com\/wp-content\/uploads\/2026\/02\/0A458D90-E7EE-4900-98FE-5DAF999AD580.png","width":1024,"height":1536},{"@type":"BreadcrumbList","@id":"https:\/\/emmyskerzen.com\/shop\/blumenkerze-handgemachte-sojawachskerze-limited-edition\/#breadcrumb","itemListElement":[{"@type":"ListItem","position":1,"name":"Startseite","item":"https:\/\/emmyskerzen.com\/"},{"@type":"ListItem","position":2,"name":"Kerzen Shop","item":"https:\/\/emmyskerzen.com\/shop\/"},{"@type":"ListItem","position":3,"name":"Blumenkerze \u2013 handgemachte Sojawachskerze (Limited Edition)"}]},{"@type":"WebSite","@id":"https:\/\/emmyskerzen.com\/#website","url":"https:\/\/emmyskerzen.com\/","name":"Emmys Kerzen Onlineshop","description":"personalisierte Kerzen, Dekokerzen, Duftkerzen, Geschenksets, Onlineshop","publisher":{"@id":"https:\/\/emmyskerzen.com\/#organization"},"potentialAction":[{"@type":"SearchAction","target":{"@type":"EntryPoint","urlTemplate":"https:\/\/emmyskerzen.com\/?s={search_term_string}"},"query-input":{"@type":"PropertyValueSpecification","valueRequired":true,"valueName":"search_term_string"}}],"inLanguage":"en-GB"},{"@type":"Organization","@id":"https:\/\/emmyskerzen.com\/#organization","name":"Emmys Kerzen Onlineshop","url":"https:\/\/emmyskerzen.com\/","logo":{"@type":"ImageObject","inLanguage":"en-GB","@id":"https:\/\/emmyskerzen.com\/#\/schema\/logo\/image\/","url":"https:\/\/emmyskerzen.com\/wp-content\/uploads\/2026\/03\/IMG_0392.jpeg","contentUrl":"https:\/\/emmyskerzen.com\/wp-content\/uploads\/2026\/03\/IMG_0392.jpeg","width":964,"height":975,"caption":"Emmys Kerzen Onlineshop"},"image":{"@id":"https:\/\/emmyskerzen.com\/#\/schema\/logo\/image\/"},"sameAs":["https:\/\/www.facebook.com\/EmmysKerzen\/","https:\/\/www.instagram.com\/emmys_kerzen\/","https:\/\/www.tiktok.com\/emmys.kerzen\/"]}]}},"_links":{"self":[{"href":"https:\/\/emmyskerzen.com\/en\/wp-json\/wp\/v2\/product\/1648","targetHints":{"allow":["GET"]}}],"collection":[{"href":"https:\/\/emmyskerzen.com\/en\/wp-json\/wp\/v2\/product"}],"about":[{"href":"https:\/\/emmyskerzen.com\/en\/wp-json\/wp\/v2\/types\/product"}],"replies":[{"embeddable":true,"href":"https:\/\/emmyskerzen.com\/en\/wp-json\/wp\/v2\/comments?post=1648"}],"wp:featuredmedia":[{"embeddable":true,"href":"https:\/\/emmyskerzen.com\/en\/wp-json\/wp\/v2\/media\/2110"}],"wp:attachment":[{"href":"https:\/\/emmyskerzen.com\/en\/wp-json\/wp\/v2\/media?parent=1648"}],"wp:term":[{"taxonomy":"product_brand","embeddable":true,"href":"https:\/\/emmyskerzen.com\/en\/wp-json\/wp\/v2\/product_brand?post=1648"},{"taxonomy":"product_cat","embeddable":true,"href":"https:\/\/emmyskerzen.com\/en\/wp-json\/wp\/v2\/product_cat?post=1648"},{"taxonomy":"product_tag","embeddable":true,"href":"https:\/\/emmyskerzen.com\/en\/wp-json\/wp\/v2\/product_tag?post=1648"}],"curies":[{"name":"wp","href":"https:\/\/api.w.org\/{rel}","templated":true}]}}