{"id":162,"date":"2025-10-13T12:54:18","date_gmt":"2025-10-13T10:54:18","guid":{"rendered":"https:\/\/emmyskerzen.com\/?post_type=product&#038;p=162"},"modified":"2026-03-21T15:29:31","modified_gmt":"2026-03-21T14:29:31","slug":"kleine-geister-kerzen-suesse-halloween-deko","status":"publish","type":"product","link":"https:\/\/emmyskerzen.com\/en\/shop\/kleine-geister-kerzen-suesse-halloween-deko\/","title":{"rendered":"Kleine Geister Kerzen \u2013 s\u00fc\u00dfe Halloween Deko"},"content":{"rendered":"<h4>\ud83d\udc7bHandgemachte Kleine Geister Kerze im Sch\u00e4lchen mit vier kleinen Geistern und gelben Sternen \u2013 perfekt als Halloween Deko, f\u00fcr gem\u00fctliche Herbstabende oder als besonderes Geschenk f\u00fcr Kerzenliebhaber. \ud83d\udd6f\ufe0f\ud83d\udc7b<\/h4>\n<p>\u2728 mit Liebe handgegossen<br \/>\n\u2728 niedliches Geister &amp; Sterne Design<br \/>\n\u2728 ideal als Herbst Kerze, Halloween Dekoration oder Geschenkidee<\/p>\n<h5>\ud83d\udc7bBringe ein bisschen spooky cozy Stimmung in dein Zuhause mit dieser einzigartigen handgemachten Geisterkerze.<\/h5>\n<h5>Produktdetails:<br \/>\nMaterial: 100% Sojawachs, ohne Paraffin, ohne Palm\u00f6l, ohne k\u00fcnstliche Zusatzstoffe<br \/>\nFarben: Gelb, Wei\u00df, Schwarz<br \/>\nForm: Geister, Sterne<br \/>\nGlitzer<br \/>\nMa\u00dfe: 11x11x8 cm<br \/>\nduftfrei<br \/>\ntierleidfrei und liebevoll verarbeitet<\/h5>\n<p>&nbsp;<\/p>\n<p>&nbsp;<\/p>\n<p>*Gesamtpreis, umsatzsteuerbefreit aufgrund des Kleinunternehmerstatus, zuz\u00fcglich Versandkosten.<\/p>\n<p>Angaben zur Produktsicherheit:<br \/>\nAchte darauf, die Kerzen stets unter Aufsicht abbrennen zu lassen. Halte sie fern von Zugluft, Vorh\u00e4ngen, brennbaren Materialien, Kindern und Haustieren. K\u00fcrze den Docht regelm\u00e4\u00dfig, um eine zu gro\u00dfe Flamme zu vermeiden und stelle die Kerze auf einen sicheren, feuerfesten Untergrund. Verwende die Kerze nur gem\u00e4\u00df den Anweisungen und achte darauf, dass die Flamme beim Brennen nicht zu hoch wird.<\/p>","protected":false},"excerpt":{"rendered":"<p>Halloweenkerze<\/p>","protected":false},"featured_media":2111,"comment_status":"open","ping_status":"closed","template":"","meta":[],"product_brand":[],"product_cat":[19,17],"product_tag":[39,100,42,43,47],"class_list":{"0":"post-162","1":"product","2":"type-product","3":"status-publish","4":"has-post-thumbnail","6":"product_cat-herbst-halloween","7":"product_cat-kerzen-fur-jeden-tag","8":"product_tag-emmys-kerzen","9":"product_tag-geister-kerze","10":"product_tag-handgemachte-kerze","11":"product_tag-herbstdeko","12":"product_tag-nachhaltige-kerze","14":"first","15":"instock","16":"shipping-taxable","17":"purchasable","18":"product-type-simple","19":"add-to-wishlist-after_add_to_cart"},"yoast_head":"<!-- This site is optimized with the Yoast SEO plugin v27.4 - https:\/\/yoast.com\/product\/yoast-seo-wordpress\/ -->\n<title>Kleine Geister Kerzen \u2013 s\u00fc\u00dfe Halloween Deko - Emmys Kerzen<\/title>\n<meta name=\"description\" content=\"Diese handgemachte Kleine Geister Kerze bringt dir spooky Vibes an Halloween nach Hause. Perfekt als Deko oder Geschenk. Jetzt entdecken!\" \/>\n<meta name=\"robots\" content=\"index, follow, max-snippet:-1, max-image-preview:large, max-video-preview:-1\" \/>\n<link rel=\"canonical\" href=\"https:\/\/emmyskerzen.com\/en\/shop\/kleine-geister-kerzen-suesse-halloween-deko\/\" \/>\n<meta property=\"og:locale\" content=\"en_GB\" \/>\n<meta property=\"og:type\" content=\"article\" \/>\n<meta property=\"og:title\" content=\"Kleine Geister Kerzen \u2013 s\u00fc\u00dfe Halloween Deko - Emmys Kerzen\" \/>\n<meta property=\"og:description\" content=\"Diese handgemachte Kleine Geister Kerze bringt dir spooky Vibes an Halloween nach Hause. Perfekt als Deko oder Geschenk. Jetzt entdecken!\" \/>\n<meta property=\"og:url\" content=\"https:\/\/emmyskerzen.com\/en\/shop\/kleine-geister-kerzen-suesse-halloween-deko\/\" \/>\n<meta property=\"og:site_name\" content=\"Emmys Kerzen\" \/>\n<meta property=\"article:publisher\" content=\"https:\/\/www.facebook.com\/EmmysKerzen\/\" \/>\n<meta property=\"article:modified_time\" content=\"2026-03-21T14:29:31+00:00\" \/>\n<meta property=\"og:image\" content=\"https:\/\/emmyskerzen.com\/wp-content\/uploads\/2025\/10\/4322991C-07DD-4C48-83E4-71B0891EF8C4.png\" \/>\n\t<meta property=\"og:image:width\" content=\"1024\" \/>\n\t<meta property=\"og:image:height\" content=\"1536\" \/>\n\t<meta property=\"og:image:type\" content=\"image\/png\" \/>\n<meta name=\"twitter:card\" content=\"summary_large_image\" \/>\n<meta name=\"twitter:label1\" content=\"Estimated reading time\" \/>\n\t<meta name=\"twitter:data1\" content=\"2 minutes\" \/>\n<script type=\"application\/ld+json\" class=\"yoast-schema-graph\">{\"@context\":\"https:\\\/\\\/schema.org\",\"@graph\":[{\"@type\":\"WebPage\",\"@id\":\"https:\\\/\\\/emmyskerzen.com\\\/shop\\\/kleine-geister-kerzen-suesse-halloween-deko\\\/\",\"url\":\"https:\\\/\\\/emmyskerzen.com\\\/shop\\\/kleine-geister-kerzen-suesse-halloween-deko\\\/\",\"name\":\"Kleine Geister Kerzen \u2013 s\u00fc\u00dfe Halloween Deko - Emmys Kerzen\",\"isPartOf\":{\"@id\":\"https:\\\/\\\/emmyskerzen.com\\\/#website\"},\"primaryImageOfPage\":{\"@id\":\"https:\\\/\\\/emmyskerzen.com\\\/shop\\\/kleine-geister-kerzen-suesse-halloween-deko\\\/#primaryimage\"},\"image\":{\"@id\":\"https:\\\/\\\/emmyskerzen.com\\\/shop\\\/kleine-geister-kerzen-suesse-halloween-deko\\\/#primaryimage\"},\"thumbnailUrl\":\"https:\\\/\\\/emmyskerzen.com\\\/wp-content\\\/uploads\\\/2025\\\/10\\\/4322991C-07DD-4C48-83E4-71B0891EF8C4.png\",\"datePublished\":\"2025-10-13T10:54:18+00:00\",\"dateModified\":\"2026-03-21T14:29:31+00:00\",\"description\":\"Diese handgemachte Kleine Geister Kerze bringt dir spooky Vibes an Halloween nach Hause. Perfekt als Deko oder Geschenk. Jetzt entdecken!\",\"breadcrumb\":{\"@id\":\"https:\\\/\\\/emmyskerzen.com\\\/shop\\\/kleine-geister-kerzen-suesse-halloween-deko\\\/#breadcrumb\"},\"inLanguage\":\"en-GB\",\"potentialAction\":[{\"@type\":\"ReadAction\",\"target\":[\"https:\\\/\\\/emmyskerzen.com\\\/shop\\\/kleine-geister-kerzen-suesse-halloween-deko\\\/\"]}]},{\"@type\":\"ImageObject\",\"inLanguage\":\"en-GB\",\"@id\":\"https:\\\/\\\/emmyskerzen.com\\\/shop\\\/kleine-geister-kerzen-suesse-halloween-deko\\\/#primaryimage\",\"url\":\"https:\\\/\\\/emmyskerzen.com\\\/wp-content\\\/uploads\\\/2025\\\/10\\\/4322991C-07DD-4C48-83E4-71B0891EF8C4.png\",\"contentUrl\":\"https:\\\/\\\/emmyskerzen.com\\\/wp-content\\\/uploads\\\/2025\\\/10\\\/4322991C-07DD-4C48-83E4-71B0891EF8C4.png\",\"width\":1024,\"height\":1536},{\"@type\":\"BreadcrumbList\",\"@id\":\"https:\\\/\\\/emmyskerzen.com\\\/shop\\\/kleine-geister-kerzen-suesse-halloween-deko\\\/#breadcrumb\",\"itemListElement\":[{\"@type\":\"ListItem\",\"position\":1,\"name\":\"Startseite\",\"item\":\"https:\\\/\\\/emmyskerzen.com\\\/\"},{\"@type\":\"ListItem\",\"position\":2,\"name\":\"Kerzen Shop\",\"item\":\"https:\\\/\\\/emmyskerzen.com\\\/shop\\\/\"},{\"@type\":\"ListItem\",\"position\":3,\"name\":\"Kleine Geister Kerzen \u2013 s\u00fc\u00dfe Halloween Deko\"}]},{\"@type\":\"WebSite\",\"@id\":\"https:\\\/\\\/emmyskerzen.com\\\/#website\",\"url\":\"https:\\\/\\\/emmyskerzen.com\\\/\",\"name\":\"Emmys Kerzen Onlineshop\",\"description\":\"personalisierte Kerzen, Dekokerzen, Duftkerzen, Geschenksets, Onlineshop\",\"publisher\":{\"@id\":\"https:\\\/\\\/emmyskerzen.com\\\/#organization\"},\"potentialAction\":[{\"@type\":\"SearchAction\",\"target\":{\"@type\":\"EntryPoint\",\"urlTemplate\":\"https:\\\/\\\/emmyskerzen.com\\\/?s={search_term_string}\"},\"query-input\":{\"@type\":\"PropertyValueSpecification\",\"valueRequired\":true,\"valueName\":\"search_term_string\"}}],\"inLanguage\":\"en-GB\"},{\"@type\":\"Organization\",\"@id\":\"https:\\\/\\\/emmyskerzen.com\\\/#organization\",\"name\":\"Emmys Kerzen Onlineshop\",\"url\":\"https:\\\/\\\/emmyskerzen.com\\\/\",\"logo\":{\"@type\":\"ImageObject\",\"inLanguage\":\"en-GB\",\"@id\":\"https:\\\/\\\/emmyskerzen.com\\\/#\\\/schema\\\/logo\\\/image\\\/\",\"url\":\"https:\\\/\\\/emmyskerzen.com\\\/wp-content\\\/uploads\\\/2026\\\/03\\\/IMG_0392.jpeg\",\"contentUrl\":\"https:\\\/\\\/emmyskerzen.com\\\/wp-content\\\/uploads\\\/2026\\\/03\\\/IMG_0392.jpeg\",\"width\":964,\"height\":975,\"caption\":\"Emmys Kerzen Onlineshop\"},\"image\":{\"@id\":\"https:\\\/\\\/emmyskerzen.com\\\/#\\\/schema\\\/logo\\\/image\\\/\"},\"sameAs\":[\"https:\\\/\\\/www.facebook.com\\\/EmmysKerzen\\\/\",\"https:\\\/\\\/www.instagram.com\\\/emmys_kerzen\\\/\",\"https:\\\/\\\/www.tiktok.com\\\/emmys.kerzen\\\/\"]}]}<\/script>\n<!-- \/ Yoast SEO plugin. -->","yoast_head_json":{"title":"Kleine Geister Kerzen \u2013 s\u00fc\u00dfe Halloween Deko - Emmys Kerzen","description":"Diese handgemachte Kleine Geister Kerze bringt dir spooky Vibes an Halloween nach Hause. Perfekt als Deko oder Geschenk. Jetzt entdecken!","robots":{"index":"index","follow":"follow","max-snippet":"max-snippet:-1","max-image-preview":"max-image-preview:large","max-video-preview":"max-video-preview:-1"},"canonical":"https:\/\/emmyskerzen.com\/en\/shop\/kleine-geister-kerzen-suesse-halloween-deko\/","og_locale":"en_GB","og_type":"article","og_title":"Kleine Geister Kerzen \u2013 s\u00fc\u00dfe Halloween Deko - Emmys Kerzen","og_description":"Diese handgemachte Kleine Geister Kerze bringt dir spooky Vibes an Halloween nach Hause. Perfekt als Deko oder Geschenk. Jetzt entdecken!","og_url":"https:\/\/emmyskerzen.com\/en\/shop\/kleine-geister-kerzen-suesse-halloween-deko\/","og_site_name":"Emmys Kerzen","article_publisher":"https:\/\/www.facebook.com\/EmmysKerzen\/","article_modified_time":"2026-03-21T14:29:31+00:00","og_image":[{"width":1024,"height":1536,"url":"https:\/\/emmyskerzen.com\/wp-content\/uploads\/2025\/10\/4322991C-07DD-4C48-83E4-71B0891EF8C4.png","type":"image\/png"}],"twitter_card":"summary_large_image","twitter_misc":{"Estimated reading time":"2 minutes"},"schema":{"@context":"https:\/\/schema.org","@graph":[{"@type":"WebPage","@id":"https:\/\/emmyskerzen.com\/shop\/kleine-geister-kerzen-suesse-halloween-deko\/","url":"https:\/\/emmyskerzen.com\/shop\/kleine-geister-kerzen-suesse-halloween-deko\/","name":"Kleine Geister Kerzen \u2013 s\u00fc\u00dfe Halloween Deko - Emmys Kerzen","isPartOf":{"@id":"https:\/\/emmyskerzen.com\/#website"},"primaryImageOfPage":{"@id":"https:\/\/emmyskerzen.com\/shop\/kleine-geister-kerzen-suesse-halloween-deko\/#primaryimage"},"image":{"@id":"https:\/\/emmyskerzen.com\/shop\/kleine-geister-kerzen-suesse-halloween-deko\/#primaryimage"},"thumbnailUrl":"https:\/\/emmyskerzen.com\/wp-content\/uploads\/2025\/10\/4322991C-07DD-4C48-83E4-71B0891EF8C4.png","datePublished":"2025-10-13T10:54:18+00:00","dateModified":"2026-03-21T14:29:31+00:00","description":"Diese handgemachte Kleine Geister Kerze bringt dir spooky Vibes an Halloween nach Hause. Perfekt als Deko oder Geschenk. Jetzt entdecken!","breadcrumb":{"@id":"https:\/\/emmyskerzen.com\/shop\/kleine-geister-kerzen-suesse-halloween-deko\/#breadcrumb"},"inLanguage":"en-GB","potentialAction":[{"@type":"ReadAction","target":["https:\/\/emmyskerzen.com\/shop\/kleine-geister-kerzen-suesse-halloween-deko\/"]}]},{"@type":"ImageObject","inLanguage":"en-GB","@id":"https:\/\/emmyskerzen.com\/shop\/kleine-geister-kerzen-suesse-halloween-deko\/#primaryimage","url":"https:\/\/emmyskerzen.com\/wp-content\/uploads\/2025\/10\/4322991C-07DD-4C48-83E4-71B0891EF8C4.png","contentUrl":"https:\/\/emmyskerzen.com\/wp-content\/uploads\/2025\/10\/4322991C-07DD-4C48-83E4-71B0891EF8C4.png","width":1024,"height":1536},{"@type":"BreadcrumbList","@id":"https:\/\/emmyskerzen.com\/shop\/kleine-geister-kerzen-suesse-halloween-deko\/#breadcrumb","itemListElement":[{"@type":"ListItem","position":1,"name":"Startseite","item":"https:\/\/emmyskerzen.com\/"},{"@type":"ListItem","position":2,"name":"Kerzen Shop","item":"https:\/\/emmyskerzen.com\/shop\/"},{"@type":"ListItem","position":3,"name":"Kleine Geister Kerzen \u2013 s\u00fc\u00dfe Halloween Deko"}]},{"@type":"WebSite","@id":"https:\/\/emmyskerzen.com\/#website","url":"https:\/\/emmyskerzen.com\/","name":"Emmys Kerzen Onlineshop","description":"personalisierte Kerzen, Dekokerzen, Duftkerzen, Geschenksets, Onlineshop","publisher":{"@id":"https:\/\/emmyskerzen.com\/#organization"},"potentialAction":[{"@type":"SearchAction","target":{"@type":"EntryPoint","urlTemplate":"https:\/\/emmyskerzen.com\/?s={search_term_string}"},"query-input":{"@type":"PropertyValueSpecification","valueRequired":true,"valueName":"search_term_string"}}],"inLanguage":"en-GB"},{"@type":"Organization","@id":"https:\/\/emmyskerzen.com\/#organization","name":"Emmys Kerzen Onlineshop","url":"https:\/\/emmyskerzen.com\/","logo":{"@type":"ImageObject","inLanguage":"en-GB","@id":"https:\/\/emmyskerzen.com\/#\/schema\/logo\/image\/","url":"https:\/\/emmyskerzen.com\/wp-content\/uploads\/2026\/03\/IMG_0392.jpeg","contentUrl":"https:\/\/emmyskerzen.com\/wp-content\/uploads\/2026\/03\/IMG_0392.jpeg","width":964,"height":975,"caption":"Emmys Kerzen Onlineshop"},"image":{"@id":"https:\/\/emmyskerzen.com\/#\/schema\/logo\/image\/"},"sameAs":["https:\/\/www.facebook.com\/EmmysKerzen\/","https:\/\/www.instagram.com\/emmys_kerzen\/","https:\/\/www.tiktok.com\/emmys.kerzen\/"]}]}},"_links":{"self":[{"href":"https:\/\/emmyskerzen.com\/en\/wp-json\/wp\/v2\/product\/162","targetHints":{"allow":["GET"]}}],"collection":[{"href":"https:\/\/emmyskerzen.com\/en\/wp-json\/wp\/v2\/product"}],"about":[{"href":"https:\/\/emmyskerzen.com\/en\/wp-json\/wp\/v2\/types\/product"}],"replies":[{"embeddable":true,"href":"https:\/\/emmyskerzen.com\/en\/wp-json\/wp\/v2\/comments?post=162"}],"wp:featuredmedia":[{"embeddable":true,"href":"https:\/\/emmyskerzen.com\/en\/wp-json\/wp\/v2\/media\/2111"}],"wp:attachment":[{"href":"https:\/\/emmyskerzen.com\/en\/wp-json\/wp\/v2\/media?parent=162"}],"wp:term":[{"taxonomy":"product_brand","embeddable":true,"href":"https:\/\/emmyskerzen.com\/en\/wp-json\/wp\/v2\/product_brand?post=162"},{"taxonomy":"product_cat","embeddable":true,"href":"https:\/\/emmyskerzen.com\/en\/wp-json\/wp\/v2\/product_cat?post=162"},{"taxonomy":"product_tag","embeddable":true,"href":"https:\/\/emmyskerzen.com\/en\/wp-json\/wp\/v2\/product_tag?post=162"}],"curies":[{"name":"wp","href":"https:\/\/api.w.org\/{rel}","templated":true}]}}