{"id":1515,"date":"2026-01-24T21:42:01","date_gmt":"2026-01-24T20:42:01","guid":{"rendered":"https:\/\/emmyskerzen.com\/?post_type=product&#038;p=1515"},"modified":"2026-04-07T20:17:11","modified_gmt":"2026-04-07T18:17:11","slug":"blumen-duftkerze-daisy-blossom-zarte-fruehlingskerze","status":"publish","type":"product","link":"https:\/\/emmyskerzen.com\/en\/shop\/blumen-duftkerze-daisy-blossom-zarte-fruehlingskerze\/","title":{"rendered":"Blumen Duftkerze \u201eDaisy Blossom\u201c \u2013 zarte Fr\u00fchlingskerze"},"content":{"rendered":"<h2><em>Daisy Blossom<br \/>\n<\/em><\/h2>\n<h4>duftfrei &#8211; auf Wunsch auch gerne mit Duft (bei Bestellabschluss unter &#8222;Notiz&#8220; angeben)<br \/>\nAuswahl unter &#8222;Infos&#8220; -&gt; Duftsortiment \ud83d\ude42<\/h4>\n<div dir=\"auto\">\n<p><span data-olk-copy-source=\"MessageBody\">Daisy Blossom Sojawachskerze steht f\u00fcr puren, cleanen Kerzen-Look: eine wei\u00dfe Sojawachs-Kerze, minimalistisch, elegant und perfekt f\u00fcr jedes Zuhause. Der nat\u00fcrliche Stil mit hochwertigem Glas und warmem Holzdeckel macht sie zu einem echten Hingucker \u2013 ob im Wohnzimmer, Schlafzimmer oder als Geschenk.<\/span><\/p>\n<p>Diese handgegossene Sojawachskerze brennt besonders ruhig und sorgt f\u00fcr eine angenehme Atmosph\u00e4re. Durch das schlichte Design passt Daisy Blossom ideal in moderne, skandinavische und minimalistische Einrichtungen.<\/p>\n<h4>\u2728<em><strong> Ob als Deko-Highlight, kleines Selfcare-Ritual oder Geschenkidee \u2013 die Daisy Blossom Sojawachskerze bringt W\u00e4rme und Stil in deinen Alltag.<\/strong><\/em><\/h4>\n<h5>\ud83d\udccc Produktdetails<br \/>\nFarbe: Wei\u00df<br \/>\nStil: clean \/ minimal \/ modern<br \/>\nGlas: 284ml milchig, wiederverwendbar &amp; Bambusdeckel<\/h5>\n<\/div>\n<div dir=\"auto\" role=\"textbox\" aria-label=\"Inhalt der E-Mail\">\n<h4 style=\"text-align: center;\">\u00a0Tipp zur ersten Nutzung<br \/>\nF\u00fcr ein gleichm\u00e4\u00dfiges Abbrennen die Kerze beim ersten Anz\u00fcnden mindestens 1-2 Stunden brennen lassen, damit die Oberfl\u00e4che komplett schmilzt.<\/h4>\n<\/div>\n<div dir=\"auto\">\n<p>*Gesamtpreis, umsatzsteuerbefreit aufgrund des Kleinunternehmerstatus, zuz\u00fcglich Versandkosten.<\/p>\n<p>Angaben zur Produktsicherheit:<br \/>\nAchte darauf, die Kerzen stets unter Aufsicht abbrennen zu lassen. Halte sie fern von Zugluft, Vorh\u00e4ngen, brennbaren Materialien, Kindern und Haustieren. K\u00fcrze den Docht regelm\u00e4\u00dfig, um eine zu gro\u00dfe Flamme zu vermeiden und stelle die Kerze auf einen sicheren, feuerfesten Untergrund. Verwende die Kerze nur gem\u00e4\u00df den Anweisungen und achte darauf, dass die Flamme beim Brennen nicht zu hoch wird.<\/p>\n<\/div>","protected":false},"excerpt":{"rendered":"<p><span data-olk-copy-source=\"MessageBody\">Daisy Blossom Sojawachskerze \u2013 cleane wei\u00dfe Kerze, handgegossen im Glas mit Bambusdeckel. Minimalistisch, modern &amp; perfekt als Geschenk oder Deko!<br \/>\nAuf Wunsch gerne mit deinem Lieblingsduft.<\/span><\/p>","protected":false},"featured_media":2109,"comment_status":"open","ping_status":"closed","template":"","meta":[],"product_brand":[],"product_cat":[21,22,17],"product_tag":[52,469,531,534,532,533,200],"class_list":{"0":"post-1515","1":"product","2":"type-product","3":"status-publish","4":"has-post-thumbnail","6":"product_cat-fruehling-sommer","7":"product_cat-geschenkeanlaesse","8":"product_cat-kerzen-fur-jeden-tag","9":"product_tag-cozy-home","10":"product_tag-handgegossen","11":"product_tag-handmadeclean","12":"product_tag-homedecor","13":"product_tag-onlineshop","14":"product_tag-oesterreich","15":"product_tag-sojawachskerze","17":"first","18":"instock","19":"shipping-taxable","20":"purchasable","21":"product-type-simple","22":"add-to-wishlist-after_add_to_cart"},"yoast_head":"<!-- This site is optimized with the Yoast SEO plugin v27.4 - https:\/\/yoast.com\/product\/yoast-seo-wordpress\/ -->\n<title>Blumen Duftkerze \u201eDaisy Blossom\u201c \u2013 zarte Fr\u00fchlingskerze - Emmys Kerzen<\/title>\n<meta name=\"description\" content=\"Daisy Blossom Sojawachskerze \u2013 cleane wei\u00dfe Kerze, handgegossen im Glas mit Bambus-Holzdeckel. Minimalistisch, modern &amp; perfekt als Geschenk oder Deko.\" \/>\n<meta name=\"robots\" content=\"index, follow, max-snippet:-1, max-image-preview:large, max-video-preview:-1\" \/>\n<link rel=\"canonical\" href=\"https:\/\/emmyskerzen.com\/en\/shop\/blumen-duftkerze-daisy-blossom-zarte-fruehlingskerze\/\" \/>\n<meta property=\"og:locale\" content=\"en_GB\" \/>\n<meta property=\"og:type\" content=\"article\" \/>\n<meta property=\"og:title\" content=\"Blumen Duftkerze \u201eDaisy Blossom\u201c \u2013 zarte Fr\u00fchlingskerze - Emmys Kerzen\" \/>\n<meta property=\"og:description\" content=\"Daisy Blossom Sojawachskerze \u2013 cleane wei\u00dfe Kerze, handgegossen im Glas mit Bambus-Holzdeckel. Minimalistisch, modern &amp; perfekt als Geschenk oder Deko.\" \/>\n<meta property=\"og:url\" content=\"https:\/\/emmyskerzen.com\/en\/shop\/blumen-duftkerze-daisy-blossom-zarte-fruehlingskerze\/\" \/>\n<meta property=\"og:site_name\" content=\"Emmys Kerzen\" \/>\n<meta property=\"article:publisher\" content=\"https:\/\/www.facebook.com\/EmmysKerzen\/\" \/>\n<meta property=\"article:modified_time\" content=\"2026-04-07T18:17:11+00:00\" \/>\n<meta property=\"og:image\" content=\"https:\/\/emmyskerzen.com\/wp-content\/uploads\/2026\/01\/ABC63F05-5E00-4861-986F-8E6D6246DE47.png\" \/>\n\t<meta property=\"og:image:width\" content=\"1024\" \/>\n\t<meta property=\"og:image:height\" content=\"1536\" \/>\n\t<meta property=\"og:image:type\" content=\"image\/png\" \/>\n<meta name=\"twitter:card\" content=\"summary_large_image\" \/>\n<meta name=\"twitter:label1\" content=\"Estimated reading time\" \/>\n\t<meta name=\"twitter:data1\" content=\"2 minutes\" \/>\n<script type=\"application\/ld+json\" class=\"yoast-schema-graph\">{\"@context\":\"https:\\\/\\\/schema.org\",\"@graph\":[{\"@type\":\"WebPage\",\"@id\":\"https:\\\/\\\/emmyskerzen.com\\\/shop\\\/blumen-duftkerze-daisy-blossom-zarte-fruehlingskerze\\\/\",\"url\":\"https:\\\/\\\/emmyskerzen.com\\\/shop\\\/blumen-duftkerze-daisy-blossom-zarte-fruehlingskerze\\\/\",\"name\":\"Blumen Duftkerze \u201eDaisy Blossom\u201c \u2013 zarte Fr\u00fchlingskerze - Emmys Kerzen\",\"isPartOf\":{\"@id\":\"https:\\\/\\\/emmyskerzen.com\\\/#website\"},\"primaryImageOfPage\":{\"@id\":\"https:\\\/\\\/emmyskerzen.com\\\/shop\\\/blumen-duftkerze-daisy-blossom-zarte-fruehlingskerze\\\/#primaryimage\"},\"image\":{\"@id\":\"https:\\\/\\\/emmyskerzen.com\\\/shop\\\/blumen-duftkerze-daisy-blossom-zarte-fruehlingskerze\\\/#primaryimage\"},\"thumbnailUrl\":\"https:\\\/\\\/emmyskerzen.com\\\/wp-content\\\/uploads\\\/2026\\\/01\\\/ABC63F05-5E00-4861-986F-8E6D6246DE47.png\",\"datePublished\":\"2026-01-24T20:42:01+00:00\",\"dateModified\":\"2026-04-07T18:17:11+00:00\",\"description\":\"Daisy Blossom Sojawachskerze \u2013 cleane wei\u00dfe Kerze, handgegossen im Glas mit Bambus-Holzdeckel. Minimalistisch, modern & perfekt als Geschenk oder Deko.\",\"breadcrumb\":{\"@id\":\"https:\\\/\\\/emmyskerzen.com\\\/shop\\\/blumen-duftkerze-daisy-blossom-zarte-fruehlingskerze\\\/#breadcrumb\"},\"inLanguage\":\"en-GB\",\"potentialAction\":[{\"@type\":\"ReadAction\",\"target\":[\"https:\\\/\\\/emmyskerzen.com\\\/shop\\\/blumen-duftkerze-daisy-blossom-zarte-fruehlingskerze\\\/\"]}]},{\"@type\":\"ImageObject\",\"inLanguage\":\"en-GB\",\"@id\":\"https:\\\/\\\/emmyskerzen.com\\\/shop\\\/blumen-duftkerze-daisy-blossom-zarte-fruehlingskerze\\\/#primaryimage\",\"url\":\"https:\\\/\\\/emmyskerzen.com\\\/wp-content\\\/uploads\\\/2026\\\/01\\\/ABC63F05-5E00-4861-986F-8E6D6246DE47.png\",\"contentUrl\":\"https:\\\/\\\/emmyskerzen.com\\\/wp-content\\\/uploads\\\/2026\\\/01\\\/ABC63F05-5E00-4861-986F-8E6D6246DE47.png\",\"width\":1024,\"height\":1536},{\"@type\":\"BreadcrumbList\",\"@id\":\"https:\\\/\\\/emmyskerzen.com\\\/shop\\\/blumen-duftkerze-daisy-blossom-zarte-fruehlingskerze\\\/#breadcrumb\",\"itemListElement\":[{\"@type\":\"ListItem\",\"position\":1,\"name\":\"Startseite\",\"item\":\"https:\\\/\\\/emmyskerzen.com\\\/\"},{\"@type\":\"ListItem\",\"position\":2,\"name\":\"Kerzen Shop\",\"item\":\"https:\\\/\\\/emmyskerzen.com\\\/shop\\\/\"},{\"@type\":\"ListItem\",\"position\":3,\"name\":\"Blumen Duftkerze \u201eDaisy Blossom\u201c \u2013 zarte Fr\u00fchlingskerze\"}]},{\"@type\":\"WebSite\",\"@id\":\"https:\\\/\\\/emmyskerzen.com\\\/#website\",\"url\":\"https:\\\/\\\/emmyskerzen.com\\\/\",\"name\":\"Emmys Kerzen Onlineshop\",\"description\":\"personalisierte Kerzen, Dekokerzen, Duftkerzen, Geschenksets, Onlineshop\",\"publisher\":{\"@id\":\"https:\\\/\\\/emmyskerzen.com\\\/#organization\"},\"potentialAction\":[{\"@type\":\"SearchAction\",\"target\":{\"@type\":\"EntryPoint\",\"urlTemplate\":\"https:\\\/\\\/emmyskerzen.com\\\/?s={search_term_string}\"},\"query-input\":{\"@type\":\"PropertyValueSpecification\",\"valueRequired\":true,\"valueName\":\"search_term_string\"}}],\"inLanguage\":\"en-GB\"},{\"@type\":\"Organization\",\"@id\":\"https:\\\/\\\/emmyskerzen.com\\\/#organization\",\"name\":\"Emmys Kerzen Onlineshop\",\"url\":\"https:\\\/\\\/emmyskerzen.com\\\/\",\"logo\":{\"@type\":\"ImageObject\",\"inLanguage\":\"en-GB\",\"@id\":\"https:\\\/\\\/emmyskerzen.com\\\/#\\\/schema\\\/logo\\\/image\\\/\",\"url\":\"https:\\\/\\\/emmyskerzen.com\\\/wp-content\\\/uploads\\\/2026\\\/03\\\/IMG_0392.jpeg\",\"contentUrl\":\"https:\\\/\\\/emmyskerzen.com\\\/wp-content\\\/uploads\\\/2026\\\/03\\\/IMG_0392.jpeg\",\"width\":964,\"height\":975,\"caption\":\"Emmys Kerzen Onlineshop\"},\"image\":{\"@id\":\"https:\\\/\\\/emmyskerzen.com\\\/#\\\/schema\\\/logo\\\/image\\\/\"},\"sameAs\":[\"https:\\\/\\\/www.facebook.com\\\/EmmysKerzen\\\/\",\"https:\\\/\\\/www.instagram.com\\\/emmys_kerzen\\\/\",\"https:\\\/\\\/www.tiktok.com\\\/emmys.kerzen\\\/\"]}]}<\/script>\n<!-- \/ Yoast SEO plugin. -->","yoast_head_json":{"title":"Blumen Duftkerze \u201eDaisy Blossom\u201c \u2013 zarte Fr\u00fchlingskerze - Emmys Kerzen","description":"Daisy Blossom Sojawachskerze \u2013 cleane wei\u00dfe Kerze, handgegossen im Glas mit Bambus-Holzdeckel. Minimalistisch, modern & perfekt als Geschenk oder Deko.","robots":{"index":"index","follow":"follow","max-snippet":"max-snippet:-1","max-image-preview":"max-image-preview:large","max-video-preview":"max-video-preview:-1"},"canonical":"https:\/\/emmyskerzen.com\/en\/shop\/blumen-duftkerze-daisy-blossom-zarte-fruehlingskerze\/","og_locale":"en_GB","og_type":"article","og_title":"Blumen Duftkerze \u201eDaisy Blossom\u201c \u2013 zarte Fr\u00fchlingskerze - Emmys Kerzen","og_description":"Daisy Blossom Sojawachskerze \u2013 cleane wei\u00dfe Kerze, handgegossen im Glas mit Bambus-Holzdeckel. Minimalistisch, modern & perfekt als Geschenk oder Deko.","og_url":"https:\/\/emmyskerzen.com\/en\/shop\/blumen-duftkerze-daisy-blossom-zarte-fruehlingskerze\/","og_site_name":"Emmys Kerzen","article_publisher":"https:\/\/www.facebook.com\/EmmysKerzen\/","article_modified_time":"2026-04-07T18:17:11+00:00","og_image":[{"width":1024,"height":1536,"url":"https:\/\/emmyskerzen.com\/wp-content\/uploads\/2026\/01\/ABC63F05-5E00-4861-986F-8E6D6246DE47.png","type":"image\/png"}],"twitter_card":"summary_large_image","twitter_misc":{"Estimated reading time":"2 minutes"},"schema":{"@context":"https:\/\/schema.org","@graph":[{"@type":"WebPage","@id":"https:\/\/emmyskerzen.com\/shop\/blumen-duftkerze-daisy-blossom-zarte-fruehlingskerze\/","url":"https:\/\/emmyskerzen.com\/shop\/blumen-duftkerze-daisy-blossom-zarte-fruehlingskerze\/","name":"Blumen Duftkerze \u201eDaisy Blossom\u201c \u2013 zarte Fr\u00fchlingskerze - Emmys Kerzen","isPartOf":{"@id":"https:\/\/emmyskerzen.com\/#website"},"primaryImageOfPage":{"@id":"https:\/\/emmyskerzen.com\/shop\/blumen-duftkerze-daisy-blossom-zarte-fruehlingskerze\/#primaryimage"},"image":{"@id":"https:\/\/emmyskerzen.com\/shop\/blumen-duftkerze-daisy-blossom-zarte-fruehlingskerze\/#primaryimage"},"thumbnailUrl":"https:\/\/emmyskerzen.com\/wp-content\/uploads\/2026\/01\/ABC63F05-5E00-4861-986F-8E6D6246DE47.png","datePublished":"2026-01-24T20:42:01+00:00","dateModified":"2026-04-07T18:17:11+00:00","description":"Daisy Blossom Sojawachskerze \u2013 cleane wei\u00dfe Kerze, handgegossen im Glas mit Bambus-Holzdeckel. Minimalistisch, modern & perfekt als Geschenk oder Deko.","breadcrumb":{"@id":"https:\/\/emmyskerzen.com\/shop\/blumen-duftkerze-daisy-blossom-zarte-fruehlingskerze\/#breadcrumb"},"inLanguage":"en-GB","potentialAction":[{"@type":"ReadAction","target":["https:\/\/emmyskerzen.com\/shop\/blumen-duftkerze-daisy-blossom-zarte-fruehlingskerze\/"]}]},{"@type":"ImageObject","inLanguage":"en-GB","@id":"https:\/\/emmyskerzen.com\/shop\/blumen-duftkerze-daisy-blossom-zarte-fruehlingskerze\/#primaryimage","url":"https:\/\/emmyskerzen.com\/wp-content\/uploads\/2026\/01\/ABC63F05-5E00-4861-986F-8E6D6246DE47.png","contentUrl":"https:\/\/emmyskerzen.com\/wp-content\/uploads\/2026\/01\/ABC63F05-5E00-4861-986F-8E6D6246DE47.png","width":1024,"height":1536},{"@type":"BreadcrumbList","@id":"https:\/\/emmyskerzen.com\/shop\/blumen-duftkerze-daisy-blossom-zarte-fruehlingskerze\/#breadcrumb","itemListElement":[{"@type":"ListItem","position":1,"name":"Startseite","item":"https:\/\/emmyskerzen.com\/"},{"@type":"ListItem","position":2,"name":"Kerzen Shop","item":"https:\/\/emmyskerzen.com\/shop\/"},{"@type":"ListItem","position":3,"name":"Blumen Duftkerze \u201eDaisy Blossom\u201c \u2013 zarte Fr\u00fchlingskerze"}]},{"@type":"WebSite","@id":"https:\/\/emmyskerzen.com\/#website","url":"https:\/\/emmyskerzen.com\/","name":"Emmys Kerzen Onlineshop","description":"personalisierte Kerzen, Dekokerzen, Duftkerzen, Geschenksets, Onlineshop","publisher":{"@id":"https:\/\/emmyskerzen.com\/#organization"},"potentialAction":[{"@type":"SearchAction","target":{"@type":"EntryPoint","urlTemplate":"https:\/\/emmyskerzen.com\/?s={search_term_string}"},"query-input":{"@type":"PropertyValueSpecification","valueRequired":true,"valueName":"search_term_string"}}],"inLanguage":"en-GB"},{"@type":"Organization","@id":"https:\/\/emmyskerzen.com\/#organization","name":"Emmys Kerzen Onlineshop","url":"https:\/\/emmyskerzen.com\/","logo":{"@type":"ImageObject","inLanguage":"en-GB","@id":"https:\/\/emmyskerzen.com\/#\/schema\/logo\/image\/","url":"https:\/\/emmyskerzen.com\/wp-content\/uploads\/2026\/03\/IMG_0392.jpeg","contentUrl":"https:\/\/emmyskerzen.com\/wp-content\/uploads\/2026\/03\/IMG_0392.jpeg","width":964,"height":975,"caption":"Emmys Kerzen Onlineshop"},"image":{"@id":"https:\/\/emmyskerzen.com\/#\/schema\/logo\/image\/"},"sameAs":["https:\/\/www.facebook.com\/EmmysKerzen\/","https:\/\/www.instagram.com\/emmys_kerzen\/","https:\/\/www.tiktok.com\/emmys.kerzen\/"]}]}},"_links":{"self":[{"href":"https:\/\/emmyskerzen.com\/en\/wp-json\/wp\/v2\/product\/1515","targetHints":{"allow":["GET"]}}],"collection":[{"href":"https:\/\/emmyskerzen.com\/en\/wp-json\/wp\/v2\/product"}],"about":[{"href":"https:\/\/emmyskerzen.com\/en\/wp-json\/wp\/v2\/types\/product"}],"replies":[{"embeddable":true,"href":"https:\/\/emmyskerzen.com\/en\/wp-json\/wp\/v2\/comments?post=1515"}],"wp:featuredmedia":[{"embeddable":true,"href":"https:\/\/emmyskerzen.com\/en\/wp-json\/wp\/v2\/media\/2109"}],"wp:attachment":[{"href":"https:\/\/emmyskerzen.com\/en\/wp-json\/wp\/v2\/media?parent=1515"}],"wp:term":[{"taxonomy":"product_brand","embeddable":true,"href":"https:\/\/emmyskerzen.com\/en\/wp-json\/wp\/v2\/product_brand?post=1515"},{"taxonomy":"product_cat","embeddable":true,"href":"https:\/\/emmyskerzen.com\/en\/wp-json\/wp\/v2\/product_cat?post=1515"},{"taxonomy":"product_tag","embeddable":true,"href":"https:\/\/emmyskerzen.com\/en\/wp-json\/wp\/v2\/product_tag?post=1515"}],"curies":[{"name":"wp","href":"https:\/\/api.w.org\/{rel}","templated":true}]}}