{"id":1254,"date":"2026-01-14T10:37:37","date_gmt":"2026-01-14T09:37:37","guid":{"rendered":"https:\/\/emmyskerzen.com\/?post_type=product&#038;p=1254"},"modified":"2026-04-07T20:31:50","modified_gmt":"2026-04-07T18:31:50","slug":"tulpenkerze-fruehlingshafte-deko-kerze","status":"publish","type":"product","link":"https:\/\/emmyskerzen.com\/en\/shop\/tulpenkerze-fruehlingshafte-deko-kerze\/","title":{"rendered":"Tulpenkerze \u2013 fr\u00fchlingshafte Deko Kerze"},"content":{"rendered":"<h2>Kerze Tulpenpracht<\/h2>\n<h3>mit Liebe handgemachte Sojawachskerze &#8211; hergestellt in \u00d6sterreich &#8211; schneller und sicherer Versand &#8211; sorgf\u00e4ltig &amp; sicher verpackt<\/h3>\n<p><span data-olk-copy-source=\"MessageBody\">Mit der Kerze \u201eTulpenpracht\u201c holst du dir das Gef\u00fchl von Fr\u00fchling direkt nach Hause. In einem eleganten Glas arrangiert, erbl\u00fchen mehrere detailreiche Tulpenbl\u00fcten aus Wachs in kr\u00e4ftigen Farben \u2013 ein echter Blickfang auf Tisch, Regal oder Fensterbank.<\/span><\/p>\n<p>Jede Kerze wird mit viel Liebe in Handarbeit gefertigt und ist <strong>perfekt als Geschenkidee f\u00fcr Geburtstag, Muttertag, Fr\u00fchling, Einzug oder einfach als kleine Freude zwischendurch<\/strong>. Die Kombination aus dekorativem Design und hochwertiger Verarbeitung macht \u201eTulpenpracht\u201c zu einem besonderen Highlight in deinem Zuhause.<\/p>\n<h5>\u2705 Produktdetails<br \/>\nProduktname: Kerze Tulpenpracht<br \/>\nMaterial: 100% Sojawachs<br \/>\nWiederverwendbares Glas 680ml<br \/>\nsicher &amp; sorgf\u00e4ltig verpackt<br \/>\nschnelle Lieferung<\/h5>\n<p>&nbsp;<\/p>\n<p data-olk-copy-source=\"MessageBody\">*Gesamtpreis, umsatzsteuerbefreit aufgrund des Kleinunternehmerstatus, zuz\u00fcglich Versandkosten.<\/p>\n<p>Angaben zur Produktsicherheit:<br \/>\nAchte darauf, die Kerzen stets unter Aufsicht abbrennen zu lassen. Halte sie fern von Zugluft, Vorh\u00e4ngen, brennbaren Materialien, Kindern und Haustieren. K\u00fcrze den Docht regelm\u00e4\u00dfig, um eine zu gro\u00dfe Flamme zu vermeiden und stelle die Kerze auf einen sicheren, feuerfesten Untergrund. Verwende die Kerze nur gem\u00e4\u00df den Anweisungen und achte darauf, dass die Flamme beim Brennen nicht zu hoch wird.<\/p>","protected":false},"excerpt":{"rendered":"<p>Kerze Tulpenpracht &#8211; Sojawachs &#8211; Handmade &#8211; \u00d6sterreich | Emmys Kerzen<\/p>","protected":false},"featured_media":2125,"comment_status":"open","ping_status":"closed","template":"","meta":[],"product_brand":[],"product_cat":[21,22,17],"product_tag":[441,482,200,510,374],"class_list":{"0":"post-1254","1":"product","2":"type-product","3":"status-publish","4":"has-post-thumbnail","6":"product_cat-fruehling-sommer","7":"product_cat-geschenkeanlaesse","8":"product_cat-kerzen-fur-jeden-tag","9":"product_tag-handgemacht-oesterreich","10":"product_tag-onlineshop-oesterreich","11":"product_tag-sojawachskerze","12":"product_tag-tulpen","13":"product_tag-tulpen-kerze","15":"first","16":"instock","17":"shipping-taxable","18":"purchasable","19":"product-type-simple","20":"add-to-wishlist-after_add_to_cart"},"yoast_head":"<!-- This site is optimized with the Yoast SEO plugin v27.4 - https:\/\/yoast.com\/product\/yoast-seo-wordpress\/ -->\n<title>Tulpenkerze \u2013 fr\u00fchlingshafte Deko Kerze - Emmys Kerzen<\/title>\n<meta name=\"description\" content=\"Wundersch\u00f6ne Kerze Tulpenpacht von Emmys Kerzen - handgemachte Sojawachskerze, hergestellt in \u00d6sterreich. Perfekt als Geschenk &amp; Deko.\" \/>\n<meta name=\"robots\" content=\"index, follow, max-snippet:-1, max-image-preview:large, max-video-preview:-1\" \/>\n<link rel=\"canonical\" href=\"https:\/\/emmyskerzen.com\/en\/shop\/tulpenkerze-fruehlingshafte-deko-kerze\/\" \/>\n<meta property=\"og:locale\" content=\"en_GB\" \/>\n<meta property=\"og:type\" content=\"article\" \/>\n<meta property=\"og:title\" content=\"Tulpenkerze \u2013 fr\u00fchlingshafte Deko Kerze - Emmys Kerzen\" \/>\n<meta property=\"og:description\" content=\"Wundersch\u00f6ne Kerze Tulpenpacht von Emmys Kerzen - handgemachte Sojawachskerze, hergestellt in \u00d6sterreich. Perfekt als Geschenk &amp; Deko.\" \/>\n<meta property=\"og:url\" content=\"https:\/\/emmyskerzen.com\/en\/shop\/tulpenkerze-fruehlingshafte-deko-kerze\/\" \/>\n<meta property=\"og:site_name\" content=\"Emmys Kerzen\" \/>\n<meta property=\"article:publisher\" content=\"https:\/\/www.facebook.com\/EmmysKerzen\/\" \/>\n<meta property=\"article:modified_time\" content=\"2026-04-07T18:31:50+00:00\" \/>\n<meta property=\"og:image\" content=\"https:\/\/emmyskerzen.com\/wp-content\/uploads\/2026\/01\/79DD96FC-343C-4F76-A034-A1AC765E2392.png\" \/>\n\t<meta property=\"og:image:width\" content=\"1024\" \/>\n\t<meta property=\"og:image:height\" content=\"1536\" \/>\n\t<meta property=\"og:image:type\" content=\"image\/png\" \/>\n<meta name=\"twitter:card\" content=\"summary_large_image\" \/>\n<meta name=\"twitter:label1\" content=\"Estimated reading time\" \/>\n\t<meta name=\"twitter:data1\" content=\"2 minutes\" \/>\n<script type=\"application\/ld+json\" class=\"yoast-schema-graph\">{\"@context\":\"https:\\\/\\\/schema.org\",\"@graph\":[{\"@type\":\"WebPage\",\"@id\":\"https:\\\/\\\/emmyskerzen.com\\\/shop\\\/tulpenkerze-fruehlingshafte-deko-kerze\\\/\",\"url\":\"https:\\\/\\\/emmyskerzen.com\\\/shop\\\/tulpenkerze-fruehlingshafte-deko-kerze\\\/\",\"name\":\"Tulpenkerze \u2013 fr\u00fchlingshafte Deko Kerze - Emmys Kerzen\",\"isPartOf\":{\"@id\":\"https:\\\/\\\/emmyskerzen.com\\\/#website\"},\"primaryImageOfPage\":{\"@id\":\"https:\\\/\\\/emmyskerzen.com\\\/shop\\\/tulpenkerze-fruehlingshafte-deko-kerze\\\/#primaryimage\"},\"image\":{\"@id\":\"https:\\\/\\\/emmyskerzen.com\\\/shop\\\/tulpenkerze-fruehlingshafte-deko-kerze\\\/#primaryimage\"},\"thumbnailUrl\":\"https:\\\/\\\/emmyskerzen.com\\\/wp-content\\\/uploads\\\/2026\\\/01\\\/79DD96FC-343C-4F76-A034-A1AC765E2392.png\",\"datePublished\":\"2026-01-14T09:37:37+00:00\",\"dateModified\":\"2026-04-07T18:31:50+00:00\",\"description\":\"Wundersch\u00f6ne Kerze Tulpenpacht von Emmys Kerzen - handgemachte Sojawachskerze, hergestellt in \u00d6sterreich. Perfekt als Geschenk & Deko.\",\"breadcrumb\":{\"@id\":\"https:\\\/\\\/emmyskerzen.com\\\/shop\\\/tulpenkerze-fruehlingshafte-deko-kerze\\\/#breadcrumb\"},\"inLanguage\":\"en-GB\",\"potentialAction\":[{\"@type\":\"ReadAction\",\"target\":[\"https:\\\/\\\/emmyskerzen.com\\\/shop\\\/tulpenkerze-fruehlingshafte-deko-kerze\\\/\"]}]},{\"@type\":\"ImageObject\",\"inLanguage\":\"en-GB\",\"@id\":\"https:\\\/\\\/emmyskerzen.com\\\/shop\\\/tulpenkerze-fruehlingshafte-deko-kerze\\\/#primaryimage\",\"url\":\"https:\\\/\\\/emmyskerzen.com\\\/wp-content\\\/uploads\\\/2026\\\/01\\\/79DD96FC-343C-4F76-A034-A1AC765E2392.png\",\"contentUrl\":\"https:\\\/\\\/emmyskerzen.com\\\/wp-content\\\/uploads\\\/2026\\\/01\\\/79DD96FC-343C-4F76-A034-A1AC765E2392.png\",\"width\":1024,\"height\":1536},{\"@type\":\"BreadcrumbList\",\"@id\":\"https:\\\/\\\/emmyskerzen.com\\\/shop\\\/tulpenkerze-fruehlingshafte-deko-kerze\\\/#breadcrumb\",\"itemListElement\":[{\"@type\":\"ListItem\",\"position\":1,\"name\":\"Startseite\",\"item\":\"https:\\\/\\\/emmyskerzen.com\\\/\"},{\"@type\":\"ListItem\",\"position\":2,\"name\":\"Kerzen Shop\",\"item\":\"https:\\\/\\\/emmyskerzen.com\\\/shop\\\/\"},{\"@type\":\"ListItem\",\"position\":3,\"name\":\"Tulpenkerze \u2013 fr\u00fchlingshafte Deko Kerze\"}]},{\"@type\":\"WebSite\",\"@id\":\"https:\\\/\\\/emmyskerzen.com\\\/#website\",\"url\":\"https:\\\/\\\/emmyskerzen.com\\\/\",\"name\":\"Emmys Kerzen Onlineshop\",\"description\":\"personalisierte Kerzen, Dekokerzen, Duftkerzen, Geschenksets, Onlineshop\",\"publisher\":{\"@id\":\"https:\\\/\\\/emmyskerzen.com\\\/#organization\"},\"potentialAction\":[{\"@type\":\"SearchAction\",\"target\":{\"@type\":\"EntryPoint\",\"urlTemplate\":\"https:\\\/\\\/emmyskerzen.com\\\/?s={search_term_string}\"},\"query-input\":{\"@type\":\"PropertyValueSpecification\",\"valueRequired\":true,\"valueName\":\"search_term_string\"}}],\"inLanguage\":\"en-GB\"},{\"@type\":\"Organization\",\"@id\":\"https:\\\/\\\/emmyskerzen.com\\\/#organization\",\"name\":\"Emmys Kerzen Onlineshop\",\"url\":\"https:\\\/\\\/emmyskerzen.com\\\/\",\"logo\":{\"@type\":\"ImageObject\",\"inLanguage\":\"en-GB\",\"@id\":\"https:\\\/\\\/emmyskerzen.com\\\/#\\\/schema\\\/logo\\\/image\\\/\",\"url\":\"https:\\\/\\\/emmyskerzen.com\\\/wp-content\\\/uploads\\\/2026\\\/03\\\/IMG_0392.jpeg\",\"contentUrl\":\"https:\\\/\\\/emmyskerzen.com\\\/wp-content\\\/uploads\\\/2026\\\/03\\\/IMG_0392.jpeg\",\"width\":964,\"height\":975,\"caption\":\"Emmys Kerzen Onlineshop\"},\"image\":{\"@id\":\"https:\\\/\\\/emmyskerzen.com\\\/#\\\/schema\\\/logo\\\/image\\\/\"},\"sameAs\":[\"https:\\\/\\\/www.facebook.com\\\/EmmysKerzen\\\/\",\"https:\\\/\\\/www.instagram.com\\\/emmys_kerzen\\\/\",\"https:\\\/\\\/www.tiktok.com\\\/emmys.kerzen\\\/\"]}]}<\/script>\n<!-- \/ Yoast SEO plugin. -->","yoast_head_json":{"title":"Tulpenkerze \u2013 fr\u00fchlingshafte Deko Kerze - Emmys Kerzen","description":"Wundersch\u00f6ne Kerze Tulpenpacht von Emmys Kerzen - handgemachte Sojawachskerze, hergestellt in \u00d6sterreich. Perfekt als Geschenk & Deko.","robots":{"index":"index","follow":"follow","max-snippet":"max-snippet:-1","max-image-preview":"max-image-preview:large","max-video-preview":"max-video-preview:-1"},"canonical":"https:\/\/emmyskerzen.com\/en\/shop\/tulpenkerze-fruehlingshafte-deko-kerze\/","og_locale":"en_GB","og_type":"article","og_title":"Tulpenkerze \u2013 fr\u00fchlingshafte Deko Kerze - Emmys Kerzen","og_description":"Wundersch\u00f6ne Kerze Tulpenpacht von Emmys Kerzen - handgemachte Sojawachskerze, hergestellt in \u00d6sterreich. Perfekt als Geschenk & Deko.","og_url":"https:\/\/emmyskerzen.com\/en\/shop\/tulpenkerze-fruehlingshafte-deko-kerze\/","og_site_name":"Emmys Kerzen","article_publisher":"https:\/\/www.facebook.com\/EmmysKerzen\/","article_modified_time":"2026-04-07T18:31:50+00:00","og_image":[{"width":1024,"height":1536,"url":"https:\/\/emmyskerzen.com\/wp-content\/uploads\/2026\/01\/79DD96FC-343C-4F76-A034-A1AC765E2392.png","type":"image\/png"}],"twitter_card":"summary_large_image","twitter_misc":{"Estimated reading time":"2 minutes"},"schema":{"@context":"https:\/\/schema.org","@graph":[{"@type":"WebPage","@id":"https:\/\/emmyskerzen.com\/shop\/tulpenkerze-fruehlingshafte-deko-kerze\/","url":"https:\/\/emmyskerzen.com\/shop\/tulpenkerze-fruehlingshafte-deko-kerze\/","name":"Tulpenkerze \u2013 fr\u00fchlingshafte Deko Kerze - Emmys Kerzen","isPartOf":{"@id":"https:\/\/emmyskerzen.com\/#website"},"primaryImageOfPage":{"@id":"https:\/\/emmyskerzen.com\/shop\/tulpenkerze-fruehlingshafte-deko-kerze\/#primaryimage"},"image":{"@id":"https:\/\/emmyskerzen.com\/shop\/tulpenkerze-fruehlingshafte-deko-kerze\/#primaryimage"},"thumbnailUrl":"https:\/\/emmyskerzen.com\/wp-content\/uploads\/2026\/01\/79DD96FC-343C-4F76-A034-A1AC765E2392.png","datePublished":"2026-01-14T09:37:37+00:00","dateModified":"2026-04-07T18:31:50+00:00","description":"Wundersch\u00f6ne Kerze Tulpenpacht von Emmys Kerzen - handgemachte Sojawachskerze, hergestellt in \u00d6sterreich. Perfekt als Geschenk & Deko.","breadcrumb":{"@id":"https:\/\/emmyskerzen.com\/shop\/tulpenkerze-fruehlingshafte-deko-kerze\/#breadcrumb"},"inLanguage":"en-GB","potentialAction":[{"@type":"ReadAction","target":["https:\/\/emmyskerzen.com\/shop\/tulpenkerze-fruehlingshafte-deko-kerze\/"]}]},{"@type":"ImageObject","inLanguage":"en-GB","@id":"https:\/\/emmyskerzen.com\/shop\/tulpenkerze-fruehlingshafte-deko-kerze\/#primaryimage","url":"https:\/\/emmyskerzen.com\/wp-content\/uploads\/2026\/01\/79DD96FC-343C-4F76-A034-A1AC765E2392.png","contentUrl":"https:\/\/emmyskerzen.com\/wp-content\/uploads\/2026\/01\/79DD96FC-343C-4F76-A034-A1AC765E2392.png","width":1024,"height":1536},{"@type":"BreadcrumbList","@id":"https:\/\/emmyskerzen.com\/shop\/tulpenkerze-fruehlingshafte-deko-kerze\/#breadcrumb","itemListElement":[{"@type":"ListItem","position":1,"name":"Startseite","item":"https:\/\/emmyskerzen.com\/"},{"@type":"ListItem","position":2,"name":"Kerzen Shop","item":"https:\/\/emmyskerzen.com\/shop\/"},{"@type":"ListItem","position":3,"name":"Tulpenkerze \u2013 fr\u00fchlingshafte Deko Kerze"}]},{"@type":"WebSite","@id":"https:\/\/emmyskerzen.com\/#website","url":"https:\/\/emmyskerzen.com\/","name":"Emmys Kerzen Onlineshop","description":"personalisierte Kerzen, Dekokerzen, Duftkerzen, Geschenksets, Onlineshop","publisher":{"@id":"https:\/\/emmyskerzen.com\/#organization"},"potentialAction":[{"@type":"SearchAction","target":{"@type":"EntryPoint","urlTemplate":"https:\/\/emmyskerzen.com\/?s={search_term_string}"},"query-input":{"@type":"PropertyValueSpecification","valueRequired":true,"valueName":"search_term_string"}}],"inLanguage":"en-GB"},{"@type":"Organization","@id":"https:\/\/emmyskerzen.com\/#organization","name":"Emmys Kerzen Onlineshop","url":"https:\/\/emmyskerzen.com\/","logo":{"@type":"ImageObject","inLanguage":"en-GB","@id":"https:\/\/emmyskerzen.com\/#\/schema\/logo\/image\/","url":"https:\/\/emmyskerzen.com\/wp-content\/uploads\/2026\/03\/IMG_0392.jpeg","contentUrl":"https:\/\/emmyskerzen.com\/wp-content\/uploads\/2026\/03\/IMG_0392.jpeg","width":964,"height":975,"caption":"Emmys Kerzen Onlineshop"},"image":{"@id":"https:\/\/emmyskerzen.com\/#\/schema\/logo\/image\/"},"sameAs":["https:\/\/www.facebook.com\/EmmysKerzen\/","https:\/\/www.instagram.com\/emmys_kerzen\/","https:\/\/www.tiktok.com\/emmys.kerzen\/"]}]}},"_links":{"self":[{"href":"https:\/\/emmyskerzen.com\/en\/wp-json\/wp\/v2\/product\/1254","targetHints":{"allow":["GET"]}}],"collection":[{"href":"https:\/\/emmyskerzen.com\/en\/wp-json\/wp\/v2\/product"}],"about":[{"href":"https:\/\/emmyskerzen.com\/en\/wp-json\/wp\/v2\/types\/product"}],"replies":[{"embeddable":true,"href":"https:\/\/emmyskerzen.com\/en\/wp-json\/wp\/v2\/comments?post=1254"}],"wp:featuredmedia":[{"embeddable":true,"href":"https:\/\/emmyskerzen.com\/en\/wp-json\/wp\/v2\/media\/2125"}],"wp:attachment":[{"href":"https:\/\/emmyskerzen.com\/en\/wp-json\/wp\/v2\/media?parent=1254"}],"wp:term":[{"taxonomy":"product_brand","embeddable":true,"href":"https:\/\/emmyskerzen.com\/en\/wp-json\/wp\/v2\/product_brand?post=1254"},{"taxonomy":"product_cat","embeddable":true,"href":"https:\/\/emmyskerzen.com\/en\/wp-json\/wp\/v2\/product_cat?post=1254"},{"taxonomy":"product_tag","embeddable":true,"href":"https:\/\/emmyskerzen.com\/en\/wp-json\/wp\/v2\/product_tag?post=1254"}],"curies":[{"name":"wp","href":"https:\/\/api.w.org\/{rel}","templated":true}]}}