{"id":1040,"date":"2026-01-03T15:37:47","date_gmt":"2026-01-03T14:37:47","guid":{"rendered":"https:\/\/emmyskerzen.com\/?post_type=product&#038;p=1040"},"modified":"2026-04-07T20:18:47","modified_gmt":"2026-04-07T18:18:47","slug":"rosenkerze-rosenbouquet-romantische-deko-kerze","status":"publish","type":"product","link":"https:\/\/emmyskerzen.com\/en\/shop\/rosenkerze-rosenbouquet-romantische-deko-kerze\/","title":{"rendered":"Rosenkerze \u201eRosenbouquet\u201c \u2013 romantische Deko Kerze"},"content":{"rendered":"<h3><span data-olk-copy-source=\"MessageBody\">\ud83c\udf39 Rosenbouquet <\/span><\/h3>\n<h4><span data-olk-copy-source=\"MessageBody\">\u00a0Valentines Collection 2026<\/span><\/h4>\n<p>Die Rosenbouquet Kerze aus der Valentines Collection 2026 ist eine besondere Liebeserkl\u00e4rung. Liebevoll handgegossen und mit detailreichen Wachsrosen verziert, vereint sie romantisches Design mit zeitloser Eleganz.<\/p>\n<p>Diese Kerze ist ideal f\u00fcr alle, die duftfreie Kerzen bevorzugen, aber nicht auf ein au\u00dfergew\u00f6hnliches Geschenk verzichten m\u00f6chten. Perfekt als Valentinstagsgeschenk, Dekoration oder symbolische Aufmerksamkeit f\u00fcr einen Herzensmenschen.<\/p>\n<h5>\u2728 Produktdetails<\/h5>\n<p>Handgemachte Kerze aus 100 % Sojawachs<br \/>\nOhne Duft \u2013 ideal f\u00fcr Duftempfindliche<br \/>\nAufwendig gestaltete Rosen aus Wachs<br \/>\nMehrdochtkerze f\u00fcr gleichm\u00e4\u00dfiges Abbrennen<br \/>\nJede Kerze ein Unikat<br \/>\nNachhaltig &amp; vegan<\/p>\n<h5>\u2764\ufe0f Warum Rosenbouquet?<\/h5>\n<p>Mit Rosenbouquet schenkst du Rosen, die l\u00e4nger halten als jeder Blumenstrau\u00df. Diese besondere Kerze sagt &#8222;Ich liebe dich&#8220; &#8211; auf ihre ganz eigene, einzigartige Art.<\/p>\n<p>\ud83c\udf81 Ideal als Geschenkidee f\u00fcr:<br \/>\nValentinstag<br \/>\nJahrestag<br \/>\nHochzeit oder Verlobung<br \/>\nRomantische, stilvolle Wohnraumdekoration<\/p>\n<p><span data-olk-copy-source=\"MessageBody\">Entdecke noch mehr romatische Kerzen:\u00a0<\/span><a title=\"https:\/\/emmyskerzen.com\/shop\" href=\"https:\/\/emmyskerzen.com\/en\/shop\/\" target=\"_blank\" rel=\"noopener noreferrer\" data-olk-copy-source=\"MessageBody\" data-linkindex=\"0\" data-auth=\"NotApplicable\">https:\/\/emmyskerzen.com\/prdukt-kategorie\/love\/<\/a><\/p>\n<p>&nbsp;<\/p>\n<p>&nbsp;<\/p>\n<div class=\"x_wp-block-woocommerce-product-details x_alignwide x_is-style-minimal\" data-block-name=\"woocommerce\/product-details\">\n<div class=\"x_woocommerce-tabs x_wc-tabs-wrapper\">\n<div id=\"x_tab-description\" class=\"x_woocommerce-Tabs-panel x_woocommerce-Tabs-panel--description x_panel x_entry-content x_wc-tab\" role=\"tabpanel\" aria-labelledby=\"tab-title-description\">\n<p data-olk-copy-source=\"MessageBody\">*Gesamtpreis, umsatzsteuerbefreit aufgrund des Kleinunternehmerstatus, zuz\u00fcglich Versandkosten.<\/p>\n<p>Angaben zur Produktsicherheit:<br \/>\nAchte darauf, die Kerzen stets unter Aufsicht abbrennen zu lassen. Halte sie fern von Zugluft, Vorh\u00e4ngen, brennbaren Materialien, Kindern und Haustieren. K\u00fcrze den Docht regelm\u00e4\u00dfig, um eine zu gro\u00dfe Flamme zu vermeiden und stelle die Kerze auf einen sicheren, feuerfesten Untergrund. Verwende die Kerze nur gem\u00e4\u00df den Anweisungen und achte darauf, dass die Flamme beim Brennen nicht zu hoch wird.<\/p>\n<\/div>\n<\/div>\n<\/div>","protected":false},"excerpt":{"rendered":"<p>Valentins Collection 2026<\/p>","protected":false},"featured_media":2127,"comment_status":"open","ping_status":"closed","template":"","meta":[],"product_brand":[],"product_cat":[17,24],"product_tag":[74,488,451,200,486],"class_list":{"0":"post-1040","1":"product","2":"type-product","3":"status-publish","4":"has-post-thumbnail","6":"product_cat-kerzen-fur-jeden-tag","7":"product_cat-love","8":"product_tag-geschenkidee","9":"product_tag-kerze-valentinstag","10":"product_tag-kerzenshop","11":"product_tag-sojawachskerze","12":"product_tag-valentinstag","14":"first","15":"instock","16":"shipping-taxable","17":"purchasable","18":"product-type-simple","19":"add-to-wishlist-after_add_to_cart"},"yoast_head":"<!-- This site is optimized with the Yoast SEO plugin v27.4 - https:\/\/yoast.com\/product\/yoast-seo-wordpress\/ -->\n<title>Rosenkerze \u201eRosenbouquet\u201c \u2013 romantische Deko Kerze - Emmys Kerzen<\/title>\n<meta name=\"description\" content=\"Die Valentinskerze Rosenbouquet sagt &quot;Ich liebe dich&quot;-auf ihre ganz einzigartige Art. Eine besondere Geschenkidee f\u00fcr romantische Anl\u00e4sse.\" \/>\n<meta name=\"robots\" content=\"index, follow, max-snippet:-1, max-image-preview:large, max-video-preview:-1\" \/>\n<link rel=\"canonical\" href=\"https:\/\/emmyskerzen.com\/en\/shop\/rosenkerze-rosenbouquet-romantische-deko-kerze\/\" \/>\n<meta property=\"og:locale\" content=\"en_GB\" \/>\n<meta property=\"og:type\" content=\"article\" \/>\n<meta property=\"og:title\" content=\"Rosenkerze \u201eRosenbouquet\u201c \u2013 romantische Deko Kerze - Emmys Kerzen\" \/>\n<meta property=\"og:description\" content=\"Die Valentinskerze Rosenbouquet sagt &quot;Ich liebe dich&quot;-auf ihre ganz einzigartige Art. Eine besondere Geschenkidee f\u00fcr romantische Anl\u00e4sse.\" \/>\n<meta property=\"og:url\" content=\"https:\/\/emmyskerzen.com\/en\/shop\/rosenkerze-rosenbouquet-romantische-deko-kerze\/\" \/>\n<meta property=\"og:site_name\" content=\"Emmys Kerzen\" \/>\n<meta property=\"article:publisher\" content=\"https:\/\/www.facebook.com\/EmmysKerzen\/\" \/>\n<meta property=\"article:modified_time\" content=\"2026-04-07T18:18:47+00:00\" \/>\n<meta property=\"og:image\" content=\"https:\/\/emmyskerzen.com\/wp-content\/uploads\/2026\/01\/C6C1850F-435C-491B-8C7B-F5F585455DC3-683x1024.png\" \/>\n\t<meta property=\"og:image:width\" content=\"683\" \/>\n\t<meta property=\"og:image:height\" content=\"1024\" \/>\n\t<meta property=\"og:image:type\" content=\"image\/png\" \/>\n<meta name=\"twitter:card\" content=\"summary_large_image\" \/>\n<meta name=\"twitter:label1\" content=\"Estimated reading time\" \/>\n\t<meta name=\"twitter:data1\" content=\"2 minutes\" \/>\n<script type=\"application\/ld+json\" class=\"yoast-schema-graph\">{\"@context\":\"https:\\\/\\\/schema.org\",\"@graph\":[{\"@type\":\"WebPage\",\"@id\":\"https:\\\/\\\/emmyskerzen.com\\\/shop\\\/rosenkerze-rosenbouquet-romantische-deko-kerze\\\/\",\"url\":\"https:\\\/\\\/emmyskerzen.com\\\/shop\\\/rosenkerze-rosenbouquet-romantische-deko-kerze\\\/\",\"name\":\"Rosenkerze \u201eRosenbouquet\u201c \u2013 romantische Deko Kerze - Emmys Kerzen\",\"isPartOf\":{\"@id\":\"https:\\\/\\\/emmyskerzen.com\\\/#website\"},\"primaryImageOfPage\":{\"@id\":\"https:\\\/\\\/emmyskerzen.com\\\/shop\\\/rosenkerze-rosenbouquet-romantische-deko-kerze\\\/#primaryimage\"},\"image\":{\"@id\":\"https:\\\/\\\/emmyskerzen.com\\\/shop\\\/rosenkerze-rosenbouquet-romantische-deko-kerze\\\/#primaryimage\"},\"thumbnailUrl\":\"https:\\\/\\\/emmyskerzen.com\\\/wp-content\\\/uploads\\\/2026\\\/01\\\/C6C1850F-435C-491B-8C7B-F5F585455DC3.png\",\"datePublished\":\"2026-01-03T14:37:47+00:00\",\"dateModified\":\"2026-04-07T18:18:47+00:00\",\"description\":\"Die Valentinskerze Rosenbouquet sagt \\\"Ich liebe dich\\\"-auf ihre ganz einzigartige Art. Eine besondere Geschenkidee f\u00fcr romantische Anl\u00e4sse.\",\"breadcrumb\":{\"@id\":\"https:\\\/\\\/emmyskerzen.com\\\/shop\\\/rosenkerze-rosenbouquet-romantische-deko-kerze\\\/#breadcrumb\"},\"inLanguage\":\"en-GB\",\"potentialAction\":[{\"@type\":\"ReadAction\",\"target\":[\"https:\\\/\\\/emmyskerzen.com\\\/shop\\\/rosenkerze-rosenbouquet-romantische-deko-kerze\\\/\"]}]},{\"@type\":\"ImageObject\",\"inLanguage\":\"en-GB\",\"@id\":\"https:\\\/\\\/emmyskerzen.com\\\/shop\\\/rosenkerze-rosenbouquet-romantische-deko-kerze\\\/#primaryimage\",\"url\":\"https:\\\/\\\/emmyskerzen.com\\\/wp-content\\\/uploads\\\/2026\\\/01\\\/C6C1850F-435C-491B-8C7B-F5F585455DC3.png\",\"contentUrl\":\"https:\\\/\\\/emmyskerzen.com\\\/wp-content\\\/uploads\\\/2026\\\/01\\\/C6C1850F-435C-491B-8C7B-F5F585455DC3.png\",\"width\":1024,\"height\":1536},{\"@type\":\"BreadcrumbList\",\"@id\":\"https:\\\/\\\/emmyskerzen.com\\\/shop\\\/rosenkerze-rosenbouquet-romantische-deko-kerze\\\/#breadcrumb\",\"itemListElement\":[{\"@type\":\"ListItem\",\"position\":1,\"name\":\"Startseite\",\"item\":\"https:\\\/\\\/emmyskerzen.com\\\/\"},{\"@type\":\"ListItem\",\"position\":2,\"name\":\"Kerzen Shop\",\"item\":\"https:\\\/\\\/emmyskerzen.com\\\/shop\\\/\"},{\"@type\":\"ListItem\",\"position\":3,\"name\":\"Rosenkerze \u201eRosenbouquet\u201c \u2013 romantische Deko Kerze\"}]},{\"@type\":\"WebSite\",\"@id\":\"https:\\\/\\\/emmyskerzen.com\\\/#website\",\"url\":\"https:\\\/\\\/emmyskerzen.com\\\/\",\"name\":\"Emmys Kerzen Onlineshop\",\"description\":\"personalisierte Kerzen, Dekokerzen, Duftkerzen, Geschenksets, Onlineshop\",\"publisher\":{\"@id\":\"https:\\\/\\\/emmyskerzen.com\\\/#organization\"},\"potentialAction\":[{\"@type\":\"SearchAction\",\"target\":{\"@type\":\"EntryPoint\",\"urlTemplate\":\"https:\\\/\\\/emmyskerzen.com\\\/?s={search_term_string}\"},\"query-input\":{\"@type\":\"PropertyValueSpecification\",\"valueRequired\":true,\"valueName\":\"search_term_string\"}}],\"inLanguage\":\"en-GB\"},{\"@type\":\"Organization\",\"@id\":\"https:\\\/\\\/emmyskerzen.com\\\/#organization\",\"name\":\"Emmys Kerzen Onlineshop\",\"url\":\"https:\\\/\\\/emmyskerzen.com\\\/\",\"logo\":{\"@type\":\"ImageObject\",\"inLanguage\":\"en-GB\",\"@id\":\"https:\\\/\\\/emmyskerzen.com\\\/#\\\/schema\\\/logo\\\/image\\\/\",\"url\":\"https:\\\/\\\/emmyskerzen.com\\\/wp-content\\\/uploads\\\/2026\\\/03\\\/IMG_0392.jpeg\",\"contentUrl\":\"https:\\\/\\\/emmyskerzen.com\\\/wp-content\\\/uploads\\\/2026\\\/03\\\/IMG_0392.jpeg\",\"width\":964,\"height\":975,\"caption\":\"Emmys Kerzen Onlineshop\"},\"image\":{\"@id\":\"https:\\\/\\\/emmyskerzen.com\\\/#\\\/schema\\\/logo\\\/image\\\/\"},\"sameAs\":[\"https:\\\/\\\/www.facebook.com\\\/EmmysKerzen\\\/\",\"https:\\\/\\\/www.instagram.com\\\/emmys_kerzen\\\/\",\"https:\\\/\\\/www.tiktok.com\\\/emmys.kerzen\\\/\"]}]}<\/script>\n<!-- \/ Yoast SEO plugin. -->","yoast_head_json":{"title":"Rosenkerze \u201eRosenbouquet\u201c \u2013 romantische Deko Kerze - Emmys Kerzen","description":"Die Valentinskerze Rosenbouquet sagt \"Ich liebe dich\"-auf ihre ganz einzigartige Art. Eine besondere Geschenkidee f\u00fcr romantische Anl\u00e4sse.","robots":{"index":"index","follow":"follow","max-snippet":"max-snippet:-1","max-image-preview":"max-image-preview:large","max-video-preview":"max-video-preview:-1"},"canonical":"https:\/\/emmyskerzen.com\/en\/shop\/rosenkerze-rosenbouquet-romantische-deko-kerze\/","og_locale":"en_GB","og_type":"article","og_title":"Rosenkerze \u201eRosenbouquet\u201c \u2013 romantische Deko Kerze - Emmys Kerzen","og_description":"Die Valentinskerze Rosenbouquet sagt \"Ich liebe dich\"-auf ihre ganz einzigartige Art. Eine besondere Geschenkidee f\u00fcr romantische Anl\u00e4sse.","og_url":"https:\/\/emmyskerzen.com\/en\/shop\/rosenkerze-rosenbouquet-romantische-deko-kerze\/","og_site_name":"Emmys Kerzen","article_publisher":"https:\/\/www.facebook.com\/EmmysKerzen\/","article_modified_time":"2026-04-07T18:18:47+00:00","og_image":[{"width":683,"height":1024,"url":"https:\/\/emmyskerzen.com\/wp-content\/uploads\/2026\/01\/C6C1850F-435C-491B-8C7B-F5F585455DC3-683x1024.png","type":"image\/png"}],"twitter_card":"summary_large_image","twitter_misc":{"Estimated reading time":"2 minutes"},"schema":{"@context":"https:\/\/schema.org","@graph":[{"@type":"WebPage","@id":"https:\/\/emmyskerzen.com\/shop\/rosenkerze-rosenbouquet-romantische-deko-kerze\/","url":"https:\/\/emmyskerzen.com\/shop\/rosenkerze-rosenbouquet-romantische-deko-kerze\/","name":"Rosenkerze \u201eRosenbouquet\u201c \u2013 romantische Deko Kerze - Emmys Kerzen","isPartOf":{"@id":"https:\/\/emmyskerzen.com\/#website"},"primaryImageOfPage":{"@id":"https:\/\/emmyskerzen.com\/shop\/rosenkerze-rosenbouquet-romantische-deko-kerze\/#primaryimage"},"image":{"@id":"https:\/\/emmyskerzen.com\/shop\/rosenkerze-rosenbouquet-romantische-deko-kerze\/#primaryimage"},"thumbnailUrl":"https:\/\/emmyskerzen.com\/wp-content\/uploads\/2026\/01\/C6C1850F-435C-491B-8C7B-F5F585455DC3.png","datePublished":"2026-01-03T14:37:47+00:00","dateModified":"2026-04-07T18:18:47+00:00","description":"Die Valentinskerze Rosenbouquet sagt \"Ich liebe dich\"-auf ihre ganz einzigartige Art. Eine besondere Geschenkidee f\u00fcr romantische Anl\u00e4sse.","breadcrumb":{"@id":"https:\/\/emmyskerzen.com\/shop\/rosenkerze-rosenbouquet-romantische-deko-kerze\/#breadcrumb"},"inLanguage":"en-GB","potentialAction":[{"@type":"ReadAction","target":["https:\/\/emmyskerzen.com\/shop\/rosenkerze-rosenbouquet-romantische-deko-kerze\/"]}]},{"@type":"ImageObject","inLanguage":"en-GB","@id":"https:\/\/emmyskerzen.com\/shop\/rosenkerze-rosenbouquet-romantische-deko-kerze\/#primaryimage","url":"https:\/\/emmyskerzen.com\/wp-content\/uploads\/2026\/01\/C6C1850F-435C-491B-8C7B-F5F585455DC3.png","contentUrl":"https:\/\/emmyskerzen.com\/wp-content\/uploads\/2026\/01\/C6C1850F-435C-491B-8C7B-F5F585455DC3.png","width":1024,"height":1536},{"@type":"BreadcrumbList","@id":"https:\/\/emmyskerzen.com\/shop\/rosenkerze-rosenbouquet-romantische-deko-kerze\/#breadcrumb","itemListElement":[{"@type":"ListItem","position":1,"name":"Startseite","item":"https:\/\/emmyskerzen.com\/"},{"@type":"ListItem","position":2,"name":"Kerzen Shop","item":"https:\/\/emmyskerzen.com\/shop\/"},{"@type":"ListItem","position":3,"name":"Rosenkerze \u201eRosenbouquet\u201c \u2013 romantische Deko Kerze"}]},{"@type":"WebSite","@id":"https:\/\/emmyskerzen.com\/#website","url":"https:\/\/emmyskerzen.com\/","name":"Emmys Kerzen Onlineshop","description":"personalisierte Kerzen, Dekokerzen, Duftkerzen, Geschenksets, Onlineshop","publisher":{"@id":"https:\/\/emmyskerzen.com\/#organization"},"potentialAction":[{"@type":"SearchAction","target":{"@type":"EntryPoint","urlTemplate":"https:\/\/emmyskerzen.com\/?s={search_term_string}"},"query-input":{"@type":"PropertyValueSpecification","valueRequired":true,"valueName":"search_term_string"}}],"inLanguage":"en-GB"},{"@type":"Organization","@id":"https:\/\/emmyskerzen.com\/#organization","name":"Emmys Kerzen Onlineshop","url":"https:\/\/emmyskerzen.com\/","logo":{"@type":"ImageObject","inLanguage":"en-GB","@id":"https:\/\/emmyskerzen.com\/#\/schema\/logo\/image\/","url":"https:\/\/emmyskerzen.com\/wp-content\/uploads\/2026\/03\/IMG_0392.jpeg","contentUrl":"https:\/\/emmyskerzen.com\/wp-content\/uploads\/2026\/03\/IMG_0392.jpeg","width":964,"height":975,"caption":"Emmys Kerzen Onlineshop"},"image":{"@id":"https:\/\/emmyskerzen.com\/#\/schema\/logo\/image\/"},"sameAs":["https:\/\/www.facebook.com\/EmmysKerzen\/","https:\/\/www.instagram.com\/emmys_kerzen\/","https:\/\/www.tiktok.com\/emmys.kerzen\/"]}]}},"_links":{"self":[{"href":"https:\/\/emmyskerzen.com\/en\/wp-json\/wp\/v2\/product\/1040","targetHints":{"allow":["GET"]}}],"collection":[{"href":"https:\/\/emmyskerzen.com\/en\/wp-json\/wp\/v2\/product"}],"about":[{"href":"https:\/\/emmyskerzen.com\/en\/wp-json\/wp\/v2\/types\/product"}],"replies":[{"embeddable":true,"href":"https:\/\/emmyskerzen.com\/en\/wp-json\/wp\/v2\/comments?post=1040"}],"wp:featuredmedia":[{"embeddable":true,"href":"https:\/\/emmyskerzen.com\/en\/wp-json\/wp\/v2\/media\/2127"}],"wp:attachment":[{"href":"https:\/\/emmyskerzen.com\/en\/wp-json\/wp\/v2\/media?parent=1040"}],"wp:term":[{"taxonomy":"product_brand","embeddable":true,"href":"https:\/\/emmyskerzen.com\/en\/wp-json\/wp\/v2\/product_brand?post=1040"},{"taxonomy":"product_cat","embeddable":true,"href":"https:\/\/emmyskerzen.com\/en\/wp-json\/wp\/v2\/product_cat?post=1040"},{"taxonomy":"product_tag","embeddable":true,"href":"https:\/\/emmyskerzen.com\/en\/wp-json\/wp\/v2\/product_tag?post=1040"}],"curies":[{"name":"wp","href":"https:\/\/api.w.org\/{rel}","templated":true}]}}