{"id":1020,"date":"2025-12-30T14:40:56","date_gmt":"2025-12-30T13:40:56","guid":{"rendered":"https:\/\/emmyskerzen.com\/?post_type=product&#038;p=1020"},"modified":"2026-03-21T15:20:36","modified_gmt":"2026-03-21T14:20:36","slug":"hot-chocolate-duftkerze-suesse-dessertkerze-im-glas","status":"publish","type":"product","link":"https:\/\/emmyskerzen.com\/en\/shop\/hot-chocolate-duftkerze-suesse-dessertkerze-im-glas\/","title":{"rendered":"Hot Chocolate Duftkerze \u2013 s\u00fc\u00dfe Dessertkerze im Glas"},"content":{"rendered":"<h3>Hot Chocolate Duftkerze<\/h3>\n<div>\n<p><span data-olk-copy-source=\"MessageBody\">Hot Chocolate Duftkerze \u2013 cremiger Kakao-Duft wie eine hei\u00dfe Schokolade<\/span><\/p>\n<p>Die Hot Chocolate Duftkerze von Emmys Kerzen vereint gem\u00fctliches Design mit einem unwiderstehlich s\u00fc\u00dfen Schokoladenduft. Optisch erinnert sie an eine frisch zubereitete hei\u00dfe Schokolade mit Sahnehaube und Schokost\u00fcckchen \u2013 ein absoluter Hingucker und gleichzeitig ein Wohlf\u00fchl-Duft f\u00fcr dein Zuhause.<\/p>\n<p>Der warme Duft nach cremigem Kakao schafft sofort eine behagliche Atmosph\u00e4re. Ideal f\u00fcr Herbst- und Wintertage, gem\u00fctliche Abende oder als liebevolles Geschenk.<\/p>\n<p>\u2728 Produktdetails<\/p>\n<ul>\n<li>Handgegossene Duftkerze<\/li>\n<li>100 % Sojawachs<\/li>\n<li>Hot-Chocolate-Duft<\/li>\n<li>Liebevoll gestaltetes Dessert-Design<\/li>\n<li>Gleichm\u00e4\u00dfiges, sauberes Abbrennen<\/li>\n<li>Vegan &amp; handgemacht<\/li>\n<li>Marke: Emmys Kerzen<\/li>\n<\/ul>\n<p>\ud83c\udf81 Perfekt als Geschenk<\/p>\n<p>Diese Schokoladen-Duftkerze eignet sich ideal als:<\/p>\n<ul>\n<li>Geschenk f\u00fcr Schokoladenliebhaber<\/li>\n<li>Herbst- &amp; Winterdeko<\/li>\n<li>Weihnachtsgeschenk<\/li>\n<li>Self-Care-Highlight f\u00fcr gem\u00fctliche Abende<\/li>\n<\/ul>\n<\/div>\n<div>\n<p>Produktdetails:<br \/>\nMaterial: 100% pflanzliches Sojawachs ohne Paraffin, ohne Palm\u00f6l, ohne k\u00fcnstliche Zus\u00e4tze<br \/>\nFarbe: Braun, Beige, Rosa<br \/>\nForm: Schokost\u00fccke, Zuckerstange<br \/>\nMa\u00dfe: 9x8cm<\/p>\n<div>\n<div class=\"x_x_wp-block-woocommerce-product-details x_x_alignwide x_x_is-style-minimal\" data-block-name=\"woocommerce\/product-details\">\n<div class=\"x_x_woocommerce-tabs x_x_wc-tabs-wrapper\">\n<div id=\"x_x_tab-description\" class=\"x_x_woocommerce-Tabs-panel x_x_woocommerce-Tabs-panel--description x_x_panel x_x_entry-content x_x_wc-tab\" role=\"tabpanel\" aria-labelledby=\"tab-title-description\">\n<h4>ACHTUNG \u2013 NICHT ZUM VERZEHR!<br \/>\nDiese Kerze sieht lecker aus \u2013 bitte von Kindern fernhalten und nicht essen!<\/h4>\n<p>Entdecke noch mehr Kerzen von Emmys Kerzen:\u00a0<a title=\"https:\/\/emmyskerzen.com\/shop\" href=\"https:\/\/emmyskerzen.com\/shop\" target=\"_blank\" rel=\"noopener noreferrer\" data-linkindex=\"0\" data-olk-copy-source=\"MessageBody\" data-auth=\"NotApplicable\">https:\/\/emmyskerzen.com\/shop<\/a><\/p>\n<\/div>\n<\/div>\n<\/div>\n<\/div>\n<div>\n<div class=\"x_x_wp-block-woocommerce-product-details x_x_alignwide x_x_is-style-minimal\" data-block-name=\"woocommerce\/product-details\">\n<div class=\"x_x_woocommerce-tabs x_x_wc-tabs-wrapper\">\n<div id=\"x_x_tab-description\" class=\"x_x_woocommerce-Tabs-panel x_x_woocommerce-Tabs-panel--description x_x_panel x_x_entry-content x_x_wc-tab\" role=\"tabpanel\" aria-labelledby=\"tab-title-description\">\n<p>*Gesamtpreis, umsatzsteuerbefreit aufgrund des Kleinunternehmerstatus, zuz\u00fcglich Versandkosten.<\/p>\n<p>Angaben zur Produktsicherheit:<br \/>\nAchte darauf, die Kerzen stets unter Aufsicht abbrennen zu lassen. Halte sie fern von Zugluft, Vorh\u00e4ngen, brennbaren Materialien, Kindern und Haustieren. K\u00fcrze den Docht regelm\u00e4\u00dfig, um eine zu gro\u00dfe Flamme zu vermeiden und stelle die Kerze auf einen sicheren, feuerfesten Untergrund. Verwende die Kerze nur gem\u00e4\u00df den Anweisungen und achte darauf, dass die Flamme beim Brennen nicht zu hoch wird.<\/p>\n<p>&nbsp;<\/p>\n<\/div>\n<\/div>\n<p><span data-olk-copy-source=\"MessageBody\">Inhaltsstoffe (Kerze): <\/span>100 % Sojawachs, Baumwolldocht (bleifrei), Duft\u00f6l Hot Chocolate. Enth\u00e4lt (Allergene, deklarationspflichtige Komponenten): Piperonal, Carophyllin, Geraniol, Citral, beta-Bisabolen, Isoeugenol, Eugenol, 3-Ethoxy-4-hydroxybenzaldehyd, Octahydro-2H-1-benzopyran-2-one, Alkohole (C11-14-iso-, C13-reich), cyclopentamethyl-1-(1,2,2-trimethylbicyclo[3.1.0]hex-3-yl)methyl-. Kann allergische Hautreaktionen hervorrufen. Gefahrenhinweise (CLP): H317 Kann allergische Hautreaktionen verursachen. H319 Verursacht schwere Augenreizung. H412 Sch\u00e4dlich f\u00fcr Wasserorganismen, mit langfristiger Wirkung. Sicherheitshinweise: P273 Freisetzung in die Umwelt vermeiden. P280 Schutzhandschuhe \/ Augenschutz tragen. P333 + P313 Bei Hautreizung oder -ausschlag: \u00c4rztlichen Rat einholen. P337 + P313 Bei anhaltender Augenreizung: \u00c4rztlichen Rat einholen. P501 Inhalt \/ Beh\u00e4lter der Problemabfallentsorgung zuf\u00fchren. Besondere Hinweise: EUH208 Enth\u00e4lt Piperonal, Carophyllin, Geraniol, Citral, beta-Bisabolen, Isoeugenol, Eugenol. Kann allergische Reaktionen hervorrufen. Lieferant Duft\u00f6l: Hansawax GmbH, Richard-Dunkel-Stra\u00dfe 120, D-28199 Bremen, Deutschland<\/p>\n<\/div>\n<\/div>\n<\/div>\n","protected":false},"excerpt":{"rendered":"<p>Duftkerze Hot Chocolate<\/p>","protected":false},"featured_media":2122,"comment_status":"open","ping_status":"closed","template":"","meta":[],"product_brand":[],"product_cat":[514,23,17],"product_tag":[82,45,485,452],"class_list":{"0":"post-1020","1":"product","2":"type-product","3":"status-publish","4":"has-post-thumbnail","6":"product_cat-duftkerze","7":"product_cat-food-drinks","8":"product_cat-kerzen-fur-jeden-tag","9":"product_tag-dessertkerze","10":"product_tag-duftkerze","11":"product_tag-hot-chocolate-kerze","12":"product_tag-kerzenshop-oesterreich","14":"first","15":"instock","16":"shipping-taxable","17":"purchasable","18":"product-type-simple","19":"add-to-wishlist-after_add_to_cart"},"yoast_head":"<!-- This site is optimized with the Yoast SEO plugin v27.4 - https:\/\/yoast.com\/product\/yoast-seo-wordpress\/ -->\n<title>Hot Chocolate Duftkerze \u2013 s\u00fc\u00dfe Dessertkerze im Glas - Emmys Kerzen<\/title>\n<meta name=\"description\" content=\"Handgemachte Hot Chocolate Duftkerze aus 100% Sojawachs. Cremiger Kakaoduft, vegan&amp;perfekt als Geschenk. Jetzt entdecken!\" \/>\n<meta name=\"robots\" content=\"index, follow, max-snippet:-1, max-image-preview:large, max-video-preview:-1\" \/>\n<link rel=\"canonical\" href=\"https:\/\/emmyskerzen.com\/en\/shop\/hot-chocolate-duftkerze-suesse-dessertkerze-im-glas\/\" \/>\n<meta property=\"og:locale\" content=\"en_GB\" \/>\n<meta property=\"og:type\" content=\"article\" \/>\n<meta property=\"og:title\" content=\"Hot Chocolate Duftkerze \u2013 s\u00fc\u00dfe Dessertkerze im Glas - Emmys Kerzen\" \/>\n<meta property=\"og:description\" content=\"Handgemachte Hot Chocolate Duftkerze aus 100% Sojawachs. Cremiger Kakaoduft, vegan&amp;perfekt als Geschenk. Jetzt entdecken!\" \/>\n<meta property=\"og:url\" content=\"https:\/\/emmyskerzen.com\/en\/shop\/hot-chocolate-duftkerze-suesse-dessertkerze-im-glas\/\" \/>\n<meta property=\"og:site_name\" content=\"Emmys Kerzen\" \/>\n<meta property=\"article:publisher\" content=\"https:\/\/www.facebook.com\/EmmysKerzen\/\" \/>\n<meta property=\"article:modified_time\" content=\"2026-03-21T14:20:36+00:00\" \/>\n<meta property=\"og:image\" content=\"https:\/\/emmyskerzen.com\/wp-content\/uploads\/2025\/12\/DAE0BAE2-7D47-4E2E-A678-48C745D51E33.png\" \/>\n\t<meta property=\"og:image:width\" content=\"1024\" \/>\n\t<meta property=\"og:image:height\" content=\"1536\" \/>\n\t<meta property=\"og:image:type\" content=\"image\/png\" \/>\n<meta name=\"twitter:card\" content=\"summary_large_image\" \/>\n<meta name=\"twitter:label1\" content=\"Estimated reading time\" \/>\n\t<meta name=\"twitter:data1\" content=\"3 minutes\" \/>\n<script type=\"application\/ld+json\" class=\"yoast-schema-graph\">{\"@context\":\"https:\\\/\\\/schema.org\",\"@graph\":[{\"@type\":\"WebPage\",\"@id\":\"https:\\\/\\\/emmyskerzen.com\\\/shop\\\/hot-chocolate-duftkerze-suesse-dessertkerze-im-glas\\\/\",\"url\":\"https:\\\/\\\/emmyskerzen.com\\\/shop\\\/hot-chocolate-duftkerze-suesse-dessertkerze-im-glas\\\/\",\"name\":\"Hot Chocolate Duftkerze \u2013 s\u00fc\u00dfe Dessertkerze im Glas - Emmys Kerzen\",\"isPartOf\":{\"@id\":\"https:\\\/\\\/emmyskerzen.com\\\/#website\"},\"primaryImageOfPage\":{\"@id\":\"https:\\\/\\\/emmyskerzen.com\\\/shop\\\/hot-chocolate-duftkerze-suesse-dessertkerze-im-glas\\\/#primaryimage\"},\"image\":{\"@id\":\"https:\\\/\\\/emmyskerzen.com\\\/shop\\\/hot-chocolate-duftkerze-suesse-dessertkerze-im-glas\\\/#primaryimage\"},\"thumbnailUrl\":\"https:\\\/\\\/emmyskerzen.com\\\/wp-content\\\/uploads\\\/2025\\\/12\\\/DAE0BAE2-7D47-4E2E-A678-48C745D51E33.png\",\"datePublished\":\"2025-12-30T13:40:56+00:00\",\"dateModified\":\"2026-03-21T14:20:36+00:00\",\"description\":\"Handgemachte Hot Chocolate Duftkerze aus 100% Sojawachs. Cremiger Kakaoduft, vegan&perfekt als Geschenk. Jetzt entdecken!\",\"breadcrumb\":{\"@id\":\"https:\\\/\\\/emmyskerzen.com\\\/shop\\\/hot-chocolate-duftkerze-suesse-dessertkerze-im-glas\\\/#breadcrumb\"},\"inLanguage\":\"en-GB\",\"potentialAction\":[{\"@type\":\"ReadAction\",\"target\":[\"https:\\\/\\\/emmyskerzen.com\\\/shop\\\/hot-chocolate-duftkerze-suesse-dessertkerze-im-glas\\\/\"]}]},{\"@type\":\"ImageObject\",\"inLanguage\":\"en-GB\",\"@id\":\"https:\\\/\\\/emmyskerzen.com\\\/shop\\\/hot-chocolate-duftkerze-suesse-dessertkerze-im-glas\\\/#primaryimage\",\"url\":\"https:\\\/\\\/emmyskerzen.com\\\/wp-content\\\/uploads\\\/2025\\\/12\\\/DAE0BAE2-7D47-4E2E-A678-48C745D51E33.png\",\"contentUrl\":\"https:\\\/\\\/emmyskerzen.com\\\/wp-content\\\/uploads\\\/2025\\\/12\\\/DAE0BAE2-7D47-4E2E-A678-48C745D51E33.png\",\"width\":1024,\"height\":1536},{\"@type\":\"BreadcrumbList\",\"@id\":\"https:\\\/\\\/emmyskerzen.com\\\/shop\\\/hot-chocolate-duftkerze-suesse-dessertkerze-im-glas\\\/#breadcrumb\",\"itemListElement\":[{\"@type\":\"ListItem\",\"position\":1,\"name\":\"Startseite\",\"item\":\"https:\\\/\\\/emmyskerzen.com\\\/\"},{\"@type\":\"ListItem\",\"position\":2,\"name\":\"Kerzen Shop\",\"item\":\"https:\\\/\\\/emmyskerzen.com\\\/shop\\\/\"},{\"@type\":\"ListItem\",\"position\":3,\"name\":\"Hot Chocolate Duftkerze \u2013 s\u00fc\u00dfe Dessertkerze im Glas\"}]},{\"@type\":\"WebSite\",\"@id\":\"https:\\\/\\\/emmyskerzen.com\\\/#website\",\"url\":\"https:\\\/\\\/emmyskerzen.com\\\/\",\"name\":\"Emmys Kerzen Onlineshop\",\"description\":\"personalisierte Kerzen, Dekokerzen, Duftkerzen, Geschenksets, Onlineshop\",\"publisher\":{\"@id\":\"https:\\\/\\\/emmyskerzen.com\\\/#organization\"},\"potentialAction\":[{\"@type\":\"SearchAction\",\"target\":{\"@type\":\"EntryPoint\",\"urlTemplate\":\"https:\\\/\\\/emmyskerzen.com\\\/?s={search_term_string}\"},\"query-input\":{\"@type\":\"PropertyValueSpecification\",\"valueRequired\":true,\"valueName\":\"search_term_string\"}}],\"inLanguage\":\"en-GB\"},{\"@type\":\"Organization\",\"@id\":\"https:\\\/\\\/emmyskerzen.com\\\/#organization\",\"name\":\"Emmys Kerzen Onlineshop\",\"url\":\"https:\\\/\\\/emmyskerzen.com\\\/\",\"logo\":{\"@type\":\"ImageObject\",\"inLanguage\":\"en-GB\",\"@id\":\"https:\\\/\\\/emmyskerzen.com\\\/#\\\/schema\\\/logo\\\/image\\\/\",\"url\":\"https:\\\/\\\/emmyskerzen.com\\\/wp-content\\\/uploads\\\/2026\\\/03\\\/IMG_0392.jpeg\",\"contentUrl\":\"https:\\\/\\\/emmyskerzen.com\\\/wp-content\\\/uploads\\\/2026\\\/03\\\/IMG_0392.jpeg\",\"width\":964,\"height\":975,\"caption\":\"Emmys Kerzen Onlineshop\"},\"image\":{\"@id\":\"https:\\\/\\\/emmyskerzen.com\\\/#\\\/schema\\\/logo\\\/image\\\/\"},\"sameAs\":[\"https:\\\/\\\/www.facebook.com\\\/EmmysKerzen\\\/\",\"https:\\\/\\\/www.instagram.com\\\/emmys_kerzen\\\/\",\"https:\\\/\\\/www.tiktok.com\\\/emmys.kerzen\\\/\"]}]}<\/script>\n<!-- \/ Yoast SEO plugin. -->","yoast_head_json":{"title":"Hot Chocolate Duftkerze \u2013 s\u00fc\u00dfe Dessertkerze im Glas - Emmys Kerzen","description":"Handgemachte Hot Chocolate Duftkerze aus 100% Sojawachs. Cremiger Kakaoduft, vegan&perfekt als Geschenk. Jetzt entdecken!","robots":{"index":"index","follow":"follow","max-snippet":"max-snippet:-1","max-image-preview":"max-image-preview:large","max-video-preview":"max-video-preview:-1"},"canonical":"https:\/\/emmyskerzen.com\/en\/shop\/hot-chocolate-duftkerze-suesse-dessertkerze-im-glas\/","og_locale":"en_GB","og_type":"article","og_title":"Hot Chocolate Duftkerze \u2013 s\u00fc\u00dfe Dessertkerze im Glas - Emmys Kerzen","og_description":"Handgemachte Hot Chocolate Duftkerze aus 100% Sojawachs. Cremiger Kakaoduft, vegan&perfekt als Geschenk. Jetzt entdecken!","og_url":"https:\/\/emmyskerzen.com\/en\/shop\/hot-chocolate-duftkerze-suesse-dessertkerze-im-glas\/","og_site_name":"Emmys Kerzen","article_publisher":"https:\/\/www.facebook.com\/EmmysKerzen\/","article_modified_time":"2026-03-21T14:20:36+00:00","og_image":[{"width":1024,"height":1536,"url":"https:\/\/emmyskerzen.com\/wp-content\/uploads\/2025\/12\/DAE0BAE2-7D47-4E2E-A678-48C745D51E33.png","type":"image\/png"}],"twitter_card":"summary_large_image","twitter_misc":{"Estimated reading time":"3 minutes"},"schema":{"@context":"https:\/\/schema.org","@graph":[{"@type":"WebPage","@id":"https:\/\/emmyskerzen.com\/shop\/hot-chocolate-duftkerze-suesse-dessertkerze-im-glas\/","url":"https:\/\/emmyskerzen.com\/shop\/hot-chocolate-duftkerze-suesse-dessertkerze-im-glas\/","name":"Hot Chocolate Duftkerze \u2013 s\u00fc\u00dfe Dessertkerze im Glas - Emmys Kerzen","isPartOf":{"@id":"https:\/\/emmyskerzen.com\/#website"},"primaryImageOfPage":{"@id":"https:\/\/emmyskerzen.com\/shop\/hot-chocolate-duftkerze-suesse-dessertkerze-im-glas\/#primaryimage"},"image":{"@id":"https:\/\/emmyskerzen.com\/shop\/hot-chocolate-duftkerze-suesse-dessertkerze-im-glas\/#primaryimage"},"thumbnailUrl":"https:\/\/emmyskerzen.com\/wp-content\/uploads\/2025\/12\/DAE0BAE2-7D47-4E2E-A678-48C745D51E33.png","datePublished":"2025-12-30T13:40:56+00:00","dateModified":"2026-03-21T14:20:36+00:00","description":"Handgemachte Hot Chocolate Duftkerze aus 100% Sojawachs. Cremiger Kakaoduft, vegan&perfekt als Geschenk. Jetzt entdecken!","breadcrumb":{"@id":"https:\/\/emmyskerzen.com\/shop\/hot-chocolate-duftkerze-suesse-dessertkerze-im-glas\/#breadcrumb"},"inLanguage":"en-GB","potentialAction":[{"@type":"ReadAction","target":["https:\/\/emmyskerzen.com\/shop\/hot-chocolate-duftkerze-suesse-dessertkerze-im-glas\/"]}]},{"@type":"ImageObject","inLanguage":"en-GB","@id":"https:\/\/emmyskerzen.com\/shop\/hot-chocolate-duftkerze-suesse-dessertkerze-im-glas\/#primaryimage","url":"https:\/\/emmyskerzen.com\/wp-content\/uploads\/2025\/12\/DAE0BAE2-7D47-4E2E-A678-48C745D51E33.png","contentUrl":"https:\/\/emmyskerzen.com\/wp-content\/uploads\/2025\/12\/DAE0BAE2-7D47-4E2E-A678-48C745D51E33.png","width":1024,"height":1536},{"@type":"BreadcrumbList","@id":"https:\/\/emmyskerzen.com\/shop\/hot-chocolate-duftkerze-suesse-dessertkerze-im-glas\/#breadcrumb","itemListElement":[{"@type":"ListItem","position":1,"name":"Startseite","item":"https:\/\/emmyskerzen.com\/"},{"@type":"ListItem","position":2,"name":"Kerzen Shop","item":"https:\/\/emmyskerzen.com\/shop\/"},{"@type":"ListItem","position":3,"name":"Hot Chocolate Duftkerze \u2013 s\u00fc\u00dfe Dessertkerze im Glas"}]},{"@type":"WebSite","@id":"https:\/\/emmyskerzen.com\/#website","url":"https:\/\/emmyskerzen.com\/","name":"Emmys Kerzen Onlineshop","description":"personalisierte Kerzen, Dekokerzen, Duftkerzen, Geschenksets, Onlineshop","publisher":{"@id":"https:\/\/emmyskerzen.com\/#organization"},"potentialAction":[{"@type":"SearchAction","target":{"@type":"EntryPoint","urlTemplate":"https:\/\/emmyskerzen.com\/?s={search_term_string}"},"query-input":{"@type":"PropertyValueSpecification","valueRequired":true,"valueName":"search_term_string"}}],"inLanguage":"en-GB"},{"@type":"Organization","@id":"https:\/\/emmyskerzen.com\/#organization","name":"Emmys Kerzen Onlineshop","url":"https:\/\/emmyskerzen.com\/","logo":{"@type":"ImageObject","inLanguage":"en-GB","@id":"https:\/\/emmyskerzen.com\/#\/schema\/logo\/image\/","url":"https:\/\/emmyskerzen.com\/wp-content\/uploads\/2026\/03\/IMG_0392.jpeg","contentUrl":"https:\/\/emmyskerzen.com\/wp-content\/uploads\/2026\/03\/IMG_0392.jpeg","width":964,"height":975,"caption":"Emmys Kerzen Onlineshop"},"image":{"@id":"https:\/\/emmyskerzen.com\/#\/schema\/logo\/image\/"},"sameAs":["https:\/\/www.facebook.com\/EmmysKerzen\/","https:\/\/www.instagram.com\/emmys_kerzen\/","https:\/\/www.tiktok.com\/emmys.kerzen\/"]}]}},"_links":{"self":[{"href":"https:\/\/emmyskerzen.com\/en\/wp-json\/wp\/v2\/product\/1020","targetHints":{"allow":["GET"]}}],"collection":[{"href":"https:\/\/emmyskerzen.com\/en\/wp-json\/wp\/v2\/product"}],"about":[{"href":"https:\/\/emmyskerzen.com\/en\/wp-json\/wp\/v2\/types\/product"}],"replies":[{"embeddable":true,"href":"https:\/\/emmyskerzen.com\/en\/wp-json\/wp\/v2\/comments?post=1020"}],"wp:featuredmedia":[{"embeddable":true,"href":"https:\/\/emmyskerzen.com\/en\/wp-json\/wp\/v2\/media\/2122"}],"wp:attachment":[{"href":"https:\/\/emmyskerzen.com\/en\/wp-json\/wp\/v2\/media?parent=1020"}],"wp:term":[{"taxonomy":"product_brand","embeddable":true,"href":"https:\/\/emmyskerzen.com\/en\/wp-json\/wp\/v2\/product_brand?post=1020"},{"taxonomy":"product_cat","embeddable":true,"href":"https:\/\/emmyskerzen.com\/en\/wp-json\/wp\/v2\/product_cat?post=1020"},{"taxonomy":"product_tag","embeddable":true,"href":"https:\/\/emmyskerzen.com\/en\/wp-json\/wp\/v2\/product_tag?post=1020"}],"curies":[{"name":"wp","href":"https:\/\/api.w.org\/{rel}","templated":true}]}}