{"id":950,"date":"2025-12-13T21:18:37","date_gmt":"2025-12-13T20:18:37","guid":{"rendered":"https:\/\/emmyskerzen.com\/?page_id=950"},"modified":"2026-04-07T10:07:28","modified_gmt":"2026-04-07T08:07:28","slug":"handgemachte-kerzen-aus-oesterreich-geschenkidee-emmys-kerzen","status":"publish","type":"page","link":"https:\/\/emmyskerzen.com\/en\/handgemachte-kerzen-aus-oesterreich-geschenkidee-emmys-kerzen\/","title":{"rendered":"Info"},"content":{"rendered":"<h1 class=\"wp-block-heading has-text-align-center is-style-asterisk has-contrast-2-color has-text-color has-link-color has-body-font-family has-large-font-size wp-elements-ebe8a56ebdef6872452eb1d6ce414ca9\" style=\"font-style:normal;font-weight:700\"><strong>Handmade candles from Austria stand for special moments<\/strong><\/h1>\n\n\n\n<p class=\"has-text-align-left has-contrast-2-color has-text-color has-link-color has-lora-font-family wp-elements-3f190f40b12b081f9ccee990b3f14e2d\" style=\"font-style:italic;font-weight:400\">Meine Kerzen entstehen in <strong>Nieder\u00f6sterreich<\/strong> in <strong>liebevoller Handarbeit.<\/strong> Jede einzelne wird gegossen, verziert und verpackt &#8211; mit dem Anspruch, etwas wirklich <strong>Besonderes zu schaffen<\/strong>. <br>Ich verwende <strong>high-quality soy wax <\/strong>und fertige keine Massenprodukte, sondern <strong>true one-of-a-kind pieces.<\/strong> &#8211; f\u00fcr Menschen und Momente, die dir wichtig sind.<br><br><strong><em>In meinem Shop findest du:<\/em><br>Handmade scented &amp; decorative candles<br>*personalized candles<br>Gift sets<br>Seasonal collections<\/strong><\/p>\n\n\n\n<p class=\"has-text-align-center has-contrast-2-color has-text-color has-link-color has-lora-font-family wp-elements-f61865a7e9499bc6fde28730175dfe3f\" style=\"font-style:normal;font-weight:600\">Jede Kerze wird von mir pers\u00f6nlich gefertigt &#8211; kein Produkt gleicht <strong>dem anderen<\/strong>, genau das macht sie so besonders.<\/p>\n\n\n\n<div class=\"wp-block-buttons is-content-justification-center is-layout-flex wp-container-core-buttons-is-layout-a89b3969 wp-block-buttons-is-layout-flex\">\n<div class=\"wp-block-button has-custom-width wp-block-button__width-100 is-style-fill\"><a class=\"wp-block-button__link has-base-2-color has-contrast-3-background-color has-text-color has-background has-link-color has-lora-font-family has-small-font-size has-text-align-center has-custom-font-size wp-element-button\" href=\"https:\/\/emmyskerzen.com\/en\/versand-und-lieferung\/\" style=\"border-top-left-radius:41px;border-top-right-radius:41px;border-bottom-left-radius:41px;border-bottom-right-radius:41px;font-style:normal;font-weight:700\">\ud83d\udd6f\ufe0fBestellung\/Versand\/Lieferung<\/a><\/div>\n\n\n\n<div class=\"wp-block-button has-custom-width wp-block-button__width-100 is-style-fill\"><a class=\"wp-block-button__link has-base-2-color has-contrast-3-background-color has-text-color has-background has-link-color has-lora-font-family has-small-font-size has-custom-font-size wp-element-button\" href=\"https:\/\/emmyskerzen.com\/en\/blog\/\" style=\"border-style:none;border-width:0px;border-top-left-radius:70px;border-top-right-radius:70px;border-bottom-left-radius:70px;border-bottom-right-radius:70px;padding-top:var(--wp--preset--spacing--10);padding-right:var(--wp--preset--spacing--10);padding-bottom:var(--wp--preset--spacing--10);padding-left:var(--wp--preset--spacing--10);font-style:normal;font-weight:700\">\u2728 Mein Blog: Kerzenwissen &amp; Tipps<\/a><\/div>\n<\/div>\n\n\n\n<div style=\"height:63px\" aria-hidden=\"true\" class=\"wp-block-spacer\"><\/div>\n\n\n\n<p class=\"has-text-align-center has-contrast-2-color has-text-color has-link-color has-body-font-family has-large-font-size wp-elements-0febe9458aee2998a75471cb78826389\" style=\"font-style:normal;font-weight:700\"><strong>Material &amp; Sustanability<\/strong><\/p>\n\n\n\n<p class=\"has-text-align-left has-contrast-2-color has-text-color has-link-color has-lora-font-family wp-elements-8ca52681f6904f3065a5c6f37debaf50\" style=\"font-style:italic;font-weight:400\">For my handmade candles, I use <strong>high-quality soy wax<\/strong>, which ensures a clean and calm burn. It is vegan, biodegradable, environmentally friendly and free from harmful substances. I combine the soy wax <strong>with high-quality, nature-identical fragrance oils<\/strong> und mit Farbpigmenten.<br>Das hitzebest\u00e4ndige <strong>glass jar<\/strong> is consciously chosen so it can be reused after the candle has <strong>burned down -<\/strong> for decoration or small plants.<br><strong>Sustainable materials<\/strong> and careful craftsmanship are especially important to me, so you can enjoy your candle for a long time.<br><\/p>\n\n\n\n<div class=\"wp-block-buttons is-content-justification-center is-layout-flex wp-container-core-buttons-is-layout-a89b3969 wp-block-buttons-is-layout-flex\">\n<div class=\"wp-block-button has-custom-width wp-block-button__width-100 is-style-fill\"><a class=\"wp-block-button__link has-base-2-color has-contrast-3-background-color has-text-color has-background has-link-color has-lora-font-family has-small-font-size has-custom-font-size wp-element-button\" href=\"https:\/\/emmyskerzen.com\/en\/duftsortiment\/\" style=\"border-top-left-radius:54px;border-top-right-radius:54px;border-bottom-left-radius:54px;border-bottom-right-radius:54px;padding-top:var(--wp--preset--spacing--10);padding-right:var(--wp--preset--spacing--10);padding-bottom:var(--wp--preset--spacing--10);padding-left:var(--wp--preset--spacing--10);font-style:normal;font-weight:700\">\u2728 Mein Duftsortiment<\/a><\/div>\n<\/div>\n\n\n\n<div style=\"height:76px\" aria-hidden=\"true\" class=\"wp-block-spacer\"><\/div>\n\n\n\n<p class=\"has-text-align-center has-contrast-2-color has-text-color has-link-color has-body-font-family has-large-font-size wp-elements-9485f210aa4ded2c844299861248eb63\" style=\"font-style:normal;font-weight:700\"><strong>Why Handmade?<\/strong><\/p>\n\n\n\n<p class=\"has-text-align-center has-contrast-2-color has-text-color has-link-color has-body-font-family wp-elements-fbe550935dee384d120f707332c63298\" style=\"font-style:normal;font-weight:700\"><strong>Weil echte Handarbeit einen Unterschied macht.<\/strong><\/p>\n\n\n\n<ul class=\"wp-block-list\">\n<li class=\"has-contrast-2-color has-text-color has-link-color has-lora-font-family wp-elements-5d86c6da530f3d50a5be13dbcd59933b\" style=\"font-style:italic;font-weight:400\">each candle is unique<\/li>\n\n\n\n<li class=\"has-contrast-2-color has-text-color has-link-color has-lora-font-family wp-elements-6640f720b3f57335d4fdac0c324a474d\" style=\"font-style:italic;font-weight:400\">made with great care and attention to detail<\/li>\n\n\n\n<li class=\"has-contrast-2-color has-text-color has-link-color has-lora-font-family wp-elements-926de066957fbee11c2d3733629bec93\" style=\"font-style:italic;font-weight:400\">perfekt als pers\u00f6nliches Geschenk<\/li>\n\n\n\n<li class=\"has-contrast-2-color has-text-color has-link-color has-lora-font-family wp-elements-0f27b708007226ab4e206efeddfa70e5\" style=\"font-style:italic;font-weight:300\">sp\u00fcrbare Qualit\u00e4t &amp; besondere Optik <\/li>\n<\/ul>\n\n\n\n<p class=\"has-text-align-center has-contrast-2-color has-text-color has-link-color has-body-font-family wp-elements-f394d0ccf5d66d4c3151d291915677cc\" style=\"font-style:normal;font-weight:700\">Gerade als Geschenk sind handgemachte Kerzen etwas, das wirklich in Erinnerung bleibt.<\/p>\n\n\n\n<div style=\"height:77px\" aria-hidden=\"true\" class=\"wp-block-spacer\"><\/div>\n\n\n\n<p class=\"has-text-align-center has-contrast-2-color has-text-color has-link-color has-body-font-family has-large-font-size wp-elements-95e0f98400a4afe59c74d254622b5312\" style=\"font-style:normal;font-weight:700\"><strong>Occasions &amp; Use<\/strong><\/p>\n\n\n\n<p class=\"has-text-align-center has-contrast-2-color has-text-color has-link-color has-body-font-family wp-elements-52ba91c7ceff3ebea2ecb76a9a7ea0f8\" style=\"font-style:normal;font-weight:700\"><strong>Emmys Kerzen sind perfekt geeigent f\u00fcr:<\/strong><\/p>\n\n\n\n<ul class=\"wp-block-list\">\n<li class=\"has-contrast-2-color has-text-color has-link-color has-lora-font-family wp-elements-3c6ff634843fdf627861b1ba2544367d\"><em>besondere Menschen, die dir am Herzen liegen<\/em><\/li>\n\n\n\n<li class=\"has-contrast-2-color has-text-color has-link-color has-lora-font-family wp-elements-bf5c5dccaff012376e09d2d85d826ccc\"><em>gem\u00fctliche Momente zuhause<\/em><\/li>\n\n\n\n<li class=\"has-contrast-2-color has-text-color has-link-color has-lora-font-family wp-elements-dbaab9e9b8c638abcf6b7f9d5b765a49\"><em>stilvolle Wohn- &amp; Tischdekoration<\/em><\/li>\n\n\n\n<li class=\"has-contrast-2-color has-text-color has-link-color has-lora-font-family wp-elements-a8d5a38d93e892263255b102c2894060\"><em>emotionale Anl\u00e4sse und Erinnerungen<\/em><br><\/li>\n<\/ul>\n\n\n\n<div class=\"wp-block-buttons is-content-justification-center is-layout-flex wp-container-core-buttons-is-layout-a89b3969 wp-block-buttons-is-layout-flex\">\n<div class=\"wp-block-button has-custom-width wp-block-button__width-100 is-style-fill\"><a class=\"wp-block-button__link has-base-2-color has-contrast-3-background-color has-text-color has-background has-link-color has-lora-font-family has-small-font-size has-text-align-center has-custom-font-size wp-element-button\" href=\"https:\/\/emmyskerzen.com\/en\/personalisierte-kerzen\/\" style=\"border-top-left-radius:79px;border-top-right-radius:79px;border-bottom-left-radius:79px;border-bottom-right-radius:79px;font-style:normal;font-weight:700\">\ud83d\udc49<strong>Personalize your Candle<\/strong><\/a><\/div>\n<\/div>\n\n\n\n<div style=\"height:78px\" aria-hidden=\"true\" class=\"wp-block-spacer\"><\/div>\n\n\n\n<p class=\"has-text-align-center has-contrast-2-color has-text-color has-link-color has-body-font-family has-large-font-size wp-elements-4720a4d5999e233be46ff63c48d27f93\" style=\"font-style:normal;font-weight:700\"><strong>Trust &amp; Brand<\/strong><\/p>\n\n\n\n<p class=\"has-text-align-left has-contrast-2-color has-text-color has-link-color has-lora-font-family wp-elements-de6b1bb849c6966de83ae65c30366738\" style=\"font-style:italic;font-weight:400\">Emmys Kerzen stands for <strong>honest craftsmanship<\/strong> from Austria, <strong>quality and attention to detail.<\/strong> Jede Kerze fertige ich <strong>pers\u00f6nlich<\/strong> &#8211; mit dem Ziel, nicht nur ein Produkt zu schaffen, sondern ein <strong>Gef\u00fchl<\/strong>.<\/p>\n\n\n\n<p><\/p>","protected":false},"excerpt":{"rendered":"<p>Handgemachte Kerzen aus \u00d6sterreich f\u00fcr besondere Momente Meine Kerzen entstehen in Nieder\u00f6sterreich in liebevoller Handarbeit. Jede einzelne wird gegossen, verziert und verpackt &#8211; mit dem Anspruch, etwas wirklich Besonderes zu schaffen. Ich verwende hochwertiges Sojawachs und fertige keine Massenprodukte, sondern echte Unikate &#8211; f\u00fcr Menschen und Momente, die dir wichtig sind. In meinem Shop findest [&hellip;]<\/p>\n","protected":false},"author":1,"featured_media":0,"parent":0,"menu_order":0,"comment_status":"closed","ping_status":"closed","template":"","meta":{"footnotes":""},"class_list":["post-950","page","type-page","status-publish","hentry"],"yoast_head":"<!-- This site is optimized with the Yoast SEO plugin v27.4 - https:\/\/yoast.com\/product\/yoast-seo-wordpress\/ -->\n<title>Infos - Emmys Kerzen<\/title>\n<meta name=\"description\" content=\"Liebevoll handgemachte Kerzen aus \u00d6sterreich. Nat\u00fcrlich &amp; achtsam hergestellt. Perfekt als Geschenkidee oder f\u00fcr gem\u00fctliche Momente.\" \/>\n<meta name=\"robots\" content=\"index, follow, max-snippet:-1, max-image-preview:large, max-video-preview:-1\" \/>\n<link rel=\"canonical\" href=\"https:\/\/emmyskerzen.com\/en\/handgemachte-kerzen-aus-oesterreich-geschenkidee-emmys-kerzen\/\" \/>\n<meta property=\"og:locale\" content=\"en_GB\" \/>\n<meta property=\"og:type\" content=\"article\" \/>\n<meta property=\"og:title\" content=\"Infos - Emmys Kerzen\" \/>\n<meta property=\"og:description\" content=\"Liebevoll handgemachte Kerzen aus \u00d6sterreich. Nat\u00fcrlich &amp; achtsam hergestellt. Perfekt als Geschenkidee oder f\u00fcr gem\u00fctliche Momente.\" \/>\n<meta property=\"og:url\" content=\"https:\/\/emmyskerzen.com\/en\/handgemachte-kerzen-aus-oesterreich-geschenkidee-emmys-kerzen\/\" \/>\n<meta property=\"og:site_name\" content=\"Emmys Kerzen\" \/>\n<meta property=\"article:publisher\" content=\"https:\/\/www.facebook.com\/EmmysKerzen\/\" \/>\n<meta property=\"article:modified_time\" content=\"2026-04-07T08:07:28+00:00\" \/>\n<meta name=\"twitter:card\" content=\"summary_large_image\" \/>\n<meta name=\"twitter:label1\" content=\"Estimated reading time\" \/>\n\t<meta name=\"twitter:data1\" content=\"2 minutes\" \/>\n<script type=\"application\/ld+json\" class=\"yoast-schema-graph\">{\"@context\":\"https:\\\/\\\/schema.org\",\"@graph\":[{\"@type\":\"WebPage\",\"@id\":\"https:\\\/\\\/emmyskerzen.com\\\/handgemachte-kerzen-aus-oesterreich-geschenkidee-emmys-kerzen\\\/\",\"url\":\"https:\\\/\\\/emmyskerzen.com\\\/handgemachte-kerzen-aus-oesterreich-geschenkidee-emmys-kerzen\\\/\",\"name\":\"Infos - Emmys Kerzen\",\"isPartOf\":{\"@id\":\"https:\\\/\\\/emmyskerzen.com\\\/#website\"},\"datePublished\":\"2025-12-13T20:18:37+00:00\",\"dateModified\":\"2026-04-07T08:07:28+00:00\",\"description\":\"Liebevoll handgemachte Kerzen aus \u00d6sterreich. Nat\u00fcrlich & achtsam hergestellt. Perfekt als Geschenkidee oder f\u00fcr gem\u00fctliche Momente.\",\"breadcrumb\":{\"@id\":\"https:\\\/\\\/emmyskerzen.com\\\/handgemachte-kerzen-aus-oesterreich-geschenkidee-emmys-kerzen\\\/#breadcrumb\"},\"inLanguage\":\"en-GB\",\"potentialAction\":[{\"@type\":\"ReadAction\",\"target\":[\"https:\\\/\\\/emmyskerzen.com\\\/handgemachte-kerzen-aus-oesterreich-geschenkidee-emmys-kerzen\\\/\"]}]},{\"@type\":\"BreadcrumbList\",\"@id\":\"https:\\\/\\\/emmyskerzen.com\\\/handgemachte-kerzen-aus-oesterreich-geschenkidee-emmys-kerzen\\\/#breadcrumb\",\"itemListElement\":[{\"@type\":\"ListItem\",\"position\":1,\"name\":\"Startseite\",\"item\":\"https:\\\/\\\/emmyskerzen.com\\\/\"},{\"@type\":\"ListItem\",\"position\":2,\"name\":\"Infos Kerzen Shop\"}]},{\"@type\":\"WebSite\",\"@id\":\"https:\\\/\\\/emmyskerzen.com\\\/#website\",\"url\":\"https:\\\/\\\/emmyskerzen.com\\\/\",\"name\":\"Emmys Kerzen Onlineshop\",\"description\":\"personalisierte Kerzen, Dekokerzen, Duftkerzen, Geschenksets, Onlineshop\",\"publisher\":{\"@id\":\"https:\\\/\\\/emmyskerzen.com\\\/#organization\"},\"potentialAction\":[{\"@type\":\"SearchAction\",\"target\":{\"@type\":\"EntryPoint\",\"urlTemplate\":\"https:\\\/\\\/emmyskerzen.com\\\/?s={search_term_string}\"},\"query-input\":{\"@type\":\"PropertyValueSpecification\",\"valueRequired\":true,\"valueName\":\"search_term_string\"}}],\"inLanguage\":\"en-GB\"},{\"@type\":\"Organization\",\"@id\":\"https:\\\/\\\/emmyskerzen.com\\\/#organization\",\"name\":\"Emmys Kerzen Onlineshop\",\"url\":\"https:\\\/\\\/emmyskerzen.com\\\/\",\"logo\":{\"@type\":\"ImageObject\",\"inLanguage\":\"en-GB\",\"@id\":\"https:\\\/\\\/emmyskerzen.com\\\/#\\\/schema\\\/logo\\\/image\\\/\",\"url\":\"https:\\\/\\\/emmyskerzen.com\\\/wp-content\\\/uploads\\\/2026\\\/03\\\/IMG_0392.jpeg\",\"contentUrl\":\"https:\\\/\\\/emmyskerzen.com\\\/wp-content\\\/uploads\\\/2026\\\/03\\\/IMG_0392.jpeg\",\"width\":964,\"height\":975,\"caption\":\"Emmys Kerzen Onlineshop\"},\"image\":{\"@id\":\"https:\\\/\\\/emmyskerzen.com\\\/#\\\/schema\\\/logo\\\/image\\\/\"},\"sameAs\":[\"https:\\\/\\\/www.facebook.com\\\/EmmysKerzen\\\/\",\"https:\\\/\\\/www.instagram.com\\\/emmys_kerzen\\\/\",\"https:\\\/\\\/www.tiktok.com\\\/emmys.kerzen\\\/\"]}]}<\/script>\n<!-- \/ Yoast SEO plugin. -->","yoast_head_json":{"title":"Infos - Emmys Kerzen","description":"Liebevoll handgemachte Kerzen aus \u00d6sterreich. Nat\u00fcrlich & achtsam hergestellt. Perfekt als Geschenkidee oder f\u00fcr gem\u00fctliche Momente.","robots":{"index":"index","follow":"follow","max-snippet":"max-snippet:-1","max-image-preview":"max-image-preview:large","max-video-preview":"max-video-preview:-1"},"canonical":"https:\/\/emmyskerzen.com\/en\/handgemachte-kerzen-aus-oesterreich-geschenkidee-emmys-kerzen\/","og_locale":"en_GB","og_type":"article","og_title":"Infos - Emmys Kerzen","og_description":"Liebevoll handgemachte Kerzen aus \u00d6sterreich. Nat\u00fcrlich & achtsam hergestellt. Perfekt als Geschenkidee oder f\u00fcr gem\u00fctliche Momente.","og_url":"https:\/\/emmyskerzen.com\/en\/handgemachte-kerzen-aus-oesterreich-geschenkidee-emmys-kerzen\/","og_site_name":"Emmys Kerzen","article_publisher":"https:\/\/www.facebook.com\/EmmysKerzen\/","article_modified_time":"2026-04-07T08:07:28+00:00","twitter_card":"summary_large_image","twitter_misc":{"Estimated reading time":"2 minutes"},"schema":{"@context":"https:\/\/schema.org","@graph":[{"@type":"WebPage","@id":"https:\/\/emmyskerzen.com\/handgemachte-kerzen-aus-oesterreich-geschenkidee-emmys-kerzen\/","url":"https:\/\/emmyskerzen.com\/handgemachte-kerzen-aus-oesterreich-geschenkidee-emmys-kerzen\/","name":"Infos - Emmys Kerzen","isPartOf":{"@id":"https:\/\/emmyskerzen.com\/#website"},"datePublished":"2025-12-13T20:18:37+00:00","dateModified":"2026-04-07T08:07:28+00:00","description":"Liebevoll handgemachte Kerzen aus \u00d6sterreich. Nat\u00fcrlich & achtsam hergestellt. Perfekt als Geschenkidee oder f\u00fcr gem\u00fctliche Momente.","breadcrumb":{"@id":"https:\/\/emmyskerzen.com\/handgemachte-kerzen-aus-oesterreich-geschenkidee-emmys-kerzen\/#breadcrumb"},"inLanguage":"en-GB","potentialAction":[{"@type":"ReadAction","target":["https:\/\/emmyskerzen.com\/handgemachte-kerzen-aus-oesterreich-geschenkidee-emmys-kerzen\/"]}]},{"@type":"BreadcrumbList","@id":"https:\/\/emmyskerzen.com\/handgemachte-kerzen-aus-oesterreich-geschenkidee-emmys-kerzen\/#breadcrumb","itemListElement":[{"@type":"ListItem","position":1,"name":"Startseite","item":"https:\/\/emmyskerzen.com\/"},{"@type":"ListItem","position":2,"name":"Infos Kerzen Shop"}]},{"@type":"WebSite","@id":"https:\/\/emmyskerzen.com\/#website","url":"https:\/\/emmyskerzen.com\/","name":"Emmys Kerzen Onlineshop","description":"personalisierte Kerzen, Dekokerzen, Duftkerzen, Geschenksets, Onlineshop","publisher":{"@id":"https:\/\/emmyskerzen.com\/#organization"},"potentialAction":[{"@type":"SearchAction","target":{"@type":"EntryPoint","urlTemplate":"https:\/\/emmyskerzen.com\/?s={search_term_string}"},"query-input":{"@type":"PropertyValueSpecification","valueRequired":true,"valueName":"search_term_string"}}],"inLanguage":"en-GB"},{"@type":"Organization","@id":"https:\/\/emmyskerzen.com\/#organization","name":"Emmys Kerzen Onlineshop","url":"https:\/\/emmyskerzen.com\/","logo":{"@type":"ImageObject","inLanguage":"en-GB","@id":"https:\/\/emmyskerzen.com\/#\/schema\/logo\/image\/","url":"https:\/\/emmyskerzen.com\/wp-content\/uploads\/2026\/03\/IMG_0392.jpeg","contentUrl":"https:\/\/emmyskerzen.com\/wp-content\/uploads\/2026\/03\/IMG_0392.jpeg","width":964,"height":975,"caption":"Emmys Kerzen Onlineshop"},"image":{"@id":"https:\/\/emmyskerzen.com\/#\/schema\/logo\/image\/"},"sameAs":["https:\/\/www.facebook.com\/EmmysKerzen\/","https:\/\/www.instagram.com\/emmys_kerzen\/","https:\/\/www.tiktok.com\/emmys.kerzen\/"]}]}},"_links":{"self":[{"href":"https:\/\/emmyskerzen.com\/en\/wp-json\/wp\/v2\/pages\/950","targetHints":{"allow":["GET"]}}],"collection":[{"href":"https:\/\/emmyskerzen.com\/en\/wp-json\/wp\/v2\/pages"}],"about":[{"href":"https:\/\/emmyskerzen.com\/en\/wp-json\/wp\/v2\/types\/page"}],"author":[{"embeddable":true,"href":"https:\/\/emmyskerzen.com\/en\/wp-json\/wp\/v2\/users\/1"}],"replies":[{"embeddable":true,"href":"https:\/\/emmyskerzen.com\/en\/wp-json\/wp\/v2\/comments?post=950"}],"version-history":[{"count":25,"href":"https:\/\/emmyskerzen.com\/en\/wp-json\/wp\/v2\/pages\/950\/revisions"}],"predecessor-version":[{"id":2448,"href":"https:\/\/emmyskerzen.com\/en\/wp-json\/wp\/v2\/pages\/950\/revisions\/2448"}],"wp:attachment":[{"href":"https:\/\/emmyskerzen.com\/en\/wp-json\/wp\/v2\/media?parent=950"}],"curies":[{"name":"wp","href":"https:\/\/api.w.org\/{rel}","templated":true}]}}