{"id":371,"date":"2025-10-08T20:59:16","date_gmt":"2025-10-08T18:59:16","guid":{"rendered":"https:\/\/emmyskerzen.com\/?page_id=371"},"modified":"2026-04-07T09:18:37","modified_gmt":"2026-04-07T07:18:37","slug":"kontakt","status":"publish","type":"page","link":"https:\/\/emmyskerzen.com\/en\/kontakt\/","title":{"rendered":"I am really looking forward to hearing from you!"},"content":{"rendered":"<div class=\"wp-block-group alignwide has-background-background-color has-background has-lora-font-family has-global-padding is-layout-constrained wp-block-group-is-layout-constrained\">\n<h1 class=\"wp-block-heading alignwide has-text-align-center is-style-asterisk has-contrast-2-color has-background-background-color has-text-color has-background has-link-color has-body-font-family has-x-large-font-size wp-elements-89f7950542b91f8c325334fec02c0a2b\" style=\"padding-top:5px;padding-right:5px;padding-bottom:5px;padding-left:5px;font-style:normal;font-weight:700;line-height:1.2\">Contact<\/h1>\n\n\n\n<p class=\"has-text-align-center has-contrast-2-color has-background-background-color has-text-color has-background has-link-color has-lora-font-family has-large-font-size wp-elements-01726526bc0a6c204946ba7cd5cb4bd9\">I\u00b4d love to assist you with orders, questions or custom designs.<br><br>Email:<br><strong>shop@emmyskerzen.com<\/strong><br><br><strong>Requests for Orders &amp; Bulk Purchases:<\/strong><br>Please contact me <strong>at least 4 weeks in advance,<\/strong>if you need candles by a specific date.<br><br>Each candle is handmade with love, care and attention - therefore processing times may vary slightly.<br><br>I respond to messages as quickly as possible - usually within 1-2 days.<\/p>\n\n\n\n<figure class=\"wp-block-image aligncenter size-full is-resized is-style-default\"><img loading=\"lazy\" decoding=\"async\" width=\"1024\" height=\"1536\" src=\"https:\/\/emmyskerzen.com\/wp-content\/uploads\/2026\/02\/01FE39CF-F62F-4B86-8E2A-D6CCB890B451.png\" alt=\"\" class=\"wp-image-2083\" style=\"width:453px;height:auto\" srcset=\"https:\/\/emmyskerzen.com\/wp-content\/uploads\/2026\/02\/01FE39CF-F62F-4B86-8E2A-D6CCB890B451.png 1024w, https:\/\/emmyskerzen.com\/wp-content\/uploads\/2026\/02\/01FE39CF-F62F-4B86-8E2A-D6CCB890B451-200x300.png 200w, https:\/\/emmyskerzen.com\/wp-content\/uploads\/2026\/02\/01FE39CF-F62F-4B86-8E2A-D6CCB890B451-683x1024.png 683w, https:\/\/emmyskerzen.com\/wp-content\/uploads\/2026\/02\/01FE39CF-F62F-4B86-8E2A-D6CCB890B451-768x1152.png 768w, https:\/\/emmyskerzen.com\/wp-content\/uploads\/2026\/02\/01FE39CF-F62F-4B86-8E2A-D6CCB890B451-8x12.png 8w, https:\/\/emmyskerzen.com\/wp-content\/uploads\/2026\/02\/01FE39CF-F62F-4B86-8E2A-D6CCB890B451-600x900.png 600w\" sizes=\"auto, (max-width: 1024px) 100vw, 1024px\" \/><\/figure>\n\n\n\n<p class=\"has-text-align-center has-primary-color has-background-background-color has-text-color has-background has-link-color has-lora-font-family has-large-font-size wp-elements-6fccf51c7d90c1b3df5f2de7354a4050\"><br><\/p>\n<\/div>\n\n\n\n<p><\/p>","protected":false},"excerpt":{"rendered":"<p>Kontakt Du hast eine Frage zu meinen Kerzen, deiner Bestellung oder m\u00f6chtest eine individuelle Anfertigung? E-Mail:shop@emmyskerzen.com Anfragen zu Bestellungen &amp; Gro\u00dfauftr\u00e4gen:Bitte melde dich mindestens 3 Wochen im Voraus, wenn du Kerzen zu einem bestimmten Datum brauchst. Jede Kerze wird mit Liebe, Achtsamkeit und Sorgfalt von Hand gefertigt &#8211; daher kann die Bearbeitungszeit etwas variieren. Ich [&hellip;]<\/p>\n","protected":false},"author":1,"featured_media":0,"parent":0,"menu_order":0,"comment_status":"closed","ping_status":"closed","template":"","meta":{"footnotes":""},"class_list":["post-371","page","type-page","status-publish","hentry"],"yoast_head":"<!-- This site is optimized with the Yoast SEO plugin v27.4 - https:\/\/yoast.com\/product\/yoast-seo-wordpress\/ -->\n<title>Ich freue mich sehr, von dir zu h\u00f6ren! - Emmys Kerzen<\/title>\n<meta name=\"description\" content=\"Emmys Kerzen Kontaktm\u00f6glichkeiten - handgegossene Sojawachskerzen aus Nieder\u00f6sterreich - achtsam hergstellt\" \/>\n<meta name=\"robots\" content=\"index, follow, max-snippet:-1, max-image-preview:large, max-video-preview:-1\" \/>\n<link rel=\"canonical\" href=\"https:\/\/emmyskerzen.com\/en\/kontakt\/\" \/>\n<meta property=\"og:locale\" content=\"en_GB\" \/>\n<meta property=\"og:type\" content=\"article\" \/>\n<meta property=\"og:title\" content=\"Ich freue mich sehr, von dir zu h\u00f6ren! - Emmys Kerzen\" \/>\n<meta property=\"og:description\" content=\"Emmys Kerzen Kontaktm\u00f6glichkeiten - handgegossene Sojawachskerzen aus Nieder\u00f6sterreich - achtsam hergstellt\" \/>\n<meta property=\"og:url\" content=\"https:\/\/emmyskerzen.com\/en\/kontakt\/\" \/>\n<meta property=\"og:site_name\" content=\"Emmys Kerzen\" \/>\n<meta property=\"article:publisher\" content=\"https:\/\/www.facebook.com\/EmmysKerzen\/\" \/>\n<meta property=\"article:modified_time\" content=\"2026-04-07T07:18:37+00:00\" \/>\n<meta property=\"og:image\" content=\"https:\/\/emmyskerzen.com\/wp-content\/uploads\/2026\/02\/01FE39CF-F62F-4B86-8E2A-D6CCB890B451.png\" \/>\n\t<meta property=\"og:image:width\" content=\"1024\" \/>\n\t<meta property=\"og:image:height\" content=\"1536\" \/>\n\t<meta property=\"og:image:type\" content=\"image\/png\" \/>\n<meta name=\"twitter:card\" content=\"summary_large_image\" \/>\n<meta name=\"twitter:label1\" content=\"Estimated reading time\" \/>\n\t<meta name=\"twitter:data1\" content=\"1 minute\" \/>\n<script type=\"application\/ld+json\" class=\"yoast-schema-graph\">{\"@context\":\"https:\\\/\\\/schema.org\",\"@graph\":[{\"@type\":\"WebPage\",\"@id\":\"https:\\\/\\\/emmyskerzen.com\\\/kontakt\\\/\",\"url\":\"https:\\\/\\\/emmyskerzen.com\\\/kontakt\\\/\",\"name\":\"Ich freue mich sehr, von dir zu h\u00f6ren! - Emmys Kerzen\",\"isPartOf\":{\"@id\":\"https:\\\/\\\/emmyskerzen.com\\\/#website\"},\"primaryImageOfPage\":{\"@id\":\"https:\\\/\\\/emmyskerzen.com\\\/kontakt\\\/#primaryimage\"},\"image\":{\"@id\":\"https:\\\/\\\/emmyskerzen.com\\\/kontakt\\\/#primaryimage\"},\"thumbnailUrl\":\"https:\\\/\\\/emmyskerzen.com\\\/wp-content\\\/uploads\\\/2026\\\/02\\\/01FE39CF-F62F-4B86-8E2A-D6CCB890B451.png\",\"datePublished\":\"2025-10-08T18:59:16+00:00\",\"dateModified\":\"2026-04-07T07:18:37+00:00\",\"description\":\"Emmys Kerzen Kontaktm\u00f6glichkeiten - handgegossene Sojawachskerzen aus Nieder\u00f6sterreich - achtsam hergstellt\",\"breadcrumb\":{\"@id\":\"https:\\\/\\\/emmyskerzen.com\\\/kontakt\\\/#breadcrumb\"},\"inLanguage\":\"en-GB\",\"potentialAction\":[{\"@type\":\"ReadAction\",\"target\":[\"https:\\\/\\\/emmyskerzen.com\\\/kontakt\\\/\"]}]},{\"@type\":\"ImageObject\",\"inLanguage\":\"en-GB\",\"@id\":\"https:\\\/\\\/emmyskerzen.com\\\/kontakt\\\/#primaryimage\",\"url\":\"https:\\\/\\\/emmyskerzen.com\\\/wp-content\\\/uploads\\\/2026\\\/02\\\/01FE39CF-F62F-4B86-8E2A-D6CCB890B451.png\",\"contentUrl\":\"https:\\\/\\\/emmyskerzen.com\\\/wp-content\\\/uploads\\\/2026\\\/02\\\/01FE39CF-F62F-4B86-8E2A-D6CCB890B451.png\"},{\"@type\":\"BreadcrumbList\",\"@id\":\"https:\\\/\\\/emmyskerzen.com\\\/kontakt\\\/#breadcrumb\",\"itemListElement\":[{\"@type\":\"ListItem\",\"position\":1,\"name\":\"Startseite\",\"item\":\"https:\\\/\\\/emmyskerzen.com\\\/\"},{\"@type\":\"ListItem\",\"position\":2,\"name\":\"Ich freue mich sehr, von dir zu h\u00f6ren!\"}]},{\"@type\":\"WebSite\",\"@id\":\"https:\\\/\\\/emmyskerzen.com\\\/#website\",\"url\":\"https:\\\/\\\/emmyskerzen.com\\\/\",\"name\":\"Emmys Kerzen Onlineshop\",\"description\":\"personalisierte Kerzen, Dekokerzen, Duftkerzen, Geschenksets, Onlineshop\",\"publisher\":{\"@id\":\"https:\\\/\\\/emmyskerzen.com\\\/#organization\"},\"potentialAction\":[{\"@type\":\"SearchAction\",\"target\":{\"@type\":\"EntryPoint\",\"urlTemplate\":\"https:\\\/\\\/emmyskerzen.com\\\/?s={search_term_string}\"},\"query-input\":{\"@type\":\"PropertyValueSpecification\",\"valueRequired\":true,\"valueName\":\"search_term_string\"}}],\"inLanguage\":\"en-GB\"},{\"@type\":\"Organization\",\"@id\":\"https:\\\/\\\/emmyskerzen.com\\\/#organization\",\"name\":\"Emmys Kerzen Onlineshop\",\"url\":\"https:\\\/\\\/emmyskerzen.com\\\/\",\"logo\":{\"@type\":\"ImageObject\",\"inLanguage\":\"en-GB\",\"@id\":\"https:\\\/\\\/emmyskerzen.com\\\/#\\\/schema\\\/logo\\\/image\\\/\",\"url\":\"https:\\\/\\\/emmyskerzen.com\\\/wp-content\\\/uploads\\\/2026\\\/03\\\/IMG_0392.jpeg\",\"contentUrl\":\"https:\\\/\\\/emmyskerzen.com\\\/wp-content\\\/uploads\\\/2026\\\/03\\\/IMG_0392.jpeg\",\"width\":964,\"height\":975,\"caption\":\"Emmys Kerzen Onlineshop\"},\"image\":{\"@id\":\"https:\\\/\\\/emmyskerzen.com\\\/#\\\/schema\\\/logo\\\/image\\\/\"},\"sameAs\":[\"https:\\\/\\\/www.facebook.com\\\/EmmysKerzen\\\/\",\"https:\\\/\\\/www.instagram.com\\\/emmys_kerzen\\\/\",\"https:\\\/\\\/www.tiktok.com\\\/emmys.kerzen\\\/\"]}]}<\/script>\n<!-- \/ Yoast SEO plugin. -->","yoast_head_json":{"title":"Ich freue mich sehr, von dir zu h\u00f6ren! - Emmys Kerzen","description":"Emmys Kerzen Kontaktm\u00f6glichkeiten - handgegossene Sojawachskerzen aus Nieder\u00f6sterreich - achtsam hergstellt","robots":{"index":"index","follow":"follow","max-snippet":"max-snippet:-1","max-image-preview":"max-image-preview:large","max-video-preview":"max-video-preview:-1"},"canonical":"https:\/\/emmyskerzen.com\/en\/kontakt\/","og_locale":"en_GB","og_type":"article","og_title":"Ich freue mich sehr, von dir zu h\u00f6ren! - Emmys Kerzen","og_description":"Emmys Kerzen Kontaktm\u00f6glichkeiten - handgegossene Sojawachskerzen aus Nieder\u00f6sterreich - achtsam hergstellt","og_url":"https:\/\/emmyskerzen.com\/en\/kontakt\/","og_site_name":"Emmys Kerzen","article_publisher":"https:\/\/www.facebook.com\/EmmysKerzen\/","article_modified_time":"2026-04-07T07:18:37+00:00","og_image":[{"width":1024,"height":1536,"url":"https:\/\/emmyskerzen.com\/wp-content\/uploads\/2026\/02\/01FE39CF-F62F-4B86-8E2A-D6CCB890B451.png","type":"image\/png"}],"twitter_card":"summary_large_image","twitter_misc":{"Estimated reading time":"1 minute"},"schema":{"@context":"https:\/\/schema.org","@graph":[{"@type":"WebPage","@id":"https:\/\/emmyskerzen.com\/kontakt\/","url":"https:\/\/emmyskerzen.com\/kontakt\/","name":"Ich freue mich sehr, von dir zu h\u00f6ren! - Emmys Kerzen","isPartOf":{"@id":"https:\/\/emmyskerzen.com\/#website"},"primaryImageOfPage":{"@id":"https:\/\/emmyskerzen.com\/kontakt\/#primaryimage"},"image":{"@id":"https:\/\/emmyskerzen.com\/kontakt\/#primaryimage"},"thumbnailUrl":"https:\/\/emmyskerzen.com\/wp-content\/uploads\/2026\/02\/01FE39CF-F62F-4B86-8E2A-D6CCB890B451.png","datePublished":"2025-10-08T18:59:16+00:00","dateModified":"2026-04-07T07:18:37+00:00","description":"Emmys Kerzen Kontaktm\u00f6glichkeiten - handgegossene Sojawachskerzen aus Nieder\u00f6sterreich - achtsam hergstellt","breadcrumb":{"@id":"https:\/\/emmyskerzen.com\/kontakt\/#breadcrumb"},"inLanguage":"en-GB","potentialAction":[{"@type":"ReadAction","target":["https:\/\/emmyskerzen.com\/kontakt\/"]}]},{"@type":"ImageObject","inLanguage":"en-GB","@id":"https:\/\/emmyskerzen.com\/kontakt\/#primaryimage","url":"https:\/\/emmyskerzen.com\/wp-content\/uploads\/2026\/02\/01FE39CF-F62F-4B86-8E2A-D6CCB890B451.png","contentUrl":"https:\/\/emmyskerzen.com\/wp-content\/uploads\/2026\/02\/01FE39CF-F62F-4B86-8E2A-D6CCB890B451.png"},{"@type":"BreadcrumbList","@id":"https:\/\/emmyskerzen.com\/kontakt\/#breadcrumb","itemListElement":[{"@type":"ListItem","position":1,"name":"Startseite","item":"https:\/\/emmyskerzen.com\/"},{"@type":"ListItem","position":2,"name":"Ich freue mich sehr, von dir zu h\u00f6ren!"}]},{"@type":"WebSite","@id":"https:\/\/emmyskerzen.com\/#website","url":"https:\/\/emmyskerzen.com\/","name":"Emmys Kerzen Onlineshop","description":"personalisierte Kerzen, Dekokerzen, Duftkerzen, Geschenksets, Onlineshop","publisher":{"@id":"https:\/\/emmyskerzen.com\/#organization"},"potentialAction":[{"@type":"SearchAction","target":{"@type":"EntryPoint","urlTemplate":"https:\/\/emmyskerzen.com\/?s={search_term_string}"},"query-input":{"@type":"PropertyValueSpecification","valueRequired":true,"valueName":"search_term_string"}}],"inLanguage":"en-GB"},{"@type":"Organization","@id":"https:\/\/emmyskerzen.com\/#organization","name":"Emmys Kerzen Onlineshop","url":"https:\/\/emmyskerzen.com\/","logo":{"@type":"ImageObject","inLanguage":"en-GB","@id":"https:\/\/emmyskerzen.com\/#\/schema\/logo\/image\/","url":"https:\/\/emmyskerzen.com\/wp-content\/uploads\/2026\/03\/IMG_0392.jpeg","contentUrl":"https:\/\/emmyskerzen.com\/wp-content\/uploads\/2026\/03\/IMG_0392.jpeg","width":964,"height":975,"caption":"Emmys Kerzen Onlineshop"},"image":{"@id":"https:\/\/emmyskerzen.com\/#\/schema\/logo\/image\/"},"sameAs":["https:\/\/www.facebook.com\/EmmysKerzen\/","https:\/\/www.instagram.com\/emmys_kerzen\/","https:\/\/www.tiktok.com\/emmys.kerzen\/"]}]}},"_links":{"self":[{"href":"https:\/\/emmyskerzen.com\/en\/wp-json\/wp\/v2\/pages\/371","targetHints":{"allow":["GET"]}}],"collection":[{"href":"https:\/\/emmyskerzen.com\/en\/wp-json\/wp\/v2\/pages"}],"about":[{"href":"https:\/\/emmyskerzen.com\/en\/wp-json\/wp\/v2\/types\/page"}],"author":[{"embeddable":true,"href":"https:\/\/emmyskerzen.com\/en\/wp-json\/wp\/v2\/users\/1"}],"replies":[{"embeddable":true,"href":"https:\/\/emmyskerzen.com\/en\/wp-json\/wp\/v2\/comments?post=371"}],"version-history":[{"count":14,"href":"https:\/\/emmyskerzen.com\/en\/wp-json\/wp\/v2\/pages\/371\/revisions"}],"predecessor-version":[{"id":2437,"href":"https:\/\/emmyskerzen.com\/en\/wp-json\/wp\/v2\/pages\/371\/revisions\/2437"}],"wp:attachment":[{"href":"https:\/\/emmyskerzen.com\/en\/wp-json\/wp\/v2\/media?parent=371"}],"curies":[{"name":"wp","href":"https:\/\/api.w.org\/{rel}","templated":true}]}}