{"id":322,"date":"2025-10-08T08:28:13","date_gmt":"2025-10-08T06:28:13","guid":{"rendered":"https:\/\/emmyskerzen.com\/?page_id=322"},"modified":"2026-04-07T09:11:50","modified_gmt":"2026-04-07T07:11:50","slug":"about-good-to-know","status":"publish","type":"page","link":"https:\/\/emmyskerzen.com\/en\/about-good-to-know\/","title":{"rendered":"About me"},"content":{"rendered":"<div class=\"wp-block-group alignfull has-background-background-color has-background is-layout-flow wp-container-core-group-is-layout-d93f477b wp-block-group-is-layout-flow\" style=\"margin-top:5px;margin-bottom:5px;padding-top:5px;padding-right:10px;padding-bottom:5px;padding-left:10px\">\n<div class=\"wp-block-columns alignwide has-primary-color has-base-2-background-color has-text-color has-background has-link-color wp-elements-1a6ed2f8f1650d6cb3519641d4f86735 is-layout-flex wp-container-core-columns-is-layout-e60367e5 wp-block-columns-is-layout-flex\" style=\"border-style:none;border-width:0px;border-top-left-radius:24px;border-top-right-radius:24px;border-bottom-left-radius:24px;border-bottom-right-radius:24px;margin-top:0;margin-bottom:0;padding-top:0;padding-right:0;padding-bottom:0;padding-left:0\">\n<div class=\"wp-block-column is-vertically-aligned-stretch is-layout-flow wp-block-column-is-layout-flow\" style=\"flex-basis:50%\">\n<div class=\"wp-block-group has-base-2-background-color has-background is-vertical is-content-justification-stretch is-layout-flex wp-container-core-group-is-layout-444d5ee8 wp-block-group-is-layout-flex\" style=\"min-height:100%\">\n<h2 class=\"wp-block-heading has-text-align-center is-style-asterisk has-contrast-2-color has-background-background-color has-text-color has-background has-link-color has-lora-font-family has-large-font-size wp-elements-4bdb082291b11db945f27d9c29b115b4\" style=\"font-style:normal;font-weight:800\"><strong>Momente die  bleiben &#8211; zum Verschenken oder f\u00fcr dich selbst<\/strong><\/h2>\n\n\n\n<p class=\"has-text-align-center has-contrast-2-color has-background-background-color has-text-color has-background has-link-color has-lora-font-family has-medium-font-size wp-elements-3488c975a4d8a6d659a18ee20f3a4aff\" style=\"font-style:italic;font-weight:400\">Ich bin Alexandra &#8211; Mama und Gr\u00fcnderin von Emmys Kerzen.<br>Ich lebe mit meiner Familie und H\u00fcndin Emmy in Nieder\u00f6sterreich, wo jede meiner Kerzen in liebevoller Handarbeit entsteht.<br><br>Was als Leidenschaft begonnen hat, ist heute meine Art, besondere Momente festzuhalten.<br>Denn meine Kerzen sind mehr als nur Licht &#8211; sie schenken Geborgenheit, erz\u00e4hlen Geschichten und verbinden Menschen. <br><br>Dabei lege ich gro\u00dfen Wert auf hochwertige, nat\u00fcrliche Materialien und kleine Details, die jede Kerze zu etwas Einzigartigem machen.<br><br>Jede Kerze fertige ich pers\u00f6nlich &#8211; mit viel Liebe.<br><br>Sch\u00f6n, dass du da bist.<br><\/p>\n<\/div>\n<\/div>\n\n\n\n<div class=\"wp-block-column is-vertically-aligned-center is-layout-flow wp-block-column-is-layout-flow\" style=\"flex-basis:30%\">\n<div class=\"wp-block-columns is-layout-flex wp-container-core-columns-is-layout-28f84493 wp-block-columns-is-layout-flex\">\n<div class=\"wp-block-column is-layout-flow wp-block-column-is-layout-flow\" style=\"flex-basis:100%\">\n<figure class=\"wp-block-gallery has-nested-images columns-default is-cropped wp-block-gallery-1 is-layout-flex wp-block-gallery-is-layout-flex\">\n<figure class=\"wp-block-image size-full is-resized has-custom-border is-style-default\"><img loading=\"lazy\" decoding=\"async\" width=\"900\" height=\"900\" data-id=\"2204\" src=\"https:\/\/emmyskerzen.com\/wp-content\/uploads\/2026\/03\/IMG_2528-3.jpeg\" alt=\"\" class=\"wp-image-2204\" style=\"border-top-left-radius:0px;border-top-right-radius:0px;border-bottom-left-radius:0px;border-bottom-right-radius:0px;width:256px;height:auto\" srcset=\"https:\/\/emmyskerzen.com\/wp-content\/uploads\/2026\/03\/IMG_2528-3.jpeg 900w, https:\/\/emmyskerzen.com\/wp-content\/uploads\/2026\/03\/IMG_2528-3-300x300.jpeg 300w, https:\/\/emmyskerzen.com\/wp-content\/uploads\/2026\/03\/IMG_2528-3-150x150.jpeg 150w, https:\/\/emmyskerzen.com\/wp-content\/uploads\/2026\/03\/IMG_2528-3-768x768.jpeg 768w, https:\/\/emmyskerzen.com\/wp-content\/uploads\/2026\/03\/IMG_2528-3-12x12.jpeg 12w, https:\/\/emmyskerzen.com\/wp-content\/uploads\/2026\/03\/IMG_2528-3-600x600.jpeg 600w, https:\/\/emmyskerzen.com\/wp-content\/uploads\/2026\/03\/IMG_2528-3-100x100.jpeg 100w\" sizes=\"auto, (max-width: 900px) 100vw, 900px\" \/><\/figure>\n\n\n\n<figure class=\"wp-block-image size-large is-resized has-custom-border is-style-default\"><img loading=\"lazy\" decoding=\"async\" width=\"603\" height=\"1024\" data-id=\"2197\" src=\"https:\/\/emmyskerzen.com\/wp-content\/uploads\/2026\/03\/IMG_3553-603x1024.jpeg\" alt=\"\" class=\"wp-image-2197\" style=\"border-top-left-radius:0px;border-top-right-radius:0px;border-bottom-left-radius:0px;border-bottom-right-radius:0px;width:262px;height:auto\" srcset=\"https:\/\/emmyskerzen.com\/wp-content\/uploads\/2026\/03\/IMG_3553-603x1024.jpeg 603w, https:\/\/emmyskerzen.com\/wp-content\/uploads\/2026\/03\/IMG_3553-177x300.jpeg 177w, https:\/\/emmyskerzen.com\/wp-content\/uploads\/2026\/03\/IMG_3553-7x12.jpeg 7w, https:\/\/emmyskerzen.com\/wp-content\/uploads\/2026\/03\/IMG_3553-600x1019.jpeg 600w, https:\/\/emmyskerzen.com\/wp-content\/uploads\/2026\/03\/IMG_3553.jpeg 691w\" sizes=\"auto, (max-width: 603px) 100vw, 603px\" \/><\/figure>\n<\/figure>\n<\/div>\n<\/div>\n<\/div>\n<\/div>\n<\/div>\n\n\n\n<div class=\"wp-block-buttons has-custom-font-size has-base-2-background-color has-background has-medium-font-size is-vertical is-content-justification-center is-layout-flex wp-container-core-buttons-is-layout-734eb2c2 wp-block-buttons-is-layout-flex\">\n<div class=\"wp-block-button has-custom-width wp-block-button__width-100 is-style-fill\"><a class=\"wp-block-button__link has-base-2-color has-contrast-3-background-color has-text-color has-background has-link-color has-lora-font-family has-small-font-size has-custom-font-size wp-element-button\" href=\"https:\/\/emmyskerzen.com\/en\/handgemachte-kerzen-aus-oesterreich-geschenkidee-emmys-kerzen\/\" style=\"font-style:normal;font-weight:700\">\u2728Infos zu meinen Kerzen<\/a><\/div>\n\n\n\n<div class=\"wp-block-button has-custom-width wp-block-button__width-100 is-style-fill\"><a class=\"wp-block-button__link has-base-2-color has-contrast-3-background-color has-text-color has-background has-link-color has-lora-font-family has-small-font-size has-custom-font-size wp-element-button\" href=\"https:\/\/emmyskerzen.com\/en\/duftsortiment\/\" style=\"font-style:normal;font-weight:700\">\ud83d\udc49D\u00fcfte entdecken<\/a><\/div>\n\n\n\n<div class=\"wp-block-button has-custom-width wp-block-button__width-100 is-style-fill\"><a class=\"wp-block-button__link has-base-2-color has-contrast-3-background-color has-text-color has-background has-link-color has-lora-font-family has-small-font-size has-custom-font-size wp-element-button\" href=\"https:\/\/emmyskerzen.com\/en\/blog\/\" style=\"font-style:normal;font-weight:700\">\ud83d\udc49Kerzen &#8211; Inspiration im Blog<\/a><\/div>\n<\/div>\n\n\n\n<div class=\"wp-block-group alignfull has-base-background-color has-background has-global-padding is-layout-constrained wp-container-core-group-is-layout-d89aad35 wp-block-group-is-layout-constrained\" style=\"margin-top:0;margin-bottom:0;padding-top:var(--wp--preset--spacing--50);padding-right:var(--wp--preset--spacing--50);padding-bottom:var(--wp--preset--spacing--50);padding-left:var(--wp--preset--spacing--50)\">\n<figure class=\"wp-block-gallery aligncenter has-nested-images columns-3 is-cropped wp-block-gallery-2 is-layout-flex wp-block-gallery-is-layout-flex\">\n<figure class=\"wp-block-image size-full is-style-default\"><img loading=\"lazy\" decoding=\"async\" width=\"896\" height=\"996\" data-id=\"2179\" src=\"https:\/\/emmyskerzen.com\/wp-content\/uploads\/2026\/03\/IMG_3551.jpeg\" alt=\"\" class=\"wp-image-2179\" srcset=\"https:\/\/emmyskerzen.com\/wp-content\/uploads\/2026\/03\/IMG_3551.jpeg 896w, https:\/\/emmyskerzen.com\/wp-content\/uploads\/2026\/03\/IMG_3551-270x300.jpeg 270w, https:\/\/emmyskerzen.com\/wp-content\/uploads\/2026\/03\/IMG_3551-768x854.jpeg 768w, https:\/\/emmyskerzen.com\/wp-content\/uploads\/2026\/03\/IMG_3551-11x12.jpeg 11w, https:\/\/emmyskerzen.com\/wp-content\/uploads\/2026\/03\/IMG_3551-600x667.jpeg 600w\" sizes=\"auto, (max-width: 896px) 100vw, 896px\" \/><\/figure>\n\n\n\n<figure class=\"wp-block-image size-full is-style-default\"><img loading=\"lazy\" decoding=\"async\" width=\"628\" height=\"935\" data-id=\"2180\" src=\"https:\/\/emmyskerzen.com\/wp-content\/uploads\/2026\/03\/IMG_3552.jpeg\" alt=\"\" class=\"wp-image-2180\" srcset=\"https:\/\/emmyskerzen.com\/wp-content\/uploads\/2026\/03\/IMG_3552.jpeg 628w, https:\/\/emmyskerzen.com\/wp-content\/uploads\/2026\/03\/IMG_3552-201x300.jpeg 201w, https:\/\/emmyskerzen.com\/wp-content\/uploads\/2026\/03\/IMG_3552-8x12.jpeg 8w, https:\/\/emmyskerzen.com\/wp-content\/uploads\/2026\/03\/IMG_3552-600x893.jpeg 600w\" sizes=\"auto, (max-width: 628px) 100vw, 628px\" \/><\/figure>\n<\/figure>\n<\/div>\n\n\n\n<p><\/p>","protected":false},"excerpt":{"rendered":"<p>Momente die bleiben &#8211; zum Verschenken oder f\u00fcr dich selbst Ich bin Alexandra &#8211; Mama und Gr\u00fcnderin von Emmys Kerzen.Ich lebe mit meiner Familie und H\u00fcndin Emmy in Nieder\u00f6sterreich, wo jede meiner Kerzen in liebevoller Handarbeit entsteht. Was als Leidenschaft begonnen hat, ist heute meine Art, besondere Momente festzuhalten.Denn meine Kerzen sind mehr als nur [&hellip;]<\/p>\n","protected":false},"author":1,"featured_media":0,"parent":0,"menu_order":0,"comment_status":"closed","ping_status":"closed","template":"","meta":{"footnotes":""},"class_list":["post-322","page","type-page","status-publish","hentry"],"yoast_head":"<!-- This site is optimized with the Yoast SEO plugin v27.4 - https:\/\/yoast.com\/product\/yoast-seo-wordpress\/ -->\n<title>About me - Emmys Kerzen<\/title>\n<meta name=\"description\" content=\"Kerzen Onlineshop: individuelle, saisonale, themenbezogene Kerzen - handgegossen aus Sojawachs - Kerzen nach Wunsch - N\u00d6, achtsam hergestellt\" \/>\n<meta name=\"robots\" content=\"index, follow, max-snippet:-1, max-image-preview:large, max-video-preview:-1\" \/>\n<link rel=\"canonical\" href=\"https:\/\/emmyskerzen.com\/en\/about-good-to-know\/\" \/>\n<meta property=\"og:locale\" content=\"en_GB\" \/>\n<meta property=\"og:type\" content=\"article\" \/>\n<meta property=\"og:title\" content=\"About me - Emmys Kerzen\" \/>\n<meta property=\"og:description\" content=\"Kerzen Onlineshop: individuelle, saisonale, themenbezogene Kerzen - handgegossen aus Sojawachs - Kerzen nach Wunsch - N\u00d6, achtsam hergestellt\" \/>\n<meta property=\"og:url\" content=\"https:\/\/emmyskerzen.com\/en\/about-good-to-know\/\" \/>\n<meta property=\"og:site_name\" content=\"Emmys Kerzen\" \/>\n<meta property=\"article:publisher\" content=\"https:\/\/www.facebook.com\/EmmysKerzen\/\" \/>\n<meta property=\"article:modified_time\" content=\"2026-04-07T07:11:50+00:00\" \/>\n<meta property=\"og:image\" content=\"https:\/\/emmyskerzen.com\/wp-content\/uploads\/2026\/03\/IMG_2528-3.jpeg\" \/>\n\t<meta property=\"og:image:width\" content=\"900\" \/>\n\t<meta property=\"og:image:height\" content=\"900\" \/>\n\t<meta property=\"og:image:type\" content=\"image\/jpeg\" \/>\n<meta name=\"twitter:card\" content=\"summary_large_image\" \/>\n<meta name=\"twitter:label1\" content=\"Estimated reading time\" \/>\n\t<meta name=\"twitter:data1\" content=\"2 minutes\" \/>\n<script type=\"application\/ld+json\" class=\"yoast-schema-graph\">{\"@context\":\"https:\\\/\\\/schema.org\",\"@graph\":[{\"@type\":\"WebPage\",\"@id\":\"https:\\\/\\\/emmyskerzen.com\\\/about-good-to-know\\\/\",\"url\":\"https:\\\/\\\/emmyskerzen.com\\\/about-good-to-know\\\/\",\"name\":\"About me - Emmys Kerzen\",\"isPartOf\":{\"@id\":\"https:\\\/\\\/emmyskerzen.com\\\/#website\"},\"primaryImageOfPage\":{\"@id\":\"https:\\\/\\\/emmyskerzen.com\\\/about-good-to-know\\\/#primaryimage\"},\"image\":{\"@id\":\"https:\\\/\\\/emmyskerzen.com\\\/about-good-to-know\\\/#primaryimage\"},\"thumbnailUrl\":\"https:\\\/\\\/emmyskerzen.com\\\/wp-content\\\/uploads\\\/2026\\\/03\\\/IMG_2528-3.jpeg\",\"datePublished\":\"2025-10-08T06:28:13+00:00\",\"dateModified\":\"2026-04-07T07:11:50+00:00\",\"description\":\"Kerzen Onlineshop: individuelle, saisonale, themenbezogene Kerzen - handgegossen aus Sojawachs - Kerzen nach Wunsch - N\u00d6, achtsam hergestellt\",\"breadcrumb\":{\"@id\":\"https:\\\/\\\/emmyskerzen.com\\\/about-good-to-know\\\/#breadcrumb\"},\"inLanguage\":\"en-GB\",\"potentialAction\":[{\"@type\":\"ReadAction\",\"target\":[\"https:\\\/\\\/emmyskerzen.com\\\/about-good-to-know\\\/\"]}]},{\"@type\":\"ImageObject\",\"inLanguage\":\"en-GB\",\"@id\":\"https:\\\/\\\/emmyskerzen.com\\\/about-good-to-know\\\/#primaryimage\",\"url\":\"https:\\\/\\\/emmyskerzen.com\\\/wp-content\\\/uploads\\\/2026\\\/03\\\/IMG_2528-3.jpeg\",\"contentUrl\":\"https:\\\/\\\/emmyskerzen.com\\\/wp-content\\\/uploads\\\/2026\\\/03\\\/IMG_2528-3.jpeg\"},{\"@type\":\"BreadcrumbList\",\"@id\":\"https:\\\/\\\/emmyskerzen.com\\\/about-good-to-know\\\/#breadcrumb\",\"itemListElement\":[{\"@type\":\"ListItem\",\"position\":1,\"name\":\"Startseite\",\"item\":\"https:\\\/\\\/emmyskerzen.com\\\/\"},{\"@type\":\"ListItem\",\"position\":2,\"name\":\"About me\"}]},{\"@type\":\"WebSite\",\"@id\":\"https:\\\/\\\/emmyskerzen.com\\\/#website\",\"url\":\"https:\\\/\\\/emmyskerzen.com\\\/\",\"name\":\"Emmys Kerzen Onlineshop\",\"description\":\"personalisierte Kerzen, Dekokerzen, Duftkerzen, Geschenksets, Onlineshop\",\"publisher\":{\"@id\":\"https:\\\/\\\/emmyskerzen.com\\\/#organization\"},\"potentialAction\":[{\"@type\":\"SearchAction\",\"target\":{\"@type\":\"EntryPoint\",\"urlTemplate\":\"https:\\\/\\\/emmyskerzen.com\\\/?s={search_term_string}\"},\"query-input\":{\"@type\":\"PropertyValueSpecification\",\"valueRequired\":true,\"valueName\":\"search_term_string\"}}],\"inLanguage\":\"en-GB\"},{\"@type\":\"Organization\",\"@id\":\"https:\\\/\\\/emmyskerzen.com\\\/#organization\",\"name\":\"Emmys Kerzen Onlineshop\",\"url\":\"https:\\\/\\\/emmyskerzen.com\\\/\",\"logo\":{\"@type\":\"ImageObject\",\"inLanguage\":\"en-GB\",\"@id\":\"https:\\\/\\\/emmyskerzen.com\\\/#\\\/schema\\\/logo\\\/image\\\/\",\"url\":\"https:\\\/\\\/emmyskerzen.com\\\/wp-content\\\/uploads\\\/2026\\\/03\\\/IMG_0392.jpeg\",\"contentUrl\":\"https:\\\/\\\/emmyskerzen.com\\\/wp-content\\\/uploads\\\/2026\\\/03\\\/IMG_0392.jpeg\",\"width\":964,\"height\":975,\"caption\":\"Emmys Kerzen Onlineshop\"},\"image\":{\"@id\":\"https:\\\/\\\/emmyskerzen.com\\\/#\\\/schema\\\/logo\\\/image\\\/\"},\"sameAs\":[\"https:\\\/\\\/www.facebook.com\\\/EmmysKerzen\\\/\",\"https:\\\/\\\/www.instagram.com\\\/emmys_kerzen\\\/\",\"https:\\\/\\\/www.tiktok.com\\\/emmys.kerzen\\\/\"]}]}<\/script>\n<!-- \/ Yoast SEO plugin. -->","yoast_head_json":{"title":"About me - Emmys Kerzen","description":"Kerzen Onlineshop: individuelle, saisonale, themenbezogene Kerzen - handgegossen aus Sojawachs - Kerzen nach Wunsch - N\u00d6, achtsam hergestellt","robots":{"index":"index","follow":"follow","max-snippet":"max-snippet:-1","max-image-preview":"max-image-preview:large","max-video-preview":"max-video-preview:-1"},"canonical":"https:\/\/emmyskerzen.com\/en\/about-good-to-know\/","og_locale":"en_GB","og_type":"article","og_title":"About me - Emmys Kerzen","og_description":"Kerzen Onlineshop: individuelle, saisonale, themenbezogene Kerzen - handgegossen aus Sojawachs - Kerzen nach Wunsch - N\u00d6, achtsam hergestellt","og_url":"https:\/\/emmyskerzen.com\/en\/about-good-to-know\/","og_site_name":"Emmys Kerzen","article_publisher":"https:\/\/www.facebook.com\/EmmysKerzen\/","article_modified_time":"2026-04-07T07:11:50+00:00","og_image":[{"width":900,"height":900,"url":"https:\/\/emmyskerzen.com\/wp-content\/uploads\/2026\/03\/IMG_2528-3.jpeg","type":"image\/jpeg"}],"twitter_card":"summary_large_image","twitter_misc":{"Estimated reading time":"2 minutes"},"schema":{"@context":"https:\/\/schema.org","@graph":[{"@type":"WebPage","@id":"https:\/\/emmyskerzen.com\/about-good-to-know\/","url":"https:\/\/emmyskerzen.com\/about-good-to-know\/","name":"About me - Emmys Kerzen","isPartOf":{"@id":"https:\/\/emmyskerzen.com\/#website"},"primaryImageOfPage":{"@id":"https:\/\/emmyskerzen.com\/about-good-to-know\/#primaryimage"},"image":{"@id":"https:\/\/emmyskerzen.com\/about-good-to-know\/#primaryimage"},"thumbnailUrl":"https:\/\/emmyskerzen.com\/wp-content\/uploads\/2026\/03\/IMG_2528-3.jpeg","datePublished":"2025-10-08T06:28:13+00:00","dateModified":"2026-04-07T07:11:50+00:00","description":"Kerzen Onlineshop: individuelle, saisonale, themenbezogene Kerzen - handgegossen aus Sojawachs - Kerzen nach Wunsch - N\u00d6, achtsam hergestellt","breadcrumb":{"@id":"https:\/\/emmyskerzen.com\/about-good-to-know\/#breadcrumb"},"inLanguage":"en-GB","potentialAction":[{"@type":"ReadAction","target":["https:\/\/emmyskerzen.com\/about-good-to-know\/"]}]},{"@type":"ImageObject","inLanguage":"en-GB","@id":"https:\/\/emmyskerzen.com\/about-good-to-know\/#primaryimage","url":"https:\/\/emmyskerzen.com\/wp-content\/uploads\/2026\/03\/IMG_2528-3.jpeg","contentUrl":"https:\/\/emmyskerzen.com\/wp-content\/uploads\/2026\/03\/IMG_2528-3.jpeg"},{"@type":"BreadcrumbList","@id":"https:\/\/emmyskerzen.com\/about-good-to-know\/#breadcrumb","itemListElement":[{"@type":"ListItem","position":1,"name":"Startseite","item":"https:\/\/emmyskerzen.com\/"},{"@type":"ListItem","position":2,"name":"About me"}]},{"@type":"WebSite","@id":"https:\/\/emmyskerzen.com\/#website","url":"https:\/\/emmyskerzen.com\/","name":"Emmys Kerzen Onlineshop","description":"personalisierte Kerzen, Dekokerzen, Duftkerzen, Geschenksets, Onlineshop","publisher":{"@id":"https:\/\/emmyskerzen.com\/#organization"},"potentialAction":[{"@type":"SearchAction","target":{"@type":"EntryPoint","urlTemplate":"https:\/\/emmyskerzen.com\/?s={search_term_string}"},"query-input":{"@type":"PropertyValueSpecification","valueRequired":true,"valueName":"search_term_string"}}],"inLanguage":"en-GB"},{"@type":"Organization","@id":"https:\/\/emmyskerzen.com\/#organization","name":"Emmys Kerzen Onlineshop","url":"https:\/\/emmyskerzen.com\/","logo":{"@type":"ImageObject","inLanguage":"en-GB","@id":"https:\/\/emmyskerzen.com\/#\/schema\/logo\/image\/","url":"https:\/\/emmyskerzen.com\/wp-content\/uploads\/2026\/03\/IMG_0392.jpeg","contentUrl":"https:\/\/emmyskerzen.com\/wp-content\/uploads\/2026\/03\/IMG_0392.jpeg","width":964,"height":975,"caption":"Emmys Kerzen Onlineshop"},"image":{"@id":"https:\/\/emmyskerzen.com\/#\/schema\/logo\/image\/"},"sameAs":["https:\/\/www.facebook.com\/EmmysKerzen\/","https:\/\/www.instagram.com\/emmys_kerzen\/","https:\/\/www.tiktok.com\/emmys.kerzen\/"]}]}},"_links":{"self":[{"href":"https:\/\/emmyskerzen.com\/en\/wp-json\/wp\/v2\/pages\/322","targetHints":{"allow":["GET"]}}],"collection":[{"href":"https:\/\/emmyskerzen.com\/en\/wp-json\/wp\/v2\/pages"}],"about":[{"href":"https:\/\/emmyskerzen.com\/en\/wp-json\/wp\/v2\/types\/page"}],"author":[{"embeddable":true,"href":"https:\/\/emmyskerzen.com\/en\/wp-json\/wp\/v2\/users\/1"}],"replies":[{"embeddable":true,"href":"https:\/\/emmyskerzen.com\/en\/wp-json\/wp\/v2\/comments?post=322"}],"version-history":[{"count":64,"href":"https:\/\/emmyskerzen.com\/en\/wp-json\/wp\/v2\/pages\/322\/revisions"}],"predecessor-version":[{"id":2432,"href":"https:\/\/emmyskerzen.com\/en\/wp-json\/wp\/v2\/pages\/322\/revisions\/2432"}],"wp:attachment":[{"href":"https:\/\/emmyskerzen.com\/en\/wp-json\/wp\/v2\/media?parent=322"}],"curies":[{"name":"wp","href":"https:\/\/api.w.org\/{rel}","templated":true}]}}