{"id":1369,"date":"2026-01-18T09:37:06","date_gmt":"2026-01-18T08:37:06","guid":{"rendered":"https:\/\/emmyskerzen.com\/?page_id=1369"},"modified":"2026-04-07T09:32:59","modified_gmt":"2026-04-07T07:32:59","slug":"personalisierte-kerzen","status":"publish","type":"page","link":"https:\/\/emmyskerzen.com\/en\/personalisierte-kerzen\/","title":{"rendered":"Personalized Candles"},"content":{"rendered":"<h2 class=\"wp-block-heading has-text-align-center has-contrast-2-color has-text-color has-link-color has-body-font-family has-large-font-size wp-elements-99f308f803670656a5b457e087e06ab4\" style=\"font-style:normal;font-weight:700\">Ein pers\u00f6nlicher Moment \u2013 festgehalten in einer Kerze!<\/h2>\n\n\n\n<p class=\"has-text-align-center has-contrast-2-color has-text-color has-link-color has-lora-font-family has-medium-font-size wp-elements-1a297e765805df7e020b31f3c80b1ca2\" style=\"font-style:italic;font-weight:700\">\u2728Ob als Geschenk, Erinnerung oder Herzensbotschaft &#8211; ich mache deine Kerze zu etwas ganz Besonderem.\u2728<\/p>\n\n\n\n<p class=\"has-text-align-center has-contrast-2-color has-text-color has-link-color has-lora-font-family has-medium-font-size wp-elements-e8d9aa6ed55d30a0528e7092932d904a\" style=\"font-style:normal;font-weight:400\">\u2705 So entsteht deine pers\u00f6nliche Kerze:<br>1. Du schreibst mir deine Idee<br>2. Wir besprechen Design &amp; Details<br>3. Ich fertige deine Kerze liebevoll an <br>4. Du bekommst dein Unikat nach Hause<\/p>\n\n\n\n<div class=\"wp-block-buttons is-content-justification-center is-layout-flex wp-container-core-buttons-is-layout-a89b3969 wp-block-buttons-is-layout-flex\">\n<div class=\"wp-block-button\"><a class=\"wp-block-button__link has-base-2-color has-contrast-3-background-color has-text-color has-background has-link-color has-lora-font-family has-medium-font-size has-text-align-center has-custom-font-size wp-element-button\" href=\"mailto:Shop@emmyskerzen.com\" style=\"border-top-left-radius:42px;border-top-right-radius:42px;border-bottom-left-radius:42px;border-bottom-right-radius:42px;font-style:normal;font-weight:700\">\u2728 Kerze personalisieren<\/a><\/div>\n<\/div>\n\n\n\n<p class=\"has-text-align-center has-contrast-2-color has-text-color has-link-color has-body-font-family has-large-font-size wp-elements-13bae146782f1198096875050442e9d3\" style=\"font-style:normal;font-weight:700\"><br><strong>Deine Kerze \u2013 so individuell wie der Moment<\/strong><\/p>\n\n\n\n<p class=\"has-text-align-center has-contrast-2-color has-text-color has-link-color has-lora-font-family has-medium-font-size wp-elements-1d84a6dbc4e1895ab1fa4cfb19e03de0\" style=\"font-style:normal;font-weight:600\"><strong><em>Sag mehr als Worte<\/em><\/strong><br>\ud83c\udf81 Perfekt als Geschenk f\u00fcr:<br>&#8211; Geburtstage<br>&#8211; Hochzeiten &amp; Verlobungen<br>&#8211; besondere Anl\u00e4sse (Taufe, Geburt, Jubil\u00e4um) <br>&#8211; kleine \u00dcberraschungen mit Bedeutung<br>&#8211; oder einfach f\u00fcr dich selbst<\/p>\n\n\n\n<p class=\"has-text-align-center has-contrast-2-color has-text-color has-link-color has-body-font-family has-medium-font-size wp-elements-28e9e5b0a55eece7badc67916dfd3790\" style=\"font-style:normal;font-weight:700\"><strong>Jede Kerze wird von mir von Hand gefertigt und ist ein echtes Unikat!<\/strong><\/p>\n\n\n\n<div class=\"wp-block-buttons has-base-background-color has-background is-content-justification-center is-layout-flex wp-container-core-buttons-is-layout-a89b3969 wp-block-buttons-is-layout-flex\">\n<div class=\"wp-block-button is-style-fill\"><a class=\"wp-block-button__link has-base-2-color has-contrast-3-background-color has-text-color has-background has-link-color has-lora-font-family has-medium-font-size has-text-align-right has-custom-font-size wp-element-button\" href=\"https:\/\/emmyskerzen.com\/en\/duftsortiment\/\" style=\"border-style:none;border-width:0px;border-top-left-radius:48px;border-top-right-radius:48px;border-bottom-left-radius:48px;border-bottom-right-radius:48px;font-style:normal;font-weight:700\">\u2728 W\u00e4hle deinen Duft<\/a><\/div>\n<\/div>\n\n\n\n<div style=\"height:69px\" aria-hidden=\"true\" class=\"wp-block-spacer\"><\/div>\n\n\n\n<p class=\"has-text-align-center has-contrast-2-color has-base-background-color has-text-color has-background has-link-color has-body-font-family has-medium-font-size wp-elements-2e7bc00eccaa487363dffb0d442d64dc\" style=\"font-style:italic;font-weight:700\">\ud83e\udd0d <em><strong>Ein paar Herzensw\u00fcnsche, die ich bereits umsetzen durfte:<\/strong><\/em><\/p>\n\n\n\n<figure class=\"wp-block-gallery has-nested-images columns-default is-cropped has-base-background-color has-background wp-block-gallery-13 is-layout-flex wp-block-gallery-is-layout-flex\">\n<figure class=\"wp-block-image size-large is-style-rounded is-style-rounded--1\"><img loading=\"lazy\" decoding=\"async\" width=\"683\" height=\"1024\" data-id=\"2156\" src=\"https:\/\/emmyskerzen.com\/wp-content\/uploads\/2026\/03\/48DC40F3-BD98-4535-88D3-66967C213D2C-683x1024.png\" alt=\"\" class=\"wp-image-2156\" srcset=\"https:\/\/emmyskerzen.com\/wp-content\/uploads\/2026\/03\/48DC40F3-BD98-4535-88D3-66967C213D2C-683x1024.png 683w, https:\/\/emmyskerzen.com\/wp-content\/uploads\/2026\/03\/48DC40F3-BD98-4535-88D3-66967C213D2C-200x300.png 200w, https:\/\/emmyskerzen.com\/wp-content\/uploads\/2026\/03\/48DC40F3-BD98-4535-88D3-66967C213D2C-768x1152.png 768w, https:\/\/emmyskerzen.com\/wp-content\/uploads\/2026\/03\/48DC40F3-BD98-4535-88D3-66967C213D2C-8x12.png 8w, https:\/\/emmyskerzen.com\/wp-content\/uploads\/2026\/03\/48DC40F3-BD98-4535-88D3-66967C213D2C-600x900.png 600w, https:\/\/emmyskerzen.com\/wp-content\/uploads\/2026\/03\/48DC40F3-BD98-4535-88D3-66967C213D2C.png 1024w\" sizes=\"auto, (max-width: 683px) 100vw, 683px\" \/><\/figure>\n\n\n\n<figure class=\"wp-block-image size-large is-style-rounded is-style-rounded--2\"><img loading=\"lazy\" decoding=\"async\" width=\"683\" height=\"1024\" data-id=\"2158\" src=\"https:\/\/emmyskerzen.com\/wp-content\/uploads\/2026\/03\/D42F69D6-C010-45D1-A264-E290532AC966-683x1024.png\" alt=\"\" class=\"wp-image-2158\" srcset=\"https:\/\/emmyskerzen.com\/wp-content\/uploads\/2026\/03\/D42F69D6-C010-45D1-A264-E290532AC966-683x1024.png 683w, https:\/\/emmyskerzen.com\/wp-content\/uploads\/2026\/03\/D42F69D6-C010-45D1-A264-E290532AC966-200x300.png 200w, https:\/\/emmyskerzen.com\/wp-content\/uploads\/2026\/03\/D42F69D6-C010-45D1-A264-E290532AC966-768x1152.png 768w, https:\/\/emmyskerzen.com\/wp-content\/uploads\/2026\/03\/D42F69D6-C010-45D1-A264-E290532AC966-8x12.png 8w, https:\/\/emmyskerzen.com\/wp-content\/uploads\/2026\/03\/D42F69D6-C010-45D1-A264-E290532AC966-600x900.png 600w, https:\/\/emmyskerzen.com\/wp-content\/uploads\/2026\/03\/D42F69D6-C010-45D1-A264-E290532AC966.png 1024w\" sizes=\"auto, (max-width: 683px) 100vw, 683px\" \/><\/figure>\n\n\n\n<figure class=\"wp-block-image size-large is-style-rounded is-style-rounded--3\"><img loading=\"lazy\" decoding=\"async\" width=\"683\" height=\"1024\" data-id=\"2159\" src=\"https:\/\/emmyskerzen.com\/wp-content\/uploads\/2026\/03\/440B3706-5167-4B96-B37C-A08BE177837F-683x1024.png\" alt=\"\" class=\"wp-image-2159\" srcset=\"https:\/\/emmyskerzen.com\/wp-content\/uploads\/2026\/03\/440B3706-5167-4B96-B37C-A08BE177837F-683x1024.png 683w, https:\/\/emmyskerzen.com\/wp-content\/uploads\/2026\/03\/440B3706-5167-4B96-B37C-A08BE177837F-200x300.png 200w, https:\/\/emmyskerzen.com\/wp-content\/uploads\/2026\/03\/440B3706-5167-4B96-B37C-A08BE177837F-768x1152.png 768w, https:\/\/emmyskerzen.com\/wp-content\/uploads\/2026\/03\/440B3706-5167-4B96-B37C-A08BE177837F-8x12.png 8w, https:\/\/emmyskerzen.com\/wp-content\/uploads\/2026\/03\/440B3706-5167-4B96-B37C-A08BE177837F-600x900.png 600w, https:\/\/emmyskerzen.com\/wp-content\/uploads\/2026\/03\/440B3706-5167-4B96-B37C-A08BE177837F.png 1024w\" sizes=\"auto, (max-width: 683px) 100vw, 683px\" \/><\/figure>\n\n\n\n<figure class=\"wp-block-image size-large is-style-rounded is-style-rounded--4\"><img loading=\"lazy\" decoding=\"async\" width=\"683\" height=\"1024\" data-id=\"2160\" src=\"https:\/\/emmyskerzen.com\/wp-content\/uploads\/2026\/03\/971E95B6-8A4B-49C1-92BC-675D3B8F9459-683x1024.png\" alt=\"\" class=\"wp-image-2160\" srcset=\"https:\/\/emmyskerzen.com\/wp-content\/uploads\/2026\/03\/971E95B6-8A4B-49C1-92BC-675D3B8F9459-683x1024.png 683w, https:\/\/emmyskerzen.com\/wp-content\/uploads\/2026\/03\/971E95B6-8A4B-49C1-92BC-675D3B8F9459-200x300.png 200w, https:\/\/emmyskerzen.com\/wp-content\/uploads\/2026\/03\/971E95B6-8A4B-49C1-92BC-675D3B8F9459-768x1152.png 768w, https:\/\/emmyskerzen.com\/wp-content\/uploads\/2026\/03\/971E95B6-8A4B-49C1-92BC-675D3B8F9459-8x12.png 8w, https:\/\/emmyskerzen.com\/wp-content\/uploads\/2026\/03\/971E95B6-8A4B-49C1-92BC-675D3B8F9459-600x900.png 600w, https:\/\/emmyskerzen.com\/wp-content\/uploads\/2026\/03\/971E95B6-8A4B-49C1-92BC-675D3B8F9459.png 1024w\" sizes=\"auto, (max-width: 683px) 100vw, 683px\" \/><\/figure>\n\n\n\n<figure class=\"wp-block-image size-full is-style-rounded is-style-rounded--5\"><img loading=\"lazy\" decoding=\"async\" width=\"880\" height=\"941\" data-id=\"2182\" src=\"https:\/\/emmyskerzen.com\/wp-content\/uploads\/2026\/03\/IMG_3543.jpeg\" alt=\"\" class=\"wp-image-2182\" srcset=\"https:\/\/emmyskerzen.com\/wp-content\/uploads\/2026\/03\/IMG_3543.jpeg 880w, https:\/\/emmyskerzen.com\/wp-content\/uploads\/2026\/03\/IMG_3543-281x300.jpeg 281w, https:\/\/emmyskerzen.com\/wp-content\/uploads\/2026\/03\/IMG_3543-768x821.jpeg 768w, https:\/\/emmyskerzen.com\/wp-content\/uploads\/2026\/03\/IMG_3543-11x12.jpeg 11w, https:\/\/emmyskerzen.com\/wp-content\/uploads\/2026\/03\/IMG_3543-600x642.jpeg 600w\" sizes=\"auto, (max-width: 880px) 100vw, 880px\" \/><\/figure>\n\n\n\n<figure class=\"wp-block-image size-full is-style-rounded is-style-rounded--6\"><img loading=\"lazy\" decoding=\"async\" width=\"896\" height=\"838\" data-id=\"2183\" src=\"https:\/\/emmyskerzen.com\/wp-content\/uploads\/2026\/03\/IMG_3544.jpeg\" alt=\"\" class=\"wp-image-2183\" srcset=\"https:\/\/emmyskerzen.com\/wp-content\/uploads\/2026\/03\/IMG_3544.jpeg 896w, https:\/\/emmyskerzen.com\/wp-content\/uploads\/2026\/03\/IMG_3544-300x281.jpeg 300w, https:\/\/emmyskerzen.com\/wp-content\/uploads\/2026\/03\/IMG_3544-768x718.jpeg 768w, https:\/\/emmyskerzen.com\/wp-content\/uploads\/2026\/03\/IMG_3544-13x12.jpeg 13w, https:\/\/emmyskerzen.com\/wp-content\/uploads\/2026\/03\/IMG_3544-600x561.jpeg 600w\" sizes=\"auto, (max-width: 896px) 100vw, 896px\" \/><\/figure>\n\n\n\n<figure class=\"wp-block-image size-large is-style-rounded is-style-rounded--7\"><img loading=\"lazy\" decoding=\"async\" width=\"893\" height=\"1024\" data-id=\"2184\" src=\"https:\/\/emmyskerzen.com\/wp-content\/uploads\/2026\/03\/IMG_3545-893x1024.jpeg\" alt=\"\" class=\"wp-image-2184\" srcset=\"https:\/\/emmyskerzen.com\/wp-content\/uploads\/2026\/03\/IMG_3545-893x1024.jpeg 893w, https:\/\/emmyskerzen.com\/wp-content\/uploads\/2026\/03\/IMG_3545-262x300.jpeg 262w, https:\/\/emmyskerzen.com\/wp-content\/uploads\/2026\/03\/IMG_3545-768x880.jpeg 768w, https:\/\/emmyskerzen.com\/wp-content\/uploads\/2026\/03\/IMG_3545-10x12.jpeg 10w, https:\/\/emmyskerzen.com\/wp-content\/uploads\/2026\/03\/IMG_3545-600x688.jpeg 600w, https:\/\/emmyskerzen.com\/wp-content\/uploads\/2026\/03\/IMG_3545.jpeg 896w\" sizes=\"auto, (max-width: 893px) 100vw, 893px\" \/><\/figure>\n\n\n\n<figure class=\"wp-block-image size-full is-style-rounded is-style-rounded--8\"><img loading=\"lazy\" decoding=\"async\" width=\"896\" height=\"915\" data-id=\"2186\" src=\"https:\/\/emmyskerzen.com\/wp-content\/uploads\/2026\/03\/IMG_3546.jpeg\" alt=\"\" class=\"wp-image-2186\" srcset=\"https:\/\/emmyskerzen.com\/wp-content\/uploads\/2026\/03\/IMG_3546.jpeg 896w, https:\/\/emmyskerzen.com\/wp-content\/uploads\/2026\/03\/IMG_3546-294x300.jpeg 294w, https:\/\/emmyskerzen.com\/wp-content\/uploads\/2026\/03\/IMG_3546-768x784.jpeg 768w, https:\/\/emmyskerzen.com\/wp-content\/uploads\/2026\/03\/IMG_3546-12x12.jpeg 12w, https:\/\/emmyskerzen.com\/wp-content\/uploads\/2026\/03\/IMG_3546-600x613.jpeg 600w\" sizes=\"auto, (max-width: 896px) 100vw, 896px\" \/><\/figure>\n\n\n\n<figure class=\"wp-block-image size-full is-style-rounded is-style-rounded--9\"><img loading=\"lazy\" decoding=\"async\" width=\"1056\" height=\"1408\" data-id=\"2257\" src=\"https:\/\/emmyskerzen.com\/wp-content\/uploads\/2026\/03\/F58308F8-03A8-4735-B722-FAAAFE8E1136.png\" alt=\"\" class=\"wp-image-2257\" srcset=\"https:\/\/emmyskerzen.com\/wp-content\/uploads\/2026\/03\/F58308F8-03A8-4735-B722-FAAAFE8E1136.png 1056w, https:\/\/emmyskerzen.com\/wp-content\/uploads\/2026\/03\/F58308F8-03A8-4735-B722-FAAAFE8E1136-225x300.png 225w, https:\/\/emmyskerzen.com\/wp-content\/uploads\/2026\/03\/F58308F8-03A8-4735-B722-FAAAFE8E1136-768x1024.png 768w, https:\/\/emmyskerzen.com\/wp-content\/uploads\/2026\/03\/F58308F8-03A8-4735-B722-FAAAFE8E1136-9x12.png 9w, https:\/\/emmyskerzen.com\/wp-content\/uploads\/2026\/03\/F58308F8-03A8-4735-B722-FAAAFE8E1136-600x800.png 600w\" sizes=\"auto, (max-width: 1056px) 100vw, 1056px\" \/><\/figure>\n\n\n\n<figure class=\"wp-block-image size-full is-style-rounded is-style-rounded--10\"><img loading=\"lazy\" decoding=\"async\" width=\"675\" height=\"926\" data-id=\"2188\" src=\"https:\/\/emmyskerzen.com\/wp-content\/uploads\/2026\/03\/IMG_3548.jpeg\" alt=\"\" class=\"wp-image-2188\" srcset=\"https:\/\/emmyskerzen.com\/wp-content\/uploads\/2026\/03\/IMG_3548.jpeg 675w, https:\/\/emmyskerzen.com\/wp-content\/uploads\/2026\/03\/IMG_3548-219x300.jpeg 219w, https:\/\/emmyskerzen.com\/wp-content\/uploads\/2026\/03\/IMG_3548-9x12.jpeg 9w, https:\/\/emmyskerzen.com\/wp-content\/uploads\/2026\/03\/IMG_3548-600x823.jpeg 600w\" sizes=\"auto, (max-width: 675px) 100vw, 675px\" \/><\/figure>\n\n\n\n<figure class=\"wp-block-image size-full is-style-rounded is-style-rounded--11\"><img loading=\"lazy\" decoding=\"async\" width=\"848\" height=\"1009\" data-id=\"2189\" src=\"https:\/\/emmyskerzen.com\/wp-content\/uploads\/2026\/03\/IMG_3549.jpeg\" alt=\"\" class=\"wp-image-2189\" srcset=\"https:\/\/emmyskerzen.com\/wp-content\/uploads\/2026\/03\/IMG_3549.jpeg 848w, https:\/\/emmyskerzen.com\/wp-content\/uploads\/2026\/03\/IMG_3549-252x300.jpeg 252w, https:\/\/emmyskerzen.com\/wp-content\/uploads\/2026\/03\/IMG_3549-768x914.jpeg 768w, https:\/\/emmyskerzen.com\/wp-content\/uploads\/2026\/03\/IMG_3549-10x12.jpeg 10w, https:\/\/emmyskerzen.com\/wp-content\/uploads\/2026\/03\/IMG_3549-600x714.jpeg 600w\" sizes=\"auto, (max-width: 848px) 100vw, 848px\" \/><\/figure>\n\n\n\n<figure class=\"wp-block-image size-large is-style-rounded is-style-rounded--12\"><img loading=\"lazy\" decoding=\"async\" width=\"1024\" height=\"768\" data-id=\"2173\" src=\"https:\/\/emmyskerzen.com\/wp-content\/uploads\/2026\/03\/IMG_3550-1024x768.png\" alt=\"\" class=\"wp-image-2173\" srcset=\"https:\/\/emmyskerzen.com\/wp-content\/uploads\/2026\/03\/IMG_3550-1024x768.png 1024w, https:\/\/emmyskerzen.com\/wp-content\/uploads\/2026\/03\/IMG_3550-300x225.png 300w, https:\/\/emmyskerzen.com\/wp-content\/uploads\/2026\/03\/IMG_3550-768x576.png 768w, https:\/\/emmyskerzen.com\/wp-content\/uploads\/2026\/03\/IMG_3550-16x12.png 16w, https:\/\/emmyskerzen.com\/wp-content\/uploads\/2026\/03\/IMG_3550-600x450.png 600w, https:\/\/emmyskerzen.com\/wp-content\/uploads\/2026\/03\/IMG_3550.png 1195w\" sizes=\"auto, (max-width: 1024px) 100vw, 1024px\" \/><\/figure>\n<\/figure>\n\n\n\n<p class=\"has-text-align-center has-lora-font-family has-medium-font-size\" style=\"font-style:italic;font-weight:700\"><strong>Vielleicht ist deine Wunschkerze die n\u00e4chste, die hier ihren Platz findet!<\/strong><\/p>","protected":false},"excerpt":{"rendered":"<p>Ein pers\u00f6nlicher Moment \u2013 festgehalten in einer Kerze! \u2728Ob als Geschenk, Erinnerung oder Herzensbotschaft &#8211; ich mache deine Kerze zu etwas ganz Besonderem.\u2728 \u2705 So entsteht deine pers\u00f6nliche Kerze:1. Du schreibst mir deine Idee2. Wir besprechen Design &amp; Details3. Ich fertige deine Kerze liebevoll an 4. Du bekommst dein Unikat nach Hause Deine Kerze \u2013 [&hellip;]<\/p>\n","protected":false},"author":1,"featured_media":0,"parent":0,"menu_order":0,"comment_status":"closed","ping_status":"closed","template":"","meta":{"footnotes":""},"class_list":["post-1369","page","type-page","status-publish","hentry"],"yoast_head":"<!-- This site is optimized with the Yoast SEO plugin v27.4 - https:\/\/yoast.com\/product\/yoast-seo-wordpress\/ -->\n<title>Personalisierte Kerzen - Emmys Kerzen<\/title>\n<meta name=\"description\" content=\"Personalisierte Kerzen aus Sojawachs. Ich gestalte deine Kerze nach Wunsch \u2013 perfekt als pers\u00f6nliches Geschenk f\u00fcr besondere Anl\u00e4sse.\" \/>\n<meta name=\"robots\" content=\"index, follow, max-snippet:-1, max-image-preview:large, max-video-preview:-1\" \/>\n<link rel=\"canonical\" href=\"https:\/\/emmyskerzen.com\/en\/personalisierte-kerzen\/\" \/>\n<meta property=\"og:locale\" content=\"en_GB\" \/>\n<meta property=\"og:type\" content=\"article\" \/>\n<meta property=\"og:title\" content=\"Personalisierte Kerzen - Emmys Kerzen\" \/>\n<meta property=\"og:description\" content=\"Personalisierte Kerzen aus Sojawachs. Ich gestalte deine Kerze nach Wunsch \u2013 perfekt als pers\u00f6nliches Geschenk f\u00fcr besondere Anl\u00e4sse.\" \/>\n<meta property=\"og:url\" content=\"https:\/\/emmyskerzen.com\/en\/personalisierte-kerzen\/\" \/>\n<meta property=\"og:site_name\" content=\"Emmys Kerzen\" \/>\n<meta property=\"article:publisher\" content=\"https:\/\/www.facebook.com\/EmmysKerzen\/\" \/>\n<meta property=\"article:modified_time\" content=\"2026-04-07T07:32:59+00:00\" \/>\n<meta property=\"og:image\" content=\"https:\/\/emmyskerzen.com\/wp-content\/uploads\/2026\/03\/48DC40F3-BD98-4535-88D3-66967C213D2C-683x1024.png\" \/>\n\t<meta property=\"og:image:width\" content=\"683\" \/>\n\t<meta property=\"og:image:height\" content=\"1024\" \/>\n\t<meta property=\"og:image:type\" content=\"image\/png\" \/>\n<meta name=\"twitter:card\" content=\"summary_large_image\" \/>\n<meta name=\"twitter:label1\" content=\"Estimated reading time\" \/>\n\t<meta name=\"twitter:data1\" content=\"4 minutes\" \/>\n<script type=\"application\/ld+json\" class=\"yoast-schema-graph\">{\"@context\":\"https:\\\/\\\/schema.org\",\"@graph\":[{\"@type\":\"WebPage\",\"@id\":\"https:\\\/\\\/emmyskerzen.com\\\/personalisierte-kerzen\\\/\",\"url\":\"https:\\\/\\\/emmyskerzen.com\\\/personalisierte-kerzen\\\/\",\"name\":\"Personalisierte Kerzen - Emmys Kerzen\",\"isPartOf\":{\"@id\":\"https:\\\/\\\/emmyskerzen.com\\\/#website\"},\"primaryImageOfPage\":{\"@id\":\"https:\\\/\\\/emmyskerzen.com\\\/personalisierte-kerzen\\\/#primaryimage\"},\"image\":{\"@id\":\"https:\\\/\\\/emmyskerzen.com\\\/personalisierte-kerzen\\\/#primaryimage\"},\"thumbnailUrl\":\"https:\\\/\\\/emmyskerzen.com\\\/wp-content\\\/uploads\\\/2026\\\/03\\\/48DC40F3-BD98-4535-88D3-66967C213D2C-683x1024.png\",\"datePublished\":\"2026-01-18T08:37:06+00:00\",\"dateModified\":\"2026-04-07T07:32:59+00:00\",\"description\":\"Personalisierte Kerzen aus Sojawachs. Ich gestalte deine Kerze nach Wunsch \u2013 perfekt als pers\u00f6nliches Geschenk f\u00fcr besondere Anl\u00e4sse.\",\"breadcrumb\":{\"@id\":\"https:\\\/\\\/emmyskerzen.com\\\/personalisierte-kerzen\\\/#breadcrumb\"},\"inLanguage\":\"en-GB\",\"potentialAction\":[{\"@type\":\"ReadAction\",\"target\":[\"https:\\\/\\\/emmyskerzen.com\\\/personalisierte-kerzen\\\/\"]}]},{\"@type\":\"ImageObject\",\"inLanguage\":\"en-GB\",\"@id\":\"https:\\\/\\\/emmyskerzen.com\\\/personalisierte-kerzen\\\/#primaryimage\",\"url\":\"https:\\\/\\\/emmyskerzen.com\\\/wp-content\\\/uploads\\\/2026\\\/03\\\/48DC40F3-BD98-4535-88D3-66967C213D2C-683x1024.png\",\"contentUrl\":\"https:\\\/\\\/emmyskerzen.com\\\/wp-content\\\/uploads\\\/2026\\\/03\\\/48DC40F3-BD98-4535-88D3-66967C213D2C-683x1024.png\"},{\"@type\":\"BreadcrumbList\",\"@id\":\"https:\\\/\\\/emmyskerzen.com\\\/personalisierte-kerzen\\\/#breadcrumb\",\"itemListElement\":[{\"@type\":\"ListItem\",\"position\":1,\"name\":\"Startseite\",\"item\":\"https:\\\/\\\/emmyskerzen.com\\\/\"},{\"@type\":\"ListItem\",\"position\":2,\"name\":\"Personalisiertes Geschenk\"}]},{\"@type\":\"WebSite\",\"@id\":\"https:\\\/\\\/emmyskerzen.com\\\/#website\",\"url\":\"https:\\\/\\\/emmyskerzen.com\\\/\",\"name\":\"Emmys Kerzen Onlineshop\",\"description\":\"personalisierte Kerzen, Dekokerzen, Duftkerzen, Geschenksets, Onlineshop\",\"publisher\":{\"@id\":\"https:\\\/\\\/emmyskerzen.com\\\/#organization\"},\"potentialAction\":[{\"@type\":\"SearchAction\",\"target\":{\"@type\":\"EntryPoint\",\"urlTemplate\":\"https:\\\/\\\/emmyskerzen.com\\\/?s={search_term_string}\"},\"query-input\":{\"@type\":\"PropertyValueSpecification\",\"valueRequired\":true,\"valueName\":\"search_term_string\"}}],\"inLanguage\":\"en-GB\"},{\"@type\":\"Organization\",\"@id\":\"https:\\\/\\\/emmyskerzen.com\\\/#organization\",\"name\":\"Emmys Kerzen Onlineshop\",\"url\":\"https:\\\/\\\/emmyskerzen.com\\\/\",\"logo\":{\"@type\":\"ImageObject\",\"inLanguage\":\"en-GB\",\"@id\":\"https:\\\/\\\/emmyskerzen.com\\\/#\\\/schema\\\/logo\\\/image\\\/\",\"url\":\"https:\\\/\\\/emmyskerzen.com\\\/wp-content\\\/uploads\\\/2026\\\/03\\\/IMG_0392.jpeg\",\"contentUrl\":\"https:\\\/\\\/emmyskerzen.com\\\/wp-content\\\/uploads\\\/2026\\\/03\\\/IMG_0392.jpeg\",\"width\":964,\"height\":975,\"caption\":\"Emmys Kerzen Onlineshop\"},\"image\":{\"@id\":\"https:\\\/\\\/emmyskerzen.com\\\/#\\\/schema\\\/logo\\\/image\\\/\"},\"sameAs\":[\"https:\\\/\\\/www.facebook.com\\\/EmmysKerzen\\\/\",\"https:\\\/\\\/www.instagram.com\\\/emmys_kerzen\\\/\",\"https:\\\/\\\/www.tiktok.com\\\/emmys.kerzen\\\/\"]}]}<\/script>\n<!-- \/ Yoast SEO plugin. -->","yoast_head_json":{"title":"Personalisierte Kerzen - Emmys Kerzen","description":"Personalisierte Kerzen aus Sojawachs. Ich gestalte deine Kerze nach Wunsch \u2013 perfekt als pers\u00f6nliches Geschenk f\u00fcr besondere Anl\u00e4sse.","robots":{"index":"index","follow":"follow","max-snippet":"max-snippet:-1","max-image-preview":"max-image-preview:large","max-video-preview":"max-video-preview:-1"},"canonical":"https:\/\/emmyskerzen.com\/en\/personalisierte-kerzen\/","og_locale":"en_GB","og_type":"article","og_title":"Personalisierte Kerzen - Emmys Kerzen","og_description":"Personalisierte Kerzen aus Sojawachs. Ich gestalte deine Kerze nach Wunsch \u2013 perfekt als pers\u00f6nliches Geschenk f\u00fcr besondere Anl\u00e4sse.","og_url":"https:\/\/emmyskerzen.com\/en\/personalisierte-kerzen\/","og_site_name":"Emmys Kerzen","article_publisher":"https:\/\/www.facebook.com\/EmmysKerzen\/","article_modified_time":"2026-04-07T07:32:59+00:00","og_image":[{"width":683,"height":1024,"url":"https:\/\/emmyskerzen.com\/wp-content\/uploads\/2026\/03\/48DC40F3-BD98-4535-88D3-66967C213D2C-683x1024.png","type":"image\/png"}],"twitter_card":"summary_large_image","twitter_misc":{"Estimated reading time":"4 minutes"},"schema":{"@context":"https:\/\/schema.org","@graph":[{"@type":"WebPage","@id":"https:\/\/emmyskerzen.com\/personalisierte-kerzen\/","url":"https:\/\/emmyskerzen.com\/personalisierte-kerzen\/","name":"Personalisierte Kerzen - Emmys Kerzen","isPartOf":{"@id":"https:\/\/emmyskerzen.com\/#website"},"primaryImageOfPage":{"@id":"https:\/\/emmyskerzen.com\/personalisierte-kerzen\/#primaryimage"},"image":{"@id":"https:\/\/emmyskerzen.com\/personalisierte-kerzen\/#primaryimage"},"thumbnailUrl":"https:\/\/emmyskerzen.com\/wp-content\/uploads\/2026\/03\/48DC40F3-BD98-4535-88D3-66967C213D2C-683x1024.png","datePublished":"2026-01-18T08:37:06+00:00","dateModified":"2026-04-07T07:32:59+00:00","description":"Personalisierte Kerzen aus Sojawachs. Ich gestalte deine Kerze nach Wunsch \u2013 perfekt als pers\u00f6nliches Geschenk f\u00fcr besondere Anl\u00e4sse.","breadcrumb":{"@id":"https:\/\/emmyskerzen.com\/personalisierte-kerzen\/#breadcrumb"},"inLanguage":"en-GB","potentialAction":[{"@type":"ReadAction","target":["https:\/\/emmyskerzen.com\/personalisierte-kerzen\/"]}]},{"@type":"ImageObject","inLanguage":"en-GB","@id":"https:\/\/emmyskerzen.com\/personalisierte-kerzen\/#primaryimage","url":"https:\/\/emmyskerzen.com\/wp-content\/uploads\/2026\/03\/48DC40F3-BD98-4535-88D3-66967C213D2C-683x1024.png","contentUrl":"https:\/\/emmyskerzen.com\/wp-content\/uploads\/2026\/03\/48DC40F3-BD98-4535-88D3-66967C213D2C-683x1024.png"},{"@type":"BreadcrumbList","@id":"https:\/\/emmyskerzen.com\/personalisierte-kerzen\/#breadcrumb","itemListElement":[{"@type":"ListItem","position":1,"name":"Startseite","item":"https:\/\/emmyskerzen.com\/"},{"@type":"ListItem","position":2,"name":"Personalisiertes Geschenk"}]},{"@type":"WebSite","@id":"https:\/\/emmyskerzen.com\/#website","url":"https:\/\/emmyskerzen.com\/","name":"Emmys Kerzen Onlineshop","description":"personalisierte Kerzen, Dekokerzen, Duftkerzen, Geschenksets, Onlineshop","publisher":{"@id":"https:\/\/emmyskerzen.com\/#organization"},"potentialAction":[{"@type":"SearchAction","target":{"@type":"EntryPoint","urlTemplate":"https:\/\/emmyskerzen.com\/?s={search_term_string}"},"query-input":{"@type":"PropertyValueSpecification","valueRequired":true,"valueName":"search_term_string"}}],"inLanguage":"en-GB"},{"@type":"Organization","@id":"https:\/\/emmyskerzen.com\/#organization","name":"Emmys Kerzen Onlineshop","url":"https:\/\/emmyskerzen.com\/","logo":{"@type":"ImageObject","inLanguage":"en-GB","@id":"https:\/\/emmyskerzen.com\/#\/schema\/logo\/image\/","url":"https:\/\/emmyskerzen.com\/wp-content\/uploads\/2026\/03\/IMG_0392.jpeg","contentUrl":"https:\/\/emmyskerzen.com\/wp-content\/uploads\/2026\/03\/IMG_0392.jpeg","width":964,"height":975,"caption":"Emmys Kerzen Onlineshop"},"image":{"@id":"https:\/\/emmyskerzen.com\/#\/schema\/logo\/image\/"},"sameAs":["https:\/\/www.facebook.com\/EmmysKerzen\/","https:\/\/www.instagram.com\/emmys_kerzen\/","https:\/\/www.tiktok.com\/emmys.kerzen\/"]}]}},"_links":{"self":[{"href":"https:\/\/emmyskerzen.com\/en\/wp-json\/wp\/v2\/pages\/1369","targetHints":{"allow":["GET"]}}],"collection":[{"href":"https:\/\/emmyskerzen.com\/en\/wp-json\/wp\/v2\/pages"}],"about":[{"href":"https:\/\/emmyskerzen.com\/en\/wp-json\/wp\/v2\/types\/page"}],"author":[{"embeddable":true,"href":"https:\/\/emmyskerzen.com\/en\/wp-json\/wp\/v2\/users\/1"}],"replies":[{"embeddable":true,"href":"https:\/\/emmyskerzen.com\/en\/wp-json\/wp\/v2\/comments?post=1369"}],"version-history":[{"count":23,"href":"https:\/\/emmyskerzen.com\/en\/wp-json\/wp\/v2\/pages\/1369\/revisions"}],"predecessor-version":[{"id":2445,"href":"https:\/\/emmyskerzen.com\/en\/wp-json\/wp\/v2\/pages\/1369\/revisions\/2445"}],"wp:attachment":[{"href":"https:\/\/emmyskerzen.com\/en\/wp-json\/wp\/v2\/media?parent=1369"}],"curies":[{"name":"wp","href":"https:\/\/api.w.org\/{rel}","templated":true}]}}